{"id":10785,"date":"2024-11-26T17:51:06","date_gmt":"2024-11-26T16:51:06","guid":{"rendered":"https:\/\/v2.frank-pen.de\/?post_type=product&#038;p=10785"},"modified":"2025-10-23T06:11:31","modified_gmt":"2025-10-23T04:11:31","slug":"trinkbecher-rachel","status":"publish","type":"product","link":"https:\/\/pen.eu\/en\/product\/trinkbecher-rachel\/","title":{"rendered":"Drinking cup \"Rachel\""},"content":{"rendered":"<p>The Rachel mug is a modern and stylish choice for anyone looking to make an impression with a promotional gift. With a capacity of 295 ml, this ceramic mug with silicone lid combines elegant design, practical use, and personalized branding options. The matte exterior contrasts beautifully with the glossy interior, offering a pleasant tactile feel. Delivered in a thoughtfully designed gift box, the mug is ready to be gifted right away. Ideal for eco-conscious brands looking for sustainable promotional products. Hand wash recommended.<\/p>","protected":false},"excerpt":{"rendered":"<p>Der Becher Rachel ist eine moderne und stilvolle Wahl f\u00fcr alle, die mit einem Werbegeschenk Eindruck hinterlassen m\u00f6chten. Mit einem Fassungsverm\u00f6gen von 295 ml verbindet dieser Keramikbecher mit Silikondeckel elegantes Design, praktische Handhabung und individuelle Gestaltungsm\u00f6glichkeiten. Die matte Au\u00dfenseite bildet einen sch\u00f6nen Kontrast zur gl\u00e4nzenden Innenseite und sorgt f\u00fcr eine angenehme Haptik. Geliefert in einer [&hellip;]<\/p>\n","protected":false},"featured_media":10791,"comment_status":"open","ping_status":"closed","template":"","meta":[],"product_brand":[],"product_cat":[767,248],"product_tag":[683,808,688,837,621,689,802,622],"class_list":{"0":"post-10785","1":"product","2":"type-product","3":"status-publish","4":"has-post-thumbnail","6":"product_cat-trinkbecher","7":"product_cat-trinkgefaesse","8":"product_tag-designcup","9":"product_tag-left-51","10":"product_tag-logobottom","11":"product_tag-mtop-70","12":"product_tag-silicup","13":"product_tag-slimsize","14":"product_tag-top-62","15":"product_tag-wec","16":"pa_farbe-grau","17":"pa_farbe-schwarz","18":"pa_material-keramik","19":"pa_material-silikon","20":"pa_werbeanbringung-lasergravur","22":"first","23":"instock","24":"taxable","25":"shipping-taxable","26":"purchasable","27":"product-type-variable","28":"add-to-wishlist-after_add_to_cart"},"yoast_head":"<!-- This site is optimized with the Yoast SEO plugin v27.4 - https:\/\/yoast.com\/product\/yoast-seo-wordpress\/ -->\n<title>Trinkbecher &quot;Rachel&quot; - PEN.EU<\/title>\n<meta name=\"robots\" content=\"index, follow, max-snippet:-1, max-image-preview:large, max-video-preview:-1\" \/>\n<link rel=\"canonical\" href=\"https:\/\/pen.eu\/en\/product\/trinkbecher-rachel\/\" \/>\n<meta property=\"og:locale\" content=\"en_US\" \/>\n<meta property=\"og:type\" content=\"article\" \/>\n<meta property=\"og:title\" content=\"Trinkbecher &quot;Rachel&quot; - PEN.EU\" \/>\n<meta property=\"og:description\" content=\"Der Becher Rachel ist eine moderne und stilvolle Wahl f\u00fcr alle, die mit einem Werbegeschenk Eindruck hinterlassen m\u00f6chten. Mit einem Fassungsverm\u00f6gen von 295 ml verbindet dieser Keramikbecher mit Silikondeckel elegantes Design, praktische Handhabung und individuelle Gestaltungsm\u00f6glichkeiten. Die matte Au\u00dfenseite bildet einen sch\u00f6nen Kontrast zur gl\u00e4nzenden Innenseite und sorgt f\u00fcr eine angenehme Haptik. Geliefert in einer [&hellip;]\" \/>\n<meta property=\"og:url\" content=\"https:\/\/pen.eu\/en\/product\/trinkbecher-rachel\/\" \/>\n<meta property=\"og:site_name\" content=\"PEN.EU\" \/>\n<meta property=\"article:modified_time\" content=\"2025-10-23T04:11:31+00:00\" \/>\n<meta property=\"og:image\" content=\"https:\/\/pen.eu\/wp-content\/uploads\/2024\/11\/051305019-GL.jpg\" \/>\n\t<meta property=\"og:image:width\" content=\"1800\" \/>\n\t<meta property=\"og:image:height\" content=\"1800\" \/>\n\t<meta property=\"og:image:type\" content=\"image\/jpeg\" \/>\n<meta name=\"twitter:card\" content=\"summary_large_image\" \/>\n<script type=\"application\/ld+json\" class=\"yoast-schema-graph\">{\"@context\":\"https:\\\/\\\/schema.org\",\"@graph\":[{\"@type\":\"WebPage\",\"@id\":\"https:\\\/\\\/pen.eu\\\/produkt\\\/trinkbecher-rachel\\\/\",\"url\":\"https:\\\/\\\/pen.eu\\\/produkt\\\/trinkbecher-rachel\\\/\",\"name\":\"Trinkbecher \\\"Rachel\\\" - PEN.EU\",\"isPartOf\":{\"@id\":\"https:\\\/\\\/pen.eu\\\/#website\"},\"primaryImageOfPage\":{\"@id\":\"https:\\\/\\\/pen.eu\\\/produkt\\\/trinkbecher-rachel\\\/#primaryimage\"},\"image\":{\"@id\":\"https:\\\/\\\/pen.eu\\\/produkt\\\/trinkbecher-rachel\\\/#primaryimage\"},\"thumbnailUrl\":\"https:\\\/\\\/pen.eu\\\/wp-content\\\/uploads\\\/2024\\\/11\\\/051305019-GL.jpg\",\"datePublished\":\"2024-11-26T16:51:06+00:00\",\"dateModified\":\"2025-10-23T04:11:31+00:00\",\"breadcrumb\":{\"@id\":\"https:\\\/\\\/pen.eu\\\/produkt\\\/trinkbecher-rachel\\\/#breadcrumb\"},\"inLanguage\":\"en-US\",\"potentialAction\":[{\"@type\":\"ReadAction\",\"target\":[\"https:\\\/\\\/pen.eu\\\/produkt\\\/trinkbecher-rachel\\\/\"]}]},{\"@type\":\"ImageObject\",\"inLanguage\":\"en-US\",\"@id\":\"https:\\\/\\\/pen.eu\\\/produkt\\\/trinkbecher-rachel\\\/#primaryimage\",\"url\":\"https:\\\/\\\/pen.eu\\\/wp-content\\\/uploads\\\/2024\\\/11\\\/051305019-GL.jpg\",\"contentUrl\":\"https:\\\/\\\/pen.eu\\\/wp-content\\\/uploads\\\/2024\\\/11\\\/051305019-GL.jpg\",\"width\":1800,\"height\":1800},{\"@type\":\"BreadcrumbList\",\"@id\":\"https:\\\/\\\/pen.eu\\\/produkt\\\/trinkbecher-rachel\\\/#breadcrumb\",\"itemListElement\":[{\"@type\":\"ListItem\",\"position\":1,\"name\":\"Home\",\"item\":\"https:\\\/\\\/pen.eu\\\/\"},{\"@type\":\"ListItem\",\"position\":2,\"name\":\"Shop\",\"item\":\"https:\\\/\\\/pen.eu\\\/ch\\\/shop\\\/\"},{\"@type\":\"ListItem\",\"position\":3,\"name\":\"Trinkbecher &#8220;Rachel&#8221;\"}]},{\"@type\":\"WebSite\",\"@id\":\"https:\\\/\\\/pen.eu\\\/#website\",\"url\":\"https:\\\/\\\/pen.eu\\\/\",\"name\":\"PEN.EU\",\"description\":\"Kugelschreiber bedrucken mit Logo | pen.eu\",\"potentialAction\":[{\"@type\":\"SearchAction\",\"target\":{\"@type\":\"EntryPoint\",\"urlTemplate\":\"https:\\\/\\\/pen.eu\\\/?s={search_term_string}\"},\"query-input\":{\"@type\":\"PropertyValueSpecification\",\"valueRequired\":true,\"valueName\":\"search_term_string\"}}],\"inLanguage\":\"en-US\"}]}<\/script>\n<!-- \/ Yoast SEO plugin. -->","yoast_head_json":{"title":"Trinkbecher \"Rachel\" - PEN.EU","robots":{"index":"index","follow":"follow","max-snippet":"max-snippet:-1","max-image-preview":"max-image-preview:large","max-video-preview":"max-video-preview:-1"},"canonical":"https:\/\/pen.eu\/en\/product\/trinkbecher-rachel\/","og_locale":"en_US","og_type":"article","og_title":"Trinkbecher \"Rachel\" - PEN.EU","og_description":"Der Becher Rachel ist eine moderne und stilvolle Wahl f\u00fcr alle, die mit einem Werbegeschenk Eindruck hinterlassen m\u00f6chten. Mit einem Fassungsverm\u00f6gen von 295 ml verbindet dieser Keramikbecher mit Silikondeckel elegantes Design, praktische Handhabung und individuelle Gestaltungsm\u00f6glichkeiten. Die matte Au\u00dfenseite bildet einen sch\u00f6nen Kontrast zur gl\u00e4nzenden Innenseite und sorgt f\u00fcr eine angenehme Haptik. Geliefert in einer [&hellip;]","og_url":"https:\/\/pen.eu\/en\/product\/trinkbecher-rachel\/","og_site_name":"PEN.EU","article_modified_time":"2025-10-23T04:11:31+00:00","og_image":[{"width":1800,"height":1800,"url":"https:\/\/pen.eu\/wp-content\/uploads\/2024\/11\/051305019-GL.jpg","type":"image\/jpeg"}],"twitter_card":"summary_large_image","schema":{"@context":"https:\/\/schema.org","@graph":[{"@type":"WebPage","@id":"https:\/\/pen.eu\/produkt\/trinkbecher-rachel\/","url":"https:\/\/pen.eu\/produkt\/trinkbecher-rachel\/","name":"Trinkbecher \"Rachel\" - PEN.EU","isPartOf":{"@id":"https:\/\/pen.eu\/#website"},"primaryImageOfPage":{"@id":"https:\/\/pen.eu\/produkt\/trinkbecher-rachel\/#primaryimage"},"image":{"@id":"https:\/\/pen.eu\/produkt\/trinkbecher-rachel\/#primaryimage"},"thumbnailUrl":"https:\/\/pen.eu\/wp-content\/uploads\/2024\/11\/051305019-GL.jpg","datePublished":"2024-11-26T16:51:06+00:00","dateModified":"2025-10-23T04:11:31+00:00","breadcrumb":{"@id":"https:\/\/pen.eu\/produkt\/trinkbecher-rachel\/#breadcrumb"},"inLanguage":"en-US","potentialAction":[{"@type":"ReadAction","target":["https:\/\/pen.eu\/produkt\/trinkbecher-rachel\/"]}]},{"@type":"ImageObject","inLanguage":"en-US","@id":"https:\/\/pen.eu\/produkt\/trinkbecher-rachel\/#primaryimage","url":"https:\/\/pen.eu\/wp-content\/uploads\/2024\/11\/051305019-GL.jpg","contentUrl":"https:\/\/pen.eu\/wp-content\/uploads\/2024\/11\/051305019-GL.jpg","width":1800,"height":1800},{"@type":"BreadcrumbList","@id":"https:\/\/pen.eu\/produkt\/trinkbecher-rachel\/#breadcrumb","itemListElement":[{"@type":"ListItem","position":1,"name":"Home","item":"https:\/\/pen.eu\/"},{"@type":"ListItem","position":2,"name":"Shop","item":"https:\/\/pen.eu\/ch\/shop\/"},{"@type":"ListItem","position":3,"name":"Trinkbecher &#8220;Rachel&#8221;"}]},{"@type":"WebSite","@id":"https:\/\/pen.eu\/#website","url":"https:\/\/pen.eu\/","name":"PEN.EU","description":"Kugelschreiber bedrucken mit Logo | pen.eu","potentialAction":[{"@type":"SearchAction","target":{"@type":"EntryPoint","urlTemplate":"https:\/\/pen.eu\/?s={search_term_string}"},"query-input":{"@type":"PropertyValueSpecification","valueRequired":true,"valueName":"search_term_string"}}],"inLanguage":"en-US"}]}},"_links":{"self":[{"href":"https:\/\/pen.eu\/en\/wp-json\/wp\/v2\/product\/10785","targetHints":{"allow":["GET"]}}],"collection":[{"href":"https:\/\/pen.eu\/en\/wp-json\/wp\/v2\/product"}],"about":[{"href":"https:\/\/pen.eu\/en\/wp-json\/wp\/v2\/types\/product"}],"replies":[{"embeddable":true,"href":"https:\/\/pen.eu\/en\/wp-json\/wp\/v2\/comments?post=10785"}],"wp:featuredmedia":[{"embeddable":true,"href":"https:\/\/pen.eu\/en\/wp-json\/wp\/v2\/media\/10791"}],"wp:attachment":[{"href":"https:\/\/pen.eu\/en\/wp-json\/wp\/v2\/media?parent=10785"}],"wp:term":[{"taxonomy":"product_brand","embeddable":true,"href":"https:\/\/pen.eu\/en\/wp-json\/wp\/v2\/product_brand?post=10785"},{"taxonomy":"product_cat","embeddable":true,"href":"https:\/\/pen.eu\/en\/wp-json\/wp\/v2\/product_cat?post=10785"},{"taxonomy":"product_tag","embeddable":true,"href":"https:\/\/pen.eu\/en\/wp-json\/wp\/v2\/product_tag?post=10785"}],"curies":[{"name":"wp","href":"https:\/\/api.w.org\/{rel}","templated":true}]}}