{"id":10827,"date":"2024-11-27T11:37:57","date_gmt":"2024-11-27T10:37:57","guid":{"rendered":"https:\/\/v2.frank-pen.de\/?post_type=product&#038;p=10827"},"modified":"2026-01-22T09:34:25","modified_gmt":"2026-01-22T08:34:25","slug":"trinkflasche-aquafusion","status":"publish","type":"product","link":"https:\/\/pen.eu\/en\/product\/trinkflasche-aquafusion\/","title":{"rendered":"Drinking cup \u201cAquaFusion\u201d"},"content":{"rendered":"<p>Discover the AquaFusion \u2013 a modern 680 ml sports bottle made from recycled aluminum, perfect for an active lifestyle. Its matte finish gives it a contemporary look, while the color-coordinated PP and silicone lid ensures a secure grip and leak-proof transport. Weighing just 110 grams, AquaFusion is extremely lightweight, and its single-wall design makes it ideal for cold beverages. Measuring approximately 255 mm in height (including lid) and 66 mm in diameter, it fits easily into standard bottle holders \u2013 perfect for use on the go, during sports, or at the office. Not suitable for dishwasher or microwave, but easy to clean by hand. AquaFusion is not only a practical daily companion but also an eco-conscious statement.<\/p>","protected":false},"excerpt":{"rendered":"<p>Entdecken Sie die AquaFusion \u2013 eine moderne Sportflasche mit einem Fassungsverm\u00f6gen von 680 ml, die aus recyceltem Aluminium gefertigt wurde und ideal f\u00fcr einen aktiven Alltag ist. Ihr mattes Finish verleiht ihr einen zeitgem\u00e4\u00dfen Look, w\u00e4hrend der farblich abgestimmte Deckel aus PP und Silikon f\u00fcr sicheren Halt und auslaufsicheren Transport sorgt. Mit nur 110 Gramm [&hellip;]<\/p>\n","protected":false},"featured_media":10910,"comment_status":"open","ping_status":"closed","template":"","meta":[],"product_brand":[],"product_cat":[248],"product_tag":[629,682,689,628],"class_list":{"0":"post-10827","1":"product","2":"type-product","3":"status-publish","4":"has-post-thumbnail","6":"product_cat-trinkgefaesse","7":"product_tag-aquafusion","8":"product_tag-designbottle","9":"product_tag-slimsize","10":"product_tag-wfn","11":"pa_farbe-marine","12":"pa_farbe-rot","13":"pa_farbe-schwarz","14":"pa_farbe-silber","15":"pa_farbe-tuerkis","16":"pa_farbe-weiss","17":"pa_material-metall","18":"pa_material-polypropylen","19":"pa_werbeanbringung-digitaldruck","20":"pa_werbeanbringung-lasergravur","21":"pa_werbeanbringung-siebdruck","23":"first","24":"instock","25":"taxable","26":"shipping-taxable","27":"purchasable","28":"product-type-variable","29":"add-to-wishlist-after_add_to_cart"},"yoast_head":"<!-- This site is optimized with the Yoast SEO plugin v27.4 - https:\/\/yoast.com\/product\/yoast-seo-wordpress\/ -->\n<title>Trinkflasche &quot;AquaFusion&quot; - PEN.EU<\/title>\n<meta name=\"robots\" content=\"index, follow, max-snippet:-1, max-image-preview:large, max-video-preview:-1\" \/>\n<link rel=\"canonical\" href=\"https:\/\/pen.eu\/en\/product\/trinkflasche-aquafusion\/\" \/>\n<meta property=\"og:locale\" content=\"en_US\" \/>\n<meta property=\"og:type\" content=\"article\" \/>\n<meta property=\"og:title\" content=\"Trinkflasche &quot;AquaFusion&quot; - PEN.EU\" \/>\n<meta property=\"og:description\" content=\"Entdecken Sie die AquaFusion \u2013 eine moderne Sportflasche mit einem Fassungsverm\u00f6gen von 680 ml, die aus recyceltem Aluminium gefertigt wurde und ideal f\u00fcr einen aktiven Alltag ist. Ihr mattes Finish verleiht ihr einen zeitgem\u00e4\u00dfen Look, w\u00e4hrend der farblich abgestimmte Deckel aus PP und Silikon f\u00fcr sicheren Halt und auslaufsicheren Transport sorgt. Mit nur 110 Gramm [&hellip;]\" \/>\n<meta property=\"og:url\" content=\"https:\/\/pen.eu\/en\/product\/trinkflasche-aquafusion\/\" \/>\n<meta property=\"og:site_name\" content=\"PEN.EU\" \/>\n<meta property=\"article:modified_time\" content=\"2026-01-22T08:34:25+00:00\" \/>\n<meta property=\"og:image\" content=\"https:\/\/pen.eu\/wp-content\/uploads\/2024\/11\/051305303-GS.jpg\" \/>\n\t<meta property=\"og:image:width\" content=\"2000\" \/>\n\t<meta property=\"og:image:height\" content=\"2000\" \/>\n\t<meta property=\"og:image:type\" content=\"image\/jpeg\" \/>\n<meta name=\"twitter:card\" content=\"summary_large_image\" \/>\n<meta name=\"twitter:label1\" content=\"Est. reading time\" \/>\n\t<meta name=\"twitter:data1\" content=\"1 minute\" \/>\n<script type=\"application\/ld+json\" class=\"yoast-schema-graph\">{\"@context\":\"https:\\\/\\\/schema.org\",\"@graph\":[{\"@type\":\"WebPage\",\"@id\":\"https:\\\/\\\/pen.eu\\\/produkt\\\/trinkflasche-aquafusion\\\/\",\"url\":\"https:\\\/\\\/pen.eu\\\/produkt\\\/trinkflasche-aquafusion\\\/\",\"name\":\"Trinkflasche \\\"AquaFusion\\\" - PEN.EU\",\"isPartOf\":{\"@id\":\"https:\\\/\\\/pen.eu\\\/#website\"},\"primaryImageOfPage\":{\"@id\":\"https:\\\/\\\/pen.eu\\\/produkt\\\/trinkflasche-aquafusion\\\/#primaryimage\"},\"image\":{\"@id\":\"https:\\\/\\\/pen.eu\\\/produkt\\\/trinkflasche-aquafusion\\\/#primaryimage\"},\"thumbnailUrl\":\"https:\\\/\\\/pen.eu\\\/wp-content\\\/uploads\\\/2024\\\/11\\\/051305303-GS.jpg\",\"datePublished\":\"2024-11-27T10:37:57+00:00\",\"dateModified\":\"2026-01-22T08:34:25+00:00\",\"breadcrumb\":{\"@id\":\"https:\\\/\\\/pen.eu\\\/produkt\\\/trinkflasche-aquafusion\\\/#breadcrumb\"},\"inLanguage\":\"en-US\",\"potentialAction\":[{\"@type\":\"ReadAction\",\"target\":[\"https:\\\/\\\/pen.eu\\\/produkt\\\/trinkflasche-aquafusion\\\/\"]}]},{\"@type\":\"ImageObject\",\"inLanguage\":\"en-US\",\"@id\":\"https:\\\/\\\/pen.eu\\\/produkt\\\/trinkflasche-aquafusion\\\/#primaryimage\",\"url\":\"https:\\\/\\\/pen.eu\\\/wp-content\\\/uploads\\\/2024\\\/11\\\/051305303-GS.jpg\",\"contentUrl\":\"https:\\\/\\\/pen.eu\\\/wp-content\\\/uploads\\\/2024\\\/11\\\/051305303-GS.jpg\",\"width\":2000,\"height\":2000},{\"@type\":\"BreadcrumbList\",\"@id\":\"https:\\\/\\\/pen.eu\\\/produkt\\\/trinkflasche-aquafusion\\\/#breadcrumb\",\"itemListElement\":[{\"@type\":\"ListItem\",\"position\":1,\"name\":\"Home\",\"item\":\"https:\\\/\\\/pen.eu\\\/\"},{\"@type\":\"ListItem\",\"position\":2,\"name\":\"Shop\",\"item\":\"https:\\\/\\\/pen.eu\\\/ch\\\/shop\\\/\"},{\"@type\":\"ListItem\",\"position\":3,\"name\":\"Trinkflasche &#8220;AquaFusion&#8221;\"}]},{\"@type\":\"WebSite\",\"@id\":\"https:\\\/\\\/pen.eu\\\/#website\",\"url\":\"https:\\\/\\\/pen.eu\\\/\",\"name\":\"PEN.EU\",\"description\":\"Kugelschreiber bedrucken mit Logo | pen.eu\",\"potentialAction\":[{\"@type\":\"SearchAction\",\"target\":{\"@type\":\"EntryPoint\",\"urlTemplate\":\"https:\\\/\\\/pen.eu\\\/?s={search_term_string}\"},\"query-input\":{\"@type\":\"PropertyValueSpecification\",\"valueRequired\":true,\"valueName\":\"search_term_string\"}}],\"inLanguage\":\"en-US\"}]}<\/script>\n<!-- \/ Yoast SEO plugin. -->","yoast_head_json":{"title":"Trinkflasche \"AquaFusion\" - PEN.EU","robots":{"index":"index","follow":"follow","max-snippet":"max-snippet:-1","max-image-preview":"max-image-preview:large","max-video-preview":"max-video-preview:-1"},"canonical":"https:\/\/pen.eu\/en\/product\/trinkflasche-aquafusion\/","og_locale":"en_US","og_type":"article","og_title":"Trinkflasche \"AquaFusion\" - PEN.EU","og_description":"Entdecken Sie die AquaFusion \u2013 eine moderne Sportflasche mit einem Fassungsverm\u00f6gen von 680 ml, die aus recyceltem Aluminium gefertigt wurde und ideal f\u00fcr einen aktiven Alltag ist. Ihr mattes Finish verleiht ihr einen zeitgem\u00e4\u00dfen Look, w\u00e4hrend der farblich abgestimmte Deckel aus PP und Silikon f\u00fcr sicheren Halt und auslaufsicheren Transport sorgt. Mit nur 110 Gramm [&hellip;]","og_url":"https:\/\/pen.eu\/en\/product\/trinkflasche-aquafusion\/","og_site_name":"PEN.EU","article_modified_time":"2026-01-22T08:34:25+00:00","og_image":[{"width":2000,"height":2000,"url":"https:\/\/pen.eu\/wp-content\/uploads\/2024\/11\/051305303-GS.jpg","type":"image\/jpeg"}],"twitter_card":"summary_large_image","twitter_misc":{"Est. reading time":"1 minute"},"schema":{"@context":"https:\/\/schema.org","@graph":[{"@type":"WebPage","@id":"https:\/\/pen.eu\/produkt\/trinkflasche-aquafusion\/","url":"https:\/\/pen.eu\/produkt\/trinkflasche-aquafusion\/","name":"Trinkflasche \"AquaFusion\" - PEN.EU","isPartOf":{"@id":"https:\/\/pen.eu\/#website"},"primaryImageOfPage":{"@id":"https:\/\/pen.eu\/produkt\/trinkflasche-aquafusion\/#primaryimage"},"image":{"@id":"https:\/\/pen.eu\/produkt\/trinkflasche-aquafusion\/#primaryimage"},"thumbnailUrl":"https:\/\/pen.eu\/wp-content\/uploads\/2024\/11\/051305303-GS.jpg","datePublished":"2024-11-27T10:37:57+00:00","dateModified":"2026-01-22T08:34:25+00:00","breadcrumb":{"@id":"https:\/\/pen.eu\/produkt\/trinkflasche-aquafusion\/#breadcrumb"},"inLanguage":"en-US","potentialAction":[{"@type":"ReadAction","target":["https:\/\/pen.eu\/produkt\/trinkflasche-aquafusion\/"]}]},{"@type":"ImageObject","inLanguage":"en-US","@id":"https:\/\/pen.eu\/produkt\/trinkflasche-aquafusion\/#primaryimage","url":"https:\/\/pen.eu\/wp-content\/uploads\/2024\/11\/051305303-GS.jpg","contentUrl":"https:\/\/pen.eu\/wp-content\/uploads\/2024\/11\/051305303-GS.jpg","width":2000,"height":2000},{"@type":"BreadcrumbList","@id":"https:\/\/pen.eu\/produkt\/trinkflasche-aquafusion\/#breadcrumb","itemListElement":[{"@type":"ListItem","position":1,"name":"Home","item":"https:\/\/pen.eu\/"},{"@type":"ListItem","position":2,"name":"Shop","item":"https:\/\/pen.eu\/ch\/shop\/"},{"@type":"ListItem","position":3,"name":"Trinkflasche &#8220;AquaFusion&#8221;"}]},{"@type":"WebSite","@id":"https:\/\/pen.eu\/#website","url":"https:\/\/pen.eu\/","name":"PEN.EU","description":"Kugelschreiber bedrucken mit Logo | pen.eu","potentialAction":[{"@type":"SearchAction","target":{"@type":"EntryPoint","urlTemplate":"https:\/\/pen.eu\/?s={search_term_string}"},"query-input":{"@type":"PropertyValueSpecification","valueRequired":true,"valueName":"search_term_string"}}],"inLanguage":"en-US"}]}},"_links":{"self":[{"href":"https:\/\/pen.eu\/en\/wp-json\/wp\/v2\/product\/10827","targetHints":{"allow":["GET"]}}],"collection":[{"href":"https:\/\/pen.eu\/en\/wp-json\/wp\/v2\/product"}],"about":[{"href":"https:\/\/pen.eu\/en\/wp-json\/wp\/v2\/types\/product"}],"replies":[{"embeddable":true,"href":"https:\/\/pen.eu\/en\/wp-json\/wp\/v2\/comments?post=10827"}],"wp:featuredmedia":[{"embeddable":true,"href":"https:\/\/pen.eu\/en\/wp-json\/wp\/v2\/media\/10910"}],"wp:attachment":[{"href":"https:\/\/pen.eu\/en\/wp-json\/wp\/v2\/media?parent=10827"}],"wp:term":[{"taxonomy":"product_brand","embeddable":true,"href":"https:\/\/pen.eu\/en\/wp-json\/wp\/v2\/product_brand?post=10827"},{"taxonomy":"product_cat","embeddable":true,"href":"https:\/\/pen.eu\/en\/wp-json\/wp\/v2\/product_cat?post=10827"},{"taxonomy":"product_tag","embeddable":true,"href":"https:\/\/pen.eu\/en\/wp-json\/wp\/v2\/product_tag?post=10827"}],"curies":[{"name":"wp","href":"https:\/\/api.w.org\/{rel}","templated":true}]}}