{"id":127,"date":"2024-09-19T09:16:22","date_gmt":"2024-09-19T07:16:22","guid":{"rendered":"https:\/\/v2.frank-pen.de\/produkt\/kugelschreiber-capri-mineral\/"},"modified":"2025-12-12T15:23:36","modified_gmt":"2025-12-12T14:23:36","slug":"kugelschreiber-molly","status":"publish","type":"product","link":"https:\/\/pen.eu\/en\/product\/kugelschreiber-molly\/","title":{"rendered":"Kugelschreiber &#8220;Molly&#8221;"},"content":{"rendered":"<p>The \u201cMolly\u201d ballpoint pen, also known as \u201cCapri Mineral,\u201d impresses with its modern monochromatic design. The luxurious soft-touch barrel and color-coordinated metallic accents give it a fresh, contemporary look. Additionally, the capacitive stylus offers practical touchscreen functionality. Showcase your logo or text with UV digital printing or high-quality laser engraving.<\/p>","protected":false},"excerpt":{"rendered":"<p>The \u201cMolly\u201d ballpoint pen, also known as \u201cCapri Mineral,\u201d impresses with its modern monochromatic design. The luxurious soft-touch barrel and color-coordinated metallic accents give it a fresh, contemporary look. Additionally, the capacitive stylus offers practical touchscreen functionality. Showcase your logo or text with UV digital printing or high-quality laser engraving.<\/p>","protected":false},"featured_media":128,"comment_status":"open","ping_status":"closed","template":"","meta":[],"product_brand":[],"product_cat":[309,247],"product_tag":[516,658,517,778],"class_list":{"0":"post-127","1":"product","2":"type-product","3":"status-publish","4":"has-post-thumbnail","6":"product_cat-kugelschreiber-aus-metall","7":"product_cat-schreibgeraete","8":"product_tag-2303-fp-1036","9":"product_tag-longpen","10":"product_tag-mrw","11":"product_tag-top-50-2","12":"pa_eigenschaft-soft-touch","13":"pa_eigenschaft-stylus","14":"pa_farbe-anthrazit","15":"pa_farbe-marine","16":"pa_farbe-rose","17":"pa_farbe-silber","18":"pa_material-gummi","19":"pa_material-metall","20":"pa_mindestmenge-24","21":"pa_minenfarbe-blau","22":"pa_minenfarbe-schwarz","23":"pa_werbeanbringung-digitaldruck","24":"pa_werbeanbringung-lasergravur","26":"first","27":"instock","28":"taxable","29":"shipping-taxable","30":"purchasable","31":"product-type-variable","32":"has-default-attributes","33":"add-to-wishlist-after_add_to_cart"},"yoast_head":"<!-- This site is optimized with the Yoast SEO plugin v27.4 - https:\/\/yoast.com\/product\/yoast-seo-wordpress\/ -->\n<title>Kugelschreiber &quot;Molly&quot; - PEN.EU<\/title>\n<meta name=\"robots\" content=\"index, follow, max-snippet:-1, max-image-preview:large, max-video-preview:-1\" \/>\n<link rel=\"canonical\" href=\"https:\/\/pen.eu\/en\/product\/kugelschreiber-molly\/\" \/>\n<meta property=\"og:locale\" content=\"en_US\" \/>\n<meta property=\"og:type\" content=\"article\" \/>\n<meta property=\"og:title\" content=\"Kugelschreiber &quot;Molly&quot; - PEN.EU\" \/>\n<meta property=\"og:description\" content=\"Der Kugelschreiber &#8220;Molly&#8221;, auch als &#8220;Capri Mineral&#8221; bekannt, \u00fcberzeugt durch sein modernes monochromatisches Design. Der luxuri\u00f6se Soft-Touch-Schaft und die farblich abgestimmten metallischen Akzente verleihen ihm einen frischen, zeitgem\u00e4\u00dfen Look. Zus\u00e4tzlich bietet der kapazitive Stift praktische Touchscreen-Funktionalit\u00e4t. Bringen Sie Ihr Logo oder Ihren Text mit UV-Digitaldruck oder hochwertiger Lasergravur gekonnt zur Geltung.\" \/>\n<meta property=\"og:url\" content=\"https:\/\/pen.eu\/en\/product\/kugelschreiber-molly\/\" \/>\n<meta property=\"og:site_name\" content=\"PEN.EU\" \/>\n<meta property=\"article:modified_time\" content=\"2025-12-12T14:23:36+00:00\" \/>\n<meta property=\"og:image\" content=\"https:\/\/pen.eu\/wp-content\/uploads\/2024\/09\/051103632-GDD.jpg\" \/>\n\t<meta property=\"og:image:width\" content=\"1014\" \/>\n\t<meta property=\"og:image:height\" content=\"1014\" \/>\n\t<meta property=\"og:image:type\" content=\"image\/jpeg\" \/>\n<meta name=\"twitter:card\" content=\"summary_large_image\" \/>\n<script type=\"application\/ld+json\" class=\"yoast-schema-graph\">{\"@context\":\"https:\\\/\\\/schema.org\",\"@graph\":[{\"@type\":\"WebPage\",\"@id\":\"https:\\\/\\\/pen.eu\\\/produkt\\\/kugelschreiber-molly\\\/\",\"url\":\"https:\\\/\\\/pen.eu\\\/produkt\\\/kugelschreiber-molly\\\/\",\"name\":\"Kugelschreiber \\\"Molly\\\" - PEN.EU\",\"isPartOf\":{\"@id\":\"https:\\\/\\\/pen.eu\\\/#website\"},\"primaryImageOfPage\":{\"@id\":\"https:\\\/\\\/pen.eu\\\/produkt\\\/kugelschreiber-molly\\\/#primaryimage\"},\"image\":{\"@id\":\"https:\\\/\\\/pen.eu\\\/produkt\\\/kugelschreiber-molly\\\/#primaryimage\"},\"thumbnailUrl\":\"https:\\\/\\\/pen.eu\\\/wp-content\\\/uploads\\\/2024\\\/09\\\/051103632-GDD.jpg\",\"datePublished\":\"2024-09-19T07:16:22+00:00\",\"dateModified\":\"2025-12-12T14:23:36+00:00\",\"breadcrumb\":{\"@id\":\"https:\\\/\\\/pen.eu\\\/produkt\\\/kugelschreiber-molly\\\/#breadcrumb\"},\"inLanguage\":\"en-US\",\"potentialAction\":[{\"@type\":\"ReadAction\",\"target\":[\"https:\\\/\\\/pen.eu\\\/produkt\\\/kugelschreiber-molly\\\/\"]}]},{\"@type\":\"ImageObject\",\"inLanguage\":\"en-US\",\"@id\":\"https:\\\/\\\/pen.eu\\\/produkt\\\/kugelschreiber-molly\\\/#primaryimage\",\"url\":\"https:\\\/\\\/pen.eu\\\/wp-content\\\/uploads\\\/2024\\\/09\\\/051103632-GDD.jpg\",\"contentUrl\":\"https:\\\/\\\/pen.eu\\\/wp-content\\\/uploads\\\/2024\\\/09\\\/051103632-GDD.jpg\",\"width\":1014,\"height\":1014},{\"@type\":\"BreadcrumbList\",\"@id\":\"https:\\\/\\\/pen.eu\\\/produkt\\\/kugelschreiber-molly\\\/#breadcrumb\",\"itemListElement\":[{\"@type\":\"ListItem\",\"position\":1,\"name\":\"Home\",\"item\":\"https:\\\/\\\/pen.eu\\\/\"},{\"@type\":\"ListItem\",\"position\":2,\"name\":\"Shop\",\"item\":\"https:\\\/\\\/pen.eu\\\/ch\\\/shop\\\/\"},{\"@type\":\"ListItem\",\"position\":3,\"name\":\"Kugelschreiber &#8220;Molly&#8221;\"}]},{\"@type\":\"WebSite\",\"@id\":\"https:\\\/\\\/pen.eu\\\/#website\",\"url\":\"https:\\\/\\\/pen.eu\\\/\",\"name\":\"PEN.EU\",\"description\":\"Kugelschreiber bedrucken mit Logo | pen.eu\",\"potentialAction\":[{\"@type\":\"SearchAction\",\"target\":{\"@type\":\"EntryPoint\",\"urlTemplate\":\"https:\\\/\\\/pen.eu\\\/?s={search_term_string}\"},\"query-input\":{\"@type\":\"PropertyValueSpecification\",\"valueRequired\":true,\"valueName\":\"search_term_string\"}}],\"inLanguage\":\"en-US\"}]}<\/script>\n<!-- \/ Yoast SEO plugin. -->","yoast_head_json":{"title":"Kugelschreiber \"Molly\" - PEN.EU","robots":{"index":"index","follow":"follow","max-snippet":"max-snippet:-1","max-image-preview":"max-image-preview:large","max-video-preview":"max-video-preview:-1"},"canonical":"https:\/\/pen.eu\/en\/product\/kugelschreiber-molly\/","og_locale":"en_US","og_type":"article","og_title":"Kugelschreiber \"Molly\" - PEN.EU","og_description":"Der Kugelschreiber &#8220;Molly&#8221;, auch als &#8220;Capri Mineral&#8221; bekannt, \u00fcberzeugt durch sein modernes monochromatisches Design. Der luxuri\u00f6se Soft-Touch-Schaft und die farblich abgestimmten metallischen Akzente verleihen ihm einen frischen, zeitgem\u00e4\u00dfen Look. Zus\u00e4tzlich bietet der kapazitive Stift praktische Touchscreen-Funktionalit\u00e4t. Bringen Sie Ihr Logo oder Ihren Text mit UV-Digitaldruck oder hochwertiger Lasergravur gekonnt zur Geltung.","og_url":"https:\/\/pen.eu\/en\/product\/kugelschreiber-molly\/","og_site_name":"PEN.EU","article_modified_time":"2025-12-12T14:23:36+00:00","og_image":[{"width":1014,"height":1014,"url":"https:\/\/pen.eu\/wp-content\/uploads\/2024\/09\/051103632-GDD.jpg","type":"image\/jpeg"}],"twitter_card":"summary_large_image","schema":{"@context":"https:\/\/schema.org","@graph":[{"@type":"WebPage","@id":"https:\/\/pen.eu\/produkt\/kugelschreiber-molly\/","url":"https:\/\/pen.eu\/produkt\/kugelschreiber-molly\/","name":"Kugelschreiber \"Molly\" - PEN.EU","isPartOf":{"@id":"https:\/\/pen.eu\/#website"},"primaryImageOfPage":{"@id":"https:\/\/pen.eu\/produkt\/kugelschreiber-molly\/#primaryimage"},"image":{"@id":"https:\/\/pen.eu\/produkt\/kugelschreiber-molly\/#primaryimage"},"thumbnailUrl":"https:\/\/pen.eu\/wp-content\/uploads\/2024\/09\/051103632-GDD.jpg","datePublished":"2024-09-19T07:16:22+00:00","dateModified":"2025-12-12T14:23:36+00:00","breadcrumb":{"@id":"https:\/\/pen.eu\/produkt\/kugelschreiber-molly\/#breadcrumb"},"inLanguage":"en-US","potentialAction":[{"@type":"ReadAction","target":["https:\/\/pen.eu\/produkt\/kugelschreiber-molly\/"]}]},{"@type":"ImageObject","inLanguage":"en-US","@id":"https:\/\/pen.eu\/produkt\/kugelschreiber-molly\/#primaryimage","url":"https:\/\/pen.eu\/wp-content\/uploads\/2024\/09\/051103632-GDD.jpg","contentUrl":"https:\/\/pen.eu\/wp-content\/uploads\/2024\/09\/051103632-GDD.jpg","width":1014,"height":1014},{"@type":"BreadcrumbList","@id":"https:\/\/pen.eu\/produkt\/kugelschreiber-molly\/#breadcrumb","itemListElement":[{"@type":"ListItem","position":1,"name":"Home","item":"https:\/\/pen.eu\/"},{"@type":"ListItem","position":2,"name":"Shop","item":"https:\/\/pen.eu\/ch\/shop\/"},{"@type":"ListItem","position":3,"name":"Kugelschreiber &#8220;Molly&#8221;"}]},{"@type":"WebSite","@id":"https:\/\/pen.eu\/#website","url":"https:\/\/pen.eu\/","name":"PEN.EU","description":"Kugelschreiber bedrucken mit Logo | pen.eu","potentialAction":[{"@type":"SearchAction","target":{"@type":"EntryPoint","urlTemplate":"https:\/\/pen.eu\/?s={search_term_string}"},"query-input":{"@type":"PropertyValueSpecification","valueRequired":true,"valueName":"search_term_string"}}],"inLanguage":"en-US"}]}},"_links":{"self":[{"href":"https:\/\/pen.eu\/en\/wp-json\/wp\/v2\/product\/127","targetHints":{"allow":["GET"]}}],"collection":[{"href":"https:\/\/pen.eu\/en\/wp-json\/wp\/v2\/product"}],"about":[{"href":"https:\/\/pen.eu\/en\/wp-json\/wp\/v2\/types\/product"}],"replies":[{"embeddable":true,"href":"https:\/\/pen.eu\/en\/wp-json\/wp\/v2\/comments?post=127"}],"wp:featuredmedia":[{"embeddable":true,"href":"https:\/\/pen.eu\/en\/wp-json\/wp\/v2\/media\/128"}],"wp:attachment":[{"href":"https:\/\/pen.eu\/en\/wp-json\/wp\/v2\/media?parent=127"}],"wp:term":[{"taxonomy":"product_brand","embeddable":true,"href":"https:\/\/pen.eu\/en\/wp-json\/wp\/v2\/product_brand?post=127"},{"taxonomy":"product_cat","embeddable":true,"href":"https:\/\/pen.eu\/en\/wp-json\/wp\/v2\/product_cat?post=127"},{"taxonomy":"product_tag","embeddable":true,"href":"https:\/\/pen.eu\/en\/wp-json\/wp\/v2\/product_tag?post=127"}],"curies":[{"name":"wp","href":"https:\/\/api.w.org\/{rel}","templated":true}]}}