{"id":146,"date":"2024-09-19T09:16:22","date_gmt":"2024-09-19T07:16:22","guid":{"rendered":"https:\/\/v2.frank-pen.de\/produkt\/kugelschreiber-costa-gold\/"},"modified":"2025-10-09T15:41:07","modified_gmt":"2025-10-09T13:41:07","slug":"kugelschreiber-diamond-gold","status":"publish","type":"product","link":"https:\/\/pen.eu\/en\/product\/kugelschreiber-diamond-gold\/","title":{"rendered":"Pen \u201cDiamond Gold\u201d"},"content":{"rendered":"<p>The \u201cDiamond Gold\u201d ballpoint pen stands out with its rubberized soft-touch finish, making it an exceptional promotional product. As a top seller, it is also known as the \u201cCosta Gold Pen.\u201d Every detail of this pen has been crafted with the highest quality in mind: the rose gold accents, the diamond-patterned grip, and the rich colors give this modern promotional gift a professional and elegant touch. Add a personal note to your pen with laser engraving on the barrel.<\/p>","protected":false},"excerpt":{"rendered":"<p>Der Kugelschreiber &#8220;Diamond Gold&#8221; besticht durch sein gummiertes Soft-Touch-Finish, das ihn zu einem herausragenden Werbeartikel macht. Als Topseller ist er auch unter dem Namen &#8220;Kugelschreiber Costa Gold&#8221; bekannt. Jedes Detail dieses Kugelschreibers wurde mit Blick auf h\u00f6chste Qualit\u00e4t gestaltet: Die Ros\u00e9gold-Akzente, der diamantgemusterte Griff und die intensiven Farben verleihen diesem modernen Werbegeschenk eine professionelle und [&hellip;]<\/p>\n","protected":false},"featured_media":147,"comment_status":"open","ping_status":"closed","template":"","meta":[],"product_brand":[],"product_cat":[309,247],"product_tag":[528,861,529,657],"class_list":{"0":"post-146","1":"product","2":"type-product","3":"status-publish","4":"has-post-thumbnail","6":"product_cat-kugelschreiber-aus-metall","7":"product_cat-schreibgeraete","8":"product_tag-2303-fp-1025","9":"product_tag-left-66","10":"product_tag-mqo","11":"product_tag-shortpen","12":"pa_eigenschaft-rose-gold","13":"pa_eigenschaft-soft-touch","14":"pa_eigenschaft-stylus","15":"pa_farbe-anthrazit","16":"pa_farbe-hellblau","17":"pa_farbe-marine","18":"pa_farbe-rot","19":"pa_farbe-schwarz","20":"pa_material-aluminium","21":"pa_mindestmenge-24","22":"pa_minenfarbe-blau","23":"pa_minenfarbe-schwarz","24":"pa_werbeanbringung-digitaldruck","25":"pa_werbeanbringung-lasergravur","27":"first","28":"instock","29":"taxable","30":"shipping-taxable","31":"purchasable","32":"product-type-variable","33":"has-default-attributes","34":"add-to-wishlist-after_add_to_cart"},"yoast_head":"<!-- This site is optimized with the Yoast SEO plugin v27.4 - https:\/\/yoast.com\/product\/yoast-seo-wordpress\/ -->\n<title>Kugelschreiber &quot;Diamond Gold&quot; - PEN.EU<\/title>\n<meta name=\"robots\" content=\"index, follow, max-snippet:-1, max-image-preview:large, max-video-preview:-1\" \/>\n<link rel=\"canonical\" href=\"https:\/\/pen.eu\/en\/product\/kugelschreiber-diamond-gold\/\" \/>\n<meta property=\"og:locale\" content=\"en_US\" \/>\n<meta property=\"og:type\" content=\"article\" \/>\n<meta property=\"og:title\" content=\"Kugelschreiber &quot;Diamond Gold&quot; - PEN.EU\" \/>\n<meta property=\"og:description\" content=\"Der Kugelschreiber &#8220;Diamond Gold&#8221; besticht durch sein gummiertes Soft-Touch-Finish, das ihn zu einem herausragenden Werbeartikel macht. Als Topseller ist er auch unter dem Namen &#8220;Kugelschreiber Costa Gold&#8221; bekannt. Jedes Detail dieses Kugelschreibers wurde mit Blick auf h\u00f6chste Qualit\u00e4t gestaltet: Die Ros\u00e9gold-Akzente, der diamantgemusterte Griff und die intensiven Farben verleihen diesem modernen Werbegeschenk eine professionelle und [&hellip;]\" \/>\n<meta property=\"og:url\" content=\"https:\/\/pen.eu\/en\/product\/kugelschreiber-diamond-gold\/\" \/>\n<meta property=\"og:site_name\" content=\"PEN.EU\" \/>\n<meta property=\"article:modified_time\" content=\"2025-10-09T13:41:07+00:00\" \/>\n<meta property=\"og:image\" content=\"https:\/\/pen.eu\/wp-content\/uploads\/2024\/09\/0511025112-GDD.jpg\" \/>\n\t<meta property=\"og:image:width\" content=\"1800\" \/>\n\t<meta property=\"og:image:height\" content=\"1800\" \/>\n\t<meta property=\"og:image:type\" content=\"image\/jpeg\" \/>\n<meta name=\"twitter:card\" content=\"summary_large_image\" \/>\n<script type=\"application\/ld+json\" class=\"yoast-schema-graph\">{\"@context\":\"https:\\\/\\\/schema.org\",\"@graph\":[{\"@type\":\"WebPage\",\"@id\":\"https:\\\/\\\/pen.eu\\\/produkt\\\/kugelschreiber-diamond-gold\\\/\",\"url\":\"https:\\\/\\\/pen.eu\\\/produkt\\\/kugelschreiber-diamond-gold\\\/\",\"name\":\"Kugelschreiber \\\"Diamond Gold\\\" - PEN.EU\",\"isPartOf\":{\"@id\":\"https:\\\/\\\/pen.eu\\\/#website\"},\"primaryImageOfPage\":{\"@id\":\"https:\\\/\\\/pen.eu\\\/produkt\\\/kugelschreiber-diamond-gold\\\/#primaryimage\"},\"image\":{\"@id\":\"https:\\\/\\\/pen.eu\\\/produkt\\\/kugelschreiber-diamond-gold\\\/#primaryimage\"},\"thumbnailUrl\":\"https:\\\/\\\/pen.eu\\\/wp-content\\\/uploads\\\/2024\\\/09\\\/0511025112-GDD.jpg\",\"datePublished\":\"2024-09-19T07:16:22+00:00\",\"dateModified\":\"2025-10-09T13:41:07+00:00\",\"breadcrumb\":{\"@id\":\"https:\\\/\\\/pen.eu\\\/produkt\\\/kugelschreiber-diamond-gold\\\/#breadcrumb\"},\"inLanguage\":\"en-US\",\"potentialAction\":[{\"@type\":\"ReadAction\",\"target\":[\"https:\\\/\\\/pen.eu\\\/produkt\\\/kugelschreiber-diamond-gold\\\/\"]}]},{\"@type\":\"ImageObject\",\"inLanguage\":\"en-US\",\"@id\":\"https:\\\/\\\/pen.eu\\\/produkt\\\/kugelschreiber-diamond-gold\\\/#primaryimage\",\"url\":\"https:\\\/\\\/pen.eu\\\/wp-content\\\/uploads\\\/2024\\\/09\\\/0511025112-GDD.jpg\",\"contentUrl\":\"https:\\\/\\\/pen.eu\\\/wp-content\\\/uploads\\\/2024\\\/09\\\/0511025112-GDD.jpg\",\"width\":1800,\"height\":1800},{\"@type\":\"BreadcrumbList\",\"@id\":\"https:\\\/\\\/pen.eu\\\/produkt\\\/kugelschreiber-diamond-gold\\\/#breadcrumb\",\"itemListElement\":[{\"@type\":\"ListItem\",\"position\":1,\"name\":\"Home\",\"item\":\"https:\\\/\\\/pen.eu\\\/\"},{\"@type\":\"ListItem\",\"position\":2,\"name\":\"Shop\",\"item\":\"https:\\\/\\\/pen.eu\\\/ch\\\/shop\\\/\"},{\"@type\":\"ListItem\",\"position\":3,\"name\":\"Kugelschreiber &#8220;Diamond Gold&#8221;\"}]},{\"@type\":\"WebSite\",\"@id\":\"https:\\\/\\\/pen.eu\\\/#website\",\"url\":\"https:\\\/\\\/pen.eu\\\/\",\"name\":\"PEN.EU\",\"description\":\"Kugelschreiber bedrucken mit Logo | pen.eu\",\"potentialAction\":[{\"@type\":\"SearchAction\",\"target\":{\"@type\":\"EntryPoint\",\"urlTemplate\":\"https:\\\/\\\/pen.eu\\\/?s={search_term_string}\"},\"query-input\":{\"@type\":\"PropertyValueSpecification\",\"valueRequired\":true,\"valueName\":\"search_term_string\"}}],\"inLanguage\":\"en-US\"}]}<\/script>\n<!-- \/ Yoast SEO plugin. -->","yoast_head_json":{"title":"Kugelschreiber \"Diamond Gold\" - PEN.EU","robots":{"index":"index","follow":"follow","max-snippet":"max-snippet:-1","max-image-preview":"max-image-preview:large","max-video-preview":"max-video-preview:-1"},"canonical":"https:\/\/pen.eu\/en\/product\/kugelschreiber-diamond-gold\/","og_locale":"en_US","og_type":"article","og_title":"Kugelschreiber \"Diamond Gold\" - PEN.EU","og_description":"Der Kugelschreiber &#8220;Diamond Gold&#8221; besticht durch sein gummiertes Soft-Touch-Finish, das ihn zu einem herausragenden Werbeartikel macht. Als Topseller ist er auch unter dem Namen &#8220;Kugelschreiber Costa Gold&#8221; bekannt. Jedes Detail dieses Kugelschreibers wurde mit Blick auf h\u00f6chste Qualit\u00e4t gestaltet: Die Ros\u00e9gold-Akzente, der diamantgemusterte Griff und die intensiven Farben verleihen diesem modernen Werbegeschenk eine professionelle und [&hellip;]","og_url":"https:\/\/pen.eu\/en\/product\/kugelschreiber-diamond-gold\/","og_site_name":"PEN.EU","article_modified_time":"2025-10-09T13:41:07+00:00","og_image":[{"width":1800,"height":1800,"url":"https:\/\/pen.eu\/wp-content\/uploads\/2024\/09\/0511025112-GDD.jpg","type":"image\/jpeg"}],"twitter_card":"summary_large_image","schema":{"@context":"https:\/\/schema.org","@graph":[{"@type":"WebPage","@id":"https:\/\/pen.eu\/produkt\/kugelschreiber-diamond-gold\/","url":"https:\/\/pen.eu\/produkt\/kugelschreiber-diamond-gold\/","name":"Kugelschreiber \"Diamond Gold\" - PEN.EU","isPartOf":{"@id":"https:\/\/pen.eu\/#website"},"primaryImageOfPage":{"@id":"https:\/\/pen.eu\/produkt\/kugelschreiber-diamond-gold\/#primaryimage"},"image":{"@id":"https:\/\/pen.eu\/produkt\/kugelschreiber-diamond-gold\/#primaryimage"},"thumbnailUrl":"https:\/\/pen.eu\/wp-content\/uploads\/2024\/09\/0511025112-GDD.jpg","datePublished":"2024-09-19T07:16:22+00:00","dateModified":"2025-10-09T13:41:07+00:00","breadcrumb":{"@id":"https:\/\/pen.eu\/produkt\/kugelschreiber-diamond-gold\/#breadcrumb"},"inLanguage":"en-US","potentialAction":[{"@type":"ReadAction","target":["https:\/\/pen.eu\/produkt\/kugelschreiber-diamond-gold\/"]}]},{"@type":"ImageObject","inLanguage":"en-US","@id":"https:\/\/pen.eu\/produkt\/kugelschreiber-diamond-gold\/#primaryimage","url":"https:\/\/pen.eu\/wp-content\/uploads\/2024\/09\/0511025112-GDD.jpg","contentUrl":"https:\/\/pen.eu\/wp-content\/uploads\/2024\/09\/0511025112-GDD.jpg","width":1800,"height":1800},{"@type":"BreadcrumbList","@id":"https:\/\/pen.eu\/produkt\/kugelschreiber-diamond-gold\/#breadcrumb","itemListElement":[{"@type":"ListItem","position":1,"name":"Home","item":"https:\/\/pen.eu\/"},{"@type":"ListItem","position":2,"name":"Shop","item":"https:\/\/pen.eu\/ch\/shop\/"},{"@type":"ListItem","position":3,"name":"Kugelschreiber &#8220;Diamond Gold&#8221;"}]},{"@type":"WebSite","@id":"https:\/\/pen.eu\/#website","url":"https:\/\/pen.eu\/","name":"PEN.EU","description":"Kugelschreiber bedrucken mit Logo | pen.eu","potentialAction":[{"@type":"SearchAction","target":{"@type":"EntryPoint","urlTemplate":"https:\/\/pen.eu\/?s={search_term_string}"},"query-input":{"@type":"PropertyValueSpecification","valueRequired":true,"valueName":"search_term_string"}}],"inLanguage":"en-US"}]}},"_links":{"self":[{"href":"https:\/\/pen.eu\/en\/wp-json\/wp\/v2\/product\/146","targetHints":{"allow":["GET"]}}],"collection":[{"href":"https:\/\/pen.eu\/en\/wp-json\/wp\/v2\/product"}],"about":[{"href":"https:\/\/pen.eu\/en\/wp-json\/wp\/v2\/types\/product"}],"replies":[{"embeddable":true,"href":"https:\/\/pen.eu\/en\/wp-json\/wp\/v2\/comments?post=146"}],"wp:featuredmedia":[{"embeddable":true,"href":"https:\/\/pen.eu\/en\/wp-json\/wp\/v2\/media\/147"}],"wp:attachment":[{"href":"https:\/\/pen.eu\/en\/wp-json\/wp\/v2\/media?parent=146"}],"wp:term":[{"taxonomy":"product_brand","embeddable":true,"href":"https:\/\/pen.eu\/en\/wp-json\/wp\/v2\/product_brand?post=146"},{"taxonomy":"product_cat","embeddable":true,"href":"https:\/\/pen.eu\/en\/wp-json\/wp\/v2\/product_cat?post=146"},{"taxonomy":"product_tag","embeddable":true,"href":"https:\/\/pen.eu\/en\/wp-json\/wp\/v2\/product_tag?post=146"}],"curies":[{"name":"wp","href":"https:\/\/api.w.org\/{rel}","templated":true}]}}