{"id":15355,"date":"2025-07-28T15:06:57","date_gmt":"2025-07-28T13:06:57","guid":{"rendered":"https:\/\/v2.frank-pen.de\/?post_type=product&#038;p=15355"},"modified":"2025-12-15T08:06:43","modified_gmt":"2025-12-15T07:06:43","slug":"trinkflasche-new-york","status":"publish","type":"product","link":"https:\/\/pen.eu\/en\/product\/trinkflasche-new-york\/","title":{"rendered":"Drinking cup \"New York\""},"content":{"rendered":"<p>The New York water bottle \u2013 740\u202fml \u2013 is a practical and sustainable choice for everyday use. Made from 50% recycled and 50% new Tritan, it offers a durable, long-lasting solution for life on the go. The colored PP screw cap ensures a secure, leakproof seal. This bottle is designed exclusively for cold drinks and is not microwave- or dishwasher-safe. With its clear, functional design, it\u2019s perfect for school, work, leisure, or travel \u2013 for mindful hydration in style.<\/p>","protected":false},"excerpt":{"rendered":"<p>Die New York Trinkflasche \u2013 740\u202fml \u2013 ist die praktische und nachhaltige Wahl f\u00fcr den Alltag. Hergestellt aus 50\u202f% recyceltem und 50\u202f% neuem Tritan, bietet sie eine robuste, langlebige L\u00f6sung f\u00fcr unterwegs. Der farbige Schraubdeckel aus PP sorgt f\u00fcr einen sicheren, auslaufsicheren Verschluss. Die Flasche eignet sich ausschlie\u00dflich f\u00fcr kalte Getr\u00e4nke und ist weder f\u00fcr [&hellip;]<\/p>\n","protected":false},"featured_media":15546,"comment_status":"open","ping_status":"closed","template":"","meta":[],"product_brand":[],"product_cat":[248],"product_tag":[682,689,704],"class_list":{"0":"post-15355","1":"product","2":"type-product","3":"status-publish","4":"has-post-thumbnail","6":"product_cat-trinkgefaesse","7":"product_tag-designbottle","8":"product_tag-slimsize","9":"product_tag-wga","10":"pa_farbe-blau","11":"pa_farbe-gruen","12":"pa_farbe-rauch","13":"pa_farbe-transparent","14":"pa_material-pp","15":"pa_werbeanbringung-digitaldruck","16":"pa_werbeanbringung-siebdruck","18":"first","19":"instock","20":"taxable","21":"shipping-taxable","22":"purchasable","23":"product-type-variable","24":"add-to-wishlist-after_add_to_cart"},"yoast_head":"<!-- This site is optimized with the Yoast SEO plugin v27.4 - https:\/\/yoast.com\/product\/yoast-seo-wordpress\/ -->\n<title>Trinkflasche &quot;New York&quot; - PEN.EU<\/title>\n<meta name=\"robots\" content=\"index, follow, max-snippet:-1, max-image-preview:large, max-video-preview:-1\" \/>\n<link rel=\"canonical\" href=\"https:\/\/pen.eu\/en\/product\/trinkflasche-new-york\/\" \/>\n<meta property=\"og:locale\" content=\"en_US\" \/>\n<meta property=\"og:type\" content=\"article\" \/>\n<meta property=\"og:title\" content=\"Trinkflasche &quot;New York&quot; - PEN.EU\" \/>\n<meta property=\"og:description\" content=\"Die New York Trinkflasche \u2013 740\u202fml \u2013 ist die praktische und nachhaltige Wahl f\u00fcr den Alltag. Hergestellt aus 50\u202f% recyceltem und 50\u202f% neuem Tritan, bietet sie eine robuste, langlebige L\u00f6sung f\u00fcr unterwegs. Der farbige Schraubdeckel aus PP sorgt f\u00fcr einen sicheren, auslaufsicheren Verschluss. Die Flasche eignet sich ausschlie\u00dflich f\u00fcr kalte Getr\u00e4nke und ist weder f\u00fcr [&hellip;]\" \/>\n<meta property=\"og:url\" content=\"https:\/\/pen.eu\/en\/product\/trinkflasche-new-york\/\" \/>\n<meta property=\"og:site_name\" content=\"PEN.EU\" \/>\n<meta property=\"article:modified_time\" content=\"2025-12-15T07:06:43+00:00\" \/>\n<meta property=\"og:image\" content=\"https:\/\/pen.eu\/wp-content\/uploads\/2025\/07\/WGA-blank-black.png\" \/>\n\t<meta property=\"og:image:width\" content=\"2000\" \/>\n\t<meta property=\"og:image:height\" content=\"2000\" \/>\n\t<meta property=\"og:image:type\" content=\"image\/png\" \/>\n<meta name=\"twitter:card\" content=\"summary_large_image\" \/>\n<script type=\"application\/ld+json\" class=\"yoast-schema-graph\">{\"@context\":\"https:\\\/\\\/schema.org\",\"@graph\":[{\"@type\":\"WebPage\",\"@id\":\"https:\\\/\\\/pen.eu\\\/produkt\\\/trinkflasche-new-york\\\/\",\"url\":\"https:\\\/\\\/pen.eu\\\/produkt\\\/trinkflasche-new-york\\\/\",\"name\":\"Trinkflasche \\\"New York\\\" - PEN.EU\",\"isPartOf\":{\"@id\":\"https:\\\/\\\/pen.eu\\\/#website\"},\"primaryImageOfPage\":{\"@id\":\"https:\\\/\\\/pen.eu\\\/produkt\\\/trinkflasche-new-york\\\/#primaryimage\"},\"image\":{\"@id\":\"https:\\\/\\\/pen.eu\\\/produkt\\\/trinkflasche-new-york\\\/#primaryimage\"},\"thumbnailUrl\":\"https:\\\/\\\/pen.eu\\\/wp-content\\\/uploads\\\/2025\\\/07\\\/WGA-blank-black.png\",\"datePublished\":\"2025-07-28T13:06:57+00:00\",\"dateModified\":\"2025-12-15T07:06:43+00:00\",\"breadcrumb\":{\"@id\":\"https:\\\/\\\/pen.eu\\\/produkt\\\/trinkflasche-new-york\\\/#breadcrumb\"},\"inLanguage\":\"en-US\",\"potentialAction\":[{\"@type\":\"ReadAction\",\"target\":[\"https:\\\/\\\/pen.eu\\\/produkt\\\/trinkflasche-new-york\\\/\"]}]},{\"@type\":\"ImageObject\",\"inLanguage\":\"en-US\",\"@id\":\"https:\\\/\\\/pen.eu\\\/produkt\\\/trinkflasche-new-york\\\/#primaryimage\",\"url\":\"https:\\\/\\\/pen.eu\\\/wp-content\\\/uploads\\\/2025\\\/07\\\/WGA-blank-black.png\",\"contentUrl\":\"https:\\\/\\\/pen.eu\\\/wp-content\\\/uploads\\\/2025\\\/07\\\/WGA-blank-black.png\",\"width\":2000,\"height\":2000,\"caption\":\"WGA-blank-black\"},{\"@type\":\"BreadcrumbList\",\"@id\":\"https:\\\/\\\/pen.eu\\\/produkt\\\/trinkflasche-new-york\\\/#breadcrumb\",\"itemListElement\":[{\"@type\":\"ListItem\",\"position\":1,\"name\":\"Home\",\"item\":\"https:\\\/\\\/pen.eu\\\/\"},{\"@type\":\"ListItem\",\"position\":2,\"name\":\"Shop\",\"item\":\"https:\\\/\\\/pen.eu\\\/ch\\\/shop\\\/\"},{\"@type\":\"ListItem\",\"position\":3,\"name\":\"Trinkflasche &#8220;New York&#8221;\"}]},{\"@type\":\"WebSite\",\"@id\":\"https:\\\/\\\/pen.eu\\\/#website\",\"url\":\"https:\\\/\\\/pen.eu\\\/\",\"name\":\"PEN.EU\",\"description\":\"Kugelschreiber bedrucken mit Logo | pen.eu\",\"potentialAction\":[{\"@type\":\"SearchAction\",\"target\":{\"@type\":\"EntryPoint\",\"urlTemplate\":\"https:\\\/\\\/pen.eu\\\/?s={search_term_string}\"},\"query-input\":{\"@type\":\"PropertyValueSpecification\",\"valueRequired\":true,\"valueName\":\"search_term_string\"}}],\"inLanguage\":\"en-US\"}]}<\/script>\n<!-- \/ Yoast SEO plugin. -->","yoast_head_json":{"title":"Trinkflasche \"New York\" - PEN.EU","robots":{"index":"index","follow":"follow","max-snippet":"max-snippet:-1","max-image-preview":"max-image-preview:large","max-video-preview":"max-video-preview:-1"},"canonical":"https:\/\/pen.eu\/en\/product\/trinkflasche-new-york\/","og_locale":"en_US","og_type":"article","og_title":"Trinkflasche \"New York\" - PEN.EU","og_description":"Die New York Trinkflasche \u2013 740\u202fml \u2013 ist die praktische und nachhaltige Wahl f\u00fcr den Alltag. Hergestellt aus 50\u202f% recyceltem und 50\u202f% neuem Tritan, bietet sie eine robuste, langlebige L\u00f6sung f\u00fcr unterwegs. Der farbige Schraubdeckel aus PP sorgt f\u00fcr einen sicheren, auslaufsicheren Verschluss. Die Flasche eignet sich ausschlie\u00dflich f\u00fcr kalte Getr\u00e4nke und ist weder f\u00fcr [&hellip;]","og_url":"https:\/\/pen.eu\/en\/product\/trinkflasche-new-york\/","og_site_name":"PEN.EU","article_modified_time":"2025-12-15T07:06:43+00:00","og_image":[{"width":2000,"height":2000,"url":"https:\/\/pen.eu\/wp-content\/uploads\/2025\/07\/WGA-blank-black.png","type":"image\/png"}],"twitter_card":"summary_large_image","schema":{"@context":"https:\/\/schema.org","@graph":[{"@type":"WebPage","@id":"https:\/\/pen.eu\/produkt\/trinkflasche-new-york\/","url":"https:\/\/pen.eu\/produkt\/trinkflasche-new-york\/","name":"Trinkflasche \"New York\" - PEN.EU","isPartOf":{"@id":"https:\/\/pen.eu\/#website"},"primaryImageOfPage":{"@id":"https:\/\/pen.eu\/produkt\/trinkflasche-new-york\/#primaryimage"},"image":{"@id":"https:\/\/pen.eu\/produkt\/trinkflasche-new-york\/#primaryimage"},"thumbnailUrl":"https:\/\/pen.eu\/wp-content\/uploads\/2025\/07\/WGA-blank-black.png","datePublished":"2025-07-28T13:06:57+00:00","dateModified":"2025-12-15T07:06:43+00:00","breadcrumb":{"@id":"https:\/\/pen.eu\/produkt\/trinkflasche-new-york\/#breadcrumb"},"inLanguage":"en-US","potentialAction":[{"@type":"ReadAction","target":["https:\/\/pen.eu\/produkt\/trinkflasche-new-york\/"]}]},{"@type":"ImageObject","inLanguage":"en-US","@id":"https:\/\/pen.eu\/produkt\/trinkflasche-new-york\/#primaryimage","url":"https:\/\/pen.eu\/wp-content\/uploads\/2025\/07\/WGA-blank-black.png","contentUrl":"https:\/\/pen.eu\/wp-content\/uploads\/2025\/07\/WGA-blank-black.png","width":2000,"height":2000,"caption":"WGA-blank-black"},{"@type":"BreadcrumbList","@id":"https:\/\/pen.eu\/produkt\/trinkflasche-new-york\/#breadcrumb","itemListElement":[{"@type":"ListItem","position":1,"name":"Home","item":"https:\/\/pen.eu\/"},{"@type":"ListItem","position":2,"name":"Shop","item":"https:\/\/pen.eu\/ch\/shop\/"},{"@type":"ListItem","position":3,"name":"Trinkflasche &#8220;New York&#8221;"}]},{"@type":"WebSite","@id":"https:\/\/pen.eu\/#website","url":"https:\/\/pen.eu\/","name":"PEN.EU","description":"Kugelschreiber bedrucken mit Logo | pen.eu","potentialAction":[{"@type":"SearchAction","target":{"@type":"EntryPoint","urlTemplate":"https:\/\/pen.eu\/?s={search_term_string}"},"query-input":{"@type":"PropertyValueSpecification","valueRequired":true,"valueName":"search_term_string"}}],"inLanguage":"en-US"}]}},"_links":{"self":[{"href":"https:\/\/pen.eu\/en\/wp-json\/wp\/v2\/product\/15355","targetHints":{"allow":["GET"]}}],"collection":[{"href":"https:\/\/pen.eu\/en\/wp-json\/wp\/v2\/product"}],"about":[{"href":"https:\/\/pen.eu\/en\/wp-json\/wp\/v2\/types\/product"}],"replies":[{"embeddable":true,"href":"https:\/\/pen.eu\/en\/wp-json\/wp\/v2\/comments?post=15355"}],"wp:featuredmedia":[{"embeddable":true,"href":"https:\/\/pen.eu\/en\/wp-json\/wp\/v2\/media\/15546"}],"wp:attachment":[{"href":"https:\/\/pen.eu\/en\/wp-json\/wp\/v2\/media?parent=15355"}],"wp:term":[{"taxonomy":"product_brand","embeddable":true,"href":"https:\/\/pen.eu\/en\/wp-json\/wp\/v2\/product_brand?post=15355"},{"taxonomy":"product_cat","embeddable":true,"href":"https:\/\/pen.eu\/en\/wp-json\/wp\/v2\/product_cat?post=15355"},{"taxonomy":"product_tag","embeddable":true,"href":"https:\/\/pen.eu\/en\/wp-json\/wp\/v2\/product_tag?post=15355"}],"curies":[{"name":"wp","href":"https:\/\/api.w.org\/{rel}","templated":true}]}}