{"id":15372,"date":"2025-07-28T15:23:22","date_gmt":"2025-07-28T13:23:22","guid":{"rendered":"https:\/\/v2.frank-pen.de\/?post_type=product&#038;p=15372"},"modified":"2025-10-23T06:53:20","modified_gmt":"2025-10-23T04:53:20","slug":"trinkbecher-fiji","status":"publish","type":"product","link":"https:\/\/pen.eu\/en\/product\/trinkbecher-fiji\/","title":{"rendered":"Drinking cup \u201cFiji\u201d"},"content":{"rendered":"<p>The Fiji recycled stainless steel tumbler with straw \u2013 890\u202fml \u2013 is the perfect choice for those who don\u2019t want to compromise on style, function, or sustainability on the go. Made from recycled 304 stainless steel, its double-wall vacuum insulation keeps drinks hot for up to 6 hours and cold for up to 24 hours. The leakproof design is complemented by a color-matching straw and a screw-on lid made of PP and silicone. A durable powder coating adds a modern look and pleasant feel. Not suitable for microwave or dishwasher \u2013 ideal for everyday use at home, in the office, or on the move.<\/p>","protected":false},"excerpt":{"rendered":"<p>Der Fiji Recycling-Edelstahlbecher mit Trinkhalm \u2013 890\u202fml \u2013 ist die ideale Wahl f\u00fcr alle, die unterwegs nicht auf Stil, Funktion und Nachhaltigkeit verzichten m\u00f6chten. Aus recyceltem 304er Edelstahl gefertigt, h\u00e4lt die doppelwandige Vakuum-Isolierung Getr\u00e4nke bis zu 6 Stunden hei\u00df und bis zu 24 Stunden k\u00fchl. Das auslaufsichere Design wird durch einen farblich abgestimmten Strohhalm und [&hellip;]<\/p>\n","protected":false},"featured_media":15559,"comment_status":"open","ping_status":"closed","template":"","meta":[],"product_brand":[],"product_cat":[767,248],"product_tag":[682,839,840,689,829,705],"class_list":{"0":"post-15372","1":"product","2":"type-product","3":"status-publish","4":"has-post-thumbnail","6":"product_cat-trinkbecher","7":"product_cat-trinkgefaesse","8":"product_tag-designbottle","9":"product_tag-left-45","10":"product_tag-mtop-45","11":"product_tag-slimsize","12":"product_tag-top-39","13":"product_tag-wgb","14":"pa_eigenschaft-eco-friendly","15":"pa_farbe-blau","16":"pa_farbe-gruen","17":"pa_farbe-rauch","18":"pa_farbe-transparent","19":"pa_material-edelstahl","20":"pa_material-pp","21":"pa_material-recycelter-edelstahl","22":"pa_material-silikon","23":"pa_werbeanbringung-lasergravur","24":"pa_werbeanbringung-siebdruck","26":"first","27":"instock","28":"taxable","29":"shipping-taxable","30":"purchasable","31":"product-type-variable","32":"add-to-wishlist-after_add_to_cart"},"yoast_head":"<!-- This site is optimized with the Yoast SEO plugin v27.4 - https:\/\/yoast.com\/product\/yoast-seo-wordpress\/ -->\n<title>Trinkbecher &quot;Fiji&quot; - PEN.EU<\/title>\n<meta name=\"robots\" content=\"index, follow, max-snippet:-1, max-image-preview:large, max-video-preview:-1\" \/>\n<link rel=\"canonical\" href=\"https:\/\/pen.eu\/en\/product\/trinkbecher-fiji\/\" \/>\n<meta property=\"og:locale\" content=\"en_US\" \/>\n<meta property=\"og:type\" content=\"article\" \/>\n<meta property=\"og:title\" content=\"Trinkbecher &quot;Fiji&quot; - PEN.EU\" \/>\n<meta property=\"og:description\" content=\"Der Fiji Recycling-Edelstahlbecher mit Trinkhalm \u2013 890\u202fml \u2013 ist die ideale Wahl f\u00fcr alle, die unterwegs nicht auf Stil, Funktion und Nachhaltigkeit verzichten m\u00f6chten. Aus recyceltem 304er Edelstahl gefertigt, h\u00e4lt die doppelwandige Vakuum-Isolierung Getr\u00e4nke bis zu 6 Stunden hei\u00df und bis zu 24 Stunden k\u00fchl. Das auslaufsichere Design wird durch einen farblich abgestimmten Strohhalm und [&hellip;]\" \/>\n<meta property=\"og:url\" content=\"https:\/\/pen.eu\/en\/product\/trinkbecher-fiji\/\" \/>\n<meta property=\"og:site_name\" content=\"PEN.EU\" \/>\n<meta property=\"article:modified_time\" content=\"2025-10-23T04:53:20+00:00\" \/>\n<meta property=\"og:image\" content=\"https:\/\/pen.eu\/wp-content\/uploads\/2025\/07\/WGB-blank-black.png\" \/>\n\t<meta property=\"og:image:width\" content=\"2000\" \/>\n\t<meta property=\"og:image:height\" content=\"2000\" \/>\n\t<meta property=\"og:image:type\" content=\"image\/png\" \/>\n<meta name=\"twitter:card\" content=\"summary_large_image\" \/>\n<script type=\"application\/ld+json\" class=\"yoast-schema-graph\">{\"@context\":\"https:\\\/\\\/schema.org\",\"@graph\":[{\"@type\":\"WebPage\",\"@id\":\"https:\\\/\\\/pen.eu\\\/produkt\\\/trinkbecher-fiji\\\/\",\"url\":\"https:\\\/\\\/pen.eu\\\/produkt\\\/trinkbecher-fiji\\\/\",\"name\":\"Trinkbecher \\\"Fiji\\\" - PEN.EU\",\"isPartOf\":{\"@id\":\"https:\\\/\\\/pen.eu\\\/#website\"},\"primaryImageOfPage\":{\"@id\":\"https:\\\/\\\/pen.eu\\\/produkt\\\/trinkbecher-fiji\\\/#primaryimage\"},\"image\":{\"@id\":\"https:\\\/\\\/pen.eu\\\/produkt\\\/trinkbecher-fiji\\\/#primaryimage\"},\"thumbnailUrl\":\"https:\\\/\\\/pen.eu\\\/wp-content\\\/uploads\\\/2025\\\/07\\\/WGB-blank-black.png\",\"datePublished\":\"2025-07-28T13:23:22+00:00\",\"dateModified\":\"2025-10-23T04:53:20+00:00\",\"breadcrumb\":{\"@id\":\"https:\\\/\\\/pen.eu\\\/produkt\\\/trinkbecher-fiji\\\/#breadcrumb\"},\"inLanguage\":\"en-US\",\"potentialAction\":[{\"@type\":\"ReadAction\",\"target\":[\"https:\\\/\\\/pen.eu\\\/produkt\\\/trinkbecher-fiji\\\/\"]}]},{\"@type\":\"ImageObject\",\"inLanguage\":\"en-US\",\"@id\":\"https:\\\/\\\/pen.eu\\\/produkt\\\/trinkbecher-fiji\\\/#primaryimage\",\"url\":\"https:\\\/\\\/pen.eu\\\/wp-content\\\/uploads\\\/2025\\\/07\\\/WGB-blank-black.png\",\"contentUrl\":\"https:\\\/\\\/pen.eu\\\/wp-content\\\/uploads\\\/2025\\\/07\\\/WGB-blank-black.png\",\"width\":2000,\"height\":2000,\"caption\":\"WGB-blank-black\"},{\"@type\":\"BreadcrumbList\",\"@id\":\"https:\\\/\\\/pen.eu\\\/produkt\\\/trinkbecher-fiji\\\/#breadcrumb\",\"itemListElement\":[{\"@type\":\"ListItem\",\"position\":1,\"name\":\"Home\",\"item\":\"https:\\\/\\\/pen.eu\\\/\"},{\"@type\":\"ListItem\",\"position\":2,\"name\":\"Shop\",\"item\":\"https:\\\/\\\/pen.eu\\\/ch\\\/shop\\\/\"},{\"@type\":\"ListItem\",\"position\":3,\"name\":\"Trinkbecher &#8220;Fiji&#8221;\"}]},{\"@type\":\"WebSite\",\"@id\":\"https:\\\/\\\/pen.eu\\\/#website\",\"url\":\"https:\\\/\\\/pen.eu\\\/\",\"name\":\"PEN.EU\",\"description\":\"Kugelschreiber bedrucken mit Logo | pen.eu\",\"potentialAction\":[{\"@type\":\"SearchAction\",\"target\":{\"@type\":\"EntryPoint\",\"urlTemplate\":\"https:\\\/\\\/pen.eu\\\/?s={search_term_string}\"},\"query-input\":{\"@type\":\"PropertyValueSpecification\",\"valueRequired\":true,\"valueName\":\"search_term_string\"}}],\"inLanguage\":\"en-US\"}]}<\/script>\n<!-- \/ Yoast SEO plugin. -->","yoast_head_json":{"title":"Trinkbecher \"Fiji\" - PEN.EU","robots":{"index":"index","follow":"follow","max-snippet":"max-snippet:-1","max-image-preview":"max-image-preview:large","max-video-preview":"max-video-preview:-1"},"canonical":"https:\/\/pen.eu\/en\/product\/trinkbecher-fiji\/","og_locale":"en_US","og_type":"article","og_title":"Trinkbecher \"Fiji\" - PEN.EU","og_description":"Der Fiji Recycling-Edelstahlbecher mit Trinkhalm \u2013 890\u202fml \u2013 ist die ideale Wahl f\u00fcr alle, die unterwegs nicht auf Stil, Funktion und Nachhaltigkeit verzichten m\u00f6chten. Aus recyceltem 304er Edelstahl gefertigt, h\u00e4lt die doppelwandige Vakuum-Isolierung Getr\u00e4nke bis zu 6 Stunden hei\u00df und bis zu 24 Stunden k\u00fchl. Das auslaufsichere Design wird durch einen farblich abgestimmten Strohhalm und [&hellip;]","og_url":"https:\/\/pen.eu\/en\/product\/trinkbecher-fiji\/","og_site_name":"PEN.EU","article_modified_time":"2025-10-23T04:53:20+00:00","og_image":[{"width":2000,"height":2000,"url":"https:\/\/pen.eu\/wp-content\/uploads\/2025\/07\/WGB-blank-black.png","type":"image\/png"}],"twitter_card":"summary_large_image","schema":{"@context":"https:\/\/schema.org","@graph":[{"@type":"WebPage","@id":"https:\/\/pen.eu\/produkt\/trinkbecher-fiji\/","url":"https:\/\/pen.eu\/produkt\/trinkbecher-fiji\/","name":"Trinkbecher \"Fiji\" - PEN.EU","isPartOf":{"@id":"https:\/\/pen.eu\/#website"},"primaryImageOfPage":{"@id":"https:\/\/pen.eu\/produkt\/trinkbecher-fiji\/#primaryimage"},"image":{"@id":"https:\/\/pen.eu\/produkt\/trinkbecher-fiji\/#primaryimage"},"thumbnailUrl":"https:\/\/pen.eu\/wp-content\/uploads\/2025\/07\/WGB-blank-black.png","datePublished":"2025-07-28T13:23:22+00:00","dateModified":"2025-10-23T04:53:20+00:00","breadcrumb":{"@id":"https:\/\/pen.eu\/produkt\/trinkbecher-fiji\/#breadcrumb"},"inLanguage":"en-US","potentialAction":[{"@type":"ReadAction","target":["https:\/\/pen.eu\/produkt\/trinkbecher-fiji\/"]}]},{"@type":"ImageObject","inLanguage":"en-US","@id":"https:\/\/pen.eu\/produkt\/trinkbecher-fiji\/#primaryimage","url":"https:\/\/pen.eu\/wp-content\/uploads\/2025\/07\/WGB-blank-black.png","contentUrl":"https:\/\/pen.eu\/wp-content\/uploads\/2025\/07\/WGB-blank-black.png","width":2000,"height":2000,"caption":"WGB-blank-black"},{"@type":"BreadcrumbList","@id":"https:\/\/pen.eu\/produkt\/trinkbecher-fiji\/#breadcrumb","itemListElement":[{"@type":"ListItem","position":1,"name":"Home","item":"https:\/\/pen.eu\/"},{"@type":"ListItem","position":2,"name":"Shop","item":"https:\/\/pen.eu\/ch\/shop\/"},{"@type":"ListItem","position":3,"name":"Trinkbecher &#8220;Fiji&#8221;"}]},{"@type":"WebSite","@id":"https:\/\/pen.eu\/#website","url":"https:\/\/pen.eu\/","name":"PEN.EU","description":"Kugelschreiber bedrucken mit Logo | pen.eu","potentialAction":[{"@type":"SearchAction","target":{"@type":"EntryPoint","urlTemplate":"https:\/\/pen.eu\/?s={search_term_string}"},"query-input":{"@type":"PropertyValueSpecification","valueRequired":true,"valueName":"search_term_string"}}],"inLanguage":"en-US"}]}},"_links":{"self":[{"href":"https:\/\/pen.eu\/en\/wp-json\/wp\/v2\/product\/15372","targetHints":{"allow":["GET"]}}],"collection":[{"href":"https:\/\/pen.eu\/en\/wp-json\/wp\/v2\/product"}],"about":[{"href":"https:\/\/pen.eu\/en\/wp-json\/wp\/v2\/types\/product"}],"replies":[{"embeddable":true,"href":"https:\/\/pen.eu\/en\/wp-json\/wp\/v2\/comments?post=15372"}],"wp:featuredmedia":[{"embeddable":true,"href":"https:\/\/pen.eu\/en\/wp-json\/wp\/v2\/media\/15559"}],"wp:attachment":[{"href":"https:\/\/pen.eu\/en\/wp-json\/wp\/v2\/media?parent=15372"}],"wp:term":[{"taxonomy":"product_brand","embeddable":true,"href":"https:\/\/pen.eu\/en\/wp-json\/wp\/v2\/product_brand?post=15372"},{"taxonomy":"product_cat","embeddable":true,"href":"https:\/\/pen.eu\/en\/wp-json\/wp\/v2\/product_cat?post=15372"},{"taxonomy":"product_tag","embeddable":true,"href":"https:\/\/pen.eu\/en\/wp-json\/wp\/v2\/product_tag?post=15372"}],"curies":[{"name":"wp","href":"https:\/\/api.w.org\/{rel}","templated":true}]}}