{"id":15513,"date":"2025-07-29T07:47:06","date_gmt":"2025-07-29T05:47:06","guid":{"rendered":"https:\/\/v2.frank-pen.de\/?post_type=product&#038;p=15513"},"modified":"2025-09-30T14:55:24","modified_gmt":"2025-09-30T12:55:24","slug":"lebensmittelbehaelter-mexico","status":"publish","type":"product","link":"https:\/\/pen.eu\/en\/product\/lebensmittelbehaelter-mexico\/","title":{"rendered":"Food container \u201cMexico\u201d"},"content":{"rendered":"<p>The Mexico food container made from recycled stainless steel \u2013 500\u202fml \u2013 is a stylish and sustainable solution for meals on the go. Its double-wall vacuum insulation keeps food warm or cold for longer. Made from recycled 304 stainless steel, the container features a durable powder coating and a leak-proof FSC-certified bamboo lid with a silicone seal. A gunmetal-finished metal handle adds both function and elegance to the design. Ideal for portioned meals during daily routines, commuting, or picnics. Not suitable for microwave or dishwasher use.<\/p>","protected":false},"excerpt":{"rendered":"<p>Der Mexico Lebensmittelbeh\u00e4lter aus recyceltem Edelstahl \u2013 500\u202fml \u2013 ist die stilvolle und nachhaltige L\u00f6sung f\u00fcr Mahlzeiten unterwegs. Die doppelwandige Vakuumisolierung sorgt daf\u00fcr, dass Speisen l\u00e4nger warm oder kalt bleiben. Gefertigt aus recyceltem 304er Edelstahl, \u00fcberzeugt der Beh\u00e4lter mit einer langlebigen Pulverbeschichtung und einem FSC-zertifizierten Bambusdeckel mit Silikondichtung \u2013 f\u00fcr eine auslaufsichere Versiegelung. Der Metallgriff [&hellip;]<\/p>\n","protected":false},"featured_media":15665,"comment_status":"open","ping_status":"closed","template":"","meta":[],"product_brand":[],"product_cat":[248],"product_tag":[681,847,688,850,689,849,716],"class_list":{"0":"post-15513","1":"product","2":"type-product","3":"status-publish","4":"has-post-thumbnail","6":"product_cat-trinkgefaesse","7":"product_tag-designmug","8":"product_tag-left-50-5","9":"product_tag-logobottom","10":"product_tag-mtop-68","11":"product_tag-slimsize","12":"product_tag-top-58","13":"product_tag-wfq","14":"pa_farbe-blau","15":"pa_farbe-gruen","16":"pa_farbe-rauch","17":"pa_farbe-transparent","18":"pa_material-pp","19":"pa_material-recyceltes-edelstahl","20":"pa_werbeanbringung-digitaldruck","21":"pa_werbeanbringung-lasergravur","22":"pa_werbeanbringung-siebdruck","24":"first","25":"instock","26":"taxable","27":"shipping-taxable","28":"purchasable","29":"product-type-variable","30":"add-to-wishlist-after_add_to_cart"},"yoast_head":"<!-- This site is optimized with the Yoast SEO plugin v27.4 - https:\/\/yoast.com\/product\/yoast-seo-wordpress\/ -->\n<title>Lebensmittelbeh\u00e4lter &quot;Mexico&quot; - PEN.EU<\/title>\n<meta name=\"robots\" content=\"index, follow, max-snippet:-1, max-image-preview:large, max-video-preview:-1\" \/>\n<link rel=\"canonical\" href=\"https:\/\/pen.eu\/en\/product\/lebensmittelbehaelter-mexico\/\" \/>\n<meta property=\"og:locale\" content=\"en_US\" \/>\n<meta property=\"og:type\" content=\"article\" \/>\n<meta property=\"og:title\" content=\"Lebensmittelbeh\u00e4lter &quot;Mexico&quot; - PEN.EU\" \/>\n<meta property=\"og:description\" content=\"Der Mexico Lebensmittelbeh\u00e4lter aus recyceltem Edelstahl \u2013 500\u202fml \u2013 ist die stilvolle und nachhaltige L\u00f6sung f\u00fcr Mahlzeiten unterwegs. Die doppelwandige Vakuumisolierung sorgt daf\u00fcr, dass Speisen l\u00e4nger warm oder kalt bleiben. Gefertigt aus recyceltem 304er Edelstahl, \u00fcberzeugt der Beh\u00e4lter mit einer langlebigen Pulverbeschichtung und einem FSC-zertifizierten Bambusdeckel mit Silikondichtung \u2013 f\u00fcr eine auslaufsichere Versiegelung. Der Metallgriff [&hellip;]\" \/>\n<meta property=\"og:url\" content=\"https:\/\/pen.eu\/en\/product\/lebensmittelbehaelter-mexico\/\" \/>\n<meta property=\"og:site_name\" content=\"PEN.EU\" \/>\n<meta property=\"article:modified_time\" content=\"2025-09-30T12:55:24+00:00\" \/>\n<meta property=\"og:image\" content=\"https:\/\/pen.eu\/wp-content\/uploads\/2025\/07\/WFQ-blank-black.png\" \/>\n\t<meta property=\"og:image:width\" content=\"2000\" \/>\n\t<meta property=\"og:image:height\" content=\"2000\" \/>\n\t<meta property=\"og:image:type\" content=\"image\/png\" \/>\n<meta name=\"twitter:card\" content=\"summary_large_image\" \/>\n<script type=\"application\/ld+json\" class=\"yoast-schema-graph\">{\"@context\":\"https:\\\/\\\/schema.org\",\"@graph\":[{\"@type\":\"WebPage\",\"@id\":\"https:\\\/\\\/pen.eu\\\/produkt\\\/lebensmittelbehaelter-mexico\\\/\",\"url\":\"https:\\\/\\\/pen.eu\\\/produkt\\\/lebensmittelbehaelter-mexico\\\/\",\"name\":\"Lebensmittelbeh\u00e4lter \\\"Mexico\\\" - PEN.EU\",\"isPartOf\":{\"@id\":\"https:\\\/\\\/pen.eu\\\/#website\"},\"primaryImageOfPage\":{\"@id\":\"https:\\\/\\\/pen.eu\\\/produkt\\\/lebensmittelbehaelter-mexico\\\/#primaryimage\"},\"image\":{\"@id\":\"https:\\\/\\\/pen.eu\\\/produkt\\\/lebensmittelbehaelter-mexico\\\/#primaryimage\"},\"thumbnailUrl\":\"https:\\\/\\\/pen.eu\\\/wp-content\\\/uploads\\\/2025\\\/07\\\/WFQ-blank-black.png\",\"datePublished\":\"2025-07-29T05:47:06+00:00\",\"dateModified\":\"2025-09-30T12:55:24+00:00\",\"breadcrumb\":{\"@id\":\"https:\\\/\\\/pen.eu\\\/produkt\\\/lebensmittelbehaelter-mexico\\\/#breadcrumb\"},\"inLanguage\":\"en-US\",\"potentialAction\":[{\"@type\":\"ReadAction\",\"target\":[\"https:\\\/\\\/pen.eu\\\/produkt\\\/lebensmittelbehaelter-mexico\\\/\"]}]},{\"@type\":\"ImageObject\",\"inLanguage\":\"en-US\",\"@id\":\"https:\\\/\\\/pen.eu\\\/produkt\\\/lebensmittelbehaelter-mexico\\\/#primaryimage\",\"url\":\"https:\\\/\\\/pen.eu\\\/wp-content\\\/uploads\\\/2025\\\/07\\\/WFQ-blank-black.png\",\"contentUrl\":\"https:\\\/\\\/pen.eu\\\/wp-content\\\/uploads\\\/2025\\\/07\\\/WFQ-blank-black.png\",\"width\":2000,\"height\":2000,\"caption\":\"WFQ-blank-black\"},{\"@type\":\"BreadcrumbList\",\"@id\":\"https:\\\/\\\/pen.eu\\\/produkt\\\/lebensmittelbehaelter-mexico\\\/#breadcrumb\",\"itemListElement\":[{\"@type\":\"ListItem\",\"position\":1,\"name\":\"Home\",\"item\":\"https:\\\/\\\/pen.eu\\\/\"},{\"@type\":\"ListItem\",\"position\":2,\"name\":\"Shop\",\"item\":\"https:\\\/\\\/pen.eu\\\/ch\\\/shop\\\/\"},{\"@type\":\"ListItem\",\"position\":3,\"name\":\"Lebensmittelbeh\u00e4lter &#8220;Mexico&#8221;\"}]},{\"@type\":\"WebSite\",\"@id\":\"https:\\\/\\\/pen.eu\\\/#website\",\"url\":\"https:\\\/\\\/pen.eu\\\/\",\"name\":\"PEN.EU\",\"description\":\"Kugelschreiber bedrucken mit Logo | pen.eu\",\"potentialAction\":[{\"@type\":\"SearchAction\",\"target\":{\"@type\":\"EntryPoint\",\"urlTemplate\":\"https:\\\/\\\/pen.eu\\\/?s={search_term_string}\"},\"query-input\":{\"@type\":\"PropertyValueSpecification\",\"valueRequired\":true,\"valueName\":\"search_term_string\"}}],\"inLanguage\":\"en-US\"}]}<\/script>\n<!-- \/ Yoast SEO plugin. -->","yoast_head_json":{"title":"Lebensmittelbeh\u00e4lter \"Mexico\" - PEN.EU","robots":{"index":"index","follow":"follow","max-snippet":"max-snippet:-1","max-image-preview":"max-image-preview:large","max-video-preview":"max-video-preview:-1"},"canonical":"https:\/\/pen.eu\/en\/product\/lebensmittelbehaelter-mexico\/","og_locale":"en_US","og_type":"article","og_title":"Lebensmittelbeh\u00e4lter \"Mexico\" - PEN.EU","og_description":"Der Mexico Lebensmittelbeh\u00e4lter aus recyceltem Edelstahl \u2013 500\u202fml \u2013 ist die stilvolle und nachhaltige L\u00f6sung f\u00fcr Mahlzeiten unterwegs. Die doppelwandige Vakuumisolierung sorgt daf\u00fcr, dass Speisen l\u00e4nger warm oder kalt bleiben. Gefertigt aus recyceltem 304er Edelstahl, \u00fcberzeugt der Beh\u00e4lter mit einer langlebigen Pulverbeschichtung und einem FSC-zertifizierten Bambusdeckel mit Silikondichtung \u2013 f\u00fcr eine auslaufsichere Versiegelung. Der Metallgriff [&hellip;]","og_url":"https:\/\/pen.eu\/en\/product\/lebensmittelbehaelter-mexico\/","og_site_name":"PEN.EU","article_modified_time":"2025-09-30T12:55:24+00:00","og_image":[{"width":2000,"height":2000,"url":"https:\/\/pen.eu\/wp-content\/uploads\/2025\/07\/WFQ-blank-black.png","type":"image\/png"}],"twitter_card":"summary_large_image","schema":{"@context":"https:\/\/schema.org","@graph":[{"@type":"WebPage","@id":"https:\/\/pen.eu\/produkt\/lebensmittelbehaelter-mexico\/","url":"https:\/\/pen.eu\/produkt\/lebensmittelbehaelter-mexico\/","name":"Lebensmittelbeh\u00e4lter \"Mexico\" - PEN.EU","isPartOf":{"@id":"https:\/\/pen.eu\/#website"},"primaryImageOfPage":{"@id":"https:\/\/pen.eu\/produkt\/lebensmittelbehaelter-mexico\/#primaryimage"},"image":{"@id":"https:\/\/pen.eu\/produkt\/lebensmittelbehaelter-mexico\/#primaryimage"},"thumbnailUrl":"https:\/\/pen.eu\/wp-content\/uploads\/2025\/07\/WFQ-blank-black.png","datePublished":"2025-07-29T05:47:06+00:00","dateModified":"2025-09-30T12:55:24+00:00","breadcrumb":{"@id":"https:\/\/pen.eu\/produkt\/lebensmittelbehaelter-mexico\/#breadcrumb"},"inLanguage":"en-US","potentialAction":[{"@type":"ReadAction","target":["https:\/\/pen.eu\/produkt\/lebensmittelbehaelter-mexico\/"]}]},{"@type":"ImageObject","inLanguage":"en-US","@id":"https:\/\/pen.eu\/produkt\/lebensmittelbehaelter-mexico\/#primaryimage","url":"https:\/\/pen.eu\/wp-content\/uploads\/2025\/07\/WFQ-blank-black.png","contentUrl":"https:\/\/pen.eu\/wp-content\/uploads\/2025\/07\/WFQ-blank-black.png","width":2000,"height":2000,"caption":"WFQ-blank-black"},{"@type":"BreadcrumbList","@id":"https:\/\/pen.eu\/produkt\/lebensmittelbehaelter-mexico\/#breadcrumb","itemListElement":[{"@type":"ListItem","position":1,"name":"Home","item":"https:\/\/pen.eu\/"},{"@type":"ListItem","position":2,"name":"Shop","item":"https:\/\/pen.eu\/ch\/shop\/"},{"@type":"ListItem","position":3,"name":"Lebensmittelbeh\u00e4lter &#8220;Mexico&#8221;"}]},{"@type":"WebSite","@id":"https:\/\/pen.eu\/#website","url":"https:\/\/pen.eu\/","name":"PEN.EU","description":"Kugelschreiber bedrucken mit Logo | pen.eu","potentialAction":[{"@type":"SearchAction","target":{"@type":"EntryPoint","urlTemplate":"https:\/\/pen.eu\/?s={search_term_string}"},"query-input":{"@type":"PropertyValueSpecification","valueRequired":true,"valueName":"search_term_string"}}],"inLanguage":"en-US"}]}},"_links":{"self":[{"href":"https:\/\/pen.eu\/en\/wp-json\/wp\/v2\/product\/15513","targetHints":{"allow":["GET"]}}],"collection":[{"href":"https:\/\/pen.eu\/en\/wp-json\/wp\/v2\/product"}],"about":[{"href":"https:\/\/pen.eu\/en\/wp-json\/wp\/v2\/types\/product"}],"replies":[{"embeddable":true,"href":"https:\/\/pen.eu\/en\/wp-json\/wp\/v2\/comments?post=15513"}],"wp:featuredmedia":[{"embeddable":true,"href":"https:\/\/pen.eu\/en\/wp-json\/wp\/v2\/media\/15665"}],"wp:attachment":[{"href":"https:\/\/pen.eu\/en\/wp-json\/wp\/v2\/media?parent=15513"}],"wp:term":[{"taxonomy":"product_brand","embeddable":true,"href":"https:\/\/pen.eu\/en\/wp-json\/wp\/v2\/product_brand?post=15513"},{"taxonomy":"product_cat","embeddable":true,"href":"https:\/\/pen.eu\/en\/wp-json\/wp\/v2\/product_cat?post=15513"},{"taxonomy":"product_tag","embeddable":true,"href":"https:\/\/pen.eu\/en\/wp-json\/wp\/v2\/product_tag?post=15513"}],"curies":[{"name":"wp","href":"https:\/\/api.w.org\/{rel}","templated":true}]}}