{"id":15798,"date":"2025-07-30T07:44:04","date_gmt":"2025-07-30T05:44:04","guid":{"rendered":"https:\/\/v2.frank-pen.de\/?post_type=product&#038;p=15798"},"modified":"2025-09-29T15:19:58","modified_gmt":"2025-09-29T13:19:58","slug":"kugelschreiber-alpha-bamboo","status":"publish","type":"product","link":"https:\/\/pen.eu\/en\/product\/kugelschreiber-alpha-bamboo\/","title":{"rendered":"Kugelschreiber &#8220;Alpha Bamboo&#8221;"},"content":{"rendered":"<p>Setzen Sie ein Zeichen f\u00fcr Nachhaltigkeit und Stil mit der neuesten Erg\u00e4nzung unserer beliebten Alpha-Kollektion. Dieser Kugelschreiber &#8220;Alpha Bamboo&#8221; kombiniert einen nat\u00fcrlichen Bambusschaft mit einer angenehm weichen Haptik und einem modernen Look. F\u00fcr die dauerhafte Sichtbarkeit Ihres Unternehmens wird Ihr Logo per Lasergravur oder mehrfarbig per Digitaldruck pr\u00e4zise und hochwertig auf dem Schaft verewigt. Dank des integrierten Stylus ist der Stift nicht nur f\u00fcr klassische Notizen, sondern auch f\u00fcr die Nutzung auf Touchscreens bestens geeignet \u2013 ein praktisches und vielseitiges Werbegeschenk. Ob am Schreibtisch oder unterwegs, dieser Kugelschreiber bringt Ihre Marke Tag f\u00fcr Tag ins Blickfeld Ihrer Zielgruppe.<\/p>","protected":false},"excerpt":{"rendered":"<p>Setzen Sie ein Zeichen f\u00fcr Nachhaltigkeit und Stil mit der neuesten Erg\u00e4nzung unserer beliebten Alpha-Kollektion. Dieser Kugelschreiber &#8220;Alpha Bamboo&#8221; kombiniert einen nat\u00fcrlichen Bambusschaft mit einer angenehm weichen Haptik und einem modernen Look. F\u00fcr die dauerhafte Sichtbarkeit Ihres Unternehmens wird Ihr Logo per Lasergravur oder mehrfarbig per Digitaldruck pr\u00e4zise und hochwertig auf dem Schaft verewigt. Dank [&hellip;]<\/p>\n","protected":false},"featured_media":15824,"comment_status":"open","ping_status":"closed","template":"","meta":[],"product_brand":[],"product_cat":[309,247],"product_tag":[786,658,729,781],"class_list":{"0":"post-15798","1":"product","2":"type-product","3":"status-publish","4":"has-post-thumbnail","6":"product_cat-kugelschreiber-aus-metall","7":"product_cat-schreibgeraete","8":"product_tag-left-50","9":"product_tag-longpen","10":"product_tag-msz","11":"product_tag-top-49","12":"pa_eigenschaft-eco-friendly","13":"pa_eigenschaft-stylus","14":"pa_farbe-anthrazit","15":"pa_farbe-dunkelblau","16":"pa_farbe-dunkelgruen","17":"pa_farbe-dunkellila","18":"pa_farbe-dunkelrot","19":"pa_farbe-gelb","20":"pa_farbe-gruen","21":"pa_farbe-hellblau","22":"pa_farbe-marine","23":"pa_farbe-orange","24":"pa_farbe-pink","25":"pa_farbe-rot","26":"pa_farbe-schwarz","27":"pa_farbe-weiss","28":"pa_material-bambus","29":"pa_mindestmenge-24","30":"pa_werbeanbringung-digitaldruck","31":"pa_werbeanbringung-lasergravur","33":"first","34":"instock","35":"taxable","36":"shipping-taxable","37":"purchasable","38":"product-type-variable","39":"add-to-wishlist-after_add_to_cart"},"yoast_head":"<!-- This site is optimized with the Yoast SEO plugin v27.3 - https:\/\/yoast.com\/product\/yoast-seo-wordpress\/ -->\n<title>Kugelschreiber &quot;Alpha Bamboo&quot; - PEN.EU<\/title>\n<meta name=\"robots\" content=\"index, follow, max-snippet:-1, max-image-preview:large, max-video-preview:-1\" \/>\n<link rel=\"canonical\" href=\"https:\/\/pen.eu\/en\/product\/kugelschreiber-alpha-bamboo\/\" \/>\n<meta property=\"og:locale\" content=\"en_US\" \/>\n<meta property=\"og:type\" content=\"article\" \/>\n<meta property=\"og:title\" content=\"Kugelschreiber &quot;Alpha Bamboo&quot; - PEN.EU\" \/>\n<meta property=\"og:description\" content=\"Setzen Sie ein Zeichen f\u00fcr Nachhaltigkeit und Stil mit der neuesten Erg\u00e4nzung unserer beliebten Alpha-Kollektion. Dieser Kugelschreiber &#8220;Alpha Bamboo&#8221; kombiniert einen nat\u00fcrlichen Bambusschaft mit einer angenehm weichen Haptik und einem modernen Look. F\u00fcr die dauerhafte Sichtbarkeit Ihres Unternehmens wird Ihr Logo per Lasergravur oder mehrfarbig per Digitaldruck pr\u00e4zise und hochwertig auf dem Schaft verewigt. Dank [&hellip;]\" \/>\n<meta property=\"og:url\" content=\"https:\/\/pen.eu\/en\/product\/kugelschreiber-alpha-bamboo\/\" \/>\n<meta property=\"og:site_name\" content=\"PEN.EU\" \/>\n<meta property=\"article:modified_time\" content=\"2025-09-29T13:19:58+00:00\" \/>\n<meta property=\"og:image\" content=\"https:\/\/pen.eu\/wp-content\/uploads\/2025\/07\/MSZ-C-BAMBOO-c59d72.jpg\" \/>\n\t<meta property=\"og:image:width\" content=\"1800\" \/>\n\t<meta property=\"og:image:height\" content=\"1800\" \/>\n\t<meta property=\"og:image:type\" content=\"image\/jpeg\" \/>\n<meta name=\"twitter:card\" content=\"summary_large_image\" \/>\n<meta name=\"twitter:label1\" content=\"Est. reading time\" \/>\n\t<meta name=\"twitter:data1\" content=\"1 minute\" \/>\n<script type=\"application\/ld+json\" class=\"yoast-schema-graph\">{\"@context\":\"https:\\\/\\\/schema.org\",\"@graph\":[{\"@type\":\"WebPage\",\"@id\":\"https:\\\/\\\/pen.eu\\\/produkt\\\/kugelschreiber-alpha-bamboo\\\/\",\"url\":\"https:\\\/\\\/pen.eu\\\/produkt\\\/kugelschreiber-alpha-bamboo\\\/\",\"name\":\"Kugelschreiber \\\"Alpha Bamboo\\\" - PEN.EU\",\"isPartOf\":{\"@id\":\"https:\\\/\\\/pen.eu\\\/#website\"},\"primaryImageOfPage\":{\"@id\":\"https:\\\/\\\/pen.eu\\\/produkt\\\/kugelschreiber-alpha-bamboo\\\/#primaryimage\"},\"image\":{\"@id\":\"https:\\\/\\\/pen.eu\\\/produkt\\\/kugelschreiber-alpha-bamboo\\\/#primaryimage\"},\"thumbnailUrl\":\"https:\\\/\\\/pen.eu\\\/wp-content\\\/uploads\\\/2025\\\/07\\\/MSZ-C-BAMBOO-c59d72.jpg\",\"datePublished\":\"2025-07-30T05:44:04+00:00\",\"dateModified\":\"2025-09-29T13:19:58+00:00\",\"breadcrumb\":{\"@id\":\"https:\\\/\\\/pen.eu\\\/produkt\\\/kugelschreiber-alpha-bamboo\\\/#breadcrumb\"},\"inLanguage\":\"en-US\",\"potentialAction\":[{\"@type\":\"ReadAction\",\"target\":[\"https:\\\/\\\/pen.eu\\\/produkt\\\/kugelschreiber-alpha-bamboo\\\/\"]}]},{\"@type\":\"ImageObject\",\"inLanguage\":\"en-US\",\"@id\":\"https:\\\/\\\/pen.eu\\\/produkt\\\/kugelschreiber-alpha-bamboo\\\/#primaryimage\",\"url\":\"https:\\\/\\\/pen.eu\\\/wp-content\\\/uploads\\\/2025\\\/07\\\/MSZ-C-BAMBOO-c59d72.jpg\",\"contentUrl\":\"https:\\\/\\\/pen.eu\\\/wp-content\\\/uploads\\\/2025\\\/07\\\/MSZ-C-BAMBOO-c59d72.jpg\",\"width\":1800,\"height\":1800,\"caption\":\"MSZ-C-BAMBOO\"},{\"@type\":\"BreadcrumbList\",\"@id\":\"https:\\\/\\\/pen.eu\\\/produkt\\\/kugelschreiber-alpha-bamboo\\\/#breadcrumb\",\"itemListElement\":[{\"@type\":\"ListItem\",\"position\":1,\"name\":\"Home\",\"item\":\"https:\\\/\\\/pen.eu\\\/\"},{\"@type\":\"ListItem\",\"position\":2,\"name\":\"Shop\",\"item\":\"https:\\\/\\\/pen.eu\\\/ch\\\/shop\\\/\"},{\"@type\":\"ListItem\",\"position\":3,\"name\":\"Kugelschreiber &#8220;Alpha Bamboo&#8221;\"}]},{\"@type\":\"WebSite\",\"@id\":\"https:\\\/\\\/pen.eu\\\/#website\",\"url\":\"https:\\\/\\\/pen.eu\\\/\",\"name\":\"PEN.EU\",\"description\":\"Kugelschreiber bedrucken mit Logo | pen.eu\",\"potentialAction\":[{\"@type\":\"SearchAction\",\"target\":{\"@type\":\"EntryPoint\",\"urlTemplate\":\"https:\\\/\\\/pen.eu\\\/?s={search_term_string}\"},\"query-input\":{\"@type\":\"PropertyValueSpecification\",\"valueRequired\":true,\"valueName\":\"search_term_string\"}}],\"inLanguage\":\"en-US\"}]}<\/script>\n<!-- \/ Yoast SEO plugin. -->","yoast_head_json":{"title":"Kugelschreiber \"Alpha Bamboo\" - PEN.EU","robots":{"index":"index","follow":"follow","max-snippet":"max-snippet:-1","max-image-preview":"max-image-preview:large","max-video-preview":"max-video-preview:-1"},"canonical":"https:\/\/pen.eu\/en\/product\/kugelschreiber-alpha-bamboo\/","og_locale":"en_US","og_type":"article","og_title":"Kugelschreiber \"Alpha Bamboo\" - PEN.EU","og_description":"Setzen Sie ein Zeichen f\u00fcr Nachhaltigkeit und Stil mit der neuesten Erg\u00e4nzung unserer beliebten Alpha-Kollektion. Dieser Kugelschreiber &#8220;Alpha Bamboo&#8221; kombiniert einen nat\u00fcrlichen Bambusschaft mit einer angenehm weichen Haptik und einem modernen Look. F\u00fcr die dauerhafte Sichtbarkeit Ihres Unternehmens wird Ihr Logo per Lasergravur oder mehrfarbig per Digitaldruck pr\u00e4zise und hochwertig auf dem Schaft verewigt. Dank [&hellip;]","og_url":"https:\/\/pen.eu\/en\/product\/kugelschreiber-alpha-bamboo\/","og_site_name":"PEN.EU","article_modified_time":"2025-09-29T13:19:58+00:00","og_image":[{"width":1800,"height":1800,"url":"https:\/\/pen.eu\/wp-content\/uploads\/2025\/07\/MSZ-C-BAMBOO-c59d72.jpg","type":"image\/jpeg"}],"twitter_card":"summary_large_image","twitter_misc":{"Est. reading time":"1 minute"},"schema":{"@context":"https:\/\/schema.org","@graph":[{"@type":"WebPage","@id":"https:\/\/pen.eu\/produkt\/kugelschreiber-alpha-bamboo\/","url":"https:\/\/pen.eu\/produkt\/kugelschreiber-alpha-bamboo\/","name":"Kugelschreiber \"Alpha Bamboo\" - PEN.EU","isPartOf":{"@id":"https:\/\/pen.eu\/#website"},"primaryImageOfPage":{"@id":"https:\/\/pen.eu\/produkt\/kugelschreiber-alpha-bamboo\/#primaryimage"},"image":{"@id":"https:\/\/pen.eu\/produkt\/kugelschreiber-alpha-bamboo\/#primaryimage"},"thumbnailUrl":"https:\/\/pen.eu\/wp-content\/uploads\/2025\/07\/MSZ-C-BAMBOO-c59d72.jpg","datePublished":"2025-07-30T05:44:04+00:00","dateModified":"2025-09-29T13:19:58+00:00","breadcrumb":{"@id":"https:\/\/pen.eu\/produkt\/kugelschreiber-alpha-bamboo\/#breadcrumb"},"inLanguage":"en-US","potentialAction":[{"@type":"ReadAction","target":["https:\/\/pen.eu\/produkt\/kugelschreiber-alpha-bamboo\/"]}]},{"@type":"ImageObject","inLanguage":"en-US","@id":"https:\/\/pen.eu\/produkt\/kugelschreiber-alpha-bamboo\/#primaryimage","url":"https:\/\/pen.eu\/wp-content\/uploads\/2025\/07\/MSZ-C-BAMBOO-c59d72.jpg","contentUrl":"https:\/\/pen.eu\/wp-content\/uploads\/2025\/07\/MSZ-C-BAMBOO-c59d72.jpg","width":1800,"height":1800,"caption":"MSZ-C-BAMBOO"},{"@type":"BreadcrumbList","@id":"https:\/\/pen.eu\/produkt\/kugelschreiber-alpha-bamboo\/#breadcrumb","itemListElement":[{"@type":"ListItem","position":1,"name":"Home","item":"https:\/\/pen.eu\/"},{"@type":"ListItem","position":2,"name":"Shop","item":"https:\/\/pen.eu\/ch\/shop\/"},{"@type":"ListItem","position":3,"name":"Kugelschreiber &#8220;Alpha Bamboo&#8221;"}]},{"@type":"WebSite","@id":"https:\/\/pen.eu\/#website","url":"https:\/\/pen.eu\/","name":"PEN.EU","description":"Kugelschreiber bedrucken mit Logo | pen.eu","potentialAction":[{"@type":"SearchAction","target":{"@type":"EntryPoint","urlTemplate":"https:\/\/pen.eu\/?s={search_term_string}"},"query-input":{"@type":"PropertyValueSpecification","valueRequired":true,"valueName":"search_term_string"}}],"inLanguage":"en-US"}]}},"_links":{"self":[{"href":"https:\/\/pen.eu\/en\/wp-json\/wp\/v2\/product\/15798","targetHints":{"allow":["GET"]}}],"collection":[{"href":"https:\/\/pen.eu\/en\/wp-json\/wp\/v2\/product"}],"about":[{"href":"https:\/\/pen.eu\/en\/wp-json\/wp\/v2\/types\/product"}],"replies":[{"embeddable":true,"href":"https:\/\/pen.eu\/en\/wp-json\/wp\/v2\/comments?post=15798"}],"wp:featuredmedia":[{"embeddable":true,"href":"https:\/\/pen.eu\/en\/wp-json\/wp\/v2\/media\/15824"}],"wp:attachment":[{"href":"https:\/\/pen.eu\/en\/wp-json\/wp\/v2\/media?parent=15798"}],"wp:term":[{"taxonomy":"product_brand","embeddable":true,"href":"https:\/\/pen.eu\/en\/wp-json\/wp\/v2\/product_brand?post=15798"},{"taxonomy":"product_cat","embeddable":true,"href":"https:\/\/pen.eu\/en\/wp-json\/wp\/v2\/product_cat?post=15798"},{"taxonomy":"product_tag","embeddable":true,"href":"https:\/\/pen.eu\/en\/wp-json\/wp\/v2\/product_tag?post=15798"}],"curies":[{"name":"wp","href":"https:\/\/api.w.org\/{rel}","templated":true}]}}