{"id":15807,"date":"2025-07-30T08:04:23","date_gmt":"2025-07-30T06:04:23","guid":{"rendered":"https:\/\/v2.frank-pen.de\/?post_type=product&#038;p=15807"},"modified":"2026-01-22T07:51:59","modified_gmt":"2026-01-22T06:51:59","slug":"kugelschreiber-lana","status":"publish","type":"product","link":"https:\/\/pen.eu\/en\/product\/kugelschreiber-lana\/","title":{"rendered":"Kugelschreiber &#8220;Lana&#8221;"},"content":{"rendered":"<p>Der Soft-Touch Kugelschreiber &#8220;Lana&#8221; aus recyceltem Aluminium kombiniert Nachhaltigkeit mit eleganter Haptik und durchdachtem Design. Der Schaft besteht aus recyceltem Aluminium und ist mit einer gummierten Soft-Touch-Oberfl\u00e4che versehen, die f\u00fcr einen angenehmen und sicheren Griff sorgt. Verchromte Details an Spitze und Oberteil aus recycelten Kunststoff (RABS) verleihen dem Stift eine hochwertige Optik, w\u00e4hrend nat\u00fcrliche Bambuselemente am Dr\u00fccker und Clip einen warmen, organischen Akzent setzen. Am Ende des Clips rundet eine verchromte Scheibe mit eingegossenem Recycling-Symbol das nachhaltige Design stilvoll ab. Mit einer schlanken 1,0\u202fmm Dokumental-Tintenmine ausgestattet, liefert der &#8220;Lana&#8221; eine Schreibl\u00e4nge von bis zu 800\u202fMetern \u2013 f\u00fcr ein gleichm\u00e4\u00dfiges, sauberes Schriftbild \u00fcber lange Zeit. Ein stilvoller Kugelschreiber, der Nachhaltigkeit und Schreibkomfort perfekt vereint.<\/p>","protected":false},"excerpt":{"rendered":"<p>Der Soft-Touch Kugelschreiber &#8220;Lana&#8221; aus recyceltem Aluminium kombiniert Nachhaltigkeit mit eleganter Haptik und durchdachtem Design. Der Schaft besteht aus recyceltem Aluminium und ist mit einer gummierten Soft-Touch-Oberfl\u00e4che versehen, die f\u00fcr einen angenehmen und sicheren Griff sorgt. Verchromte Details an Spitze und Oberteil aus recycelten Kunststoff (RABS) verleihen dem Stift eine hochwertige Optik, w\u00e4hrend nat\u00fcrliche Bambuselemente [&hellip;]<\/p>\n","protected":false},"featured_media":15916,"comment_status":"open","ping_status":"closed","template":"","meta":[],"product_brand":[],"product_cat":[309,247],"product_tag":[738,794,795,776],"class_list":{"0":"post-15807","1":"product","2":"type-product","3":"status-publish","4":"has-post-thumbnail","6":"product_cat-kugelschreiber-aus-metall","7":"product_cat-schreibgeraete","8":"product_tag-jan","9":"product_tag-left-55","10":"product_tag-mtop-50","11":"product_tag-top-50-5","12":"pa_eigenschaft-eco-friendly","13":"pa_eigenschaft-soft-touch","14":"pa_farbe-anthrazit","15":"pa_farbe-dunkelblau","16":"pa_farbe-dunkelgruen","17":"pa_farbe-dunkellila","18":"pa_farbe-dunkelrot","19":"pa_farbe-gelb","20":"pa_farbe-gruen","21":"pa_farbe-hellblau","22":"pa_farbe-marine","23":"pa_farbe-orange","24":"pa_farbe-pink","25":"pa_farbe-rot","26":"pa_farbe-schwarz","27":"pa_farbe-weiss","28":"pa_material-aluminium","29":"pa_material-bambus","30":"pa_mindestmenge-24","31":"pa_werbeanbringung-digitaldruck","32":"pa_werbeanbringung-lasergravur","34":"first","35":"instock","36":"taxable","37":"shipping-taxable","38":"purchasable","39":"product-type-variable","40":"add-to-wishlist-after_add_to_cart"},"yoast_head":"<!-- This site is optimized with the Yoast SEO plugin v27.3 - https:\/\/yoast.com\/product\/yoast-seo-wordpress\/ -->\n<title>Kugelschreiber &quot;Lana&quot; - PEN.EU<\/title>\n<meta name=\"robots\" content=\"index, follow, max-snippet:-1, max-image-preview:large, max-video-preview:-1\" \/>\n<link rel=\"canonical\" href=\"https:\/\/pen.eu\/en\/product\/kugelschreiber-lana\/\" \/>\n<meta property=\"og:locale\" content=\"en_US\" \/>\n<meta property=\"og:type\" content=\"article\" \/>\n<meta property=\"og:title\" content=\"Kugelschreiber &quot;Lana&quot; - PEN.EU\" \/>\n<meta property=\"og:description\" content=\"Der Soft-Touch Kugelschreiber &#8220;Lana&#8221; aus recyceltem Aluminium kombiniert Nachhaltigkeit mit eleganter Haptik und durchdachtem Design. Der Schaft besteht aus recyceltem Aluminium und ist mit einer gummierten Soft-Touch-Oberfl\u00e4che versehen, die f\u00fcr einen angenehmen und sicheren Griff sorgt. Verchromte Details an Spitze und Oberteil aus recycelten Kunststoff (RABS) verleihen dem Stift eine hochwertige Optik, w\u00e4hrend nat\u00fcrliche Bambuselemente [&hellip;]\" \/>\n<meta property=\"og:url\" content=\"https:\/\/pen.eu\/en\/product\/kugelschreiber-lana\/\" \/>\n<meta property=\"og:site_name\" content=\"PEN.EU\" \/>\n<meta property=\"article:modified_time\" content=\"2026-01-22T06:51:59+00:00\" \/>\n<meta property=\"og:image\" content=\"https:\/\/pen.eu\/wp-content\/uploads\/2025\/07\/JAN-clip.png\" \/>\n\t<meta property=\"og:image:width\" content=\"2000\" \/>\n\t<meta property=\"og:image:height\" content=\"2000\" \/>\n\t<meta property=\"og:image:type\" content=\"image\/png\" \/>\n<meta name=\"twitter:card\" content=\"summary_large_image\" \/>\n<meta name=\"twitter:label1\" content=\"Est. reading time\" \/>\n\t<meta name=\"twitter:data1\" content=\"1 minute\" \/>\n<script type=\"application\/ld+json\" class=\"yoast-schema-graph\">{\"@context\":\"https:\\\/\\\/schema.org\",\"@graph\":[{\"@type\":\"WebPage\",\"@id\":\"https:\\\/\\\/pen.eu\\\/produkt\\\/kugelschreiber-lana\\\/\",\"url\":\"https:\\\/\\\/pen.eu\\\/produkt\\\/kugelschreiber-lana\\\/\",\"name\":\"Kugelschreiber \\\"Lana\\\" - PEN.EU\",\"isPartOf\":{\"@id\":\"https:\\\/\\\/pen.eu\\\/#website\"},\"primaryImageOfPage\":{\"@id\":\"https:\\\/\\\/pen.eu\\\/produkt\\\/kugelschreiber-lana\\\/#primaryimage\"},\"image\":{\"@id\":\"https:\\\/\\\/pen.eu\\\/produkt\\\/kugelschreiber-lana\\\/#primaryimage\"},\"thumbnailUrl\":\"https:\\\/\\\/pen.eu\\\/wp-content\\\/uploads\\\/2025\\\/07\\\/JAN-clip.png\",\"datePublished\":\"2025-07-30T06:04:23+00:00\",\"dateModified\":\"2026-01-22T06:51:59+00:00\",\"breadcrumb\":{\"@id\":\"https:\\\/\\\/pen.eu\\\/produkt\\\/kugelschreiber-lana\\\/#breadcrumb\"},\"inLanguage\":\"en-US\",\"potentialAction\":[{\"@type\":\"ReadAction\",\"target\":[\"https:\\\/\\\/pen.eu\\\/produkt\\\/kugelschreiber-lana\\\/\"]}]},{\"@type\":\"ImageObject\",\"inLanguage\":\"en-US\",\"@id\":\"https:\\\/\\\/pen.eu\\\/produkt\\\/kugelschreiber-lana\\\/#primaryimage\",\"url\":\"https:\\\/\\\/pen.eu\\\/wp-content\\\/uploads\\\/2025\\\/07\\\/JAN-clip.png\",\"contentUrl\":\"https:\\\/\\\/pen.eu\\\/wp-content\\\/uploads\\\/2025\\\/07\\\/JAN-clip.png\",\"width\":2000,\"height\":2000,\"caption\":\"JAN-clip\"},{\"@type\":\"BreadcrumbList\",\"@id\":\"https:\\\/\\\/pen.eu\\\/produkt\\\/kugelschreiber-lana\\\/#breadcrumb\",\"itemListElement\":[{\"@type\":\"ListItem\",\"position\":1,\"name\":\"Home\",\"item\":\"https:\\\/\\\/pen.eu\\\/\"},{\"@type\":\"ListItem\",\"position\":2,\"name\":\"Shop\",\"item\":\"https:\\\/\\\/pen.eu\\\/ch\\\/shop\\\/\"},{\"@type\":\"ListItem\",\"position\":3,\"name\":\"Kugelschreiber &#8220;Lana&#8221;\"}]},{\"@type\":\"WebSite\",\"@id\":\"https:\\\/\\\/pen.eu\\\/#website\",\"url\":\"https:\\\/\\\/pen.eu\\\/\",\"name\":\"PEN.EU\",\"description\":\"Kugelschreiber bedrucken mit Logo | pen.eu\",\"potentialAction\":[{\"@type\":\"SearchAction\",\"target\":{\"@type\":\"EntryPoint\",\"urlTemplate\":\"https:\\\/\\\/pen.eu\\\/?s={search_term_string}\"},\"query-input\":{\"@type\":\"PropertyValueSpecification\",\"valueRequired\":true,\"valueName\":\"search_term_string\"}}],\"inLanguage\":\"en-US\"}]}<\/script>\n<!-- \/ Yoast SEO plugin. -->","yoast_head_json":{"title":"Kugelschreiber \"Lana\" - PEN.EU","robots":{"index":"index","follow":"follow","max-snippet":"max-snippet:-1","max-image-preview":"max-image-preview:large","max-video-preview":"max-video-preview:-1"},"canonical":"https:\/\/pen.eu\/en\/product\/kugelschreiber-lana\/","og_locale":"en_US","og_type":"article","og_title":"Kugelschreiber \"Lana\" - PEN.EU","og_description":"Der Soft-Touch Kugelschreiber &#8220;Lana&#8221; aus recyceltem Aluminium kombiniert Nachhaltigkeit mit eleganter Haptik und durchdachtem Design. Der Schaft besteht aus recyceltem Aluminium und ist mit einer gummierten Soft-Touch-Oberfl\u00e4che versehen, die f\u00fcr einen angenehmen und sicheren Griff sorgt. Verchromte Details an Spitze und Oberteil aus recycelten Kunststoff (RABS) verleihen dem Stift eine hochwertige Optik, w\u00e4hrend nat\u00fcrliche Bambuselemente [&hellip;]","og_url":"https:\/\/pen.eu\/en\/product\/kugelschreiber-lana\/","og_site_name":"PEN.EU","article_modified_time":"2026-01-22T06:51:59+00:00","og_image":[{"width":2000,"height":2000,"url":"https:\/\/pen.eu\/wp-content\/uploads\/2025\/07\/JAN-clip.png","type":"image\/png"}],"twitter_card":"summary_large_image","twitter_misc":{"Est. reading time":"1 minute"},"schema":{"@context":"https:\/\/schema.org","@graph":[{"@type":"WebPage","@id":"https:\/\/pen.eu\/produkt\/kugelschreiber-lana\/","url":"https:\/\/pen.eu\/produkt\/kugelschreiber-lana\/","name":"Kugelschreiber \"Lana\" - PEN.EU","isPartOf":{"@id":"https:\/\/pen.eu\/#website"},"primaryImageOfPage":{"@id":"https:\/\/pen.eu\/produkt\/kugelschreiber-lana\/#primaryimage"},"image":{"@id":"https:\/\/pen.eu\/produkt\/kugelschreiber-lana\/#primaryimage"},"thumbnailUrl":"https:\/\/pen.eu\/wp-content\/uploads\/2025\/07\/JAN-clip.png","datePublished":"2025-07-30T06:04:23+00:00","dateModified":"2026-01-22T06:51:59+00:00","breadcrumb":{"@id":"https:\/\/pen.eu\/produkt\/kugelschreiber-lana\/#breadcrumb"},"inLanguage":"en-US","potentialAction":[{"@type":"ReadAction","target":["https:\/\/pen.eu\/produkt\/kugelschreiber-lana\/"]}]},{"@type":"ImageObject","inLanguage":"en-US","@id":"https:\/\/pen.eu\/produkt\/kugelschreiber-lana\/#primaryimage","url":"https:\/\/pen.eu\/wp-content\/uploads\/2025\/07\/JAN-clip.png","contentUrl":"https:\/\/pen.eu\/wp-content\/uploads\/2025\/07\/JAN-clip.png","width":2000,"height":2000,"caption":"JAN-clip"},{"@type":"BreadcrumbList","@id":"https:\/\/pen.eu\/produkt\/kugelschreiber-lana\/#breadcrumb","itemListElement":[{"@type":"ListItem","position":1,"name":"Home","item":"https:\/\/pen.eu\/"},{"@type":"ListItem","position":2,"name":"Shop","item":"https:\/\/pen.eu\/ch\/shop\/"},{"@type":"ListItem","position":3,"name":"Kugelschreiber &#8220;Lana&#8221;"}]},{"@type":"WebSite","@id":"https:\/\/pen.eu\/#website","url":"https:\/\/pen.eu\/","name":"PEN.EU","description":"Kugelschreiber bedrucken mit Logo | pen.eu","potentialAction":[{"@type":"SearchAction","target":{"@type":"EntryPoint","urlTemplate":"https:\/\/pen.eu\/?s={search_term_string}"},"query-input":{"@type":"PropertyValueSpecification","valueRequired":true,"valueName":"search_term_string"}}],"inLanguage":"en-US"}]}},"_links":{"self":[{"href":"https:\/\/pen.eu\/en\/wp-json\/wp\/v2\/product\/15807","targetHints":{"allow":["GET"]}}],"collection":[{"href":"https:\/\/pen.eu\/en\/wp-json\/wp\/v2\/product"}],"about":[{"href":"https:\/\/pen.eu\/en\/wp-json\/wp\/v2\/types\/product"}],"replies":[{"embeddable":true,"href":"https:\/\/pen.eu\/en\/wp-json\/wp\/v2\/comments?post=15807"}],"wp:featuredmedia":[{"embeddable":true,"href":"https:\/\/pen.eu\/en\/wp-json\/wp\/v2\/media\/15916"}],"wp:attachment":[{"href":"https:\/\/pen.eu\/en\/wp-json\/wp\/v2\/media?parent=15807"}],"wp:term":[{"taxonomy":"product_brand","embeddable":true,"href":"https:\/\/pen.eu\/en\/wp-json\/wp\/v2\/product_brand?post=15807"},{"taxonomy":"product_cat","embeddable":true,"href":"https:\/\/pen.eu\/en\/wp-json\/wp\/v2\/product_cat?post=15807"},{"taxonomy":"product_tag","embeddable":true,"href":"https:\/\/pen.eu\/en\/wp-json\/wp\/v2\/product_tag?post=15807"}],"curies":[{"name":"wp","href":"https:\/\/api.w.org\/{rel}","templated":true}]}}