{"id":15809,"date":"2025-07-30T08:07:18","date_gmt":"2025-07-30T06:07:18","guid":{"rendered":"https:\/\/v2.frank-pen.de\/?post_type=product&#038;p=15809"},"modified":"2025-09-29T15:19:59","modified_gmt":"2025-09-29T13:19:59","slug":"kugelschreiber-jota","status":"publish","type":"product","link":"https:\/\/pen.eu\/en\/product\/kugelschreiber-jota\/","title":{"rendered":"Kugelschreiber &#8220;Jota&#8221;"},"content":{"rendered":"<p>Der Jota Kugelschreiber aus recyceltem Edelstahl vereint moderne Materialien mit einem nat\u00fcrlichen Touch und setzt ein klares Statement in Sachen Nachhaltigkeit und Design. Der Schaft aus recyceltem Edelstahl verleiht dem Stift eine hochwertige, langlebige Anmutung, w\u00e4hrend Dr\u00fccker und Spitze aus Bambus einen stilvollen, organischen Kontrast bilden. Ein transparenter AS-Kunststoffakzent nahe des Dr\u00fcckers sowie der elegante Eisenclip in Gunmetal-Optik sorgen f\u00fcr zus\u00e4tzliche visuelle Raffinesse. Auf der R\u00fcckseite des Clips ist ein fein eingraviertes Recycling-Symbol platziert \u2013 ein dezentes Detail, das das umweltbewusste Konzept unterstreicht. Ausgestattet mit einer X-20 Kugelschreibermine mit Dokumental-Tinte und einer 1,0\u202fmm Spitze bietet der Jota eine Schreibl\u00e4nge von bis zu 800\u202fMetern. Das Ergebnis ist ein geschmeidiges, zuverl\u00e4ssiges Schreiberlebnis \u2013 ideal f\u00fcr den t\u00e4glichen Gebrauch und als stilvolles, verantwortungsbewusstes Werbemittel.<\/p>","protected":false},"excerpt":{"rendered":"<p>Der Jota Kugelschreiber aus recyceltem Edelstahl vereint moderne Materialien mit einem nat\u00fcrlichen Touch und setzt ein klares Statement in Sachen Nachhaltigkeit und Design. Der Schaft aus recyceltem Edelstahl verleiht dem Stift eine hochwertige, langlebige Anmutung, w\u00e4hrend Dr\u00fccker und Spitze aus Bambus einen stilvollen, organischen Kontrast bilden. Ein transparenter AS-Kunststoffakzent nahe des Dr\u00fcckers sowie der elegante [&hellip;]<\/p>\n","protected":false},"featured_media":15926,"comment_status":"open","ping_status":"closed","template":"","meta":[],"product_brand":[],"product_cat":[309,247],"product_tag":[740,786,658,796,781],"class_list":{"0":"post-15809","1":"product","2":"type-product","3":"status-publish","4":"has-post-thumbnail","6":"product_cat-kugelschreiber-aus-metall","7":"product_cat-schreibgeraete","8":"product_tag-jaf","9":"product_tag-left-50","10":"product_tag-longpen","11":"product_tag-mtop-41","12":"product_tag-top-49","13":"pa_eigenschaft-eco-friendly","14":"pa_farbe-anthrazit","15":"pa_farbe-dunkelblau","16":"pa_farbe-dunkelgruen","17":"pa_farbe-dunkellila","18":"pa_farbe-dunkelrot","19":"pa_farbe-gelb","20":"pa_farbe-gruen","21":"pa_farbe-hellblau","22":"pa_farbe-marine","23":"pa_farbe-orange","24":"pa_farbe-pink","25":"pa_farbe-rot","26":"pa_farbe-schwarz","27":"pa_farbe-weiss","28":"pa_material-bambus","29":"pa_material-stahl","30":"pa_mindestmenge-24","31":"pa_werbeanbringung-digitaldruck","33":"first","34":"instock","35":"taxable","36":"shipping-taxable","37":"purchasable","38":"product-type-variable","39":"add-to-wishlist-after_add_to_cart"},"yoast_head":"<!-- This site is optimized with the Yoast SEO plugin v27.2 - https:\/\/yoast.com\/product\/yoast-seo-wordpress\/ -->\n<title>Kugelschreiber &quot;Jota&quot; - PEN.EU<\/title>\n<meta name=\"robots\" content=\"index, follow, max-snippet:-1, max-image-preview:large, max-video-preview:-1\" \/>\n<link rel=\"canonical\" href=\"https:\/\/pen.eu\/en\/product\/kugelschreiber-jota\/\" \/>\n<meta property=\"og:locale\" content=\"en_US\" \/>\n<meta property=\"og:type\" content=\"article\" \/>\n<meta property=\"og:title\" content=\"Kugelschreiber &quot;Jota&quot; - PEN.EU\" \/>\n<meta property=\"og:description\" content=\"Der Jota Kugelschreiber aus recyceltem Edelstahl vereint moderne Materialien mit einem nat\u00fcrlichen Touch und setzt ein klares Statement in Sachen Nachhaltigkeit und Design. Der Schaft aus recyceltem Edelstahl verleiht dem Stift eine hochwertige, langlebige Anmutung, w\u00e4hrend Dr\u00fccker und Spitze aus Bambus einen stilvollen, organischen Kontrast bilden. Ein transparenter AS-Kunststoffakzent nahe des Dr\u00fcckers sowie der elegante [&hellip;]\" \/>\n<meta property=\"og:url\" content=\"https:\/\/pen.eu\/en\/product\/kugelschreiber-jota\/\" \/>\n<meta property=\"og:site_name\" content=\"PEN.EU\" \/>\n<meta property=\"article:modified_time\" content=\"2025-09-29T13:19:59+00:00\" \/>\n<meta property=\"og:image\" content=\"https:\/\/pen.eu\/wp-content\/uploads\/2025\/07\/JAF-blank-main-dddddd.png\" \/>\n\t<meta property=\"og:image:width\" content=\"2000\" \/>\n\t<meta property=\"og:image:height\" content=\"2000\" \/>\n\t<meta property=\"og:image:type\" content=\"image\/png\" \/>\n<meta name=\"twitter:card\" content=\"summary_large_image\" \/>\n<meta name=\"twitter:label1\" content=\"Est. reading time\" \/>\n\t<meta name=\"twitter:data1\" content=\"1 minute\" \/>\n<script type=\"application\/ld+json\" class=\"yoast-schema-graph\">{\"@context\":\"https:\/\/schema.org\",\"@graph\":[{\"@type\":\"WebPage\",\"@id\":\"https:\/\/pen.eu\/produkt\/kugelschreiber-jota\/\",\"url\":\"https:\/\/pen.eu\/produkt\/kugelschreiber-jota\/\",\"name\":\"Kugelschreiber \\\"Jota\\\" - PEN.EU\",\"isPartOf\":{\"@id\":\"https:\/\/pen.eu\/#website\"},\"primaryImageOfPage\":{\"@id\":\"https:\/\/pen.eu\/produkt\/kugelschreiber-jota\/#primaryimage\"},\"image\":{\"@id\":\"https:\/\/pen.eu\/produkt\/kugelschreiber-jota\/#primaryimage\"},\"thumbnailUrl\":\"https:\/\/pen.eu\/wp-content\/uploads\/2025\/07\/JAF-blank-main-dddddd.png\",\"datePublished\":\"2025-07-30T06:07:18+00:00\",\"dateModified\":\"2025-09-29T13:19:59+00:00\",\"breadcrumb\":{\"@id\":\"https:\/\/pen.eu\/produkt\/kugelschreiber-jota\/#breadcrumb\"},\"inLanguage\":\"en-US\",\"potentialAction\":[{\"@type\":\"ReadAction\",\"target\":[\"https:\/\/pen.eu\/produkt\/kugelschreiber-jota\/\"]}]},{\"@type\":\"ImageObject\",\"inLanguage\":\"en-US\",\"@id\":\"https:\/\/pen.eu\/produkt\/kugelschreiber-jota\/#primaryimage\",\"url\":\"https:\/\/pen.eu\/wp-content\/uploads\/2025\/07\/JAF-blank-main-dddddd.png\",\"contentUrl\":\"https:\/\/pen.eu\/wp-content\/uploads\/2025\/07\/JAF-blank-main-dddddd.png\",\"width\":2000,\"height\":2000,\"caption\":\"JAF-blank-main\"},{\"@type\":\"BreadcrumbList\",\"@id\":\"https:\/\/pen.eu\/produkt\/kugelschreiber-jota\/#breadcrumb\",\"itemListElement\":[{\"@type\":\"ListItem\",\"position\":1,\"name\":\"Home\",\"item\":\"https:\/\/pen.eu\/\"},{\"@type\":\"ListItem\",\"position\":2,\"name\":\"Shop\",\"item\":\"https:\/\/pen.eu\/ch\/shop\/\"},{\"@type\":\"ListItem\",\"position\":3,\"name\":\"Kugelschreiber &#8220;Jota&#8221;\"}]},{\"@type\":\"WebSite\",\"@id\":\"https:\/\/pen.eu\/#website\",\"url\":\"https:\/\/pen.eu\/\",\"name\":\"PEN.EU\",\"description\":\"Kugelschreiber bedrucken mit Logo | pen.eu\",\"potentialAction\":[{\"@type\":\"SearchAction\",\"target\":{\"@type\":\"EntryPoint\",\"urlTemplate\":\"https:\/\/pen.eu\/?s={search_term_string}\"},\"query-input\":{\"@type\":\"PropertyValueSpecification\",\"valueRequired\":true,\"valueName\":\"search_term_string\"}}],\"inLanguage\":\"en-US\"}]}<\/script>\n<!-- \/ Yoast SEO plugin. -->","yoast_head_json":{"title":"Kugelschreiber \"Jota\" - PEN.EU","robots":{"index":"index","follow":"follow","max-snippet":"max-snippet:-1","max-image-preview":"max-image-preview:large","max-video-preview":"max-video-preview:-1"},"canonical":"https:\/\/pen.eu\/en\/product\/kugelschreiber-jota\/","og_locale":"en_US","og_type":"article","og_title":"Kugelschreiber \"Jota\" - PEN.EU","og_description":"Der Jota Kugelschreiber aus recyceltem Edelstahl vereint moderne Materialien mit einem nat\u00fcrlichen Touch und setzt ein klares Statement in Sachen Nachhaltigkeit und Design. Der Schaft aus recyceltem Edelstahl verleiht dem Stift eine hochwertige, langlebige Anmutung, w\u00e4hrend Dr\u00fccker und Spitze aus Bambus einen stilvollen, organischen Kontrast bilden. Ein transparenter AS-Kunststoffakzent nahe des Dr\u00fcckers sowie der elegante [&hellip;]","og_url":"https:\/\/pen.eu\/en\/product\/kugelschreiber-jota\/","og_site_name":"PEN.EU","article_modified_time":"2025-09-29T13:19:59+00:00","og_image":[{"width":2000,"height":2000,"url":"https:\/\/pen.eu\/wp-content\/uploads\/2025\/07\/JAF-blank-main-dddddd.png","type":"image\/png"}],"twitter_card":"summary_large_image","twitter_misc":{"Est. reading time":"1 minute"},"schema":{"@context":"https:\/\/schema.org","@graph":[{"@type":"WebPage","@id":"https:\/\/pen.eu\/produkt\/kugelschreiber-jota\/","url":"https:\/\/pen.eu\/produkt\/kugelschreiber-jota\/","name":"Kugelschreiber \"Jota\" - PEN.EU","isPartOf":{"@id":"https:\/\/pen.eu\/#website"},"primaryImageOfPage":{"@id":"https:\/\/pen.eu\/produkt\/kugelschreiber-jota\/#primaryimage"},"image":{"@id":"https:\/\/pen.eu\/produkt\/kugelschreiber-jota\/#primaryimage"},"thumbnailUrl":"https:\/\/pen.eu\/wp-content\/uploads\/2025\/07\/JAF-blank-main-dddddd.png","datePublished":"2025-07-30T06:07:18+00:00","dateModified":"2025-09-29T13:19:59+00:00","breadcrumb":{"@id":"https:\/\/pen.eu\/produkt\/kugelschreiber-jota\/#breadcrumb"},"inLanguage":"en-US","potentialAction":[{"@type":"ReadAction","target":["https:\/\/pen.eu\/produkt\/kugelschreiber-jota\/"]}]},{"@type":"ImageObject","inLanguage":"en-US","@id":"https:\/\/pen.eu\/produkt\/kugelschreiber-jota\/#primaryimage","url":"https:\/\/pen.eu\/wp-content\/uploads\/2025\/07\/JAF-blank-main-dddddd.png","contentUrl":"https:\/\/pen.eu\/wp-content\/uploads\/2025\/07\/JAF-blank-main-dddddd.png","width":2000,"height":2000,"caption":"JAF-blank-main"},{"@type":"BreadcrumbList","@id":"https:\/\/pen.eu\/produkt\/kugelschreiber-jota\/#breadcrumb","itemListElement":[{"@type":"ListItem","position":1,"name":"Home","item":"https:\/\/pen.eu\/"},{"@type":"ListItem","position":2,"name":"Shop","item":"https:\/\/pen.eu\/ch\/shop\/"},{"@type":"ListItem","position":3,"name":"Kugelschreiber &#8220;Jota&#8221;"}]},{"@type":"WebSite","@id":"https:\/\/pen.eu\/#website","url":"https:\/\/pen.eu\/","name":"PEN.EU","description":"Kugelschreiber bedrucken mit Logo | pen.eu","potentialAction":[{"@type":"SearchAction","target":{"@type":"EntryPoint","urlTemplate":"https:\/\/pen.eu\/?s={search_term_string}"},"query-input":{"@type":"PropertyValueSpecification","valueRequired":true,"valueName":"search_term_string"}}],"inLanguage":"en-US"}]}},"_links":{"self":[{"href":"https:\/\/pen.eu\/en\/wp-json\/wp\/v2\/product\/15809","targetHints":{"allow":["GET"]}}],"collection":[{"href":"https:\/\/pen.eu\/en\/wp-json\/wp\/v2\/product"}],"about":[{"href":"https:\/\/pen.eu\/en\/wp-json\/wp\/v2\/types\/product"}],"replies":[{"embeddable":true,"href":"https:\/\/pen.eu\/en\/wp-json\/wp\/v2\/comments?post=15809"}],"wp:featuredmedia":[{"embeddable":true,"href":"https:\/\/pen.eu\/en\/wp-json\/wp\/v2\/media\/15926"}],"wp:attachment":[{"href":"https:\/\/pen.eu\/en\/wp-json\/wp\/v2\/media?parent=15809"}],"wp:term":[{"taxonomy":"product_brand","embeddable":true,"href":"https:\/\/pen.eu\/en\/wp-json\/wp\/v2\/product_brand?post=15809"},{"taxonomy":"product_cat","embeddable":true,"href":"https:\/\/pen.eu\/en\/wp-json\/wp\/v2\/product_cat?post=15809"},{"taxonomy":"product_tag","embeddable":true,"href":"https:\/\/pen.eu\/en\/wp-json\/wp\/v2\/product_tag?post=15809"}],"curies":[{"name":"wp","href":"https:\/\/api.w.org\/{rel}","templated":true}]}}