{"id":15959,"date":"2025-07-30T11:45:34","date_gmt":"2025-07-30T09:45:34","guid":{"rendered":"https:\/\/v2.frank-pen.de\/?post_type=product&#038;p=15959"},"modified":"2025-09-29T15:49:21","modified_gmt":"2025-09-29T13:49:21","slug":"kugelschreiber-housten","status":"publish","type":"product","link":"https:\/\/pen.eu\/en\/product\/kugelschreiber-housten\/","title":{"rendered":"Kugelschreiber &#8220;Housten&#8221;"},"content":{"rendered":"<p>Der Housten Kugelschreiber mit Gel-Mine und Stylus vereint modernes Design mit hoher Schreibqualit\u00e4t. Gefertigt aus robustem ABS-Kunststoff, verf\u00fcgt der Schaft \u00fcber eine edle Diamantstruktur und eine Soft-Touch-Gummioberfl\u00e4che, die f\u00fcr einen komfortablen Griff und eine angenehme Haptik sorgt. Elegante Akzente setzen der gl\u00e4nzend verchromte Dr\u00fccker und die Spitze, die dem Stift eine stilvolle, hochwertige Optik verleihen. Der farblich abgestimmte Stylus am Dr\u00fccker erweitert die Funktionalit\u00e4t und erm\u00f6glicht eine pr\u00e4zise Bedienung von Touchscreens. Ausgestattet mit einer 1,0\u202fmm Gelmine bietet der Kugelschreiber ein sanftes, gleichm\u00e4\u00dfiges Schreibgef\u00fchl mit einer Schreibl\u00e4nge von bis zu 500\u202fMetern \u2013 ideal f\u00fcr den t\u00e4glichen Einsatz mit einem Hauch von Eleganz.<\/p>","protected":false},"excerpt":{"rendered":"<p>Der Housten Kugelschreiber mit Gel-Mine und Stylus vereint modernes Design mit hoher Schreibqualit\u00e4t. Gefertigt aus robustem ABS-Kunststoff, verf\u00fcgt der Schaft \u00fcber eine edle Diamantstruktur und eine Soft-Touch-Gummioberfl\u00e4che, die f\u00fcr einen komfortablen Griff und eine angenehme Haptik sorgt. Elegante Akzente setzen der gl\u00e4nzend verchromte Dr\u00fccker und die Spitze, die dem Stift eine stilvolle, hochwertige Optik verleihen. [&hellip;]<\/p>\n","protected":false},"featured_media":15991,"comment_status":"open","ping_status":"closed","template":"","meta":[],"product_brand":[],"product_cat":[310,247],"product_tag":[742,782,797,657,775],"class_list":{"0":"post-15959","1":"product","2":"type-product","3":"status-publish","4":"has-post-thumbnail","6":"product_cat-kugelschreiber-aus-kunststoff","7":"product_cat-schreibgeraete","8":"product_tag-akr","9":"product_tag-left-63","10":"product_tag-mtop-48","11":"product_tag-shortpen","12":"product_tag-top-50-7","13":"pa_eigenschaft-gel-kugelschreiber","14":"pa_eigenschaft-soft-touch","15":"pa_eigenschaft-stylus","16":"pa_farbe-grau","17":"pa_farbe-rosegold","18":"pa_farbe-rot","19":"pa_material-kunststoff","20":"pa_mindestmenge-24","21":"pa_werbeanbringung-digitaldruck","22":"pa_werbeanbringung-siebdruck","24":"first","25":"instock","26":"taxable","27":"shipping-taxable","28":"purchasable","29":"product-type-variable","30":"add-to-wishlist-after_add_to_cart"},"yoast_head":"<!-- This site is optimized with the Yoast SEO plugin v27.2 - https:\/\/yoast.com\/product\/yoast-seo-wordpress\/ -->\n<title>Kugelschreiber &quot;Housten&quot; - PEN.EU<\/title>\n<meta name=\"robots\" content=\"index, follow, max-snippet:-1, max-image-preview:large, max-video-preview:-1\" \/>\n<link rel=\"canonical\" href=\"https:\/\/pen.eu\/en\/product\/kugelschreiber-housten\/\" \/>\n<meta property=\"og:locale\" content=\"en_US\" \/>\n<meta property=\"og:type\" content=\"article\" \/>\n<meta property=\"og:title\" content=\"Kugelschreiber &quot;Housten&quot; - PEN.EU\" \/>\n<meta property=\"og:description\" content=\"Der Housten Kugelschreiber mit Gel-Mine und Stylus vereint modernes Design mit hoher Schreibqualit\u00e4t. Gefertigt aus robustem ABS-Kunststoff, verf\u00fcgt der Schaft \u00fcber eine edle Diamantstruktur und eine Soft-Touch-Gummioberfl\u00e4che, die f\u00fcr einen komfortablen Griff und eine angenehme Haptik sorgt. Elegante Akzente setzen der gl\u00e4nzend verchromte Dr\u00fccker und die Spitze, die dem Stift eine stilvolle, hochwertige Optik verleihen. [&hellip;]\" \/>\n<meta property=\"og:url\" content=\"https:\/\/pen.eu\/en\/product\/kugelschreiber-housten\/\" \/>\n<meta property=\"og:site_name\" content=\"PEN.EU\" \/>\n<meta property=\"article:modified_time\" content=\"2025-09-29T13:49:21+00:00\" \/>\n<meta property=\"og:image\" content=\"https:\/\/pen.eu\/wp-content\/uploads\/2025\/07\/AKR-C_Light-Blue.png\" \/>\n\t<meta property=\"og:image:width\" content=\"2000\" \/>\n\t<meta property=\"og:image:height\" content=\"2000\" \/>\n\t<meta property=\"og:image:type\" content=\"image\/png\" \/>\n<meta name=\"twitter:card\" content=\"summary_large_image\" \/>\n<meta name=\"twitter:label1\" content=\"Est. reading time\" \/>\n\t<meta name=\"twitter:data1\" content=\"1 minute\" \/>\n<script type=\"application\/ld+json\" class=\"yoast-schema-graph\">{\"@context\":\"https:\/\/schema.org\",\"@graph\":[{\"@type\":\"WebPage\",\"@id\":\"https:\/\/pen.eu\/produkt\/kugelschreiber-housten\/\",\"url\":\"https:\/\/pen.eu\/produkt\/kugelschreiber-housten\/\",\"name\":\"Kugelschreiber \\\"Housten\\\" - PEN.EU\",\"isPartOf\":{\"@id\":\"https:\/\/pen.eu\/#website\"},\"primaryImageOfPage\":{\"@id\":\"https:\/\/pen.eu\/produkt\/kugelschreiber-housten\/#primaryimage\"},\"image\":{\"@id\":\"https:\/\/pen.eu\/produkt\/kugelschreiber-housten\/#primaryimage\"},\"thumbnailUrl\":\"https:\/\/pen.eu\/wp-content\/uploads\/2025\/07\/AKR-C_Light-Blue.png\",\"datePublished\":\"2025-07-30T09:45:34+00:00\",\"dateModified\":\"2025-09-29T13:49:21+00:00\",\"breadcrumb\":{\"@id\":\"https:\/\/pen.eu\/produkt\/kugelschreiber-housten\/#breadcrumb\"},\"inLanguage\":\"en-US\",\"potentialAction\":[{\"@type\":\"ReadAction\",\"target\":[\"https:\/\/pen.eu\/produkt\/kugelschreiber-housten\/\"]}]},{\"@type\":\"ImageObject\",\"inLanguage\":\"en-US\",\"@id\":\"https:\/\/pen.eu\/produkt\/kugelschreiber-housten\/#primaryimage\",\"url\":\"https:\/\/pen.eu\/wp-content\/uploads\/2025\/07\/AKR-C_Light-Blue.png\",\"contentUrl\":\"https:\/\/pen.eu\/wp-content\/uploads\/2025\/07\/AKR-C_Light-Blue.png\",\"width\":2000,\"height\":2000,\"caption\":\"AKR-C_Light Blue\"},{\"@type\":\"BreadcrumbList\",\"@id\":\"https:\/\/pen.eu\/produkt\/kugelschreiber-housten\/#breadcrumb\",\"itemListElement\":[{\"@type\":\"ListItem\",\"position\":1,\"name\":\"Home\",\"item\":\"https:\/\/pen.eu\/\"},{\"@type\":\"ListItem\",\"position\":2,\"name\":\"Shop\",\"item\":\"https:\/\/pen.eu\/ch\/shop\/\"},{\"@type\":\"ListItem\",\"position\":3,\"name\":\"Kugelschreiber &#8220;Housten&#8221;\"}]},{\"@type\":\"WebSite\",\"@id\":\"https:\/\/pen.eu\/#website\",\"url\":\"https:\/\/pen.eu\/\",\"name\":\"PEN.EU\",\"description\":\"Kugelschreiber bedrucken mit Logo | pen.eu\",\"potentialAction\":[{\"@type\":\"SearchAction\",\"target\":{\"@type\":\"EntryPoint\",\"urlTemplate\":\"https:\/\/pen.eu\/?s={search_term_string}\"},\"query-input\":{\"@type\":\"PropertyValueSpecification\",\"valueRequired\":true,\"valueName\":\"search_term_string\"}}],\"inLanguage\":\"en-US\"}]}<\/script>\n<!-- \/ Yoast SEO plugin. -->","yoast_head_json":{"title":"Kugelschreiber \"Housten\" - PEN.EU","robots":{"index":"index","follow":"follow","max-snippet":"max-snippet:-1","max-image-preview":"max-image-preview:large","max-video-preview":"max-video-preview:-1"},"canonical":"https:\/\/pen.eu\/en\/product\/kugelschreiber-housten\/","og_locale":"en_US","og_type":"article","og_title":"Kugelschreiber \"Housten\" - PEN.EU","og_description":"Der Housten Kugelschreiber mit Gel-Mine und Stylus vereint modernes Design mit hoher Schreibqualit\u00e4t. Gefertigt aus robustem ABS-Kunststoff, verf\u00fcgt der Schaft \u00fcber eine edle Diamantstruktur und eine Soft-Touch-Gummioberfl\u00e4che, die f\u00fcr einen komfortablen Griff und eine angenehme Haptik sorgt. Elegante Akzente setzen der gl\u00e4nzend verchromte Dr\u00fccker und die Spitze, die dem Stift eine stilvolle, hochwertige Optik verleihen. [&hellip;]","og_url":"https:\/\/pen.eu\/en\/product\/kugelschreiber-housten\/","og_site_name":"PEN.EU","article_modified_time":"2025-09-29T13:49:21+00:00","og_image":[{"width":2000,"height":2000,"url":"https:\/\/pen.eu\/wp-content\/uploads\/2025\/07\/AKR-C_Light-Blue.png","type":"image\/png"}],"twitter_card":"summary_large_image","twitter_misc":{"Est. reading time":"1 minute"},"schema":{"@context":"https:\/\/schema.org","@graph":[{"@type":"WebPage","@id":"https:\/\/pen.eu\/produkt\/kugelschreiber-housten\/","url":"https:\/\/pen.eu\/produkt\/kugelschreiber-housten\/","name":"Kugelschreiber \"Housten\" - PEN.EU","isPartOf":{"@id":"https:\/\/pen.eu\/#website"},"primaryImageOfPage":{"@id":"https:\/\/pen.eu\/produkt\/kugelschreiber-housten\/#primaryimage"},"image":{"@id":"https:\/\/pen.eu\/produkt\/kugelschreiber-housten\/#primaryimage"},"thumbnailUrl":"https:\/\/pen.eu\/wp-content\/uploads\/2025\/07\/AKR-C_Light-Blue.png","datePublished":"2025-07-30T09:45:34+00:00","dateModified":"2025-09-29T13:49:21+00:00","breadcrumb":{"@id":"https:\/\/pen.eu\/produkt\/kugelschreiber-housten\/#breadcrumb"},"inLanguage":"en-US","potentialAction":[{"@type":"ReadAction","target":["https:\/\/pen.eu\/produkt\/kugelschreiber-housten\/"]}]},{"@type":"ImageObject","inLanguage":"en-US","@id":"https:\/\/pen.eu\/produkt\/kugelschreiber-housten\/#primaryimage","url":"https:\/\/pen.eu\/wp-content\/uploads\/2025\/07\/AKR-C_Light-Blue.png","contentUrl":"https:\/\/pen.eu\/wp-content\/uploads\/2025\/07\/AKR-C_Light-Blue.png","width":2000,"height":2000,"caption":"AKR-C_Light Blue"},{"@type":"BreadcrumbList","@id":"https:\/\/pen.eu\/produkt\/kugelschreiber-housten\/#breadcrumb","itemListElement":[{"@type":"ListItem","position":1,"name":"Home","item":"https:\/\/pen.eu\/"},{"@type":"ListItem","position":2,"name":"Shop","item":"https:\/\/pen.eu\/ch\/shop\/"},{"@type":"ListItem","position":3,"name":"Kugelschreiber &#8220;Housten&#8221;"}]},{"@type":"WebSite","@id":"https:\/\/pen.eu\/#website","url":"https:\/\/pen.eu\/","name":"PEN.EU","description":"Kugelschreiber bedrucken mit Logo | pen.eu","potentialAction":[{"@type":"SearchAction","target":{"@type":"EntryPoint","urlTemplate":"https:\/\/pen.eu\/?s={search_term_string}"},"query-input":{"@type":"PropertyValueSpecification","valueRequired":true,"valueName":"search_term_string"}}],"inLanguage":"en-US"}]}},"_links":{"self":[{"href":"https:\/\/pen.eu\/en\/wp-json\/wp\/v2\/product\/15959","targetHints":{"allow":["GET"]}}],"collection":[{"href":"https:\/\/pen.eu\/en\/wp-json\/wp\/v2\/product"}],"about":[{"href":"https:\/\/pen.eu\/en\/wp-json\/wp\/v2\/types\/product"}],"replies":[{"embeddable":true,"href":"https:\/\/pen.eu\/en\/wp-json\/wp\/v2\/comments?post=15959"}],"wp:featuredmedia":[{"embeddable":true,"href":"https:\/\/pen.eu\/en\/wp-json\/wp\/v2\/media\/15991"}],"wp:attachment":[{"href":"https:\/\/pen.eu\/en\/wp-json\/wp\/v2\/media?parent=15959"}],"wp:term":[{"taxonomy":"product_brand","embeddable":true,"href":"https:\/\/pen.eu\/en\/wp-json\/wp\/v2\/product_brand?post=15959"},{"taxonomy":"product_cat","embeddable":true,"href":"https:\/\/pen.eu\/en\/wp-json\/wp\/v2\/product_cat?post=15959"},{"taxonomy":"product_tag","embeddable":true,"href":"https:\/\/pen.eu\/en\/wp-json\/wp\/v2\/product_tag?post=15959"}],"curies":[{"name":"wp","href":"https:\/\/api.w.org\/{rel}","templated":true}]}}