{"id":16605,"date":"2025-08-12T15:33:31","date_gmt":"2025-08-12T13:33:31","guid":{"rendered":"https:\/\/v2.frank-pen.de\/?post_type=product&#038;p=16605"},"modified":"2025-12-11T08:54:16","modified_gmt":"2025-12-11T07:54:16","slug":"kugelschreiber-alpha-ombre","status":"publish","type":"product","link":"https:\/\/pen.eu\/en\/product\/kugelschreiber-alpha-ombre\/","title":{"rendered":"Kugelschreiber \u201cAlpha Ombre\u201d"},"content":{"rendered":"<p>Ihr Logo wird zum Blickfang, wenn es auf dem Schaft mit seinem ros\u00e9goldenen Ombr\u00e9-Verlauf eingraviert ist. Besonders gesch\u00e4tzt wird zudem der integrierte Stylus, der die Nutzung an Touchscreens erleichtert. Mit jedem geschriebenen Wort r\u00fccken diese zeitgem\u00e4\u00dfen Designelemente Ihr Unternehmen ins Rampenlicht. Rechnen Sie damit, dass Ihre Kunden diesen Kugelschreiber immer wieder bestellen werden, sobald Sie diesen trendigen Werbeartikel auf Ihrer n\u00e4chsten Veranstaltung oder bei Kundenterminen ausgeben.<\/p>","protected":false},"excerpt":{"rendered":"<p>Ihr Logo wird zum Blickfang, wenn es auf dem Schaft mit seinem ros\u00e9goldenen Ombr\u00e9-Verlauf eingraviert ist. Besonders gesch\u00e4tzt wird zudem der integrierte Stylus, der die Nutzung an Touchscreens erleichtert. Mit jedem geschriebenen Wort r\u00fccken diese zeitgem\u00e4\u00dfen Designelemente Ihr Unternehmen ins Rampenlicht. Rechnen Sie damit, dass Ihre Kunden diesen Kugelschreiber immer wieder bestellen werden, sobald Sie [&hellip;]<\/p>\n","protected":false},"featured_media":16610,"comment_status":"open","ping_status":"closed","template":"","meta":[],"product_brand":[],"product_cat":[309,247],"product_tag":[854,658,678],"class_list":{"0":"post-16605","1":"product","2":"type-product","3":"status-publish","4":"has-post-thumbnail","6":"product_cat-kugelschreiber-aus-metall","7":"product_cat-schreibgeraete","8":"product_tag-2303-fp-1024","9":"product_tag-longpen","10":"product_tag-msw","11":"pa_eigenschaft-soft-touch","12":"pa_eigenschaft-stylus","13":"pa_farbe-anthrazit","14":"pa_farbe-dunkelrot","15":"pa_farbe-marine","16":"pa_farbe-schwarz","17":"pa_material-gummi","18":"pa_material-metall","19":"pa_mindestmenge-24","20":"pa_minenfarbe-blau","21":"pa_minenfarbe-schwarz","22":"pa_werbeanbringung-lasergravur","24":"first","25":"instock","26":"featured","27":"taxable","28":"shipping-taxable","29":"purchasable","30":"product-type-variable","31":"add-to-wishlist-after_add_to_cart"},"yoast_head":"<!-- This site is optimized with the Yoast SEO plugin v27.4 - https:\/\/yoast.com\/product\/yoast-seo-wordpress\/ -->\n<title>Kugelschreiber \u201cAlpha Ombre\u201d - PEN.EU<\/title>\n<meta name=\"robots\" content=\"index, follow, max-snippet:-1, max-image-preview:large, max-video-preview:-1\" \/>\n<link rel=\"canonical\" href=\"https:\/\/pen.eu\/en\/product\/kugelschreiber-alpha-ombre\/\" \/>\n<meta property=\"og:locale\" content=\"en_US\" \/>\n<meta property=\"og:type\" content=\"article\" \/>\n<meta property=\"og:title\" content=\"Kugelschreiber \u201cAlpha Ombre\u201d - PEN.EU\" \/>\n<meta property=\"og:description\" content=\"Ihr Logo wird zum Blickfang, wenn es auf dem Schaft mit seinem ros\u00e9goldenen Ombr\u00e9-Verlauf eingraviert ist. Besonders gesch\u00e4tzt wird zudem der integrierte Stylus, der die Nutzung an Touchscreens erleichtert. Mit jedem geschriebenen Wort r\u00fccken diese zeitgem\u00e4\u00dfen Designelemente Ihr Unternehmen ins Rampenlicht. Rechnen Sie damit, dass Ihre Kunden diesen Kugelschreiber immer wieder bestellen werden, sobald Sie [&hellip;]\" \/>\n<meta property=\"og:url\" content=\"https:\/\/pen.eu\/en\/product\/kugelschreiber-alpha-ombre\/\" \/>\n<meta property=\"og:site_name\" content=\"PEN.EU\" \/>\n<meta property=\"article:modified_time\" content=\"2025-12-11T07:54:16+00:00\" \/>\n<meta property=\"og:image\" content=\"https:\/\/pen.eu\/wp-content\/uploads\/2025\/08\/MSW-L-BURGUNDY.jpg\" \/>\n\t<meta property=\"og:image:width\" content=\"1800\" \/>\n\t<meta property=\"og:image:height\" content=\"1800\" \/>\n\t<meta property=\"og:image:type\" content=\"image\/jpeg\" \/>\n<meta name=\"twitter:card\" content=\"summary_large_image\" \/>\n<meta name=\"twitter:label1\" content=\"Est. reading time\" \/>\n\t<meta name=\"twitter:data1\" content=\"1 minute\" \/>\n<script type=\"application\/ld+json\" class=\"yoast-schema-graph\">{\"@context\":\"https:\\\/\\\/schema.org\",\"@graph\":[{\"@type\":\"WebPage\",\"@id\":\"https:\\\/\\\/pen.eu\\\/produkt\\\/kugelschreiber-alpha-ombre\\\/\",\"url\":\"https:\\\/\\\/pen.eu\\\/produkt\\\/kugelschreiber-alpha-ombre\\\/\",\"name\":\"Kugelschreiber \u201cAlpha Ombre\u201d - PEN.EU\",\"isPartOf\":{\"@id\":\"https:\\\/\\\/pen.eu\\\/#website\"},\"primaryImageOfPage\":{\"@id\":\"https:\\\/\\\/pen.eu\\\/produkt\\\/kugelschreiber-alpha-ombre\\\/#primaryimage\"},\"image\":{\"@id\":\"https:\\\/\\\/pen.eu\\\/produkt\\\/kugelschreiber-alpha-ombre\\\/#primaryimage\"},\"thumbnailUrl\":\"https:\\\/\\\/pen.eu\\\/wp-content\\\/uploads\\\/2025\\\/08\\\/MSW-L-BURGUNDY.jpg\",\"datePublished\":\"2025-08-12T13:33:31+00:00\",\"dateModified\":\"2025-12-11T07:54:16+00:00\",\"breadcrumb\":{\"@id\":\"https:\\\/\\\/pen.eu\\\/produkt\\\/kugelschreiber-alpha-ombre\\\/#breadcrumb\"},\"inLanguage\":\"en-US\",\"potentialAction\":[{\"@type\":\"ReadAction\",\"target\":[\"https:\\\/\\\/pen.eu\\\/produkt\\\/kugelschreiber-alpha-ombre\\\/\"]}]},{\"@type\":\"ImageObject\",\"inLanguage\":\"en-US\",\"@id\":\"https:\\\/\\\/pen.eu\\\/produkt\\\/kugelschreiber-alpha-ombre\\\/#primaryimage\",\"url\":\"https:\\\/\\\/pen.eu\\\/wp-content\\\/uploads\\\/2025\\\/08\\\/MSW-L-BURGUNDY.jpg\",\"contentUrl\":\"https:\\\/\\\/pen.eu\\\/wp-content\\\/uploads\\\/2025\\\/08\\\/MSW-L-BURGUNDY.jpg\",\"width\":1800,\"height\":1800,\"caption\":\"MSW-L-BURGUNDY\"},{\"@type\":\"BreadcrumbList\",\"@id\":\"https:\\\/\\\/pen.eu\\\/produkt\\\/kugelschreiber-alpha-ombre\\\/#breadcrumb\",\"itemListElement\":[{\"@type\":\"ListItem\",\"position\":1,\"name\":\"Home\",\"item\":\"https:\\\/\\\/pen.eu\\\/\"},{\"@type\":\"ListItem\",\"position\":2,\"name\":\"Shop\",\"item\":\"https:\\\/\\\/pen.eu\\\/ch\\\/shop\\\/\"},{\"@type\":\"ListItem\",\"position\":3,\"name\":\"Kugelschreiber \u201cAlpha Ombre\u201d\"}]},{\"@type\":\"WebSite\",\"@id\":\"https:\\\/\\\/pen.eu\\\/#website\",\"url\":\"https:\\\/\\\/pen.eu\\\/\",\"name\":\"PEN.EU\",\"description\":\"Kugelschreiber bedrucken mit Logo | pen.eu\",\"potentialAction\":[{\"@type\":\"SearchAction\",\"target\":{\"@type\":\"EntryPoint\",\"urlTemplate\":\"https:\\\/\\\/pen.eu\\\/?s={search_term_string}\"},\"query-input\":{\"@type\":\"PropertyValueSpecification\",\"valueRequired\":true,\"valueName\":\"search_term_string\"}}],\"inLanguage\":\"en-US\"}]}<\/script>\n<!-- \/ Yoast SEO plugin. -->","yoast_head_json":{"title":"Kugelschreiber \u201cAlpha Ombre\u201d - PEN.EU","robots":{"index":"index","follow":"follow","max-snippet":"max-snippet:-1","max-image-preview":"max-image-preview:large","max-video-preview":"max-video-preview:-1"},"canonical":"https:\/\/pen.eu\/en\/product\/kugelschreiber-alpha-ombre\/","og_locale":"en_US","og_type":"article","og_title":"Kugelschreiber \u201cAlpha Ombre\u201d - PEN.EU","og_description":"Ihr Logo wird zum Blickfang, wenn es auf dem Schaft mit seinem ros\u00e9goldenen Ombr\u00e9-Verlauf eingraviert ist. Besonders gesch\u00e4tzt wird zudem der integrierte Stylus, der die Nutzung an Touchscreens erleichtert. Mit jedem geschriebenen Wort r\u00fccken diese zeitgem\u00e4\u00dfen Designelemente Ihr Unternehmen ins Rampenlicht. Rechnen Sie damit, dass Ihre Kunden diesen Kugelschreiber immer wieder bestellen werden, sobald Sie [&hellip;]","og_url":"https:\/\/pen.eu\/en\/product\/kugelschreiber-alpha-ombre\/","og_site_name":"PEN.EU","article_modified_time":"2025-12-11T07:54:16+00:00","og_image":[{"width":1800,"height":1800,"url":"https:\/\/pen.eu\/wp-content\/uploads\/2025\/08\/MSW-L-BURGUNDY.jpg","type":"image\/jpeg"}],"twitter_card":"summary_large_image","twitter_misc":{"Est. reading time":"1 minute"},"schema":{"@context":"https:\/\/schema.org","@graph":[{"@type":"WebPage","@id":"https:\/\/pen.eu\/produkt\/kugelschreiber-alpha-ombre\/","url":"https:\/\/pen.eu\/produkt\/kugelschreiber-alpha-ombre\/","name":"Kugelschreiber \u201cAlpha Ombre\u201d - PEN.EU","isPartOf":{"@id":"https:\/\/pen.eu\/#website"},"primaryImageOfPage":{"@id":"https:\/\/pen.eu\/produkt\/kugelschreiber-alpha-ombre\/#primaryimage"},"image":{"@id":"https:\/\/pen.eu\/produkt\/kugelschreiber-alpha-ombre\/#primaryimage"},"thumbnailUrl":"https:\/\/pen.eu\/wp-content\/uploads\/2025\/08\/MSW-L-BURGUNDY.jpg","datePublished":"2025-08-12T13:33:31+00:00","dateModified":"2025-12-11T07:54:16+00:00","breadcrumb":{"@id":"https:\/\/pen.eu\/produkt\/kugelschreiber-alpha-ombre\/#breadcrumb"},"inLanguage":"en-US","potentialAction":[{"@type":"ReadAction","target":["https:\/\/pen.eu\/produkt\/kugelschreiber-alpha-ombre\/"]}]},{"@type":"ImageObject","inLanguage":"en-US","@id":"https:\/\/pen.eu\/produkt\/kugelschreiber-alpha-ombre\/#primaryimage","url":"https:\/\/pen.eu\/wp-content\/uploads\/2025\/08\/MSW-L-BURGUNDY.jpg","contentUrl":"https:\/\/pen.eu\/wp-content\/uploads\/2025\/08\/MSW-L-BURGUNDY.jpg","width":1800,"height":1800,"caption":"MSW-L-BURGUNDY"},{"@type":"BreadcrumbList","@id":"https:\/\/pen.eu\/produkt\/kugelschreiber-alpha-ombre\/#breadcrumb","itemListElement":[{"@type":"ListItem","position":1,"name":"Home","item":"https:\/\/pen.eu\/"},{"@type":"ListItem","position":2,"name":"Shop","item":"https:\/\/pen.eu\/ch\/shop\/"},{"@type":"ListItem","position":3,"name":"Kugelschreiber \u201cAlpha Ombre\u201d"}]},{"@type":"WebSite","@id":"https:\/\/pen.eu\/#website","url":"https:\/\/pen.eu\/","name":"PEN.EU","description":"Kugelschreiber bedrucken mit Logo | pen.eu","potentialAction":[{"@type":"SearchAction","target":{"@type":"EntryPoint","urlTemplate":"https:\/\/pen.eu\/?s={search_term_string}"},"query-input":{"@type":"PropertyValueSpecification","valueRequired":true,"valueName":"search_term_string"}}],"inLanguage":"en-US"}]}},"_links":{"self":[{"href":"https:\/\/pen.eu\/en\/wp-json\/wp\/v2\/product\/16605","targetHints":{"allow":["GET"]}}],"collection":[{"href":"https:\/\/pen.eu\/en\/wp-json\/wp\/v2\/product"}],"about":[{"href":"https:\/\/pen.eu\/en\/wp-json\/wp\/v2\/types\/product"}],"replies":[{"embeddable":true,"href":"https:\/\/pen.eu\/en\/wp-json\/wp\/v2\/comments?post=16605"}],"wp:featuredmedia":[{"embeddable":true,"href":"https:\/\/pen.eu\/en\/wp-json\/wp\/v2\/media\/16610"}],"wp:attachment":[{"href":"https:\/\/pen.eu\/en\/wp-json\/wp\/v2\/media?parent=16605"}],"wp:term":[{"taxonomy":"product_brand","embeddable":true,"href":"https:\/\/pen.eu\/en\/wp-json\/wp\/v2\/product_brand?post=16605"},{"taxonomy":"product_cat","embeddable":true,"href":"https:\/\/pen.eu\/en\/wp-json\/wp\/v2\/product_cat?post=16605"},{"taxonomy":"product_tag","embeddable":true,"href":"https:\/\/pen.eu\/en\/wp-json\/wp\/v2\/product_tag?post=16605"}],"curies":[{"name":"wp","href":"https:\/\/api.w.org\/{rel}","templated":true}]}}