{"id":7860,"date":"2024-10-23T09:56:54","date_gmt":"2024-10-23T07:56:54","guid":{"rendered":"https:\/\/v2.frank-pen.de\/?post_type=product&#038;p=7860"},"modified":"2025-11-13T09:32:21","modified_gmt":"2025-11-13T08:32:21","slug":"2in1-trinkflasche-devon","status":"publish","type":"product","link":"https:\/\/pen.eu\/en\/product\/2in1-trinkflasche-devon\/","title":{"rendered":"2-in-1 water bottle \u201cDevon\u201d"},"content":{"rendered":"<p>Discover the Devon \u2013 the smart 2-in-1 drinking solution. This double-walled 590 ml bottle made from recycled 304 stainless steel is complemented by an integrated 325 ml cup, offering maximum flexibility for everyday use. Thanks to vacuum insulation, hot drinks stay warm for up to 8 hours and cold drinks remain refreshingly cool for up to 24 hours. The leak-proof screw cap, elegant matte powder coating with a grippy rubber finish, and ergonomic carrying handle combine style with functionality. Whether it\u2019s your morning coffee or a refreshing iced tea on the go \u2013 the Devon keeps you stylishly and sustainably hydrated. Hand wash is strongly recommended.<\/p>","protected":false},"excerpt":{"rendered":"<p>Entdecken Sie die Devon \u2013 die clevere 2-in-1-Trinkl\u00f6sung. Diese doppelwandige 590 ml Flasche aus recyceltem 304er-Edelstahl wird durch einen integrierten 325 ml Becher erg\u00e4nzt und sorgt f\u00fcr maximale Flexibilit\u00e4t im Alltag. Dank Vakuumisolierung bleiben hei\u00dfe Getr\u00e4nke bis zu 8 Stunden warm und kalte bis zu 24 Stunden angenehm k\u00fchl. Der auslaufsichere Schraubverschluss, die edle, matte [&hellip;]<\/p>\n","protected":false},"featured_media":7885,"comment_status":"open","ping_status":"closed","template":"","meta":[],"product_brand":[],"product_cat":[248],"product_tag":[682,689,352,821,353],"class_list":{"0":"post-7860","1":"product","2":"type-product","3":"status-publish","4":"has-post-thumbnail","6":"product_cat-trinkgefaesse","7":"product_tag-designbottle","8":"product_tag-slimsize","9":"product_tag-star","10":"product_tag-top-40","11":"product_tag-wff","12":"pa_farbe-creme","13":"pa_farbe-grau","14":"pa_farbe-schwarz","15":"pa_material-edelstahl","16":"pa_mindestmenge-350","17":"pa_werbeanbringung-digitaldruck","18":"pa_werbeanbringung-lasergravur","19":"pa_werbeanbringung-siebdruck","21":"first","22":"instock","23":"featured","24":"taxable","25":"shipping-taxable","26":"purchasable","27":"product-type-variable","28":"add-to-wishlist-after_add_to_cart"},"yoast_head":"<!-- This site is optimized with the Yoast SEO plugin v27.4 - https:\/\/yoast.com\/product\/yoast-seo-wordpress\/ -->\n<title>2in1 Trinkflasche &quot;Devon&quot; - PEN.EU<\/title>\n<meta name=\"robots\" content=\"index, follow, max-snippet:-1, max-image-preview:large, max-video-preview:-1\" \/>\n<link rel=\"canonical\" href=\"https:\/\/pen.eu\/en\/product\/2in1-trinkflasche-devon\/\" \/>\n<meta property=\"og:locale\" content=\"en_US\" \/>\n<meta property=\"og:type\" content=\"article\" \/>\n<meta property=\"og:title\" content=\"2in1 Trinkflasche &quot;Devon&quot; - PEN.EU\" \/>\n<meta property=\"og:description\" content=\"Entdecken Sie die Devon \u2013 die clevere 2-in-1-Trinkl\u00f6sung. Diese doppelwandige 590 ml Flasche aus recyceltem 304er-Edelstahl wird durch einen integrierten 325 ml Becher erg\u00e4nzt und sorgt f\u00fcr maximale Flexibilit\u00e4t im Alltag. Dank Vakuumisolierung bleiben hei\u00dfe Getr\u00e4nke bis zu 8 Stunden warm und kalte bis zu 24 Stunden angenehm k\u00fchl. Der auslaufsichere Schraubverschluss, die edle, matte [&hellip;]\" \/>\n<meta property=\"og:url\" content=\"https:\/\/pen.eu\/en\/product\/2in1-trinkflasche-devon\/\" \/>\n<meta property=\"og:site_name\" content=\"PEN.EU\" \/>\n<meta property=\"article:modified_time\" content=\"2025-11-13T08:32:21+00:00\" \/>\n<meta property=\"og:image\" content=\"https:\/\/pen.eu\/wp-content\/uploads\/2024\/10\/051301919-GL.jpg\" \/>\n\t<meta property=\"og:image:width\" content=\"1800\" \/>\n\t<meta property=\"og:image:height\" content=\"1800\" \/>\n\t<meta property=\"og:image:type\" content=\"image\/jpeg\" \/>\n<meta name=\"twitter:card\" content=\"summary_large_image\" \/>\n<script type=\"application\/ld+json\" class=\"yoast-schema-graph\">{\"@context\":\"https:\\\/\\\/schema.org\",\"@graph\":[{\"@type\":\"WebPage\",\"@id\":\"https:\\\/\\\/pen.eu\\\/produkt\\\/2in1-trinkflasche-devon\\\/\",\"url\":\"https:\\\/\\\/pen.eu\\\/produkt\\\/2in1-trinkflasche-devon\\\/\",\"name\":\"2in1 Trinkflasche \\\"Devon\\\" - PEN.EU\",\"isPartOf\":{\"@id\":\"https:\\\/\\\/pen.eu\\\/#website\"},\"primaryImageOfPage\":{\"@id\":\"https:\\\/\\\/pen.eu\\\/produkt\\\/2in1-trinkflasche-devon\\\/#primaryimage\"},\"image\":{\"@id\":\"https:\\\/\\\/pen.eu\\\/produkt\\\/2in1-trinkflasche-devon\\\/#primaryimage\"},\"thumbnailUrl\":\"https:\\\/\\\/pen.eu\\\/wp-content\\\/uploads\\\/2024\\\/10\\\/051301919-GL.jpg\",\"datePublished\":\"2024-10-23T07:56:54+00:00\",\"dateModified\":\"2025-11-13T08:32:21+00:00\",\"breadcrumb\":{\"@id\":\"https:\\\/\\\/pen.eu\\\/produkt\\\/2in1-trinkflasche-devon\\\/#breadcrumb\"},\"inLanguage\":\"en-US\",\"potentialAction\":[{\"@type\":\"ReadAction\",\"target\":[\"https:\\\/\\\/pen.eu\\\/produkt\\\/2in1-trinkflasche-devon\\\/\"]}]},{\"@type\":\"ImageObject\",\"inLanguage\":\"en-US\",\"@id\":\"https:\\\/\\\/pen.eu\\\/produkt\\\/2in1-trinkflasche-devon\\\/#primaryimage\",\"url\":\"https:\\\/\\\/pen.eu\\\/wp-content\\\/uploads\\\/2024\\\/10\\\/051301919-GL.jpg\",\"contentUrl\":\"https:\\\/\\\/pen.eu\\\/wp-content\\\/uploads\\\/2024\\\/10\\\/051301919-GL.jpg\",\"width\":1800,\"height\":1800},{\"@type\":\"BreadcrumbList\",\"@id\":\"https:\\\/\\\/pen.eu\\\/produkt\\\/2in1-trinkflasche-devon\\\/#breadcrumb\",\"itemListElement\":[{\"@type\":\"ListItem\",\"position\":1,\"name\":\"Home\",\"item\":\"https:\\\/\\\/pen.eu\\\/\"},{\"@type\":\"ListItem\",\"position\":2,\"name\":\"Shop\",\"item\":\"https:\\\/\\\/pen.eu\\\/ch\\\/shop\\\/\"},{\"@type\":\"ListItem\",\"position\":3,\"name\":\"2in1 Trinkflasche &#8220;Devon&#8221;\"}]},{\"@type\":\"WebSite\",\"@id\":\"https:\\\/\\\/pen.eu\\\/#website\",\"url\":\"https:\\\/\\\/pen.eu\\\/\",\"name\":\"PEN.EU\",\"description\":\"Kugelschreiber bedrucken mit Logo | pen.eu\",\"potentialAction\":[{\"@type\":\"SearchAction\",\"target\":{\"@type\":\"EntryPoint\",\"urlTemplate\":\"https:\\\/\\\/pen.eu\\\/?s={search_term_string}\"},\"query-input\":{\"@type\":\"PropertyValueSpecification\",\"valueRequired\":true,\"valueName\":\"search_term_string\"}}],\"inLanguage\":\"en-US\"}]}<\/script>\n<!-- \/ Yoast SEO plugin. -->","yoast_head_json":{"title":"2in1 Trinkflasche \"Devon\" - PEN.EU","robots":{"index":"index","follow":"follow","max-snippet":"max-snippet:-1","max-image-preview":"max-image-preview:large","max-video-preview":"max-video-preview:-1"},"canonical":"https:\/\/pen.eu\/en\/product\/2in1-trinkflasche-devon\/","og_locale":"en_US","og_type":"article","og_title":"2in1 Trinkflasche \"Devon\" - PEN.EU","og_description":"Entdecken Sie die Devon \u2013 die clevere 2-in-1-Trinkl\u00f6sung. Diese doppelwandige 590 ml Flasche aus recyceltem 304er-Edelstahl wird durch einen integrierten 325 ml Becher erg\u00e4nzt und sorgt f\u00fcr maximale Flexibilit\u00e4t im Alltag. Dank Vakuumisolierung bleiben hei\u00dfe Getr\u00e4nke bis zu 8 Stunden warm und kalte bis zu 24 Stunden angenehm k\u00fchl. Der auslaufsichere Schraubverschluss, die edle, matte [&hellip;]","og_url":"https:\/\/pen.eu\/en\/product\/2in1-trinkflasche-devon\/","og_site_name":"PEN.EU","article_modified_time":"2025-11-13T08:32:21+00:00","og_image":[{"width":1800,"height":1800,"url":"https:\/\/pen.eu\/wp-content\/uploads\/2024\/10\/051301919-GL.jpg","type":"image\/jpeg"}],"twitter_card":"summary_large_image","schema":{"@context":"https:\/\/schema.org","@graph":[{"@type":"WebPage","@id":"https:\/\/pen.eu\/produkt\/2in1-trinkflasche-devon\/","url":"https:\/\/pen.eu\/produkt\/2in1-trinkflasche-devon\/","name":"2in1 Trinkflasche \"Devon\" - PEN.EU","isPartOf":{"@id":"https:\/\/pen.eu\/#website"},"primaryImageOfPage":{"@id":"https:\/\/pen.eu\/produkt\/2in1-trinkflasche-devon\/#primaryimage"},"image":{"@id":"https:\/\/pen.eu\/produkt\/2in1-trinkflasche-devon\/#primaryimage"},"thumbnailUrl":"https:\/\/pen.eu\/wp-content\/uploads\/2024\/10\/051301919-GL.jpg","datePublished":"2024-10-23T07:56:54+00:00","dateModified":"2025-11-13T08:32:21+00:00","breadcrumb":{"@id":"https:\/\/pen.eu\/produkt\/2in1-trinkflasche-devon\/#breadcrumb"},"inLanguage":"en-US","potentialAction":[{"@type":"ReadAction","target":["https:\/\/pen.eu\/produkt\/2in1-trinkflasche-devon\/"]}]},{"@type":"ImageObject","inLanguage":"en-US","@id":"https:\/\/pen.eu\/produkt\/2in1-trinkflasche-devon\/#primaryimage","url":"https:\/\/pen.eu\/wp-content\/uploads\/2024\/10\/051301919-GL.jpg","contentUrl":"https:\/\/pen.eu\/wp-content\/uploads\/2024\/10\/051301919-GL.jpg","width":1800,"height":1800},{"@type":"BreadcrumbList","@id":"https:\/\/pen.eu\/produkt\/2in1-trinkflasche-devon\/#breadcrumb","itemListElement":[{"@type":"ListItem","position":1,"name":"Home","item":"https:\/\/pen.eu\/"},{"@type":"ListItem","position":2,"name":"Shop","item":"https:\/\/pen.eu\/ch\/shop\/"},{"@type":"ListItem","position":3,"name":"2in1 Trinkflasche &#8220;Devon&#8221;"}]},{"@type":"WebSite","@id":"https:\/\/pen.eu\/#website","url":"https:\/\/pen.eu\/","name":"PEN.EU","description":"Kugelschreiber bedrucken mit Logo | pen.eu","potentialAction":[{"@type":"SearchAction","target":{"@type":"EntryPoint","urlTemplate":"https:\/\/pen.eu\/?s={search_term_string}"},"query-input":{"@type":"PropertyValueSpecification","valueRequired":true,"valueName":"search_term_string"}}],"inLanguage":"en-US"}]}},"_links":{"self":[{"href":"https:\/\/pen.eu\/en\/wp-json\/wp\/v2\/product\/7860","targetHints":{"allow":["GET"]}}],"collection":[{"href":"https:\/\/pen.eu\/en\/wp-json\/wp\/v2\/product"}],"about":[{"href":"https:\/\/pen.eu\/en\/wp-json\/wp\/v2\/types\/product"}],"replies":[{"embeddable":true,"href":"https:\/\/pen.eu\/en\/wp-json\/wp\/v2\/comments?post=7860"}],"wp:featuredmedia":[{"embeddable":true,"href":"https:\/\/pen.eu\/en\/wp-json\/wp\/v2\/media\/7885"}],"wp:attachment":[{"href":"https:\/\/pen.eu\/en\/wp-json\/wp\/v2\/media?parent=7860"}],"wp:term":[{"taxonomy":"product_brand","embeddable":true,"href":"https:\/\/pen.eu\/en\/wp-json\/wp\/v2\/product_brand?post=7860"},{"taxonomy":"product_cat","embeddable":true,"href":"https:\/\/pen.eu\/en\/wp-json\/wp\/v2\/product_cat?post=7860"},{"taxonomy":"product_tag","embeddable":true,"href":"https:\/\/pen.eu\/en\/wp-json\/wp\/v2\/product_tag?post=7860"}],"curies":[{"name":"wp","href":"https:\/\/api.w.org\/{rel}","templated":true}]}}