{"id":7915,"date":"2024-10-23T12:33:24","date_gmt":"2024-10-23T10:33:24","guid":{"rendered":"https:\/\/v2.frank-pen.de\/?post_type=product&#038;p=7915"},"modified":"2025-12-12T15:23:36","modified_gmt":"2025-12-12T14:23:36","slug":"trinkbecher-amercia","status":"publish","type":"product","link":"https:\/\/pen.eu\/en\/product\/trinkbecher-amercia\/","title":{"rendered":"Drinking cup \u201cAmercia\u201d"},"content":{"rendered":"<p>The America \u2013 1180 ml insulated tumbler with straw \u2013 strong in performance, stylish in design. Made from recycled stainless steel and double-wall vacuum insulated, this large tumbler keeps your drinks hot for up to 8 hours or ice-cold for up to 24 hours. The sturdy PP lid with integrated straw ensures easy sipping on the go. With an ergonomic handle and slim base, it fits in standard car cup holders \u2013 ideal for commuting, travel, or everyday use. The matte powder coating not only gives it a premium look but also provides scratch resistance. Packaged in an attractive kraft gift box \u2013 perfect as a gift or for personal use. Not suitable for dishwasher or microwave use.<\/p>","protected":false},"excerpt":{"rendered":"<p>Der America \u2013 1180 ml Isolierbecher mit Trinkhalm \u2013 stark in Funktion, stilvoll im Design. Hergestellt aus recyceltem Edelstahl und doppelwandig vakuumisoliert, h\u00e4lt dieser gro\u00dfz\u00fcgige Tumbler Ihre Getr\u00e4nke bis zu 8 Stunden hei\u00df oder bis zu 24 Stunden eiskalt. Der robuste PP-Deckel mit integriertem Strohhalm sorgt f\u00fcr bequemes Trinken unterwegs. Dank ergonomischem Griff und schlanker [&hellip;]<\/p>\n","protected":false},"featured_media":7928,"comment_status":"open","ping_status":"closed","template":"","meta":[],"product_brand":[],"product_cat":[767,248],"product_tag":[358,683,686,689,822,359],"class_list":{"0":"post-7915","1":"product","2":"type-product","3":"status-publish","4":"has-post-thumbnail","6":"product_cat-trinkbecher","7":"product_cat-trinkgefaesse","8":"product_tag-amercia","9":"product_tag-designcup","10":"product_tag-logotop","11":"product_tag-slimsize","12":"product_tag-top-26","13":"product_tag-wfj","14":"pa_eigenschaft-eco-friendly","15":"pa_farbe-schwarz","16":"pa_farbe-weiss","17":"pa_material-edelstahl","18":"pa_material-pp","19":"pa_mindestmenge-357","20":"pa_werbeanbringung-lasergravur","21":"pa_werbeanbringung-siebdruck","23":"first","24":"instock","25":"taxable","26":"shipping-taxable","27":"purchasable","28":"product-type-variable","29":"add-to-wishlist-after_add_to_cart"},"yoast_head":"<!-- This site is optimized with the Yoast SEO plugin v27.4 - https:\/\/yoast.com\/product\/yoast-seo-wordpress\/ -->\n<title>Trinkbecher &quot;Amercia&quot; - PEN.EU<\/title>\n<meta name=\"robots\" content=\"index, follow, max-snippet:-1, max-image-preview:large, max-video-preview:-1\" \/>\n<link rel=\"canonical\" href=\"https:\/\/pen.eu\/en\/product\/trinkbecher-amercia\/\" \/>\n<meta property=\"og:locale\" content=\"en_US\" \/>\n<meta property=\"og:type\" content=\"article\" \/>\n<meta property=\"og:title\" content=\"Trinkbecher &quot;Amercia&quot; - PEN.EU\" \/>\n<meta property=\"og:description\" content=\"Der America \u2013 1180 ml Isolierbecher mit Trinkhalm \u2013 stark in Funktion, stilvoll im Design. Hergestellt aus recyceltem Edelstahl und doppelwandig vakuumisoliert, h\u00e4lt dieser gro\u00dfz\u00fcgige Tumbler Ihre Getr\u00e4nke bis zu 8 Stunden hei\u00df oder bis zu 24 Stunden eiskalt. Der robuste PP-Deckel mit integriertem Strohhalm sorgt f\u00fcr bequemes Trinken unterwegs. Dank ergonomischem Griff und schlanker [&hellip;]\" \/>\n<meta property=\"og:url\" content=\"https:\/\/pen.eu\/en\/product\/trinkbecher-amercia\/\" \/>\n<meta property=\"og:site_name\" content=\"PEN.EU\" \/>\n<meta property=\"article:modified_time\" content=\"2025-12-12T14:23:36+00:00\" \/>\n<meta property=\"og:image\" content=\"https:\/\/pen.eu\/wp-content\/uploads\/2024\/10\/051302103-GL.jpg\" \/>\n\t<meta property=\"og:image:width\" content=\"2000\" \/>\n\t<meta property=\"og:image:height\" content=\"2000\" \/>\n\t<meta property=\"og:image:type\" content=\"image\/jpeg\" \/>\n<meta name=\"twitter:card\" content=\"summary_large_image\" \/>\n<meta name=\"twitter:label1\" content=\"Est. reading time\" \/>\n\t<meta name=\"twitter:data1\" content=\"1 minute\" \/>\n<script type=\"application\/ld+json\" class=\"yoast-schema-graph\">{\"@context\":\"https:\\\/\\\/schema.org\",\"@graph\":[{\"@type\":\"WebPage\",\"@id\":\"https:\\\/\\\/pen.eu\\\/produkt\\\/trinkbecher-amercia\\\/\",\"url\":\"https:\\\/\\\/pen.eu\\\/produkt\\\/trinkbecher-amercia\\\/\",\"name\":\"Trinkbecher \\\"Amercia\\\" - PEN.EU\",\"isPartOf\":{\"@id\":\"https:\\\/\\\/pen.eu\\\/#website\"},\"primaryImageOfPage\":{\"@id\":\"https:\\\/\\\/pen.eu\\\/produkt\\\/trinkbecher-amercia\\\/#primaryimage\"},\"image\":{\"@id\":\"https:\\\/\\\/pen.eu\\\/produkt\\\/trinkbecher-amercia\\\/#primaryimage\"},\"thumbnailUrl\":\"https:\\\/\\\/pen.eu\\\/wp-content\\\/uploads\\\/2024\\\/10\\\/051302103-GL.jpg\",\"datePublished\":\"2024-10-23T10:33:24+00:00\",\"dateModified\":\"2025-12-12T14:23:36+00:00\",\"breadcrumb\":{\"@id\":\"https:\\\/\\\/pen.eu\\\/produkt\\\/trinkbecher-amercia\\\/#breadcrumb\"},\"inLanguage\":\"en-US\",\"potentialAction\":[{\"@type\":\"ReadAction\",\"target\":[\"https:\\\/\\\/pen.eu\\\/produkt\\\/trinkbecher-amercia\\\/\"]}]},{\"@type\":\"ImageObject\",\"inLanguage\":\"en-US\",\"@id\":\"https:\\\/\\\/pen.eu\\\/produkt\\\/trinkbecher-amercia\\\/#primaryimage\",\"url\":\"https:\\\/\\\/pen.eu\\\/wp-content\\\/uploads\\\/2024\\\/10\\\/051302103-GL.jpg\",\"contentUrl\":\"https:\\\/\\\/pen.eu\\\/wp-content\\\/uploads\\\/2024\\\/10\\\/051302103-GL.jpg\",\"width\":2000,\"height\":2000},{\"@type\":\"BreadcrumbList\",\"@id\":\"https:\\\/\\\/pen.eu\\\/produkt\\\/trinkbecher-amercia\\\/#breadcrumb\",\"itemListElement\":[{\"@type\":\"ListItem\",\"position\":1,\"name\":\"Home\",\"item\":\"https:\\\/\\\/pen.eu\\\/\"},{\"@type\":\"ListItem\",\"position\":2,\"name\":\"Shop\",\"item\":\"https:\\\/\\\/pen.eu\\\/ch\\\/shop\\\/\"},{\"@type\":\"ListItem\",\"position\":3,\"name\":\"Trinkbecher &#8220;Amercia&#8221;\"}]},{\"@type\":\"WebSite\",\"@id\":\"https:\\\/\\\/pen.eu\\\/#website\",\"url\":\"https:\\\/\\\/pen.eu\\\/\",\"name\":\"PEN.EU\",\"description\":\"Kugelschreiber bedrucken mit Logo | pen.eu\",\"potentialAction\":[{\"@type\":\"SearchAction\",\"target\":{\"@type\":\"EntryPoint\",\"urlTemplate\":\"https:\\\/\\\/pen.eu\\\/?s={search_term_string}\"},\"query-input\":{\"@type\":\"PropertyValueSpecification\",\"valueRequired\":true,\"valueName\":\"search_term_string\"}}],\"inLanguage\":\"en-US\"}]}<\/script>\n<!-- \/ Yoast SEO plugin. -->","yoast_head_json":{"title":"Trinkbecher \"Amercia\" - PEN.EU","robots":{"index":"index","follow":"follow","max-snippet":"max-snippet:-1","max-image-preview":"max-image-preview:large","max-video-preview":"max-video-preview:-1"},"canonical":"https:\/\/pen.eu\/en\/product\/trinkbecher-amercia\/","og_locale":"en_US","og_type":"article","og_title":"Trinkbecher \"Amercia\" - PEN.EU","og_description":"Der America \u2013 1180 ml Isolierbecher mit Trinkhalm \u2013 stark in Funktion, stilvoll im Design. Hergestellt aus recyceltem Edelstahl und doppelwandig vakuumisoliert, h\u00e4lt dieser gro\u00dfz\u00fcgige Tumbler Ihre Getr\u00e4nke bis zu 8 Stunden hei\u00df oder bis zu 24 Stunden eiskalt. Der robuste PP-Deckel mit integriertem Strohhalm sorgt f\u00fcr bequemes Trinken unterwegs. Dank ergonomischem Griff und schlanker [&hellip;]","og_url":"https:\/\/pen.eu\/en\/product\/trinkbecher-amercia\/","og_site_name":"PEN.EU","article_modified_time":"2025-12-12T14:23:36+00:00","og_image":[{"width":2000,"height":2000,"url":"https:\/\/pen.eu\/wp-content\/uploads\/2024\/10\/051302103-GL.jpg","type":"image\/jpeg"}],"twitter_card":"summary_large_image","twitter_misc":{"Est. reading time":"1 minute"},"schema":{"@context":"https:\/\/schema.org","@graph":[{"@type":"WebPage","@id":"https:\/\/pen.eu\/produkt\/trinkbecher-amercia\/","url":"https:\/\/pen.eu\/produkt\/trinkbecher-amercia\/","name":"Trinkbecher \"Amercia\" - PEN.EU","isPartOf":{"@id":"https:\/\/pen.eu\/#website"},"primaryImageOfPage":{"@id":"https:\/\/pen.eu\/produkt\/trinkbecher-amercia\/#primaryimage"},"image":{"@id":"https:\/\/pen.eu\/produkt\/trinkbecher-amercia\/#primaryimage"},"thumbnailUrl":"https:\/\/pen.eu\/wp-content\/uploads\/2024\/10\/051302103-GL.jpg","datePublished":"2024-10-23T10:33:24+00:00","dateModified":"2025-12-12T14:23:36+00:00","breadcrumb":{"@id":"https:\/\/pen.eu\/produkt\/trinkbecher-amercia\/#breadcrumb"},"inLanguage":"en-US","potentialAction":[{"@type":"ReadAction","target":["https:\/\/pen.eu\/produkt\/trinkbecher-amercia\/"]}]},{"@type":"ImageObject","inLanguage":"en-US","@id":"https:\/\/pen.eu\/produkt\/trinkbecher-amercia\/#primaryimage","url":"https:\/\/pen.eu\/wp-content\/uploads\/2024\/10\/051302103-GL.jpg","contentUrl":"https:\/\/pen.eu\/wp-content\/uploads\/2024\/10\/051302103-GL.jpg","width":2000,"height":2000},{"@type":"BreadcrumbList","@id":"https:\/\/pen.eu\/produkt\/trinkbecher-amercia\/#breadcrumb","itemListElement":[{"@type":"ListItem","position":1,"name":"Home","item":"https:\/\/pen.eu\/"},{"@type":"ListItem","position":2,"name":"Shop","item":"https:\/\/pen.eu\/ch\/shop\/"},{"@type":"ListItem","position":3,"name":"Trinkbecher &#8220;Amercia&#8221;"}]},{"@type":"WebSite","@id":"https:\/\/pen.eu\/#website","url":"https:\/\/pen.eu\/","name":"PEN.EU","description":"Kugelschreiber bedrucken mit Logo | pen.eu","potentialAction":[{"@type":"SearchAction","target":{"@type":"EntryPoint","urlTemplate":"https:\/\/pen.eu\/?s={search_term_string}"},"query-input":{"@type":"PropertyValueSpecification","valueRequired":true,"valueName":"search_term_string"}}],"inLanguage":"en-US"}]}},"_links":{"self":[{"href":"https:\/\/pen.eu\/en\/wp-json\/wp\/v2\/product\/7915","targetHints":{"allow":["GET"]}}],"collection":[{"href":"https:\/\/pen.eu\/en\/wp-json\/wp\/v2\/product"}],"about":[{"href":"https:\/\/pen.eu\/en\/wp-json\/wp\/v2\/types\/product"}],"replies":[{"embeddable":true,"href":"https:\/\/pen.eu\/en\/wp-json\/wp\/v2\/comments?post=7915"}],"wp:featuredmedia":[{"embeddable":true,"href":"https:\/\/pen.eu\/en\/wp-json\/wp\/v2\/media\/7928"}],"wp:attachment":[{"href":"https:\/\/pen.eu\/en\/wp-json\/wp\/v2\/media?parent=7915"}],"wp:term":[{"taxonomy":"product_brand","embeddable":true,"href":"https:\/\/pen.eu\/en\/wp-json\/wp\/v2\/product_brand?post=7915"},{"taxonomy":"product_cat","embeddable":true,"href":"https:\/\/pen.eu\/en\/wp-json\/wp\/v2\/product_cat?post=7915"},{"taxonomy":"product_tag","embeddable":true,"href":"https:\/\/pen.eu\/en\/wp-json\/wp\/v2\/product_tag?post=7915"}],"curies":[{"name":"wp","href":"https:\/\/api.w.org\/{rel}","templated":true}]}}