{"id":7934,"date":"2024-10-23T16:20:55","date_gmt":"2024-10-23T14:20:55","guid":{"rendered":"https:\/\/v2.frank-pen.de\/?post_type=product&#038;p=7934"},"modified":"2025-09-30T14:55:21","modified_gmt":"2025-09-30T12:55:21","slug":"trinkflasche-sami","status":"publish","type":"product","link":"https:\/\/pen.eu\/en\/product\/trinkflasche-sami\/","title":{"rendered":"Drinking cup \"Sami\""},"content":{"rendered":"<p>The Sami \u2013 915 ml insulated bottle made from recycled stainless steel \u2013 stylish, functional, and impactful for branding. This double-walled, vacuum-insulated bottle is crafted inside and out from recycled 304 stainless steel, keeping beverages hot for up to 12 hours or cold for up to 24 hours \u2013 ideal for the office, leisure, or on the go. With its matte finish and modern spray coating, it impresses both visually and functionally. The leak-proof PP lid with integrated carry handle ensures safe transport and comfort. With a generous 915 ml capacity, it\u2019s a practical and sustainable promotional gift \u2013 perfect for corporate events, employee rewards, or as a premium branded item. Not suitable for dishwasher or microwave. Supplied in a polybag.<\/p>","protected":false},"excerpt":{"rendered":"<p>Die Sami\u2013 915 ml Isolierflasche aus recyceltem Edelstahl \u2013 stilvoll, funktional und werbewirksam. Diese doppelwandige, vakuumisolierte Trinkflasche wurde innen und au\u00dfen aus recyceltem 304er Edelstahl gefertigt und h\u00e4lt Getr\u00e4nke zuverl\u00e4ssig bis zu 12 Stunden hei\u00df oder bis zu 24 Stunden kalt \u2013 ideal f\u00fcr B\u00fcro, Freizeit oder unterwegs. Mit ihrem matten Finish und moderner Spr\u00fchlackierung [&hellip;]<\/p>\n","protected":false},"featured_media":7952,"comment_status":"open","ping_status":"closed","template":"","meta":[],"product_brand":[],"product_cat":[248],"product_tag":[682,362,802,363,684],"class_list":{"0":"post-7934","1":"product","2":"type-product","3":"status-publish","4":"has-post-thumbnail","6":"product_cat-trinkgefaesse","7":"product_tag-designbottle","8":"product_tag-stony","9":"product_tag-top-62","10":"product_tag-wfm","11":"product_tag-widesize","12":"pa_farbe-dunkelblau","13":"pa_farbe-gruen","14":"pa_farbe-schwarz","15":"pa_farbe-tuerkis","16":"pa_farbe-weiss","17":"pa_material-edelstahl","18":"pa_material-pp","19":"pa_mindestmenge-361","20":"pa_werbeanbringung-digitaldruck","21":"pa_werbeanbringung-lasergravur","22":"pa_werbeanbringung-siebdruck","24":"first","25":"instock","26":"taxable","27":"shipping-taxable","28":"purchasable","29":"product-type-variable","30":"add-to-wishlist-after_add_to_cart"},"yoast_head":"<!-- This site is optimized with the Yoast SEO plugin v27.4 - https:\/\/yoast.com\/product\/yoast-seo-wordpress\/ -->\n<title>Trinkflasche &quot;Sami&quot; - PEN.EU<\/title>\n<meta name=\"robots\" content=\"index, follow, max-snippet:-1, max-image-preview:large, max-video-preview:-1\" \/>\n<link rel=\"canonical\" href=\"https:\/\/pen.eu\/en\/product\/trinkflasche-sami\/\" \/>\n<meta property=\"og:locale\" content=\"en_US\" \/>\n<meta property=\"og:type\" content=\"article\" \/>\n<meta property=\"og:title\" content=\"Trinkflasche &quot;Sami&quot; - PEN.EU\" \/>\n<meta property=\"og:description\" content=\"Die Sami\u2013 915 ml Isolierflasche aus recyceltem Edelstahl \u2013 stilvoll, funktional und werbewirksam. Diese doppelwandige, vakuumisolierte Trinkflasche wurde innen und au\u00dfen aus recyceltem 304er Edelstahl gefertigt und h\u00e4lt Getr\u00e4nke zuverl\u00e4ssig bis zu 12 Stunden hei\u00df oder bis zu 24 Stunden kalt \u2013 ideal f\u00fcr B\u00fcro, Freizeit oder unterwegs. Mit ihrem matten Finish und moderner Spr\u00fchlackierung [&hellip;]\" \/>\n<meta property=\"og:url\" content=\"https:\/\/pen.eu\/en\/product\/trinkflasche-sami\/\" \/>\n<meta property=\"og:site_name\" content=\"PEN.EU\" \/>\n<meta property=\"article:modified_time\" content=\"2025-09-30T12:55:21+00:00\" \/>\n<meta property=\"og:image\" content=\"https:\/\/pen.eu\/wp-content\/uploads\/2024\/10\/051302204-GDD.jpg\" \/>\n\t<meta property=\"og:image:width\" content=\"2000\" \/>\n\t<meta property=\"og:image:height\" content=\"2000\" \/>\n\t<meta property=\"og:image:type\" content=\"image\/jpeg\" \/>\n<meta name=\"twitter:card\" content=\"summary_large_image\" \/>\n<meta name=\"twitter:label1\" content=\"Est. reading time\" \/>\n\t<meta name=\"twitter:data1\" content=\"1 minute\" \/>\n<script type=\"application\/ld+json\" class=\"yoast-schema-graph\">{\"@context\":\"https:\\\/\\\/schema.org\",\"@graph\":[{\"@type\":\"WebPage\",\"@id\":\"https:\\\/\\\/pen.eu\\\/produkt\\\/trinkflasche-sami\\\/\",\"url\":\"https:\\\/\\\/pen.eu\\\/produkt\\\/trinkflasche-sami\\\/\",\"name\":\"Trinkflasche \\\"Sami\\\" - PEN.EU\",\"isPartOf\":{\"@id\":\"https:\\\/\\\/pen.eu\\\/#website\"},\"primaryImageOfPage\":{\"@id\":\"https:\\\/\\\/pen.eu\\\/produkt\\\/trinkflasche-sami\\\/#primaryimage\"},\"image\":{\"@id\":\"https:\\\/\\\/pen.eu\\\/produkt\\\/trinkflasche-sami\\\/#primaryimage\"},\"thumbnailUrl\":\"https:\\\/\\\/pen.eu\\\/wp-content\\\/uploads\\\/2024\\\/10\\\/051302204-GDD.jpg\",\"datePublished\":\"2024-10-23T14:20:55+00:00\",\"dateModified\":\"2025-09-30T12:55:21+00:00\",\"breadcrumb\":{\"@id\":\"https:\\\/\\\/pen.eu\\\/produkt\\\/trinkflasche-sami\\\/#breadcrumb\"},\"inLanguage\":\"en-US\",\"potentialAction\":[{\"@type\":\"ReadAction\",\"target\":[\"https:\\\/\\\/pen.eu\\\/produkt\\\/trinkflasche-sami\\\/\"]}]},{\"@type\":\"ImageObject\",\"inLanguage\":\"en-US\",\"@id\":\"https:\\\/\\\/pen.eu\\\/produkt\\\/trinkflasche-sami\\\/#primaryimage\",\"url\":\"https:\\\/\\\/pen.eu\\\/wp-content\\\/uploads\\\/2024\\\/10\\\/051302204-GDD.jpg\",\"contentUrl\":\"https:\\\/\\\/pen.eu\\\/wp-content\\\/uploads\\\/2024\\\/10\\\/051302204-GDD.jpg\",\"width\":2000,\"height\":2000},{\"@type\":\"BreadcrumbList\",\"@id\":\"https:\\\/\\\/pen.eu\\\/produkt\\\/trinkflasche-sami\\\/#breadcrumb\",\"itemListElement\":[{\"@type\":\"ListItem\",\"position\":1,\"name\":\"Home\",\"item\":\"https:\\\/\\\/pen.eu\\\/\"},{\"@type\":\"ListItem\",\"position\":2,\"name\":\"Shop\",\"item\":\"https:\\\/\\\/pen.eu\\\/ch\\\/shop\\\/\"},{\"@type\":\"ListItem\",\"position\":3,\"name\":\"Trinkflasche &#8220;Sami&#8221;\"}]},{\"@type\":\"WebSite\",\"@id\":\"https:\\\/\\\/pen.eu\\\/#website\",\"url\":\"https:\\\/\\\/pen.eu\\\/\",\"name\":\"PEN.EU\",\"description\":\"Kugelschreiber bedrucken mit Logo | pen.eu\",\"potentialAction\":[{\"@type\":\"SearchAction\",\"target\":{\"@type\":\"EntryPoint\",\"urlTemplate\":\"https:\\\/\\\/pen.eu\\\/?s={search_term_string}\"},\"query-input\":{\"@type\":\"PropertyValueSpecification\",\"valueRequired\":true,\"valueName\":\"search_term_string\"}}],\"inLanguage\":\"en-US\"}]}<\/script>\n<!-- \/ Yoast SEO plugin. -->","yoast_head_json":{"title":"Trinkflasche \"Sami\" - PEN.EU","robots":{"index":"index","follow":"follow","max-snippet":"max-snippet:-1","max-image-preview":"max-image-preview:large","max-video-preview":"max-video-preview:-1"},"canonical":"https:\/\/pen.eu\/en\/product\/trinkflasche-sami\/","og_locale":"en_US","og_type":"article","og_title":"Trinkflasche \"Sami\" - PEN.EU","og_description":"Die Sami\u2013 915 ml Isolierflasche aus recyceltem Edelstahl \u2013 stilvoll, funktional und werbewirksam. Diese doppelwandige, vakuumisolierte Trinkflasche wurde innen und au\u00dfen aus recyceltem 304er Edelstahl gefertigt und h\u00e4lt Getr\u00e4nke zuverl\u00e4ssig bis zu 12 Stunden hei\u00df oder bis zu 24 Stunden kalt \u2013 ideal f\u00fcr B\u00fcro, Freizeit oder unterwegs. Mit ihrem matten Finish und moderner Spr\u00fchlackierung [&hellip;]","og_url":"https:\/\/pen.eu\/en\/product\/trinkflasche-sami\/","og_site_name":"PEN.EU","article_modified_time":"2025-09-30T12:55:21+00:00","og_image":[{"width":2000,"height":2000,"url":"https:\/\/pen.eu\/wp-content\/uploads\/2024\/10\/051302204-GDD.jpg","type":"image\/jpeg"}],"twitter_card":"summary_large_image","twitter_misc":{"Est. reading time":"1 minute"},"schema":{"@context":"https:\/\/schema.org","@graph":[{"@type":"WebPage","@id":"https:\/\/pen.eu\/produkt\/trinkflasche-sami\/","url":"https:\/\/pen.eu\/produkt\/trinkflasche-sami\/","name":"Trinkflasche \"Sami\" - PEN.EU","isPartOf":{"@id":"https:\/\/pen.eu\/#website"},"primaryImageOfPage":{"@id":"https:\/\/pen.eu\/produkt\/trinkflasche-sami\/#primaryimage"},"image":{"@id":"https:\/\/pen.eu\/produkt\/trinkflasche-sami\/#primaryimage"},"thumbnailUrl":"https:\/\/pen.eu\/wp-content\/uploads\/2024\/10\/051302204-GDD.jpg","datePublished":"2024-10-23T14:20:55+00:00","dateModified":"2025-09-30T12:55:21+00:00","breadcrumb":{"@id":"https:\/\/pen.eu\/produkt\/trinkflasche-sami\/#breadcrumb"},"inLanguage":"en-US","potentialAction":[{"@type":"ReadAction","target":["https:\/\/pen.eu\/produkt\/trinkflasche-sami\/"]}]},{"@type":"ImageObject","inLanguage":"en-US","@id":"https:\/\/pen.eu\/produkt\/trinkflasche-sami\/#primaryimage","url":"https:\/\/pen.eu\/wp-content\/uploads\/2024\/10\/051302204-GDD.jpg","contentUrl":"https:\/\/pen.eu\/wp-content\/uploads\/2024\/10\/051302204-GDD.jpg","width":2000,"height":2000},{"@type":"BreadcrumbList","@id":"https:\/\/pen.eu\/produkt\/trinkflasche-sami\/#breadcrumb","itemListElement":[{"@type":"ListItem","position":1,"name":"Home","item":"https:\/\/pen.eu\/"},{"@type":"ListItem","position":2,"name":"Shop","item":"https:\/\/pen.eu\/ch\/shop\/"},{"@type":"ListItem","position":3,"name":"Trinkflasche &#8220;Sami&#8221;"}]},{"@type":"WebSite","@id":"https:\/\/pen.eu\/#website","url":"https:\/\/pen.eu\/","name":"PEN.EU","description":"Kugelschreiber bedrucken mit Logo | pen.eu","potentialAction":[{"@type":"SearchAction","target":{"@type":"EntryPoint","urlTemplate":"https:\/\/pen.eu\/?s={search_term_string}"},"query-input":{"@type":"PropertyValueSpecification","valueRequired":true,"valueName":"search_term_string"}}],"inLanguage":"en-US"}]}},"_links":{"self":[{"href":"https:\/\/pen.eu\/en\/wp-json\/wp\/v2\/product\/7934","targetHints":{"allow":["GET"]}}],"collection":[{"href":"https:\/\/pen.eu\/en\/wp-json\/wp\/v2\/product"}],"about":[{"href":"https:\/\/pen.eu\/en\/wp-json\/wp\/v2\/types\/product"}],"replies":[{"embeddable":true,"href":"https:\/\/pen.eu\/en\/wp-json\/wp\/v2\/comments?post=7934"}],"wp:featuredmedia":[{"embeddable":true,"href":"https:\/\/pen.eu\/en\/wp-json\/wp\/v2\/media\/7952"}],"wp:attachment":[{"href":"https:\/\/pen.eu\/en\/wp-json\/wp\/v2\/media?parent=7934"}],"wp:term":[{"taxonomy":"product_brand","embeddable":true,"href":"https:\/\/pen.eu\/en\/wp-json\/wp\/v2\/product_brand?post=7934"},{"taxonomy":"product_cat","embeddable":true,"href":"https:\/\/pen.eu\/en\/wp-json\/wp\/v2\/product_cat?post=7934"},{"taxonomy":"product_tag","embeddable":true,"href":"https:\/\/pen.eu\/en\/wp-json\/wp\/v2\/product_tag?post=7934"}],"curies":[{"name":"wp","href":"https:\/\/api.w.org\/{rel}","templated":true}]}}