{"id":8023,"date":"2024-10-24T09:16:00","date_gmt":"2024-10-24T07:16:00","guid":{"rendered":"https:\/\/v2.frank-pen.de\/?post_type=product&#038;p=8023"},"modified":"2025-10-23T06:12:06","modified_gmt":"2025-10-23T04:12:06","slug":"trinkbecher-ree","status":"publish","type":"product","link":"https:\/\/pen.eu\/en\/product\/trinkbecher-ree\/","title":{"rendered":"Drinking cup \"Ree\""},"content":{"rendered":"<p>Your ideal companion on the go \u2013 the double-walled 530 ml stainless steel Ree tumbler. With its durable stainless steel construction inside and out, this tumbler provides reliable insulation for hot and cold drinks \u2013 lasting up to 6 hours. The double-wall vacuum technology ensures your favorite beverages always maintain the desired temperature.<br data-start=\"431\" data-end=\"434\" \/>The practical snap-on lid with a splash-resistant thumb-slide and rubber seal allows for easy sipping and reliably prevents leaks.<br data-start=\"586\" data-end=\"589\" \/>With a 530 ml capacity and a non-slip base, this tumbler is made for everyday use, travel, or the workplace \u2013 stylish, functional, and safe to handle.<br \/>\nNot suitable for microwave or dishwasher.<\/p>","protected":false},"excerpt":{"rendered":"<p>Ihr idealer Begleiter f\u00fcr unterwegs \u2013 der doppelwandige 530 ml Edelstahlbecher Ree. Mit seiner robusten Konstruktion aus Edelstahl innen und au\u00dfen bietet dieser Tumbler zuverl\u00e4ssige Isolierung f\u00fcr hei\u00dfe und kalte Getr\u00e4nke \u2013 bis zu 6 Stunden lang. Die doppelwandige Vakuumtechnologie sorgt daf\u00fcr, dass Ihre Lieblingsgetr\u00e4nke stets die gew\u00fcnschte Temperatur behalten.Der praktische Snap-On-Deckel mit spritzsicherem Daumenschieber [&hellip;]<\/p>\n","protected":false},"featured_media":8047,"comment_status":"open","ping_status":"closed","template":"","meta":[],"product_brand":[],"product_cat":[767,248],"product_tag":[370,683,808,689,815,371],"class_list":{"0":"post-8023","1":"product","2":"type-product","3":"status-publish","4":"has-post-thumbnail","6":"product_cat-trinkbecher","7":"product_cat-trinkgefaesse","8":"product_tag-arkona","9":"product_tag-designcup","10":"product_tag-left-51","11":"product_tag-slimsize","12":"product_tag-top-35","13":"product_tag-wcn","14":"pa_eigenschaft-doppelwandig","15":"pa_eigenschaft-vakuumisoliert","16":"pa_farbe-blau","17":"pa_farbe-schwarz","18":"pa_farbe-silber","19":"pa_farbe-weiss","20":"pa_material-edelstahl","21":"pa_mindestmenge-369","22":"pa_werbeanbringung-digitaldruck","23":"pa_werbeanbringung-lasergravur","24":"pa_werbeanbringung-siebdruck","26":"first","27":"instock","28":"taxable","29":"shipping-taxable","30":"purchasable","31":"product-type-variable","32":"add-to-wishlist-after_add_to_cart"},"yoast_head":"<!-- This site is optimized with the Yoast SEO plugin v27.4 - https:\/\/yoast.com\/product\/yoast-seo-wordpress\/ -->\n<title>Trinkbecher &quot;Ree&quot; - PEN.EU<\/title>\n<meta name=\"robots\" content=\"index, follow, max-snippet:-1, max-image-preview:large, max-video-preview:-1\" \/>\n<link rel=\"canonical\" href=\"https:\/\/pen.eu\/en\/product\/trinkbecher-ree\/\" \/>\n<meta property=\"og:locale\" content=\"en_US\" \/>\n<meta property=\"og:type\" content=\"article\" \/>\n<meta property=\"og:title\" content=\"Trinkbecher &quot;Ree&quot; - PEN.EU\" \/>\n<meta property=\"og:description\" content=\"Ihr idealer Begleiter f\u00fcr unterwegs \u2013 der doppelwandige 530 ml Edelstahlbecher Ree. Mit seiner robusten Konstruktion aus Edelstahl innen und au\u00dfen bietet dieser Tumbler zuverl\u00e4ssige Isolierung f\u00fcr hei\u00dfe und kalte Getr\u00e4nke \u2013 bis zu 6 Stunden lang. Die doppelwandige Vakuumtechnologie sorgt daf\u00fcr, dass Ihre Lieblingsgetr\u00e4nke stets die gew\u00fcnschte Temperatur behalten.Der praktische Snap-On-Deckel mit spritzsicherem Daumenschieber [&hellip;]\" \/>\n<meta property=\"og:url\" content=\"https:\/\/pen.eu\/en\/product\/trinkbecher-ree\/\" \/>\n<meta property=\"og:site_name\" content=\"PEN.EU\" \/>\n<meta property=\"article:modified_time\" content=\"2025-10-23T04:12:06+00:00\" \/>\n<meta property=\"og:image\" content=\"https:\/\/pen.eu\/wp-content\/uploads\/2024\/10\/051302511-GDD.jpg\" \/>\n\t<meta property=\"og:image:width\" content=\"2000\" \/>\n\t<meta property=\"og:image:height\" content=\"2000\" \/>\n\t<meta property=\"og:image:type\" content=\"image\/jpeg\" \/>\n<meta name=\"twitter:card\" content=\"summary_large_image\" \/>\n<meta name=\"twitter:label1\" content=\"Est. reading time\" \/>\n\t<meta name=\"twitter:data1\" content=\"1 minute\" \/>\n<script type=\"application\/ld+json\" class=\"yoast-schema-graph\">{\"@context\":\"https:\\\/\\\/schema.org\",\"@graph\":[{\"@type\":\"WebPage\",\"@id\":\"https:\\\/\\\/pen.eu\\\/produkt\\\/trinkbecher-ree\\\/\",\"url\":\"https:\\\/\\\/pen.eu\\\/produkt\\\/trinkbecher-ree\\\/\",\"name\":\"Trinkbecher \\\"Ree\\\" - PEN.EU\",\"isPartOf\":{\"@id\":\"https:\\\/\\\/pen.eu\\\/#website\"},\"primaryImageOfPage\":{\"@id\":\"https:\\\/\\\/pen.eu\\\/produkt\\\/trinkbecher-ree\\\/#primaryimage\"},\"image\":{\"@id\":\"https:\\\/\\\/pen.eu\\\/produkt\\\/trinkbecher-ree\\\/#primaryimage\"},\"thumbnailUrl\":\"https:\\\/\\\/pen.eu\\\/wp-content\\\/uploads\\\/2024\\\/10\\\/051302511-GDD.jpg\",\"datePublished\":\"2024-10-24T07:16:00+00:00\",\"dateModified\":\"2025-10-23T04:12:06+00:00\",\"breadcrumb\":{\"@id\":\"https:\\\/\\\/pen.eu\\\/produkt\\\/trinkbecher-ree\\\/#breadcrumb\"},\"inLanguage\":\"en-US\",\"potentialAction\":[{\"@type\":\"ReadAction\",\"target\":[\"https:\\\/\\\/pen.eu\\\/produkt\\\/trinkbecher-ree\\\/\"]}]},{\"@type\":\"ImageObject\",\"inLanguage\":\"en-US\",\"@id\":\"https:\\\/\\\/pen.eu\\\/produkt\\\/trinkbecher-ree\\\/#primaryimage\",\"url\":\"https:\\\/\\\/pen.eu\\\/wp-content\\\/uploads\\\/2024\\\/10\\\/051302511-GDD.jpg\",\"contentUrl\":\"https:\\\/\\\/pen.eu\\\/wp-content\\\/uploads\\\/2024\\\/10\\\/051302511-GDD.jpg\",\"width\":2000,\"height\":2000},{\"@type\":\"BreadcrumbList\",\"@id\":\"https:\\\/\\\/pen.eu\\\/produkt\\\/trinkbecher-ree\\\/#breadcrumb\",\"itemListElement\":[{\"@type\":\"ListItem\",\"position\":1,\"name\":\"Home\",\"item\":\"https:\\\/\\\/pen.eu\\\/\"},{\"@type\":\"ListItem\",\"position\":2,\"name\":\"Shop\",\"item\":\"https:\\\/\\\/pen.eu\\\/ch\\\/shop\\\/\"},{\"@type\":\"ListItem\",\"position\":3,\"name\":\"Trinkbecher &#8220;Ree&#8221;\"}]},{\"@type\":\"WebSite\",\"@id\":\"https:\\\/\\\/pen.eu\\\/#website\",\"url\":\"https:\\\/\\\/pen.eu\\\/\",\"name\":\"PEN.EU\",\"description\":\"Kugelschreiber bedrucken mit Logo | pen.eu\",\"potentialAction\":[{\"@type\":\"SearchAction\",\"target\":{\"@type\":\"EntryPoint\",\"urlTemplate\":\"https:\\\/\\\/pen.eu\\\/?s={search_term_string}\"},\"query-input\":{\"@type\":\"PropertyValueSpecification\",\"valueRequired\":true,\"valueName\":\"search_term_string\"}}],\"inLanguage\":\"en-US\"}]}<\/script>\n<!-- \/ Yoast SEO plugin. -->","yoast_head_json":{"title":"Trinkbecher \"Ree\" - PEN.EU","robots":{"index":"index","follow":"follow","max-snippet":"max-snippet:-1","max-image-preview":"max-image-preview:large","max-video-preview":"max-video-preview:-1"},"canonical":"https:\/\/pen.eu\/en\/product\/trinkbecher-ree\/","og_locale":"en_US","og_type":"article","og_title":"Trinkbecher \"Ree\" - PEN.EU","og_description":"Ihr idealer Begleiter f\u00fcr unterwegs \u2013 der doppelwandige 530 ml Edelstahlbecher Ree. Mit seiner robusten Konstruktion aus Edelstahl innen und au\u00dfen bietet dieser Tumbler zuverl\u00e4ssige Isolierung f\u00fcr hei\u00dfe und kalte Getr\u00e4nke \u2013 bis zu 6 Stunden lang. Die doppelwandige Vakuumtechnologie sorgt daf\u00fcr, dass Ihre Lieblingsgetr\u00e4nke stets die gew\u00fcnschte Temperatur behalten.Der praktische Snap-On-Deckel mit spritzsicherem Daumenschieber [&hellip;]","og_url":"https:\/\/pen.eu\/en\/product\/trinkbecher-ree\/","og_site_name":"PEN.EU","article_modified_time":"2025-10-23T04:12:06+00:00","og_image":[{"width":2000,"height":2000,"url":"https:\/\/pen.eu\/wp-content\/uploads\/2024\/10\/051302511-GDD.jpg","type":"image\/jpeg"}],"twitter_card":"summary_large_image","twitter_misc":{"Est. reading time":"1 minute"},"schema":{"@context":"https:\/\/schema.org","@graph":[{"@type":"WebPage","@id":"https:\/\/pen.eu\/produkt\/trinkbecher-ree\/","url":"https:\/\/pen.eu\/produkt\/trinkbecher-ree\/","name":"Trinkbecher \"Ree\" - PEN.EU","isPartOf":{"@id":"https:\/\/pen.eu\/#website"},"primaryImageOfPage":{"@id":"https:\/\/pen.eu\/produkt\/trinkbecher-ree\/#primaryimage"},"image":{"@id":"https:\/\/pen.eu\/produkt\/trinkbecher-ree\/#primaryimage"},"thumbnailUrl":"https:\/\/pen.eu\/wp-content\/uploads\/2024\/10\/051302511-GDD.jpg","datePublished":"2024-10-24T07:16:00+00:00","dateModified":"2025-10-23T04:12:06+00:00","breadcrumb":{"@id":"https:\/\/pen.eu\/produkt\/trinkbecher-ree\/#breadcrumb"},"inLanguage":"en-US","potentialAction":[{"@type":"ReadAction","target":["https:\/\/pen.eu\/produkt\/trinkbecher-ree\/"]}]},{"@type":"ImageObject","inLanguage":"en-US","@id":"https:\/\/pen.eu\/produkt\/trinkbecher-ree\/#primaryimage","url":"https:\/\/pen.eu\/wp-content\/uploads\/2024\/10\/051302511-GDD.jpg","contentUrl":"https:\/\/pen.eu\/wp-content\/uploads\/2024\/10\/051302511-GDD.jpg","width":2000,"height":2000},{"@type":"BreadcrumbList","@id":"https:\/\/pen.eu\/produkt\/trinkbecher-ree\/#breadcrumb","itemListElement":[{"@type":"ListItem","position":1,"name":"Home","item":"https:\/\/pen.eu\/"},{"@type":"ListItem","position":2,"name":"Shop","item":"https:\/\/pen.eu\/ch\/shop\/"},{"@type":"ListItem","position":3,"name":"Trinkbecher &#8220;Ree&#8221;"}]},{"@type":"WebSite","@id":"https:\/\/pen.eu\/#website","url":"https:\/\/pen.eu\/","name":"PEN.EU","description":"Kugelschreiber bedrucken mit Logo | pen.eu","potentialAction":[{"@type":"SearchAction","target":{"@type":"EntryPoint","urlTemplate":"https:\/\/pen.eu\/?s={search_term_string}"},"query-input":{"@type":"PropertyValueSpecification","valueRequired":true,"valueName":"search_term_string"}}],"inLanguage":"en-US"}]}},"_links":{"self":[{"href":"https:\/\/pen.eu\/en\/wp-json\/wp\/v2\/product\/8023","targetHints":{"allow":["GET"]}}],"collection":[{"href":"https:\/\/pen.eu\/en\/wp-json\/wp\/v2\/product"}],"about":[{"href":"https:\/\/pen.eu\/en\/wp-json\/wp\/v2\/types\/product"}],"replies":[{"embeddable":true,"href":"https:\/\/pen.eu\/en\/wp-json\/wp\/v2\/comments?post=8023"}],"wp:featuredmedia":[{"embeddable":true,"href":"https:\/\/pen.eu\/en\/wp-json\/wp\/v2\/media\/8047"}],"wp:attachment":[{"href":"https:\/\/pen.eu\/en\/wp-json\/wp\/v2\/media?parent=8023"}],"wp:term":[{"taxonomy":"product_brand","embeddable":true,"href":"https:\/\/pen.eu\/en\/wp-json\/wp\/v2\/product_brand?post=8023"},{"taxonomy":"product_cat","embeddable":true,"href":"https:\/\/pen.eu\/en\/wp-json\/wp\/v2\/product_cat?post=8023"},{"taxonomy":"product_tag","embeddable":true,"href":"https:\/\/pen.eu\/en\/wp-json\/wp\/v2\/product_tag?post=8023"}],"curies":[{"name":"wp","href":"https:\/\/api.w.org\/{rel}","templated":true}]}}