{"id":8202,"date":"2024-10-24T19:31:11","date_gmt":"2024-10-24T17:31:11","guid":{"rendered":"https:\/\/v2.frank-pen.de\/?post_type=product&#038;p=8202"},"modified":"2025-10-23T06:50:16","modified_gmt":"2025-10-23T04:50:16","slug":"trinkbecher-lana","status":"publish","type":"product","link":"https:\/\/pen.eu\/en\/product\/trinkbecher-lana\/","title":{"rendered":"Drinking cup \u201cLana\u201d"},"content":{"rendered":"<p>The Lana \u2013 475 ml insulated tumbler made from recycled stainless steel \u2013 sustainable, stylish, and built for everyday use. This double-walled tumbler is made entirely of recycled 304 stainless steel \u2013 both inside and out \u2013 offering a durable, eco-friendly solution for life on the go. The smooth, matte powder coating gives it a modern finish, while the leak-proof flip lid made of AS and PP ensures convenient sipping. With a 475 ml capacity, it keeps drinks hot for up to 6 hours and cold for up to 24. The ergonomic design fits comfortably in the hand \u2013 even without a handle \u2013 and the opening is straw-compatible for added versatility. Not suitable for dishwasher or microwave \u2013 hand wash recommended. Perfect for commuting, office, travel, and daily use.<\/p>","protected":false},"excerpt":{"rendered":"<p>Der Lana \u2013 475 ml Isolierbecher aus recyceltem Edelstahl \u2013 nachhaltig, stilvoll, alltagstauglich. Dieser doppelwandige Becher ist komplett aus recyceltem 304er Edelstahl gefertigt \u2013 innen wie au\u00dfen \u2013 und bietet eine langlebige, umweltfreundliche L\u00f6sung f\u00fcr unterwegs. Die glatte, matte Pulverbeschichtung verleiht ihm ein modernes Finish, w\u00e4hrend der auslaufsichere Flip-Deckel aus AS und PP f\u00fcr komfortables [&hellip;]<\/p>\n","protected":false},"featured_media":8224,"comment_status":"open","ping_status":"closed","template":"","meta":[],"product_brand":[],"product_cat":[767,248],"product_tag":[683,383,687,689,382],"class_list":{"0":"post-8202","1":"product","2":"type-product","3":"status-publish","4":"has-post-thumbnail","6":"product_cat-trinkbecher","7":"product_cat-trinkgefaesse","8":"product_tag-designcup","9":"product_tag-lana","10":"product_tag-logomiddle","11":"product_tag-slimsize","12":"product_tag-wfh","13":"pa_eigenschaft-eco-friendly","14":"pa_farbe-creme","15":"pa_farbe-marine","16":"pa_farbe-schwarz","17":"pa_material-edelstahl","18":"pa_material-pp","19":"pa_material-recyceltes-edelstahl","20":"pa_mindestmenge-381","21":"pa_werbeanbringung-digitaldruck","22":"pa_werbeanbringung-lasergravur","23":"pa_werbeanbringung-siebdruck","25":"first","26":"instock","27":"taxable","28":"shipping-taxable","29":"purchasable","30":"product-type-variable","31":"add-to-wishlist-after_add_to_cart"},"yoast_head":"<!-- This site is optimized with the Yoast SEO plugin v27.4 - https:\/\/yoast.com\/product\/yoast-seo-wordpress\/ -->\n<title>Trinkbecher &quot;Lana&quot; - PEN.EU<\/title>\n<meta name=\"robots\" content=\"index, follow, max-snippet:-1, max-image-preview:large, max-video-preview:-1\" \/>\n<link rel=\"canonical\" href=\"https:\/\/pen.eu\/en\/product\/trinkbecher-lana\/\" \/>\n<meta property=\"og:locale\" content=\"en_US\" \/>\n<meta property=\"og:type\" content=\"article\" \/>\n<meta property=\"og:title\" content=\"Trinkbecher &quot;Lana&quot; - PEN.EU\" \/>\n<meta property=\"og:description\" content=\"Der Lana \u2013 475 ml Isolierbecher aus recyceltem Edelstahl \u2013 nachhaltig, stilvoll, alltagstauglich. Dieser doppelwandige Becher ist komplett aus recyceltem 304er Edelstahl gefertigt \u2013 innen wie au\u00dfen \u2013 und bietet eine langlebige, umweltfreundliche L\u00f6sung f\u00fcr unterwegs. Die glatte, matte Pulverbeschichtung verleiht ihm ein modernes Finish, w\u00e4hrend der auslaufsichere Flip-Deckel aus AS und PP f\u00fcr komfortables [&hellip;]\" \/>\n<meta property=\"og:url\" content=\"https:\/\/pen.eu\/en\/product\/trinkbecher-lana\/\" \/>\n<meta property=\"og:site_name\" content=\"PEN.EU\" \/>\n<meta property=\"article:modified_time\" content=\"2025-10-23T04:50:16+00:00\" \/>\n<meta property=\"og:image\" content=\"https:\/\/pen.eu\/wp-content\/uploads\/2024\/10\/0513030113-GDD.jpg\" \/>\n\t<meta property=\"og:image:width\" content=\"2000\" \/>\n\t<meta property=\"og:image:height\" content=\"2000\" \/>\n\t<meta property=\"og:image:type\" content=\"image\/jpeg\" \/>\n<meta name=\"twitter:card\" content=\"summary_large_image\" \/>\n<meta name=\"twitter:label1\" content=\"Est. reading time\" \/>\n\t<meta name=\"twitter:data1\" content=\"1 minute\" \/>\n<script type=\"application\/ld+json\" class=\"yoast-schema-graph\">{\"@context\":\"https:\\\/\\\/schema.org\",\"@graph\":[{\"@type\":\"WebPage\",\"@id\":\"https:\\\/\\\/pen.eu\\\/produkt\\\/trinkbecher-lana\\\/\",\"url\":\"https:\\\/\\\/pen.eu\\\/produkt\\\/trinkbecher-lana\\\/\",\"name\":\"Trinkbecher \\\"Lana\\\" - PEN.EU\",\"isPartOf\":{\"@id\":\"https:\\\/\\\/pen.eu\\\/#website\"},\"primaryImageOfPage\":{\"@id\":\"https:\\\/\\\/pen.eu\\\/produkt\\\/trinkbecher-lana\\\/#primaryimage\"},\"image\":{\"@id\":\"https:\\\/\\\/pen.eu\\\/produkt\\\/trinkbecher-lana\\\/#primaryimage\"},\"thumbnailUrl\":\"https:\\\/\\\/pen.eu\\\/wp-content\\\/uploads\\\/2024\\\/10\\\/0513030113-GDD.jpg\",\"datePublished\":\"2024-10-24T17:31:11+00:00\",\"dateModified\":\"2025-10-23T04:50:16+00:00\",\"breadcrumb\":{\"@id\":\"https:\\\/\\\/pen.eu\\\/produkt\\\/trinkbecher-lana\\\/#breadcrumb\"},\"inLanguage\":\"en-US\",\"potentialAction\":[{\"@type\":\"ReadAction\",\"target\":[\"https:\\\/\\\/pen.eu\\\/produkt\\\/trinkbecher-lana\\\/\"]}]},{\"@type\":\"ImageObject\",\"inLanguage\":\"en-US\",\"@id\":\"https:\\\/\\\/pen.eu\\\/produkt\\\/trinkbecher-lana\\\/#primaryimage\",\"url\":\"https:\\\/\\\/pen.eu\\\/wp-content\\\/uploads\\\/2024\\\/10\\\/0513030113-GDD.jpg\",\"contentUrl\":\"https:\\\/\\\/pen.eu\\\/wp-content\\\/uploads\\\/2024\\\/10\\\/0513030113-GDD.jpg\",\"width\":2000,\"height\":2000},{\"@type\":\"BreadcrumbList\",\"@id\":\"https:\\\/\\\/pen.eu\\\/produkt\\\/trinkbecher-lana\\\/#breadcrumb\",\"itemListElement\":[{\"@type\":\"ListItem\",\"position\":1,\"name\":\"Home\",\"item\":\"https:\\\/\\\/pen.eu\\\/\"},{\"@type\":\"ListItem\",\"position\":2,\"name\":\"Shop\",\"item\":\"https:\\\/\\\/pen.eu\\\/ch\\\/shop\\\/\"},{\"@type\":\"ListItem\",\"position\":3,\"name\":\"Trinkbecher &#8220;Lana&#8221;\"}]},{\"@type\":\"WebSite\",\"@id\":\"https:\\\/\\\/pen.eu\\\/#website\",\"url\":\"https:\\\/\\\/pen.eu\\\/\",\"name\":\"PEN.EU\",\"description\":\"Kugelschreiber bedrucken mit Logo | pen.eu\",\"potentialAction\":[{\"@type\":\"SearchAction\",\"target\":{\"@type\":\"EntryPoint\",\"urlTemplate\":\"https:\\\/\\\/pen.eu\\\/?s={search_term_string}\"},\"query-input\":{\"@type\":\"PropertyValueSpecification\",\"valueRequired\":true,\"valueName\":\"search_term_string\"}}],\"inLanguage\":\"en-US\"}]}<\/script>\n<!-- \/ Yoast SEO plugin. -->","yoast_head_json":{"title":"Trinkbecher \"Lana\" - PEN.EU","robots":{"index":"index","follow":"follow","max-snippet":"max-snippet:-1","max-image-preview":"max-image-preview:large","max-video-preview":"max-video-preview:-1"},"canonical":"https:\/\/pen.eu\/en\/product\/trinkbecher-lana\/","og_locale":"en_US","og_type":"article","og_title":"Trinkbecher \"Lana\" - PEN.EU","og_description":"Der Lana \u2013 475 ml Isolierbecher aus recyceltem Edelstahl \u2013 nachhaltig, stilvoll, alltagstauglich. Dieser doppelwandige Becher ist komplett aus recyceltem 304er Edelstahl gefertigt \u2013 innen wie au\u00dfen \u2013 und bietet eine langlebige, umweltfreundliche L\u00f6sung f\u00fcr unterwegs. Die glatte, matte Pulverbeschichtung verleiht ihm ein modernes Finish, w\u00e4hrend der auslaufsichere Flip-Deckel aus AS und PP f\u00fcr komfortables [&hellip;]","og_url":"https:\/\/pen.eu\/en\/product\/trinkbecher-lana\/","og_site_name":"PEN.EU","article_modified_time":"2025-10-23T04:50:16+00:00","og_image":[{"width":2000,"height":2000,"url":"https:\/\/pen.eu\/wp-content\/uploads\/2024\/10\/0513030113-GDD.jpg","type":"image\/jpeg"}],"twitter_card":"summary_large_image","twitter_misc":{"Est. reading time":"1 minute"},"schema":{"@context":"https:\/\/schema.org","@graph":[{"@type":"WebPage","@id":"https:\/\/pen.eu\/produkt\/trinkbecher-lana\/","url":"https:\/\/pen.eu\/produkt\/trinkbecher-lana\/","name":"Trinkbecher \"Lana\" - PEN.EU","isPartOf":{"@id":"https:\/\/pen.eu\/#website"},"primaryImageOfPage":{"@id":"https:\/\/pen.eu\/produkt\/trinkbecher-lana\/#primaryimage"},"image":{"@id":"https:\/\/pen.eu\/produkt\/trinkbecher-lana\/#primaryimage"},"thumbnailUrl":"https:\/\/pen.eu\/wp-content\/uploads\/2024\/10\/0513030113-GDD.jpg","datePublished":"2024-10-24T17:31:11+00:00","dateModified":"2025-10-23T04:50:16+00:00","breadcrumb":{"@id":"https:\/\/pen.eu\/produkt\/trinkbecher-lana\/#breadcrumb"},"inLanguage":"en-US","potentialAction":[{"@type":"ReadAction","target":["https:\/\/pen.eu\/produkt\/trinkbecher-lana\/"]}]},{"@type":"ImageObject","inLanguage":"en-US","@id":"https:\/\/pen.eu\/produkt\/trinkbecher-lana\/#primaryimage","url":"https:\/\/pen.eu\/wp-content\/uploads\/2024\/10\/0513030113-GDD.jpg","contentUrl":"https:\/\/pen.eu\/wp-content\/uploads\/2024\/10\/0513030113-GDD.jpg","width":2000,"height":2000},{"@type":"BreadcrumbList","@id":"https:\/\/pen.eu\/produkt\/trinkbecher-lana\/#breadcrumb","itemListElement":[{"@type":"ListItem","position":1,"name":"Home","item":"https:\/\/pen.eu\/"},{"@type":"ListItem","position":2,"name":"Shop","item":"https:\/\/pen.eu\/ch\/shop\/"},{"@type":"ListItem","position":3,"name":"Trinkbecher &#8220;Lana&#8221;"}]},{"@type":"WebSite","@id":"https:\/\/pen.eu\/#website","url":"https:\/\/pen.eu\/","name":"PEN.EU","description":"Kugelschreiber bedrucken mit Logo | pen.eu","potentialAction":[{"@type":"SearchAction","target":{"@type":"EntryPoint","urlTemplate":"https:\/\/pen.eu\/?s={search_term_string}"},"query-input":{"@type":"PropertyValueSpecification","valueRequired":true,"valueName":"search_term_string"}}],"inLanguage":"en-US"}]}},"_links":{"self":[{"href":"https:\/\/pen.eu\/en\/wp-json\/wp\/v2\/product\/8202","targetHints":{"allow":["GET"]}}],"collection":[{"href":"https:\/\/pen.eu\/en\/wp-json\/wp\/v2\/product"}],"about":[{"href":"https:\/\/pen.eu\/en\/wp-json\/wp\/v2\/types\/product"}],"replies":[{"embeddable":true,"href":"https:\/\/pen.eu\/en\/wp-json\/wp\/v2\/comments?post=8202"}],"wp:featuredmedia":[{"embeddable":true,"href":"https:\/\/pen.eu\/en\/wp-json\/wp\/v2\/media\/8224"}],"wp:attachment":[{"href":"https:\/\/pen.eu\/en\/wp-json\/wp\/v2\/media?parent=8202"}],"wp:term":[{"taxonomy":"product_brand","embeddable":true,"href":"https:\/\/pen.eu\/en\/wp-json\/wp\/v2\/product_brand?post=8202"},{"taxonomy":"product_cat","embeddable":true,"href":"https:\/\/pen.eu\/en\/wp-json\/wp\/v2\/product_cat?post=8202"},{"taxonomy":"product_tag","embeddable":true,"href":"https:\/\/pen.eu\/en\/wp-json\/wp\/v2\/product_tag?post=8202"}],"curies":[{"name":"wp","href":"https:\/\/api.w.org\/{rel}","templated":true}]}}