{"id":8257,"date":"2024-10-25T10:08:02","date_gmt":"2024-10-25T08:08:02","guid":{"rendered":"https:\/\/v2.frank-pen.de\/?post_type=product&#038;p=8257"},"modified":"2025-10-23T06:11:40","modified_gmt":"2025-10-23T04:11:40","slug":"trinkbecher-big-sur","status":"publish","type":"product","link":"https:\/\/pen.eu\/en\/product\/trinkbecher-big-sur\/","title":{"rendered":"Drinking cup \u201cBig Sur\u201d"},"content":{"rendered":"<p>Make your brand unforgettable \u2013 with the Big Sur 475 ml thermal tumbler. This striking stainless steel travel mug puts your logo front and center while stylishly accompanying your audience throughout the day. With its narrow base, it fits most car cup holders \u2013 perfect for commuters. The exterior is made of durable stainless steel, while the interior is long-lasting plastic, keeping drinks warm for hours. Easy to care for \u2013 hand wash recommended.<\/p>","protected":false},"excerpt":{"rendered":"<p>Machen Sie Ihre Marke unvergesslich \u2013 mit dem Big Sur 475 ml Thermobecher. Dieser markante Edelstahl-Reisebecher bringt Ihr Logo gro\u00df raus und begleitet Ihre Zielgruppe stilvoll durch den Tag. Dank seines schmalen Bodens passt er in die meisten Autobecherhalter \u2013 ideal f\u00fcr Pendler. Au\u00dfen aus robustem Edelstahl, innen aus langlebigem Kunststoff, h\u00e4lt er Getr\u00e4nke \u00fcber [&hellip;]<\/p>\n","protected":false},"featured_media":8291,"comment_status":"open","ping_status":"closed","template":"","meta":[],"product_brand":[],"product_cat":[767,248],"product_tag":[683,389,687,689,388],"class_list":{"0":"post-8257","1":"product","2":"type-product","3":"status-publish","4":"has-post-thumbnail","6":"product_cat-trinkbecher","7":"product_cat-trinkgefaesse","8":"product_tag-designcup","9":"product_tag-lena","10":"product_tag-logomiddle","11":"product_tag-slimsize","12":"product_tag-wbl","13":"pa_farbe-blau","14":"pa_farbe-hellgruen","15":"pa_farbe-rot","16":"pa_farbe-schwarz","17":"pa_farbe-weiss","18":"pa_material-edelstahl","19":"pa_material-pp","20":"pa_mindestmenge-357","21":"pa_werbeanbringung-digitaldruck","22":"pa_werbeanbringung-siebdruck","24":"first","25":"instock","26":"taxable","27":"shipping-taxable","28":"purchasable","29":"product-type-variable","30":"add-to-wishlist-after_add_to_cart"},"yoast_head":"<!-- This site is optimized with the Yoast SEO plugin v27.4 - https:\/\/yoast.com\/product\/yoast-seo-wordpress\/ -->\n<title>Trinkbecher &quot;Big Sur&quot; - PEN.EU<\/title>\n<meta name=\"robots\" content=\"index, follow, max-snippet:-1, max-image-preview:large, max-video-preview:-1\" \/>\n<link rel=\"canonical\" href=\"https:\/\/pen.eu\/en\/product\/trinkbecher-big-sur\/\" \/>\n<meta property=\"og:locale\" content=\"en_US\" \/>\n<meta property=\"og:type\" content=\"article\" \/>\n<meta property=\"og:title\" content=\"Trinkbecher &quot;Big Sur&quot; - PEN.EU\" \/>\n<meta property=\"og:description\" content=\"Machen Sie Ihre Marke unvergesslich \u2013 mit dem Big Sur 475 ml Thermobecher. Dieser markante Edelstahl-Reisebecher bringt Ihr Logo gro\u00df raus und begleitet Ihre Zielgruppe stilvoll durch den Tag. Dank seines schmalen Bodens passt er in die meisten Autobecherhalter \u2013 ideal f\u00fcr Pendler. Au\u00dfen aus robustem Edelstahl, innen aus langlebigem Kunststoff, h\u00e4lt er Getr\u00e4nke \u00fcber [&hellip;]\" \/>\n<meta property=\"og:url\" content=\"https:\/\/pen.eu\/en\/product\/trinkbecher-big-sur\/\" \/>\n<meta property=\"og:site_name\" content=\"PEN.EU\" \/>\n<meta property=\"article:modified_time\" content=\"2025-10-23T04:11:40+00:00\" \/>\n<meta property=\"og:image\" content=\"https:\/\/pen.eu\/wp-content\/uploads\/2024\/10\/051303211-GDD-1.jpg\" \/>\n\t<meta property=\"og:image:width\" content=\"1800\" \/>\n\t<meta property=\"og:image:height\" content=\"1800\" \/>\n\t<meta property=\"og:image:type\" content=\"image\/jpeg\" \/>\n<meta name=\"twitter:card\" content=\"summary_large_image\" \/>\n<script type=\"application\/ld+json\" class=\"yoast-schema-graph\">{\"@context\":\"https:\\\/\\\/schema.org\",\"@graph\":[{\"@type\":\"WebPage\",\"@id\":\"https:\\\/\\\/pen.eu\\\/produkt\\\/trinkbecher-big-sur\\\/\",\"url\":\"https:\\\/\\\/pen.eu\\\/produkt\\\/trinkbecher-big-sur\\\/\",\"name\":\"Trinkbecher \\\"Big Sur\\\" - PEN.EU\",\"isPartOf\":{\"@id\":\"https:\\\/\\\/pen.eu\\\/#website\"},\"primaryImageOfPage\":{\"@id\":\"https:\\\/\\\/pen.eu\\\/produkt\\\/trinkbecher-big-sur\\\/#primaryimage\"},\"image\":{\"@id\":\"https:\\\/\\\/pen.eu\\\/produkt\\\/trinkbecher-big-sur\\\/#primaryimage\"},\"thumbnailUrl\":\"https:\\\/\\\/pen.eu\\\/wp-content\\\/uploads\\\/2024\\\/10\\\/051303211-GDD-1.jpg\",\"datePublished\":\"2024-10-25T08:08:02+00:00\",\"dateModified\":\"2025-10-23T04:11:40+00:00\",\"breadcrumb\":{\"@id\":\"https:\\\/\\\/pen.eu\\\/produkt\\\/trinkbecher-big-sur\\\/#breadcrumb\"},\"inLanguage\":\"en-US\",\"potentialAction\":[{\"@type\":\"ReadAction\",\"target\":[\"https:\\\/\\\/pen.eu\\\/produkt\\\/trinkbecher-big-sur\\\/\"]}]},{\"@type\":\"ImageObject\",\"inLanguage\":\"en-US\",\"@id\":\"https:\\\/\\\/pen.eu\\\/produkt\\\/trinkbecher-big-sur\\\/#primaryimage\",\"url\":\"https:\\\/\\\/pen.eu\\\/wp-content\\\/uploads\\\/2024\\\/10\\\/051303211-GDD-1.jpg\",\"contentUrl\":\"https:\\\/\\\/pen.eu\\\/wp-content\\\/uploads\\\/2024\\\/10\\\/051303211-GDD-1.jpg\",\"width\":1800,\"height\":1800},{\"@type\":\"BreadcrumbList\",\"@id\":\"https:\\\/\\\/pen.eu\\\/produkt\\\/trinkbecher-big-sur\\\/#breadcrumb\",\"itemListElement\":[{\"@type\":\"ListItem\",\"position\":1,\"name\":\"Home\",\"item\":\"https:\\\/\\\/pen.eu\\\/\"},{\"@type\":\"ListItem\",\"position\":2,\"name\":\"Shop\",\"item\":\"https:\\\/\\\/pen.eu\\\/ch\\\/shop\\\/\"},{\"@type\":\"ListItem\",\"position\":3,\"name\":\"Trinkbecher &#8220;Big Sur&#8221;\"}]},{\"@type\":\"WebSite\",\"@id\":\"https:\\\/\\\/pen.eu\\\/#website\",\"url\":\"https:\\\/\\\/pen.eu\\\/\",\"name\":\"PEN.EU\",\"description\":\"Kugelschreiber bedrucken mit Logo | pen.eu\",\"potentialAction\":[{\"@type\":\"SearchAction\",\"target\":{\"@type\":\"EntryPoint\",\"urlTemplate\":\"https:\\\/\\\/pen.eu\\\/?s={search_term_string}\"},\"query-input\":{\"@type\":\"PropertyValueSpecification\",\"valueRequired\":true,\"valueName\":\"search_term_string\"}}],\"inLanguage\":\"en-US\"}]}<\/script>\n<!-- \/ Yoast SEO plugin. -->","yoast_head_json":{"title":"Trinkbecher \"Big Sur\" - PEN.EU","robots":{"index":"index","follow":"follow","max-snippet":"max-snippet:-1","max-image-preview":"max-image-preview:large","max-video-preview":"max-video-preview:-1"},"canonical":"https:\/\/pen.eu\/en\/product\/trinkbecher-big-sur\/","og_locale":"en_US","og_type":"article","og_title":"Trinkbecher \"Big Sur\" - PEN.EU","og_description":"Machen Sie Ihre Marke unvergesslich \u2013 mit dem Big Sur 475 ml Thermobecher. Dieser markante Edelstahl-Reisebecher bringt Ihr Logo gro\u00df raus und begleitet Ihre Zielgruppe stilvoll durch den Tag. Dank seines schmalen Bodens passt er in die meisten Autobecherhalter \u2013 ideal f\u00fcr Pendler. Au\u00dfen aus robustem Edelstahl, innen aus langlebigem Kunststoff, h\u00e4lt er Getr\u00e4nke \u00fcber [&hellip;]","og_url":"https:\/\/pen.eu\/en\/product\/trinkbecher-big-sur\/","og_site_name":"PEN.EU","article_modified_time":"2025-10-23T04:11:40+00:00","og_image":[{"width":1800,"height":1800,"url":"https:\/\/pen.eu\/wp-content\/uploads\/2024\/10\/051303211-GDD-1.jpg","type":"image\/jpeg"}],"twitter_card":"summary_large_image","schema":{"@context":"https:\/\/schema.org","@graph":[{"@type":"WebPage","@id":"https:\/\/pen.eu\/produkt\/trinkbecher-big-sur\/","url":"https:\/\/pen.eu\/produkt\/trinkbecher-big-sur\/","name":"Trinkbecher \"Big Sur\" - PEN.EU","isPartOf":{"@id":"https:\/\/pen.eu\/#website"},"primaryImageOfPage":{"@id":"https:\/\/pen.eu\/produkt\/trinkbecher-big-sur\/#primaryimage"},"image":{"@id":"https:\/\/pen.eu\/produkt\/trinkbecher-big-sur\/#primaryimage"},"thumbnailUrl":"https:\/\/pen.eu\/wp-content\/uploads\/2024\/10\/051303211-GDD-1.jpg","datePublished":"2024-10-25T08:08:02+00:00","dateModified":"2025-10-23T04:11:40+00:00","breadcrumb":{"@id":"https:\/\/pen.eu\/produkt\/trinkbecher-big-sur\/#breadcrumb"},"inLanguage":"en-US","potentialAction":[{"@type":"ReadAction","target":["https:\/\/pen.eu\/produkt\/trinkbecher-big-sur\/"]}]},{"@type":"ImageObject","inLanguage":"en-US","@id":"https:\/\/pen.eu\/produkt\/trinkbecher-big-sur\/#primaryimage","url":"https:\/\/pen.eu\/wp-content\/uploads\/2024\/10\/051303211-GDD-1.jpg","contentUrl":"https:\/\/pen.eu\/wp-content\/uploads\/2024\/10\/051303211-GDD-1.jpg","width":1800,"height":1800},{"@type":"BreadcrumbList","@id":"https:\/\/pen.eu\/produkt\/trinkbecher-big-sur\/#breadcrumb","itemListElement":[{"@type":"ListItem","position":1,"name":"Home","item":"https:\/\/pen.eu\/"},{"@type":"ListItem","position":2,"name":"Shop","item":"https:\/\/pen.eu\/ch\/shop\/"},{"@type":"ListItem","position":3,"name":"Trinkbecher &#8220;Big Sur&#8221;"}]},{"@type":"WebSite","@id":"https:\/\/pen.eu\/#website","url":"https:\/\/pen.eu\/","name":"PEN.EU","description":"Kugelschreiber bedrucken mit Logo | pen.eu","potentialAction":[{"@type":"SearchAction","target":{"@type":"EntryPoint","urlTemplate":"https:\/\/pen.eu\/?s={search_term_string}"},"query-input":{"@type":"PropertyValueSpecification","valueRequired":true,"valueName":"search_term_string"}}],"inLanguage":"en-US"}]}},"_links":{"self":[{"href":"https:\/\/pen.eu\/en\/wp-json\/wp\/v2\/product\/8257","targetHints":{"allow":["GET"]}}],"collection":[{"href":"https:\/\/pen.eu\/en\/wp-json\/wp\/v2\/product"}],"about":[{"href":"https:\/\/pen.eu\/en\/wp-json\/wp\/v2\/types\/product"}],"replies":[{"embeddable":true,"href":"https:\/\/pen.eu\/en\/wp-json\/wp\/v2\/comments?post=8257"}],"wp:featuredmedia":[{"embeddable":true,"href":"https:\/\/pen.eu\/en\/wp-json\/wp\/v2\/media\/8291"}],"wp:attachment":[{"href":"https:\/\/pen.eu\/en\/wp-json\/wp\/v2\/media?parent=8257"}],"wp:term":[{"taxonomy":"product_brand","embeddable":true,"href":"https:\/\/pen.eu\/en\/wp-json\/wp\/v2\/product_brand?post=8257"},{"taxonomy":"product_cat","embeddable":true,"href":"https:\/\/pen.eu\/en\/wp-json\/wp\/v2\/product_cat?post=8257"},{"taxonomy":"product_tag","embeddable":true,"href":"https:\/\/pen.eu\/en\/wp-json\/wp\/v2\/product_tag?post=8257"}],"curies":[{"name":"wp","href":"https:\/\/api.w.org\/{rel}","templated":true}]}}