{"id":8385,"date":"2024-10-26T18:33:45","date_gmt":"2024-10-26T16:33:45","guid":{"rendered":"https:\/\/v2.frank-pen.de\/?post_type=product&#038;p=8385"},"modified":"2025-09-30T14:55:22","modified_gmt":"2025-09-30T12:55:22","slug":"tasse-bella","status":"publish","type":"product","link":"https:\/\/pen.eu\/en\/product\/tasse-bella\/","title":{"rendered":"Mug \u201cBella\u201d"},"content":{"rendered":"<p>The Bella \u2013 180 ml ceramic cup without handle combines minimalist design with stylish coffee enjoyment. Its matte exterior gives it a modern look, while the glossy interior creates a refined contrast. Compatible with all standard coffee machines, it adapts flexibly to your brewing habits. With a capacity of 180 ml, it\u2019s perfect for your daily caffeine fix. Delivered in an elegant gift box, this trendy cup is not only functional but also a stylish gift. Sleek, practical, and well-designed \u2013 a perfect addition to any coffee break. Hand wash recommended!<\/p>","protected":false},"excerpt":{"rendered":"<p>Der Bella \u2013 180 ml Keramikbecher ohne Henkel vereint minimalistisches Design mit stilvollem Kaffeegenuss. Die matte Au\u00dfenseite verleiht ihm eine moderne Optik, w\u00e4hrend die gl\u00e4nzende Innenseite einen edlen Kontrast setzt. Kompatibel mit allen g\u00e4ngigen Kaffeemaschinen, passt er sich flexibel Ihren Br\u00fchgewohnheiten an. Mit einem Fassungsverm\u00f6gen von 180 ml ist er ideal f\u00fcr die t\u00e4gliche Portion [&hellip;]<\/p>\n","protected":false},"featured_media":8392,"comment_status":"open","ping_status":"closed","template":"","meta":[],"product_brand":[],"product_cat":[248],"product_tag":[402,683,792,687,831,401,818,684],"class_list":{"0":"post-8385","1":"product","2":"type-product","3":"status-publish","4":"has-post-thumbnail","6":"product_cat-trinkgefaesse","7":"product_tag-bella","8":"product_tag-designcup","9":"product_tag-left-49","10":"product_tag-logomiddle","11":"product_tag-mtop-56","12":"product_tag-mvf","13":"product_tag-top-48","14":"product_tag-widesize","15":"pa_farbe-creme","16":"pa_farbe-grau","17":"pa_farbe-schwarz","18":"pa_material-keramik","19":"pa_mindestmenge-369","20":"pa_werbeanbringung-siebdruck","22":"first","23":"instock","24":"taxable","25":"shipping-taxable","26":"purchasable","27":"product-type-variable","28":"add-to-wishlist-after_add_to_cart"},"yoast_head":"<!-- This site is optimized with the Yoast SEO plugin v27.4 - https:\/\/yoast.com\/product\/yoast-seo-wordpress\/ -->\n<title>Tasse &quot;Bella&quot; - PEN.EU<\/title>\n<meta name=\"robots\" content=\"index, follow, max-snippet:-1, max-image-preview:large, max-video-preview:-1\" \/>\n<link rel=\"canonical\" href=\"https:\/\/pen.eu\/en\/product\/tasse-bella\/\" \/>\n<meta property=\"og:locale\" content=\"en_US\" \/>\n<meta property=\"og:type\" content=\"article\" \/>\n<meta property=\"og:title\" content=\"Tasse &quot;Bella&quot; - PEN.EU\" \/>\n<meta property=\"og:description\" content=\"Der Bella \u2013 180 ml Keramikbecher ohne Henkel vereint minimalistisches Design mit stilvollem Kaffeegenuss. Die matte Au\u00dfenseite verleiht ihm eine moderne Optik, w\u00e4hrend die gl\u00e4nzende Innenseite einen edlen Kontrast setzt. Kompatibel mit allen g\u00e4ngigen Kaffeemaschinen, passt er sich flexibel Ihren Br\u00fchgewohnheiten an. Mit einem Fassungsverm\u00f6gen von 180 ml ist er ideal f\u00fcr die t\u00e4gliche Portion [&hellip;]\" \/>\n<meta property=\"og:url\" content=\"https:\/\/pen.eu\/en\/product\/tasse-bella\/\" \/>\n<meta property=\"og:site_name\" content=\"PEN.EU\" \/>\n<meta property=\"article:modified_time\" content=\"2025-09-30T12:55:22+00:00\" \/>\n<meta property=\"og:image\" content=\"https:\/\/pen.eu\/wp-content\/uploads\/2024\/10\/0513038-GS.jpg\" \/>\n\t<meta property=\"og:image:width\" content=\"1800\" \/>\n\t<meta property=\"og:image:height\" content=\"1800\" \/>\n\t<meta property=\"og:image:type\" content=\"image\/jpeg\" \/>\n<meta name=\"twitter:card\" content=\"summary_large_image\" \/>\n<script type=\"application\/ld+json\" class=\"yoast-schema-graph\">{\"@context\":\"https:\\\/\\\/schema.org\",\"@graph\":[{\"@type\":\"WebPage\",\"@id\":\"https:\\\/\\\/pen.eu\\\/produkt\\\/tasse-bella\\\/\",\"url\":\"https:\\\/\\\/pen.eu\\\/produkt\\\/tasse-bella\\\/\",\"name\":\"Tasse \\\"Bella\\\" - PEN.EU\",\"isPartOf\":{\"@id\":\"https:\\\/\\\/pen.eu\\\/#website\"},\"primaryImageOfPage\":{\"@id\":\"https:\\\/\\\/pen.eu\\\/produkt\\\/tasse-bella\\\/#primaryimage\"},\"image\":{\"@id\":\"https:\\\/\\\/pen.eu\\\/produkt\\\/tasse-bella\\\/#primaryimage\"},\"thumbnailUrl\":\"https:\\\/\\\/pen.eu\\\/wp-content\\\/uploads\\\/2024\\\/10\\\/0513038-GS.jpg\",\"datePublished\":\"2024-10-26T16:33:45+00:00\",\"dateModified\":\"2025-09-30T12:55:22+00:00\",\"breadcrumb\":{\"@id\":\"https:\\\/\\\/pen.eu\\\/produkt\\\/tasse-bella\\\/#breadcrumb\"},\"inLanguage\":\"en-US\",\"potentialAction\":[{\"@type\":\"ReadAction\",\"target\":[\"https:\\\/\\\/pen.eu\\\/produkt\\\/tasse-bella\\\/\"]}]},{\"@type\":\"ImageObject\",\"inLanguage\":\"en-US\",\"@id\":\"https:\\\/\\\/pen.eu\\\/produkt\\\/tasse-bella\\\/#primaryimage\",\"url\":\"https:\\\/\\\/pen.eu\\\/wp-content\\\/uploads\\\/2024\\\/10\\\/0513038-GS.jpg\",\"contentUrl\":\"https:\\\/\\\/pen.eu\\\/wp-content\\\/uploads\\\/2024\\\/10\\\/0513038-GS.jpg\",\"width\":1800,\"height\":1800},{\"@type\":\"BreadcrumbList\",\"@id\":\"https:\\\/\\\/pen.eu\\\/produkt\\\/tasse-bella\\\/#breadcrumb\",\"itemListElement\":[{\"@type\":\"ListItem\",\"position\":1,\"name\":\"Home\",\"item\":\"https:\\\/\\\/pen.eu\\\/\"},{\"@type\":\"ListItem\",\"position\":2,\"name\":\"Shop\",\"item\":\"https:\\\/\\\/pen.eu\\\/ch\\\/shop\\\/\"},{\"@type\":\"ListItem\",\"position\":3,\"name\":\"Tasse &#8220;Bella&#8221;\"}]},{\"@type\":\"WebSite\",\"@id\":\"https:\\\/\\\/pen.eu\\\/#website\",\"url\":\"https:\\\/\\\/pen.eu\\\/\",\"name\":\"PEN.EU\",\"description\":\"Kugelschreiber bedrucken mit Logo | pen.eu\",\"potentialAction\":[{\"@type\":\"SearchAction\",\"target\":{\"@type\":\"EntryPoint\",\"urlTemplate\":\"https:\\\/\\\/pen.eu\\\/?s={search_term_string}\"},\"query-input\":{\"@type\":\"PropertyValueSpecification\",\"valueRequired\":true,\"valueName\":\"search_term_string\"}}],\"inLanguage\":\"en-US\"}]}<\/script>\n<!-- \/ Yoast SEO plugin. -->","yoast_head_json":{"title":"Tasse \"Bella\" - PEN.EU","robots":{"index":"index","follow":"follow","max-snippet":"max-snippet:-1","max-image-preview":"max-image-preview:large","max-video-preview":"max-video-preview:-1"},"canonical":"https:\/\/pen.eu\/en\/product\/tasse-bella\/","og_locale":"en_US","og_type":"article","og_title":"Tasse \"Bella\" - PEN.EU","og_description":"Der Bella \u2013 180 ml Keramikbecher ohne Henkel vereint minimalistisches Design mit stilvollem Kaffeegenuss. Die matte Au\u00dfenseite verleiht ihm eine moderne Optik, w\u00e4hrend die gl\u00e4nzende Innenseite einen edlen Kontrast setzt. Kompatibel mit allen g\u00e4ngigen Kaffeemaschinen, passt er sich flexibel Ihren Br\u00fchgewohnheiten an. Mit einem Fassungsverm\u00f6gen von 180 ml ist er ideal f\u00fcr die t\u00e4gliche Portion [&hellip;]","og_url":"https:\/\/pen.eu\/en\/product\/tasse-bella\/","og_site_name":"PEN.EU","article_modified_time":"2025-09-30T12:55:22+00:00","og_image":[{"width":1800,"height":1800,"url":"https:\/\/pen.eu\/wp-content\/uploads\/2024\/10\/0513038-GS.jpg","type":"image\/jpeg"}],"twitter_card":"summary_large_image","schema":{"@context":"https:\/\/schema.org","@graph":[{"@type":"WebPage","@id":"https:\/\/pen.eu\/produkt\/tasse-bella\/","url":"https:\/\/pen.eu\/produkt\/tasse-bella\/","name":"Tasse \"Bella\" - PEN.EU","isPartOf":{"@id":"https:\/\/pen.eu\/#website"},"primaryImageOfPage":{"@id":"https:\/\/pen.eu\/produkt\/tasse-bella\/#primaryimage"},"image":{"@id":"https:\/\/pen.eu\/produkt\/tasse-bella\/#primaryimage"},"thumbnailUrl":"https:\/\/pen.eu\/wp-content\/uploads\/2024\/10\/0513038-GS.jpg","datePublished":"2024-10-26T16:33:45+00:00","dateModified":"2025-09-30T12:55:22+00:00","breadcrumb":{"@id":"https:\/\/pen.eu\/produkt\/tasse-bella\/#breadcrumb"},"inLanguage":"en-US","potentialAction":[{"@type":"ReadAction","target":["https:\/\/pen.eu\/produkt\/tasse-bella\/"]}]},{"@type":"ImageObject","inLanguage":"en-US","@id":"https:\/\/pen.eu\/produkt\/tasse-bella\/#primaryimage","url":"https:\/\/pen.eu\/wp-content\/uploads\/2024\/10\/0513038-GS.jpg","contentUrl":"https:\/\/pen.eu\/wp-content\/uploads\/2024\/10\/0513038-GS.jpg","width":1800,"height":1800},{"@type":"BreadcrumbList","@id":"https:\/\/pen.eu\/produkt\/tasse-bella\/#breadcrumb","itemListElement":[{"@type":"ListItem","position":1,"name":"Home","item":"https:\/\/pen.eu\/"},{"@type":"ListItem","position":2,"name":"Shop","item":"https:\/\/pen.eu\/ch\/shop\/"},{"@type":"ListItem","position":3,"name":"Tasse &#8220;Bella&#8221;"}]},{"@type":"WebSite","@id":"https:\/\/pen.eu\/#website","url":"https:\/\/pen.eu\/","name":"PEN.EU","description":"Kugelschreiber bedrucken mit Logo | pen.eu","potentialAction":[{"@type":"SearchAction","target":{"@type":"EntryPoint","urlTemplate":"https:\/\/pen.eu\/?s={search_term_string}"},"query-input":{"@type":"PropertyValueSpecification","valueRequired":true,"valueName":"search_term_string"}}],"inLanguage":"en-US"}]}},"_links":{"self":[{"href":"https:\/\/pen.eu\/en\/wp-json\/wp\/v2\/product\/8385","targetHints":{"allow":["GET"]}}],"collection":[{"href":"https:\/\/pen.eu\/en\/wp-json\/wp\/v2\/product"}],"about":[{"href":"https:\/\/pen.eu\/en\/wp-json\/wp\/v2\/types\/product"}],"replies":[{"embeddable":true,"href":"https:\/\/pen.eu\/en\/wp-json\/wp\/v2\/comments?post=8385"}],"wp:featuredmedia":[{"embeddable":true,"href":"https:\/\/pen.eu\/en\/wp-json\/wp\/v2\/media\/8392"}],"wp:attachment":[{"href":"https:\/\/pen.eu\/en\/wp-json\/wp\/v2\/media?parent=8385"}],"wp:term":[{"taxonomy":"product_brand","embeddable":true,"href":"https:\/\/pen.eu\/en\/wp-json\/wp\/v2\/product_brand?post=8385"},{"taxonomy":"product_cat","embeddable":true,"href":"https:\/\/pen.eu\/en\/wp-json\/wp\/v2\/product_cat?post=8385"},{"taxonomy":"product_tag","embeddable":true,"href":"https:\/\/pen.eu\/en\/wp-json\/wp\/v2\/product_tag?post=8385"}],"curies":[{"name":"wp","href":"https:\/\/api.w.org\/{rel}","templated":true}]}}