{"id":8396,"date":"2024-10-26T19:00:35","date_gmt":"2024-10-26T17:00:35","guid":{"rendered":"https:\/\/v2.frank-pen.de\/?post_type=product&#038;p=8396"},"modified":"2025-09-30T14:55:22","modified_gmt":"2025-09-30T12:55:22","slug":"tasse-lir","status":"publish","type":"product","link":"https:\/\/pen.eu\/en\/product\/tasse-lir\/","title":{"rendered":"Mug \u201cLir\u201d"},"content":{"rendered":"<p>Our Lir ceramic mug \u2013 355 ml with a colored C-handle is sure to become your customers\u2019 favorite! Thanks to screen printing, your promotional message, logo, or company name will stand out beautifully on this stylish coffee mug. Available in timeless colors, the mug combines functionality with a strong brand presence. Hand wash recommended.<\/p>","protected":false},"excerpt":{"rendered":"<p>Our Lir ceramic mug \u2013 355 ml with a colored C-handle is sure to become your customers\u2019 favorite! Thanks to screen printing, your promotional message, logo, or company name will stand out beautifully on this stylish coffee mug. Available in timeless colors, the mug combines functionality with a strong brand presence. Hand wash recommended.<\/p>","protected":false},"featured_media":8404,"comment_status":"open","ping_status":"closed","template":"","meta":[],"product_brand":[],"product_cat":[248],"product_tag":[683,803,687,831,405,404,689,685],"class_list":{"0":"post-8396","1":"product","2":"type-product","3":"status-publish","4":"has-post-thumbnail","6":"product_cat-trinkgefaesse","7":"product_tag-designcup","8":"product_tag-left-43","9":"product_tag-logomiddle","10":"product_tag-mtop-56","11":"product_tag-mul","12":"product_tag-santos","13":"product_tag-slimsize","14":"product_tag-withhandle","15":"pa_farbe-blau","16":"pa_farbe-gruen","17":"pa_farbe-rot","18":"pa_farbe-schwarz","19":"pa_material-keramik","20":"pa_mindestmenge-403","21":"pa_werbeanbringung-siebdruck","23":"first","24":"instock","25":"taxable","26":"shipping-taxable","27":"purchasable","28":"product-type-variable","29":"has-default-attributes","30":"add-to-wishlist-after_add_to_cart"},"yoast_head":"<!-- This site is optimized with the Yoast SEO plugin v27.4 - https:\/\/yoast.com\/product\/yoast-seo-wordpress\/ -->\n<title>Tasse &quot;Lir&quot; - PEN.EU<\/title>\n<meta name=\"robots\" content=\"index, follow, max-snippet:-1, max-image-preview:large, max-video-preview:-1\" \/>\n<link rel=\"canonical\" href=\"https:\/\/pen.eu\/en\/product\/tasse-lir\/\" \/>\n<meta property=\"og:locale\" content=\"en_US\" \/>\n<meta property=\"og:type\" content=\"article\" \/>\n<meta property=\"og:title\" content=\"Tasse &quot;Lir&quot; - PEN.EU\" \/>\n<meta property=\"og:description\" content=\"Unsere Lir Keramiktasse \u2013 355 ml mit farbigem C-Henkel wird garantiert zum Lieblingsbecher Ihrer Kunden! Dank Siebdruck kommt Ihre Werbebotschaft, Ihr Logo oder Firmenname auf diesem formsch\u00f6nen Kaffeebecher besonders gut zur Geltung. Erh\u00e4ltlich in zeitlosen Farben, vereint die Tasse Funktionalit\u00e4t mit einem starken Markenauftritt. Wir empfehlen Handw\u00e4sche.\" \/>\n<meta property=\"og:url\" content=\"https:\/\/pen.eu\/en\/product\/tasse-lir\/\" \/>\n<meta property=\"og:site_name\" content=\"PEN.EU\" \/>\n<meta property=\"article:modified_time\" content=\"2025-09-30T12:55:22+00:00\" \/>\n<meta property=\"og:image\" content=\"https:\/\/pen.eu\/wp-content\/uploads\/2024\/10\/051303911-GS.jpg\" \/>\n\t<meta property=\"og:image:width\" content=\"1800\" \/>\n\t<meta property=\"og:image:height\" content=\"1800\" \/>\n\t<meta property=\"og:image:type\" content=\"image\/jpeg\" \/>\n<meta name=\"twitter:card\" content=\"summary_large_image\" \/>\n<script type=\"application\/ld+json\" class=\"yoast-schema-graph\">{\"@context\":\"https:\\\/\\\/schema.org\",\"@graph\":[{\"@type\":\"WebPage\",\"@id\":\"https:\\\/\\\/pen.eu\\\/produkt\\\/tasse-lir\\\/\",\"url\":\"https:\\\/\\\/pen.eu\\\/produkt\\\/tasse-lir\\\/\",\"name\":\"Tasse \\\"Lir\\\" - PEN.EU\",\"isPartOf\":{\"@id\":\"https:\\\/\\\/pen.eu\\\/#website\"},\"primaryImageOfPage\":{\"@id\":\"https:\\\/\\\/pen.eu\\\/produkt\\\/tasse-lir\\\/#primaryimage\"},\"image\":{\"@id\":\"https:\\\/\\\/pen.eu\\\/produkt\\\/tasse-lir\\\/#primaryimage\"},\"thumbnailUrl\":\"https:\\\/\\\/pen.eu\\\/wp-content\\\/uploads\\\/2024\\\/10\\\/051303911-GS.jpg\",\"datePublished\":\"2024-10-26T17:00:35+00:00\",\"dateModified\":\"2025-09-30T12:55:22+00:00\",\"breadcrumb\":{\"@id\":\"https:\\\/\\\/pen.eu\\\/produkt\\\/tasse-lir\\\/#breadcrumb\"},\"inLanguage\":\"en-US\",\"potentialAction\":[{\"@type\":\"ReadAction\",\"target\":[\"https:\\\/\\\/pen.eu\\\/produkt\\\/tasse-lir\\\/\"]}]},{\"@type\":\"ImageObject\",\"inLanguage\":\"en-US\",\"@id\":\"https:\\\/\\\/pen.eu\\\/produkt\\\/tasse-lir\\\/#primaryimage\",\"url\":\"https:\\\/\\\/pen.eu\\\/wp-content\\\/uploads\\\/2024\\\/10\\\/051303911-GS.jpg\",\"contentUrl\":\"https:\\\/\\\/pen.eu\\\/wp-content\\\/uploads\\\/2024\\\/10\\\/051303911-GS.jpg\",\"width\":1800,\"height\":1800},{\"@type\":\"BreadcrumbList\",\"@id\":\"https:\\\/\\\/pen.eu\\\/produkt\\\/tasse-lir\\\/#breadcrumb\",\"itemListElement\":[{\"@type\":\"ListItem\",\"position\":1,\"name\":\"Home\",\"item\":\"https:\\\/\\\/pen.eu\\\/\"},{\"@type\":\"ListItem\",\"position\":2,\"name\":\"Shop\",\"item\":\"https:\\\/\\\/pen.eu\\\/ch\\\/shop\\\/\"},{\"@type\":\"ListItem\",\"position\":3,\"name\":\"Tasse &#8220;Lir&#8221;\"}]},{\"@type\":\"WebSite\",\"@id\":\"https:\\\/\\\/pen.eu\\\/#website\",\"url\":\"https:\\\/\\\/pen.eu\\\/\",\"name\":\"PEN.EU\",\"description\":\"Kugelschreiber bedrucken mit Logo | pen.eu\",\"potentialAction\":[{\"@type\":\"SearchAction\",\"target\":{\"@type\":\"EntryPoint\",\"urlTemplate\":\"https:\\\/\\\/pen.eu\\\/?s={search_term_string}\"},\"query-input\":{\"@type\":\"PropertyValueSpecification\",\"valueRequired\":true,\"valueName\":\"search_term_string\"}}],\"inLanguage\":\"en-US\"}]}<\/script>\n<!-- \/ Yoast SEO plugin. -->","yoast_head_json":{"title":"Tasse \"Lir\" - PEN.EU","robots":{"index":"index","follow":"follow","max-snippet":"max-snippet:-1","max-image-preview":"max-image-preview:large","max-video-preview":"max-video-preview:-1"},"canonical":"https:\/\/pen.eu\/en\/product\/tasse-lir\/","og_locale":"en_US","og_type":"article","og_title":"Tasse \"Lir\" - PEN.EU","og_description":"Unsere Lir Keramiktasse \u2013 355 ml mit farbigem C-Henkel wird garantiert zum Lieblingsbecher Ihrer Kunden! Dank Siebdruck kommt Ihre Werbebotschaft, Ihr Logo oder Firmenname auf diesem formsch\u00f6nen Kaffeebecher besonders gut zur Geltung. Erh\u00e4ltlich in zeitlosen Farben, vereint die Tasse Funktionalit\u00e4t mit einem starken Markenauftritt. Wir empfehlen Handw\u00e4sche.","og_url":"https:\/\/pen.eu\/en\/product\/tasse-lir\/","og_site_name":"PEN.EU","article_modified_time":"2025-09-30T12:55:22+00:00","og_image":[{"width":1800,"height":1800,"url":"https:\/\/pen.eu\/wp-content\/uploads\/2024\/10\/051303911-GS.jpg","type":"image\/jpeg"}],"twitter_card":"summary_large_image","schema":{"@context":"https:\/\/schema.org","@graph":[{"@type":"WebPage","@id":"https:\/\/pen.eu\/produkt\/tasse-lir\/","url":"https:\/\/pen.eu\/produkt\/tasse-lir\/","name":"Tasse \"Lir\" - PEN.EU","isPartOf":{"@id":"https:\/\/pen.eu\/#website"},"primaryImageOfPage":{"@id":"https:\/\/pen.eu\/produkt\/tasse-lir\/#primaryimage"},"image":{"@id":"https:\/\/pen.eu\/produkt\/tasse-lir\/#primaryimage"},"thumbnailUrl":"https:\/\/pen.eu\/wp-content\/uploads\/2024\/10\/051303911-GS.jpg","datePublished":"2024-10-26T17:00:35+00:00","dateModified":"2025-09-30T12:55:22+00:00","breadcrumb":{"@id":"https:\/\/pen.eu\/produkt\/tasse-lir\/#breadcrumb"},"inLanguage":"en-US","potentialAction":[{"@type":"ReadAction","target":["https:\/\/pen.eu\/produkt\/tasse-lir\/"]}]},{"@type":"ImageObject","inLanguage":"en-US","@id":"https:\/\/pen.eu\/produkt\/tasse-lir\/#primaryimage","url":"https:\/\/pen.eu\/wp-content\/uploads\/2024\/10\/051303911-GS.jpg","contentUrl":"https:\/\/pen.eu\/wp-content\/uploads\/2024\/10\/051303911-GS.jpg","width":1800,"height":1800},{"@type":"BreadcrumbList","@id":"https:\/\/pen.eu\/produkt\/tasse-lir\/#breadcrumb","itemListElement":[{"@type":"ListItem","position":1,"name":"Home","item":"https:\/\/pen.eu\/"},{"@type":"ListItem","position":2,"name":"Shop","item":"https:\/\/pen.eu\/ch\/shop\/"},{"@type":"ListItem","position":3,"name":"Tasse &#8220;Lir&#8221;"}]},{"@type":"WebSite","@id":"https:\/\/pen.eu\/#website","url":"https:\/\/pen.eu\/","name":"PEN.EU","description":"Kugelschreiber bedrucken mit Logo | pen.eu","potentialAction":[{"@type":"SearchAction","target":{"@type":"EntryPoint","urlTemplate":"https:\/\/pen.eu\/?s={search_term_string}"},"query-input":{"@type":"PropertyValueSpecification","valueRequired":true,"valueName":"search_term_string"}}],"inLanguage":"en-US"}]}},"_links":{"self":[{"href":"https:\/\/pen.eu\/en\/wp-json\/wp\/v2\/product\/8396","targetHints":{"allow":["GET"]}}],"collection":[{"href":"https:\/\/pen.eu\/en\/wp-json\/wp\/v2\/product"}],"about":[{"href":"https:\/\/pen.eu\/en\/wp-json\/wp\/v2\/types\/product"}],"replies":[{"embeddable":true,"href":"https:\/\/pen.eu\/en\/wp-json\/wp\/v2\/comments?post=8396"}],"wp:featuredmedia":[{"embeddable":true,"href":"https:\/\/pen.eu\/en\/wp-json\/wp\/v2\/media\/8404"}],"wp:attachment":[{"href":"https:\/\/pen.eu\/en\/wp-json\/wp\/v2\/media?parent=8396"}],"wp:term":[{"taxonomy":"product_brand","embeddable":true,"href":"https:\/\/pen.eu\/en\/wp-json\/wp\/v2\/product_brand?post=8396"},{"taxonomy":"product_cat","embeddable":true,"href":"https:\/\/pen.eu\/en\/wp-json\/wp\/v2\/product_cat?post=8396"},{"taxonomy":"product_tag","embeddable":true,"href":"https:\/\/pen.eu\/en\/wp-json\/wp\/v2\/product_tag?post=8396"}],"curies":[{"name":"wp","href":"https:\/\/api.w.org\/{rel}","templated":true}]}}