{"id":11212,"date":"2024-12-13T10:52:04","date_gmt":"2024-12-13T09:52:04","guid":{"rendered":"https:\/\/v2.frank-pen.de\/?page_id=11212"},"modified":"2025-03-11T12:20:10","modified_gmt":"2025-03-11T11:20:10","slug":"versandkosten","status":"publish","type":"page","link":"https:\/\/pen.eu\/es\/versandkosten\/","title":{"rendered":"Gastos de env\u00edo"},"content":{"rendered":"<p><strong>Unsere Versandkosten<\/strong><\/p>\n\n\n\n<p>Mit unserer Mission: <em>Wir machen&#8217;s einfach!<\/em> versenden wir stets <strong>versandkostenfrei <\/strong>\u2013 unabh\u00e4ngig von Anzahl und Gewicht der Pakete und ohne Mindestbestellwert \u2013 an eine Adresse innerhalb der unten aufgef\u00fchrten Liefergebiete.<\/p>\n\n\n\n<p>Bitte beachten Sie: Bei Musterbestellungen fallen Versandkosten an. Innerhalb Deutschlands betragen diese 6,90 \u20ac zzgl. 19 % MwSt., in allen weiteren Liefergebieten 8,90 \u20ac zzgl. 19 % MwSt. Die jeweilige Muster-Pauschale wird im Warenkorb angezeigt. Lieferungen in die Schweiz und nach Liechtenstein erfolgen stets DAP (unverzollt).<br><br><strong>Unsere aktuellen Liefergebiete<\/strong><br><br>Deutschland (inkl. Inseln), \u00d6sterreich, Schweiz, Liechtenstein, Spanien (inkl. Inseln), Italien und Frankreich <\/p>\n\n\n\n<p><strong>Gesch\u00e4tzter Versandtermin<\/strong><\/p>\n\n\n\n<p>Der voraussichtliche Versandtermin gibt an, wann Ihre Bestellung unser Werk verl\u00e4sst. Um eine schnelle Lieferung sicherzustellen, k\u00f6nnen Bestellungen mit mehreren Artikeln in Teillieferungen aufgeteilt werden.<\/p>\n\n\n\n<p><strong>Liefergebiete<\/strong><\/p>\n\n\n\n<p>Dank unserer kontinuierlichen Expansion in Europa vergr\u00f6\u00dfern wir unsere Liefergebiete fortlaufend. Falls Ihr gew\u00fcnschtes Versandland nicht aufgef\u00fchrt ist, kontaktieren Sie uns bitte vor Ihrer Bestellung.<\/p>\n\n\n\n<p><\/p>\n\n\n\n<p><\/p>","protected":false},"excerpt":{"rendered":"<p>Unsere Versandkosten Mit unserer Mission: Wir machen&#8217;s einfach! versenden wir stets versandkostenfrei \u2013 unabh\u00e4ngig von Anzahl und Gewicht der Pakete und ohne Mindestbestellwert \u2013 an eine Adresse innerhalb der unten aufgef\u00fchrten Liefergebiete. Bitte beachten Sie: Bei Musterbestellungen fallen Versandkosten an. Innerhalb Deutschlands betragen diese 6,90 \u20ac zzgl. 19 % MwSt., in allen weiteren Liefergebieten 8,90 [&hellip;]<\/p>\n","protected":false},"author":1,"featured_media":0,"parent":0,"menu_order":0,"comment_status":"closed","ping_status":"closed","template":"","meta":{"footnotes":""},"class_list":["post-11212","page","type-page","status-publish","hentry"],"yoast_head":"<!-- This site is optimized with the Yoast SEO plugin v27.3 - https:\/\/yoast.com\/product\/yoast-seo-wordpress\/ -->\n<title>Versandkosten - PEN.EU<\/title>\n<meta name=\"robots\" content=\"index, follow, max-snippet:-1, max-image-preview:large, max-video-preview:-1\" \/>\n<link rel=\"canonical\" href=\"https:\/\/pen.eu\/es\/versandkosten\/\" \/>\n<meta property=\"og:locale\" content=\"es_ES\" \/>\n<meta property=\"og:type\" content=\"article\" \/>\n<meta property=\"og:title\" content=\"Versandkosten - PEN.EU\" \/>\n<meta property=\"og:description\" content=\"Unsere Versandkosten Mit unserer Mission: Wir machen&#8217;s einfach! versenden wir stets versandkostenfrei \u2013 unabh\u00e4ngig von Anzahl und Gewicht der Pakete und ohne Mindestbestellwert \u2013 an eine Adresse innerhalb der unten aufgef\u00fchrten Liefergebiete. Bitte beachten Sie: Bei Musterbestellungen fallen Versandkosten an. Innerhalb Deutschlands betragen diese 6,90 \u20ac zzgl. 19 % MwSt., in allen weiteren Liefergebieten 8,90 [&hellip;]\" \/>\n<meta property=\"og:url\" content=\"https:\/\/pen.eu\/es\/versandkosten\/\" \/>\n<meta property=\"og:site_name\" content=\"PEN.EU\" \/>\n<meta property=\"article:modified_time\" content=\"2025-03-11T11:20:10+00:00\" \/>\n<meta name=\"twitter:card\" content=\"summary_large_image\" \/>\n<meta name=\"twitter:label1\" content=\"Tiempo de lectura\" \/>\n\t<meta name=\"twitter:data1\" content=\"1 minuto\" \/>\n<script type=\"application\/ld+json\" class=\"yoast-schema-graph\">{\"@context\":\"https:\\\/\\\/schema.org\",\"@graph\":[{\"@type\":\"WebPage\",\"@id\":\"https:\\\/\\\/pen.eu\\\/es\\\/versandkosten\\\/\",\"url\":\"https:\\\/\\\/pen.eu\\\/es\\\/versandkosten\\\/\",\"name\":\"Versandkosten - PEN.EU\",\"isPartOf\":{\"@id\":\"https:\\\/\\\/pen.eu\\\/#website\"},\"datePublished\":\"2024-12-13T09:52:04+00:00\",\"dateModified\":\"2025-03-11T11:20:10+00:00\",\"breadcrumb\":{\"@id\":\"https:\\\/\\\/pen.eu\\\/es\\\/versandkosten\\\/#breadcrumb\"},\"inLanguage\":\"es\",\"potentialAction\":[{\"@type\":\"ReadAction\",\"target\":[\"https:\\\/\\\/pen.eu\\\/es\\\/versandkosten\\\/\"]}]},{\"@type\":\"BreadcrumbList\",\"@id\":\"https:\\\/\\\/pen.eu\\\/es\\\/versandkosten\\\/#breadcrumb\",\"itemListElement\":[{\"@type\":\"ListItem\",\"position\":1,\"name\":\"Home\",\"item\":\"https:\\\/\\\/pen.eu\\\/\"},{\"@type\":\"ListItem\",\"position\":2,\"name\":\"Versandkosten\"}]},{\"@type\":\"WebSite\",\"@id\":\"https:\\\/\\\/pen.eu\\\/#website\",\"url\":\"https:\\\/\\\/pen.eu\\\/\",\"name\":\"PEN.EU\",\"description\":\"Kugelschreiber bedrucken mit Logo | pen.eu\",\"potentialAction\":[{\"@type\":\"SearchAction\",\"target\":{\"@type\":\"EntryPoint\",\"urlTemplate\":\"https:\\\/\\\/pen.eu\\\/?s={search_term_string}\"},\"query-input\":{\"@type\":\"PropertyValueSpecification\",\"valueRequired\":true,\"valueName\":\"search_term_string\"}}],\"inLanguage\":\"es\"}]}<\/script>\n<!-- \/ Yoast SEO plugin. -->","yoast_head_json":{"title":"Versandkosten - PEN.EU","robots":{"index":"index","follow":"follow","max-snippet":"max-snippet:-1","max-image-preview":"max-image-preview:large","max-video-preview":"max-video-preview:-1"},"canonical":"https:\/\/pen.eu\/es\/versandkosten\/","og_locale":"es_ES","og_type":"article","og_title":"Versandkosten - PEN.EU","og_description":"Unsere Versandkosten Mit unserer Mission: Wir machen&#8217;s einfach! versenden wir stets versandkostenfrei \u2013 unabh\u00e4ngig von Anzahl und Gewicht der Pakete und ohne Mindestbestellwert \u2013 an eine Adresse innerhalb der unten aufgef\u00fchrten Liefergebiete. Bitte beachten Sie: Bei Musterbestellungen fallen Versandkosten an. Innerhalb Deutschlands betragen diese 6,90 \u20ac zzgl. 19 % MwSt., in allen weiteren Liefergebieten 8,90 [&hellip;]","og_url":"https:\/\/pen.eu\/es\/versandkosten\/","og_site_name":"PEN.EU","article_modified_time":"2025-03-11T11:20:10+00:00","twitter_card":"summary_large_image","twitter_misc":{"Tiempo de lectura":"1 minuto"},"schema":{"@context":"https:\/\/schema.org","@graph":[{"@type":"WebPage","@id":"https:\/\/pen.eu\/es\/versandkosten\/","url":"https:\/\/pen.eu\/es\/versandkosten\/","name":"Versandkosten - PEN.EU","isPartOf":{"@id":"https:\/\/pen.eu\/#website"},"datePublished":"2024-12-13T09:52:04+00:00","dateModified":"2025-03-11T11:20:10+00:00","breadcrumb":{"@id":"https:\/\/pen.eu\/es\/versandkosten\/#breadcrumb"},"inLanguage":"es","potentialAction":[{"@type":"ReadAction","target":["https:\/\/pen.eu\/es\/versandkosten\/"]}]},{"@type":"BreadcrumbList","@id":"https:\/\/pen.eu\/es\/versandkosten\/#breadcrumb","itemListElement":[{"@type":"ListItem","position":1,"name":"Home","item":"https:\/\/pen.eu\/"},{"@type":"ListItem","position":2,"name":"Versandkosten"}]},{"@type":"WebSite","@id":"https:\/\/pen.eu\/#website","url":"https:\/\/pen.eu\/","name":"PEN.EU","description":"Kugelschreiber bedrucken mit Logo | pen.eu","potentialAction":[{"@type":"SearchAction","target":{"@type":"EntryPoint","urlTemplate":"https:\/\/pen.eu\/?s={search_term_string}"},"query-input":{"@type":"PropertyValueSpecification","valueRequired":true,"valueName":"search_term_string"}}],"inLanguage":"es"}]}},"_links":{"self":[{"href":"https:\/\/pen.eu\/es\/wp-json\/wp\/v2\/pages\/11212","targetHints":{"allow":["GET"]}}],"collection":[{"href":"https:\/\/pen.eu\/es\/wp-json\/wp\/v2\/pages"}],"about":[{"href":"https:\/\/pen.eu\/es\/wp-json\/wp\/v2\/types\/page"}],"author":[{"embeddable":true,"href":"https:\/\/pen.eu\/es\/wp-json\/wp\/v2\/users\/1"}],"replies":[{"embeddable":true,"href":"https:\/\/pen.eu\/es\/wp-json\/wp\/v2\/comments?post=11212"}],"version-history":[{"count":9,"href":"https:\/\/pen.eu\/es\/wp-json\/wp\/v2\/pages\/11212\/revisions"}],"predecessor-version":[{"id":11316,"href":"https:\/\/pen.eu\/es\/wp-json\/wp\/v2\/pages\/11212\/revisions\/11316"}],"wp:attachment":[{"href":"https:\/\/pen.eu\/es\/wp-json\/wp\/v2\/media?parent=11212"}],"curies":[{"name":"wp","href":"https:\/\/api.w.org\/{rel}","templated":true}]}}