{"id":11236,"date":"2024-12-13T14:42:57","date_gmt":"2024-12-13T13:42:57","guid":{"rendered":"https:\/\/v2.frank-pen.de\/?page_id=11236"},"modified":"2025-11-21T13:41:12","modified_gmt":"2025-11-21T12:41:12","slug":"ueber-uns","status":"publish","type":"page","link":"https:\/\/pen.eu\/es\/ueber-uns\/","title":{"rendered":"Sobre nosotros"},"content":{"rendered":"<section class=\"vc_section porto-section porto-inner-container py-0\"><div class=\"container\">\n\n<div class=\"wp-block-columns mb-5 is-layout-flex wp-container-core-columns-is-layout-9d6595d7 wp-block-columns-is-layout-flex\">\n<div class=\"wp-block-column is-layout-flow wp-block-column-is-layout-flow\" style=\"flex-basis:41.6666%\">\n<figure class=\"wp-block-image size-full\"><img fetchpriority=\"high\" decoding=\"async\" width=\"640\" height=\"420\" src=\"https:\/\/pen.eu\/wp-content\/uploads\/2025\/06\/wittenberg-1.jpg\" alt=\"\" class=\"wp-image-12937\" srcset=\"https:\/\/pen.eu\/wp-content\/uploads\/2025\/06\/wittenberg-1.jpg 640w, https:\/\/pen.eu\/wp-content\/uploads\/2025\/06\/wittenberg-1-600x394.jpg 600w, https:\/\/pen.eu\/wp-content\/uploads\/2025\/06\/wittenberg-1-400x263.jpg 400w\" sizes=\"(max-width: 640px) 100vw, 640px\" \/><\/figure>\n<\/div>\n\n\n\n<div class=\"wp-block-column is-layout-flow wp-block-column-is-layout-flow\" style=\"flex-basis:58.3333%\"><h2 class=\"porto-heading mb-4\" style=\"font-size:1.875rem;font-weight:400;\">En casa en la ciudad de Mart\u00edn Lutero.<\/h2>\n\n\n<p>Desde 2011, nos dedicamos con pasi\u00f3n al desarrollo y la producci\u00f3n de bol\u00edgrafos personalizados. Lo que empez\u00f3 como FRANK PEN ha evolucionado hasta convertirse en Europe Pen GmbH, una empresa consolidada en el sector de los art\u00edculos promocionales. Nuestro objetivo: redefinir el mercado promocional a trav\u00e9s de la sencillez.\nPara lograrlo, ofrecemos una cuidada selecci\u00f3n de instrumentos de escritura, botellas reutilizables, bolsas y cuadernos perfectos para mostrar el mensaje de tu marca con estilo e impacto.<\/p>\n\n\n\n<p><\/p>\n\n\n\n<p>A diferencia de muchos competidores, apostamos por la transparencia: sin costes de env\u00edo dentro de Europa, sin tarifas por logotipo y sin llamadas comerciales insistentes. \u00a1Prometido!<\/p>\n\n\n\n<p><\/p>\n\n\n\n<p>Tanto si eres un peque\u00f1o empresario que busca soluciones promocionales asequibles, un responsable de marketing que quiere reforzar su marca o un profesional de ferias que desea causar una impresi\u00f3n duradera. PEN.EU es tu socio\u00a0de\u00a0confianza.<\/p>\n<\/div>\n<\/div>\n\n\n\n<div class=\"wp-block-columns mb-5 is-layout-flex wp-container-core-columns-is-layout-9d6595d7 wp-block-columns-is-layout-flex\">\n<div class=\"wp-block-column order-sms-2 is-layout-flow wp-block-column-is-layout-flow\" style=\"flex-basis:41.6666%\">\n<figure class=\"wp-block-image size-full\"><img decoding=\"async\" width=\"640\" height=\"420\" src=\"https:\/\/pen.eu\/wp-content\/uploads\/2025\/06\/produktion-2.jpg\" alt=\"\" class=\"wp-image-12934\" srcset=\"https:\/\/pen.eu\/wp-content\/uploads\/2025\/06\/produktion-2.jpg 640w, https:\/\/pen.eu\/wp-content\/uploads\/2025\/06\/produktion-2-600x394.jpg 600w, https:\/\/pen.eu\/wp-content\/uploads\/2025\/06\/produktion-2-400x263.jpg 400w\" sizes=\"(max-width: 640px) 100vw, 640px\" \/><\/figure>\n<\/div>\n\n\n\n<div class=\"wp-block-column is-layout-flow wp-block-column-is-layout-flow\" style=\"flex-basis:58.3333%\"><h2 class=\"porto-heading mb-4\" style=\"font-size:1.875rem;font-weight:400;\">Producci\u00f3n en Europa.<\/h2>\n\n\n<p>En PEN.EU, nos comprometemos a reducir al m\u00e1ximo nuestra huella ecol\u00f3gica. Por eso, todos nuestros procesos de impresi\u00f3n y grabado se realizan exclusivamente en Europa, con eficiencia, responsabilidad medioambiental y altos est\u00e1ndares de calidad.\nGracias a seis tecnolog\u00edas de acabado de \u00faltima generaci\u00f3n tampograf\u00eda, serigraf\u00eda, impresi\u00f3n digital, grabado l\u00e1ser, entre otras gestionamos hasta 90.000 impresiones y 70.000 grabados diarios, de forma puntual y fiable<\/p>\n\n\n\n<p><\/p>\n\n\n\n<p>Actualmente almacenamos m\u00e1s de 3.000.000 de art\u00edculos publicitarios personalizables listos para ser r\u00e1pidamente acabados seg\u00fan las especificaciones del cliente. Esta infraestructura bien dise\u00f1ada y eficiente no solo permite tiempos de entrega cortos y gran flexibilidad, sino que tambi\u00e9n contribuye de manera valiosa a la sostenibilidad en el sector de los productos promocionales.<\/p>\n<\/div>\n<\/div>\n\n\n\n<div class=\"wp-block-columns mb-5 is-layout-flex wp-container-core-columns-is-layout-9d6595d7 wp-block-columns-is-layout-flex\">\n<div class=\"wp-block-column is-layout-flow wp-block-column-is-layout-flow\" style=\"flex-basis:41.6666%\"><div class=\"porto-carousel owl-carousel has-ccols ccols-xl-1 ccols-lg-1 ccols-md-1 ccols-sm-1 ccols-1\" data-plugin-options=\"{&quot;themeConfig&quot;:true,&quot;stagePadding&quot;:0,&quot;margin&quot;:0,&quot;autoplay&quot;:false,&quot;mouseDrag&quot;:true,&quot;touchDrag&quot;:true,&quot;autoplayTimeout&quot;:5000,&quot;autoplayHoverPause&quot;:false,&quot;items&quot;:1,&quot;xl&quot;:1,&quot;lg&quot;:1,&quot;md&quot;:1,&quot;sm&quot;:1,&quot;xs&quot;:1,&quot;nav&quot;:false,&quot;dots&quot;:true,&quot;animateIn&quot;:&quot;&quot;,&quot;animateOut&quot;:&quot;&quot;,&quot;loop&quot;:false,&quot;center&quot;:false,&quot;video&quot;:false,&quot;lazyLoad&quot;:false,&quot;fullscreen&quot;:false}\">\n\n<figure class=\"wp-block-image size-full mb-0\"><img decoding=\"async\" width=\"641\" height=\"420\" src=\"https:\/\/pen.eu\/wp-content\/uploads\/2025\/06\/map.jpg\" alt=\"\" class=\"wp-image-12935\" srcset=\"https:\/\/pen.eu\/wp-content\/uploads\/2025\/06\/map.jpg 641w, https:\/\/pen.eu\/wp-content\/uploads\/2025\/06\/map-600x393.jpg 600w, https:\/\/pen.eu\/wp-content\/uploads\/2025\/06\/map-400x262.jpg 400w\" sizes=\"(max-width: 641px) 100vw, 641px\" \/><\/figure>\n\n<\/div><\/div>\n\n\n\n<div class=\"wp-block-column is-layout-flow wp-block-column-is-layout-flow\" style=\"flex-basis:58.3333%\"><h2 class=\"porto-heading mb-4\" style=\"font-size:1.875rem;font-weight:400;\">Atenci\u00f3n al cliente en toda Europa.<\/h2>\n\n\n<p>Desde 2023 estamos ampliando estrat\u00e9gicamente nuestras actividades en el mercado europeo con un enfoque especial en Alemania, Austria, Suiza y Espa\u00f1a (pen\u00ednsula y Baleares). En estas regiones ganamos constantemente nuevos clientes entusiastas que valoran no solo la alta calidad de nuestros instrumentos de escritura, sino tambi\u00e9n nuestro servicio personal y fiable.<\/p>\n\n\n\n<p><\/p>\n\n\n\n<p>Pero no nos detenemos ah\u00ed: en los pr\u00f3ximos tres a\u00f1os ampliaremos a\u00fan m\u00e1s nuestra presencia y ofreceremos nuestros productos y nuestro servicio de atenci\u00f3n al cliente tambi\u00e9n en los Pa\u00edses Bajos, Francia, Italia y B\u00e9lgica por supuesto en el idioma local y adaptados a las necesidades espec\u00edficas de cada mercado.\n\nNuestro objetivo: cercan\u00eda con el cliente, calidad sin concesiones y soluciones personalizadas para cada marca. Compru\u00e9belo usted mismo \u2013 <em>your brand, your pen!<\/em> <\/p>\n\n\n\n<p><\/p>\n\n\n\n<p>Estado map: mayo 2025<\/p>\n<\/div>\n<\/div>\n\n<\/div><\/section>","protected":false},"excerpt":{"rendered":"","protected":false},"author":1,"featured_media":11238,"parent":0,"menu_order":0,"comment_status":"closed","ping_status":"closed","template":"","meta":{"footnotes":""},"class_list":["post-11236","page","type-page","status-publish","has-post-thumbnail","hentry"],"yoast_head":"<!-- This site is optimized with the Yoast SEO plugin v27.4 - https:\/\/yoast.com\/product\/yoast-seo-wordpress\/ -->\n<title>Europ\u00e4ische Qualit\u00e4ts-Werbeartikel &amp; Pers\u00f6nliche Schreibger\u00e4te<\/title>\n<meta name=\"description\" content=\"Erfahren Sie mehr \u00fcber PEN EU: Individuelle Schreibger\u00e4te, nachhaltige Produktion in Europa und erstklassiger Kundenservice f\u00fcr Ihre Markenpr\u00e4senz.\" \/>\n<meta name=\"robots\" content=\"index, follow, max-snippet:-1, max-image-preview:large, max-video-preview:-1\" \/>\n<link rel=\"canonical\" href=\"https:\/\/pen.eu\/es\/ueber-uns\/\" \/>\n<meta property=\"og:locale\" content=\"es_ES\" \/>\n<meta property=\"og:type\" content=\"article\" \/>\n<meta property=\"og:title\" content=\"Europ\u00e4ische Qualit\u00e4ts-Werbeartikel &amp; Pers\u00f6nliche Schreibger\u00e4te\" \/>\n<meta property=\"og:description\" content=\"Erfahren Sie mehr \u00fcber PEN EU: Individuelle Schreibger\u00e4te, nachhaltige Produktion in Europa und erstklassiger Kundenservice f\u00fcr Ihre Markenpr\u00e4senz.\" \/>\n<meta property=\"og:url\" content=\"https:\/\/pen.eu\/es\/ueber-uns\/\" \/>\n<meta property=\"og:site_name\" content=\"PEN.EU\" \/>\n<meta property=\"article:modified_time\" content=\"2025-11-21T12:41:12+00:00\" \/>\n<meta property=\"og:image\" content=\"https:\/\/pen.eu\/wp-content\/uploads\/2024\/12\/wittenberg-1.jpg\" \/>\n\t<meta property=\"og:image:width\" content=\"640\" \/>\n\t<meta property=\"og:image:height\" content=\"420\" \/>\n\t<meta property=\"og:image:type\" content=\"image\/jpeg\" \/>\n<meta name=\"twitter:card\" content=\"summary_large_image\" \/>\n<meta name=\"twitter:label1\" content=\"Tiempo de lectura\" \/>\n\t<meta name=\"twitter:data1\" content=\"3 minutos\" \/>\n<script type=\"application\/ld+json\" class=\"yoast-schema-graph\">{\"@context\":\"https:\\\/\\\/schema.org\",\"@graph\":[{\"@type\":\"WebPage\",\"@id\":\"https:\\\/\\\/pen.eu\\\/ueber-uns\\\/\",\"url\":\"https:\\\/\\\/pen.eu\\\/ueber-uns\\\/\",\"name\":\"Europ\u00e4ische Qualit\u00e4ts-Werbeartikel & Pers\u00f6nliche Schreibger\u00e4te\",\"isPartOf\":{\"@id\":\"https:\\\/\\\/pen.eu\\\/#website\"},\"primaryImageOfPage\":{\"@id\":\"https:\\\/\\\/pen.eu\\\/ueber-uns\\\/#primaryimage\"},\"image\":{\"@id\":\"https:\\\/\\\/pen.eu\\\/ueber-uns\\\/#primaryimage\"},\"thumbnailUrl\":\"https:\\\/\\\/pen.eu\\\/wp-content\\\/uploads\\\/2024\\\/12\\\/wittenberg-1.jpg\",\"datePublished\":\"2024-12-13T13:42:57+00:00\",\"dateModified\":\"2025-11-21T12:41:12+00:00\",\"description\":\"Erfahren Sie mehr \u00fcber PEN EU: Individuelle Schreibger\u00e4te, nachhaltige Produktion in Europa und erstklassiger Kundenservice f\u00fcr Ihre Markenpr\u00e4senz.\",\"breadcrumb\":{\"@id\":\"https:\\\/\\\/pen.eu\\\/ueber-uns\\\/#breadcrumb\"},\"inLanguage\":\"es\",\"potentialAction\":[{\"@type\":\"ReadAction\",\"target\":[\"https:\\\/\\\/pen.eu\\\/ueber-uns\\\/\"]}]},{\"@type\":\"ImageObject\",\"inLanguage\":\"es\",\"@id\":\"https:\\\/\\\/pen.eu\\\/ueber-uns\\\/#primaryimage\",\"url\":\"https:\\\/\\\/pen.eu\\\/wp-content\\\/uploads\\\/2024\\\/12\\\/wittenberg-1.jpg\",\"contentUrl\":\"https:\\\/\\\/pen.eu\\\/wp-content\\\/uploads\\\/2024\\\/12\\\/wittenberg-1.jpg\",\"width\":640,\"height\":420},{\"@type\":\"BreadcrumbList\",\"@id\":\"https:\\\/\\\/pen.eu\\\/ueber-uns\\\/#breadcrumb\",\"itemListElement\":[{\"@type\":\"ListItem\",\"position\":1,\"name\":\"Home\",\"item\":\"https:\\\/\\\/pen.eu\\\/\"},{\"@type\":\"ListItem\",\"position\":2,\"name\":\"\u00dcber uns\"}]},{\"@type\":\"WebSite\",\"@id\":\"https:\\\/\\\/pen.eu\\\/#website\",\"url\":\"https:\\\/\\\/pen.eu\\\/\",\"name\":\"PEN.EU\",\"description\":\"Kugelschreiber bedrucken mit Logo | pen.eu\",\"potentialAction\":[{\"@type\":\"SearchAction\",\"target\":{\"@type\":\"EntryPoint\",\"urlTemplate\":\"https:\\\/\\\/pen.eu\\\/?s={search_term_string}\"},\"query-input\":{\"@type\":\"PropertyValueSpecification\",\"valueRequired\":true,\"valueName\":\"search_term_string\"}}],\"inLanguage\":\"es\"}]}<\/script>\n<!-- \/ Yoast SEO plugin. -->","yoast_head_json":{"title":"Europ\u00e4ische Qualit\u00e4ts-Werbeartikel & Pers\u00f6nliche Schreibger\u00e4te","description":"Erfahren Sie mehr \u00fcber PEN EU: Individuelle Schreibger\u00e4te, nachhaltige Produktion in Europa und erstklassiger Kundenservice f\u00fcr Ihre Markenpr\u00e4senz.","robots":{"index":"index","follow":"follow","max-snippet":"max-snippet:-1","max-image-preview":"max-image-preview:large","max-video-preview":"max-video-preview:-1"},"canonical":"https:\/\/pen.eu\/es\/ueber-uns\/","og_locale":"es_ES","og_type":"article","og_title":"Europ\u00e4ische Qualit\u00e4ts-Werbeartikel & Pers\u00f6nliche Schreibger\u00e4te","og_description":"Erfahren Sie mehr \u00fcber PEN EU: Individuelle Schreibger\u00e4te, nachhaltige Produktion in Europa und erstklassiger Kundenservice f\u00fcr Ihre Markenpr\u00e4senz.","og_url":"https:\/\/pen.eu\/es\/ueber-uns\/","og_site_name":"PEN.EU","article_modified_time":"2025-11-21T12:41:12+00:00","og_image":[{"width":640,"height":420,"url":"https:\/\/pen.eu\/wp-content\/uploads\/2024\/12\/wittenberg-1.jpg","type":"image\/jpeg"}],"twitter_card":"summary_large_image","twitter_misc":{"Tiempo de lectura":"3 minutos"},"schema":{"@context":"https:\/\/schema.org","@graph":[{"@type":"WebPage","@id":"https:\/\/pen.eu\/ueber-uns\/","url":"https:\/\/pen.eu\/ueber-uns\/","name":"Europ\u00e4ische Qualit\u00e4ts-Werbeartikel & Pers\u00f6nliche Schreibger\u00e4te","isPartOf":{"@id":"https:\/\/pen.eu\/#website"},"primaryImageOfPage":{"@id":"https:\/\/pen.eu\/ueber-uns\/#primaryimage"},"image":{"@id":"https:\/\/pen.eu\/ueber-uns\/#primaryimage"},"thumbnailUrl":"https:\/\/pen.eu\/wp-content\/uploads\/2024\/12\/wittenberg-1.jpg","datePublished":"2024-12-13T13:42:57+00:00","dateModified":"2025-11-21T12:41:12+00:00","description":"Erfahren Sie mehr \u00fcber PEN EU: Individuelle Schreibger\u00e4te, nachhaltige Produktion in Europa und erstklassiger Kundenservice f\u00fcr Ihre Markenpr\u00e4senz.","breadcrumb":{"@id":"https:\/\/pen.eu\/ueber-uns\/#breadcrumb"},"inLanguage":"es","potentialAction":[{"@type":"ReadAction","target":["https:\/\/pen.eu\/ueber-uns\/"]}]},{"@type":"ImageObject","inLanguage":"es","@id":"https:\/\/pen.eu\/ueber-uns\/#primaryimage","url":"https:\/\/pen.eu\/wp-content\/uploads\/2024\/12\/wittenberg-1.jpg","contentUrl":"https:\/\/pen.eu\/wp-content\/uploads\/2024\/12\/wittenberg-1.jpg","width":640,"height":420},{"@type":"BreadcrumbList","@id":"https:\/\/pen.eu\/ueber-uns\/#breadcrumb","itemListElement":[{"@type":"ListItem","position":1,"name":"Home","item":"https:\/\/pen.eu\/"},{"@type":"ListItem","position":2,"name":"\u00dcber uns"}]},{"@type":"WebSite","@id":"https:\/\/pen.eu\/#website","url":"https:\/\/pen.eu\/","name":"PEN.EU","description":"Kugelschreiber bedrucken mit Logo | pen.eu","potentialAction":[{"@type":"SearchAction","target":{"@type":"EntryPoint","urlTemplate":"https:\/\/pen.eu\/?s={search_term_string}"},"query-input":{"@type":"PropertyValueSpecification","valueRequired":true,"valueName":"search_term_string"}}],"inLanguage":"es"}]}},"_links":{"self":[{"href":"https:\/\/pen.eu\/es\/wp-json\/wp\/v2\/pages\/11236","targetHints":{"allow":["GET"]}}],"collection":[{"href":"https:\/\/pen.eu\/es\/wp-json\/wp\/v2\/pages"}],"about":[{"href":"https:\/\/pen.eu\/es\/wp-json\/wp\/v2\/types\/page"}],"author":[{"embeddable":true,"href":"https:\/\/pen.eu\/es\/wp-json\/wp\/v2\/users\/1"}],"replies":[{"embeddable":true,"href":"https:\/\/pen.eu\/es\/wp-json\/wp\/v2\/comments?post=11236"}],"version-history":[{"count":15,"href":"https:\/\/pen.eu\/es\/wp-json\/wp\/v2\/pages\/11236\/revisions"}],"predecessor-version":[{"id":17213,"href":"https:\/\/pen.eu\/es\/wp-json\/wp\/v2\/pages\/11236\/revisions\/17213"}],"wp:featuredmedia":[{"embeddable":true,"href":"https:\/\/pen.eu\/es\/wp-json\/wp\/v2\/media\/11238"}],"wp:attachment":[{"href":"https:\/\/pen.eu\/es\/wp-json\/wp\/v2\/media?parent=11236"}],"curies":[{"name":"wp","href":"https:\/\/api.w.org\/{rel}","templated":true}]}}