{"id":101,"date":"2024-09-19T09:15:17","date_gmt":"2024-09-19T07:15:17","guid":{"rendered":"https:\/\/v2.frank-pen.de\/produkt\/kugelschreiber-york\/"},"modified":"2026-01-22T07:38:25","modified_gmt":"2026-01-22T06:38:25","slug":"kugelschreiber-paragon-color","status":"publish","type":"product","link":"https:\/\/pen.eu\/es\/producto\/kugelschreiber-paragon-color\/","title":{"rendered":"Bol\u00edgrafo \u201cParagon Color\u201d"},"content":{"rendered":"<p>El bol\u00edgrafo Paragon Color, con stylus en el extremo superior, combina una agradable sensaci\u00f3n soft-touch con una tecnolog\u00eda pr\u00e1ctica. Su superficie engomada proporciona una escritura c\u00f3moda, mientras que la punta stylus en el pulsador facilita el uso de pantallas t\u00e1ctiles. Equipado con una recarga de gran capacidad (FMA) y tinta indeleble, ofrece una experiencia de escritura fluida e intensa de hasta 2.000 metros.<\/p>","protected":false},"excerpt":{"rendered":"<p>El bol\u00edgrafo Paragon Color, con stylus en el extremo superior, combina una agradable sensaci\u00f3n soft-touch con una tecnolog\u00eda pr\u00e1ctica. Su superficie engomada proporciona una escritura c\u00f3moda, mientras que la punta stylus en el pulsador facilita el uso de pantallas t\u00e1ctiles. Equipado con una recarga de gran capacidad (FMA) y tinta indeleble, ofrece una experiencia de escritura fluida e intensa de hasta 2.000 metros.<\/p>","protected":false},"featured_media":102,"comment_status":"open","ping_status":"closed","template":"","meta":[],"product_brand":[],"product_cat":[309,247],"product_tag":[782,763,657],"class_list":{"0":"post-101","1":"product","2":"type-product","3":"status-publish","4":"has-post-thumbnail","6":"product_cat-kugelschreiber-aus-metall","7":"product_cat-schreibgeraete","8":"product_tag-left-63","9":"product_tag-mgy","10":"product_tag-shortpen","11":"pa_eigenschaft-dokumentenecht","12":"pa_eigenschaft-soft-touch","13":"pa_eigenschaft-stylus","14":"pa_farbe-blau","15":"pa_farbe-gelb","16":"pa_farbe-grau","17":"pa_farbe-hellblau","18":"pa_farbe-hellgruen","19":"pa_farbe-marine","20":"pa_farbe-orange","21":"pa_farbe-rot","22":"pa_farbe-schwarz","23":"pa_farbe-weiss","24":"pa_material-metall","25":"pa_mindestmenge-24","26":"pa_minenfarbe-blau","27":"pa_minenfarbe-schwarz","28":"pa_werbeanbringung-digitaldruck","29":"pa_werbeanbringung-lasergravur","31":"first","32":"instock","33":"taxable","34":"shipping-taxable","35":"purchasable","36":"product-type-variable","37":"has-default-attributes","38":"add-to-wishlist-after_add_to_cart"},"yoast_head":"<!-- This site is optimized with the Yoast SEO plugin v27.4 - https:\/\/yoast.com\/product\/yoast-seo-wordpress\/ -->\n<title>Kugelschreiber &quot;Paragon Color&quot; - PEN.EU<\/title>\n<meta name=\"robots\" content=\"index, follow, max-snippet:-1, max-image-preview:large, max-video-preview:-1\" \/>\n<link rel=\"canonical\" href=\"https:\/\/pen.eu\/es\/producto\/kugelschreiber-paragon-color\/\" \/>\n<meta property=\"og:locale\" content=\"es_ES\" \/>\n<meta property=\"og:type\" content=\"article\" \/>\n<meta property=\"og:title\" content=\"Kugelschreiber &quot;Paragon Color&quot; - PEN.EU\" \/>\n<meta property=\"og:description\" content=\"Der Paragon Color Kugelschreiber, mit Stylus am oberen Ende, vereint angenehme Soft-Touch-Haptik mit praktischer Technik. Die gummierte Oberfl\u00e4che sorgt f\u00fcr ein komfortables Schreibgef\u00fchl, w\u00e4hrend die Stylus-Spitze auf dem Dr\u00fccker die Nutzung von Touchscreens erleichtert. Ausgestattet mit einer Gro\u00dfraummine (FMA) und dokumentenechter Tinte erm\u00f6glicht er ein fl\u00fcssiges und intensives Schreibvergn\u00fcgen von bis zu 2.000 Metern.\" \/>\n<meta property=\"og:url\" content=\"https:\/\/pen.eu\/es\/producto\/kugelschreiber-paragon-color\/\" \/>\n<meta property=\"og:site_name\" content=\"PEN.EU\" \/>\n<meta property=\"article:modified_time\" content=\"2026-01-22T06:38:25+00:00\" \/>\n<meta property=\"og:image\" content=\"https:\/\/pen.eu\/wp-content\/uploads\/2024\/09\/051104608-GDD.jpg\" \/>\n\t<meta property=\"og:image:width\" content=\"1800\" \/>\n\t<meta property=\"og:image:height\" content=\"1800\" \/>\n\t<meta property=\"og:image:type\" content=\"image\/jpeg\" \/>\n<meta name=\"twitter:card\" content=\"summary_large_image\" \/>\n<script type=\"application\/ld+json\" class=\"yoast-schema-graph\">{\"@context\":\"https:\\\/\\\/schema.org\",\"@graph\":[{\"@type\":\"WebPage\",\"@id\":\"https:\\\/\\\/pen.eu\\\/produkt\\\/kugelschreiber-paragon-color\\\/\",\"url\":\"https:\\\/\\\/pen.eu\\\/produkt\\\/kugelschreiber-paragon-color\\\/\",\"name\":\"Kugelschreiber \\\"Paragon Color\\\" - PEN.EU\",\"isPartOf\":{\"@id\":\"https:\\\/\\\/pen.eu\\\/#website\"},\"primaryImageOfPage\":{\"@id\":\"https:\\\/\\\/pen.eu\\\/produkt\\\/kugelschreiber-paragon-color\\\/#primaryimage\"},\"image\":{\"@id\":\"https:\\\/\\\/pen.eu\\\/produkt\\\/kugelschreiber-paragon-color\\\/#primaryimage\"},\"thumbnailUrl\":\"https:\\\/\\\/pen.eu\\\/wp-content\\\/uploads\\\/2024\\\/09\\\/051104608-GDD.jpg\",\"datePublished\":\"2024-09-19T07:15:17+00:00\",\"dateModified\":\"2026-01-22T06:38:25+00:00\",\"breadcrumb\":{\"@id\":\"https:\\\/\\\/pen.eu\\\/produkt\\\/kugelschreiber-paragon-color\\\/#breadcrumb\"},\"inLanguage\":\"es\",\"potentialAction\":[{\"@type\":\"ReadAction\",\"target\":[\"https:\\\/\\\/pen.eu\\\/produkt\\\/kugelschreiber-paragon-color\\\/\"]}]},{\"@type\":\"ImageObject\",\"inLanguage\":\"es\",\"@id\":\"https:\\\/\\\/pen.eu\\\/produkt\\\/kugelschreiber-paragon-color\\\/#primaryimage\",\"url\":\"https:\\\/\\\/pen.eu\\\/wp-content\\\/uploads\\\/2024\\\/09\\\/051104608-GDD.jpg\",\"contentUrl\":\"https:\\\/\\\/pen.eu\\\/wp-content\\\/uploads\\\/2024\\\/09\\\/051104608-GDD.jpg\",\"width\":1800,\"height\":1800},{\"@type\":\"BreadcrumbList\",\"@id\":\"https:\\\/\\\/pen.eu\\\/produkt\\\/kugelschreiber-paragon-color\\\/#breadcrumb\",\"itemListElement\":[{\"@type\":\"ListItem\",\"position\":1,\"name\":\"Home\",\"item\":\"https:\\\/\\\/pen.eu\\\/\"},{\"@type\":\"ListItem\",\"position\":2,\"name\":\"Shop\",\"item\":\"https:\\\/\\\/pen.eu\\\/ch\\\/shop\\\/\"},{\"@type\":\"ListItem\",\"position\":3,\"name\":\"Kugelschreiber &#8220;Paragon Color&#8221;\"}]},{\"@type\":\"WebSite\",\"@id\":\"https:\\\/\\\/pen.eu\\\/#website\",\"url\":\"https:\\\/\\\/pen.eu\\\/\",\"name\":\"PEN.EU\",\"description\":\"Kugelschreiber bedrucken mit Logo | pen.eu\",\"potentialAction\":[{\"@type\":\"SearchAction\",\"target\":{\"@type\":\"EntryPoint\",\"urlTemplate\":\"https:\\\/\\\/pen.eu\\\/?s={search_term_string}\"},\"query-input\":{\"@type\":\"PropertyValueSpecification\",\"valueRequired\":true,\"valueName\":\"search_term_string\"}}],\"inLanguage\":\"es\"}]}<\/script>\n<!-- \/ Yoast SEO plugin. -->","yoast_head_json":{"title":"Kugelschreiber \"Paragon Color\" - PEN.EU","robots":{"index":"index","follow":"follow","max-snippet":"max-snippet:-1","max-image-preview":"max-image-preview:large","max-video-preview":"max-video-preview:-1"},"canonical":"https:\/\/pen.eu\/es\/producto\/kugelschreiber-paragon-color\/","og_locale":"es_ES","og_type":"article","og_title":"Kugelschreiber \"Paragon Color\" - PEN.EU","og_description":"Der Paragon Color Kugelschreiber, mit Stylus am oberen Ende, vereint angenehme Soft-Touch-Haptik mit praktischer Technik. Die gummierte Oberfl\u00e4che sorgt f\u00fcr ein komfortables Schreibgef\u00fchl, w\u00e4hrend die Stylus-Spitze auf dem Dr\u00fccker die Nutzung von Touchscreens erleichtert. Ausgestattet mit einer Gro\u00dfraummine (FMA) und dokumentenechter Tinte erm\u00f6glicht er ein fl\u00fcssiges und intensives Schreibvergn\u00fcgen von bis zu 2.000 Metern.","og_url":"https:\/\/pen.eu\/es\/producto\/kugelschreiber-paragon-color\/","og_site_name":"PEN.EU","article_modified_time":"2026-01-22T06:38:25+00:00","og_image":[{"width":1800,"height":1800,"url":"https:\/\/pen.eu\/wp-content\/uploads\/2024\/09\/051104608-GDD.jpg","type":"image\/jpeg"}],"twitter_card":"summary_large_image","schema":{"@context":"https:\/\/schema.org","@graph":[{"@type":"WebPage","@id":"https:\/\/pen.eu\/produkt\/kugelschreiber-paragon-color\/","url":"https:\/\/pen.eu\/produkt\/kugelschreiber-paragon-color\/","name":"Kugelschreiber \"Paragon Color\" - PEN.EU","isPartOf":{"@id":"https:\/\/pen.eu\/#website"},"primaryImageOfPage":{"@id":"https:\/\/pen.eu\/produkt\/kugelschreiber-paragon-color\/#primaryimage"},"image":{"@id":"https:\/\/pen.eu\/produkt\/kugelschreiber-paragon-color\/#primaryimage"},"thumbnailUrl":"https:\/\/pen.eu\/wp-content\/uploads\/2024\/09\/051104608-GDD.jpg","datePublished":"2024-09-19T07:15:17+00:00","dateModified":"2026-01-22T06:38:25+00:00","breadcrumb":{"@id":"https:\/\/pen.eu\/produkt\/kugelschreiber-paragon-color\/#breadcrumb"},"inLanguage":"es","potentialAction":[{"@type":"ReadAction","target":["https:\/\/pen.eu\/produkt\/kugelschreiber-paragon-color\/"]}]},{"@type":"ImageObject","inLanguage":"es","@id":"https:\/\/pen.eu\/produkt\/kugelschreiber-paragon-color\/#primaryimage","url":"https:\/\/pen.eu\/wp-content\/uploads\/2024\/09\/051104608-GDD.jpg","contentUrl":"https:\/\/pen.eu\/wp-content\/uploads\/2024\/09\/051104608-GDD.jpg","width":1800,"height":1800},{"@type":"BreadcrumbList","@id":"https:\/\/pen.eu\/produkt\/kugelschreiber-paragon-color\/#breadcrumb","itemListElement":[{"@type":"ListItem","position":1,"name":"Home","item":"https:\/\/pen.eu\/"},{"@type":"ListItem","position":2,"name":"Shop","item":"https:\/\/pen.eu\/ch\/shop\/"},{"@type":"ListItem","position":3,"name":"Kugelschreiber &#8220;Paragon Color&#8221;"}]},{"@type":"WebSite","@id":"https:\/\/pen.eu\/#website","url":"https:\/\/pen.eu\/","name":"PEN.EU","description":"Kugelschreiber bedrucken mit Logo | pen.eu","potentialAction":[{"@type":"SearchAction","target":{"@type":"EntryPoint","urlTemplate":"https:\/\/pen.eu\/?s={search_term_string}"},"query-input":{"@type":"PropertyValueSpecification","valueRequired":true,"valueName":"search_term_string"}}],"inLanguage":"es"}]}},"_links":{"self":[{"href":"https:\/\/pen.eu\/es\/wp-json\/wp\/v2\/product\/101","targetHints":{"allow":["GET"]}}],"collection":[{"href":"https:\/\/pen.eu\/es\/wp-json\/wp\/v2\/product"}],"about":[{"href":"https:\/\/pen.eu\/es\/wp-json\/wp\/v2\/types\/product"}],"replies":[{"embeddable":true,"href":"https:\/\/pen.eu\/es\/wp-json\/wp\/v2\/comments?post=101"}],"wp:featuredmedia":[{"embeddable":true,"href":"https:\/\/pen.eu\/es\/wp-json\/wp\/v2\/media\/102"}],"wp:attachment":[{"href":"https:\/\/pen.eu\/es\/wp-json\/wp\/v2\/media?parent=101"}],"wp:term":[{"taxonomy":"product_brand","embeddable":true,"href":"https:\/\/pen.eu\/es\/wp-json\/wp\/v2\/product_brand?post=101"},{"taxonomy":"product_cat","embeddable":true,"href":"https:\/\/pen.eu\/es\/wp-json\/wp\/v2\/product_cat?post=101"},{"taxonomy":"product_tag","embeddable":true,"href":"https:\/\/pen.eu\/es\/wp-json\/wp\/v2\/product_tag?post=101"}],"curies":[{"name":"wp","href":"https:\/\/api.w.org\/{rel}","templated":true}]}}