{"id":10213,"date":"2024-11-22T08:47:04","date_gmt":"2024-11-22T07:47:04","guid":{"rendered":"https:\/\/v2.frank-pen.de\/?post_type=product&#038;p=10213"},"modified":"2025-10-13T12:36:48","modified_gmt":"2025-10-13T10:36:48","slug":"reisetasche-encore","status":"publish","type":"product","link":"https:\/\/pen.eu\/es\/producto\/reisetasche-encore\/","title":{"rendered":"Bolsa de viaje \"Encore\""},"content":{"rendered":"<p>La bolsa de viaje de nuestra colecci\u00f3n combina funcionalidad con un estilo elegante y sostenible. Fabricada en poli\u00e9ster rPET 300D, representa calidad ecol\u00f3gica y dise\u00f1o moderno. Los detalles en las esquinas de color marr\u00f3n claro aportan un toque sofisticado y realzan logotipos y mensajes de marca de forma elegante. Con un asa acolchada y una correa para el hombro ajustable y desmontable, la bolsa ofrece gran comodidad de uso \u2013 ya sea de viaje, en el gimnasio o durante una escapada de fin de semana. Un art\u00edculo promocional llamativo que deja huella y genera conversaci\u00f3n.<\/p>","protected":false},"excerpt":{"rendered":"<p>Die Reisetasche aus unserer Kollektion vereint Funktionalit\u00e4t mit einem stilvollen, nachhaltigen Auftritt. Gefertigt aus 300D rPET-Polyester, steht sie f\u00fcr umweltbewusste Qualit\u00e4t und modernes Design. Die hellbraunen Eckdetails setzen einen edlen Akzent und betonen Logos und Markenbotschaften auf elegante Weise. Mit einem gepolsterten Tragegriff sowie einem verstellbaren, abnehmbaren Schultergurt bietet die Tasche hohen Tragekomfort \u2013 ob [&hellip;]<\/p>\n","protected":false},"featured_media":10221,"comment_status":"open","ping_status":"closed","template":"","meta":[],"product_brand":[],"product_cat":[249],"product_tag":[873,866,877,880,868,878,689,865,581,879,580],"class_list":{"0":"post-10213","1":"product","2":"type-product","3":"status-publish","4":"has-post-thumbnail","6":"product_cat-taschen","7":"product_tag-h-10","8":"product_tag-left-51-3","9":"product_tag-mh-6","10":"product_tag-mleft-51-1","11":"product_tag-mtop-43-5","12":"product_tag-mwidth-11","13":"product_tag-slimsize","14":"product_tag-top-45","15":"product_tag-uhb","16":"product_tag-width-20","17":"product_tag-zurich","18":"pa_farbe-grau","19":"pa_material-polyester","20":"pa_mindestmenge-315","21":"pa_werbeanbringung-digitaldruck","22":"pa_werbeanbringung-lasergravur","24":"first","25":"instock","26":"taxable","27":"shipping-taxable","28":"purchasable","29":"product-type-variable","30":"add-to-wishlist-after_add_to_cart"},"yoast_head":"<!-- This site is optimized with the Yoast SEO plugin v27.4 - https:\/\/yoast.com\/product\/yoast-seo-wordpress\/ -->\n<title>Reisetasche &quot;Encore&quot; - PEN.EU<\/title>\n<meta name=\"robots\" content=\"index, follow, max-snippet:-1, max-image-preview:large, max-video-preview:-1\" \/>\n<link rel=\"canonical\" href=\"https:\/\/pen.eu\/es\/producto\/reisetasche-encore\/\" \/>\n<meta property=\"og:locale\" content=\"es_ES\" \/>\n<meta property=\"og:type\" content=\"article\" \/>\n<meta property=\"og:title\" content=\"Reisetasche &quot;Encore&quot; - PEN.EU\" \/>\n<meta property=\"og:description\" content=\"Die Reisetasche aus unserer Kollektion vereint Funktionalit\u00e4t mit einem stilvollen, nachhaltigen Auftritt. Gefertigt aus 300D rPET-Polyester, steht sie f\u00fcr umweltbewusste Qualit\u00e4t und modernes Design. Die hellbraunen Eckdetails setzen einen edlen Akzent und betonen Logos und Markenbotschaften auf elegante Weise. Mit einem gepolsterten Tragegriff sowie einem verstellbaren, abnehmbaren Schultergurt bietet die Tasche hohen Tragekomfort \u2013 ob [&hellip;]\" \/>\n<meta property=\"og:url\" content=\"https:\/\/pen.eu\/es\/producto\/reisetasche-encore\/\" \/>\n<meta property=\"og:site_name\" content=\"PEN.EU\" \/>\n<meta property=\"article:modified_time\" content=\"2025-10-13T10:36:48+00:00\" \/>\n<meta property=\"og:image\" content=\"https:\/\/pen.eu\/wp-content\/uploads\/2024\/11\/051302019-GDD.jpg\" \/>\n\t<meta property=\"og:image:width\" content=\"1800\" \/>\n\t<meta property=\"og:image:height\" content=\"1800\" \/>\n\t<meta property=\"og:image:type\" content=\"image\/jpeg\" \/>\n<meta name=\"twitter:card\" content=\"summary_large_image\" \/>\n<script type=\"application\/ld+json\" class=\"yoast-schema-graph\">{\"@context\":\"https:\\\/\\\/schema.org\",\"@graph\":[{\"@type\":\"WebPage\",\"@id\":\"https:\\\/\\\/pen.eu\\\/produkt\\\/reisetasche-encore\\\/\",\"url\":\"https:\\\/\\\/pen.eu\\\/produkt\\\/reisetasche-encore\\\/\",\"name\":\"Reisetasche \\\"Encore\\\" - PEN.EU\",\"isPartOf\":{\"@id\":\"https:\\\/\\\/pen.eu\\\/#website\"},\"primaryImageOfPage\":{\"@id\":\"https:\\\/\\\/pen.eu\\\/produkt\\\/reisetasche-encore\\\/#primaryimage\"},\"image\":{\"@id\":\"https:\\\/\\\/pen.eu\\\/produkt\\\/reisetasche-encore\\\/#primaryimage\"},\"thumbnailUrl\":\"https:\\\/\\\/pen.eu\\\/wp-content\\\/uploads\\\/2024\\\/11\\\/051302019-GDD.jpg\",\"datePublished\":\"2024-11-22T07:47:04+00:00\",\"dateModified\":\"2025-10-13T10:36:48+00:00\",\"breadcrumb\":{\"@id\":\"https:\\\/\\\/pen.eu\\\/produkt\\\/reisetasche-encore\\\/#breadcrumb\"},\"inLanguage\":\"es\",\"potentialAction\":[{\"@type\":\"ReadAction\",\"target\":[\"https:\\\/\\\/pen.eu\\\/produkt\\\/reisetasche-encore\\\/\"]}]},{\"@type\":\"ImageObject\",\"inLanguage\":\"es\",\"@id\":\"https:\\\/\\\/pen.eu\\\/produkt\\\/reisetasche-encore\\\/#primaryimage\",\"url\":\"https:\\\/\\\/pen.eu\\\/wp-content\\\/uploads\\\/2024\\\/11\\\/051302019-GDD.jpg\",\"contentUrl\":\"https:\\\/\\\/pen.eu\\\/wp-content\\\/uploads\\\/2024\\\/11\\\/051302019-GDD.jpg\",\"width\":1800,\"height\":1800},{\"@type\":\"BreadcrumbList\",\"@id\":\"https:\\\/\\\/pen.eu\\\/produkt\\\/reisetasche-encore\\\/#breadcrumb\",\"itemListElement\":[{\"@type\":\"ListItem\",\"position\":1,\"name\":\"Home\",\"item\":\"https:\\\/\\\/pen.eu\\\/\"},{\"@type\":\"ListItem\",\"position\":2,\"name\":\"Shop\",\"item\":\"https:\\\/\\\/pen.eu\\\/ch\\\/shop\\\/\"},{\"@type\":\"ListItem\",\"position\":3,\"name\":\"Reisetasche &#8220;Encore&#8221;\"}]},{\"@type\":\"WebSite\",\"@id\":\"https:\\\/\\\/pen.eu\\\/#website\",\"url\":\"https:\\\/\\\/pen.eu\\\/\",\"name\":\"PEN.EU\",\"description\":\"Kugelschreiber bedrucken mit Logo | pen.eu\",\"potentialAction\":[{\"@type\":\"SearchAction\",\"target\":{\"@type\":\"EntryPoint\",\"urlTemplate\":\"https:\\\/\\\/pen.eu\\\/?s={search_term_string}\"},\"query-input\":{\"@type\":\"PropertyValueSpecification\",\"valueRequired\":true,\"valueName\":\"search_term_string\"}}],\"inLanguage\":\"es\"}]}<\/script>\n<!-- \/ Yoast SEO plugin. -->","yoast_head_json":{"title":"Reisetasche \"Encore\" - PEN.EU","robots":{"index":"index","follow":"follow","max-snippet":"max-snippet:-1","max-image-preview":"max-image-preview:large","max-video-preview":"max-video-preview:-1"},"canonical":"https:\/\/pen.eu\/es\/producto\/reisetasche-encore\/","og_locale":"es_ES","og_type":"article","og_title":"Reisetasche \"Encore\" - PEN.EU","og_description":"Die Reisetasche aus unserer Kollektion vereint Funktionalit\u00e4t mit einem stilvollen, nachhaltigen Auftritt. Gefertigt aus 300D rPET-Polyester, steht sie f\u00fcr umweltbewusste Qualit\u00e4t und modernes Design. Die hellbraunen Eckdetails setzen einen edlen Akzent und betonen Logos und Markenbotschaften auf elegante Weise. Mit einem gepolsterten Tragegriff sowie einem verstellbaren, abnehmbaren Schultergurt bietet die Tasche hohen Tragekomfort \u2013 ob [&hellip;]","og_url":"https:\/\/pen.eu\/es\/producto\/reisetasche-encore\/","og_site_name":"PEN.EU","article_modified_time":"2025-10-13T10:36:48+00:00","og_image":[{"width":1800,"height":1800,"url":"https:\/\/pen.eu\/wp-content\/uploads\/2024\/11\/051302019-GDD.jpg","type":"image\/jpeg"}],"twitter_card":"summary_large_image","schema":{"@context":"https:\/\/schema.org","@graph":[{"@type":"WebPage","@id":"https:\/\/pen.eu\/produkt\/reisetasche-encore\/","url":"https:\/\/pen.eu\/produkt\/reisetasche-encore\/","name":"Reisetasche \"Encore\" - PEN.EU","isPartOf":{"@id":"https:\/\/pen.eu\/#website"},"primaryImageOfPage":{"@id":"https:\/\/pen.eu\/produkt\/reisetasche-encore\/#primaryimage"},"image":{"@id":"https:\/\/pen.eu\/produkt\/reisetasche-encore\/#primaryimage"},"thumbnailUrl":"https:\/\/pen.eu\/wp-content\/uploads\/2024\/11\/051302019-GDD.jpg","datePublished":"2024-11-22T07:47:04+00:00","dateModified":"2025-10-13T10:36:48+00:00","breadcrumb":{"@id":"https:\/\/pen.eu\/produkt\/reisetasche-encore\/#breadcrumb"},"inLanguage":"es","potentialAction":[{"@type":"ReadAction","target":["https:\/\/pen.eu\/produkt\/reisetasche-encore\/"]}]},{"@type":"ImageObject","inLanguage":"es","@id":"https:\/\/pen.eu\/produkt\/reisetasche-encore\/#primaryimage","url":"https:\/\/pen.eu\/wp-content\/uploads\/2024\/11\/051302019-GDD.jpg","contentUrl":"https:\/\/pen.eu\/wp-content\/uploads\/2024\/11\/051302019-GDD.jpg","width":1800,"height":1800},{"@type":"BreadcrumbList","@id":"https:\/\/pen.eu\/produkt\/reisetasche-encore\/#breadcrumb","itemListElement":[{"@type":"ListItem","position":1,"name":"Home","item":"https:\/\/pen.eu\/"},{"@type":"ListItem","position":2,"name":"Shop","item":"https:\/\/pen.eu\/ch\/shop\/"},{"@type":"ListItem","position":3,"name":"Reisetasche &#8220;Encore&#8221;"}]},{"@type":"WebSite","@id":"https:\/\/pen.eu\/#website","url":"https:\/\/pen.eu\/","name":"PEN.EU","description":"Kugelschreiber bedrucken mit Logo | pen.eu","potentialAction":[{"@type":"SearchAction","target":{"@type":"EntryPoint","urlTemplate":"https:\/\/pen.eu\/?s={search_term_string}"},"query-input":{"@type":"PropertyValueSpecification","valueRequired":true,"valueName":"search_term_string"}}],"inLanguage":"es"}]}},"_links":{"self":[{"href":"https:\/\/pen.eu\/es\/wp-json\/wp\/v2\/product\/10213","targetHints":{"allow":["GET"]}}],"collection":[{"href":"https:\/\/pen.eu\/es\/wp-json\/wp\/v2\/product"}],"about":[{"href":"https:\/\/pen.eu\/es\/wp-json\/wp\/v2\/types\/product"}],"replies":[{"embeddable":true,"href":"https:\/\/pen.eu\/es\/wp-json\/wp\/v2\/comments?post=10213"}],"wp:featuredmedia":[{"embeddable":true,"href":"https:\/\/pen.eu\/es\/wp-json\/wp\/v2\/media\/10221"}],"wp:attachment":[{"href":"https:\/\/pen.eu\/es\/wp-json\/wp\/v2\/media?parent=10213"}],"wp:term":[{"taxonomy":"product_brand","embeddable":true,"href":"https:\/\/pen.eu\/es\/wp-json\/wp\/v2\/product_brand?post=10213"},{"taxonomy":"product_cat","embeddable":true,"href":"https:\/\/pen.eu\/es\/wp-json\/wp\/v2\/product_cat?post=10213"},{"taxonomy":"product_tag","embeddable":true,"href":"https:\/\/pen.eu\/es\/wp-json\/wp\/v2\/product_tag?post=10213"}],"curies":[{"name":"wp","href":"https:\/\/api.w.org\/{rel}","templated":true}]}}