{"id":10249,"date":"2024-11-22T19:55:05","date_gmt":"2024-11-22T18:55:05","guid":{"rendered":"https:\/\/v2.frank-pen.de\/?post_type=product&#038;p=10249"},"modified":"2025-10-06T12:54:11","modified_gmt":"2025-10-06T10:54:11","slug":"rucksack-kleve","status":"publish","type":"product","link":"https:\/\/pen.eu\/es\/producto\/rucksack-kleve\/","title":{"rendered":"Mochila \"Kleve\""},"content":{"rendered":"<p data-start=\"69\" data-end=\"454\">Descubre la funcionalidad diaria en su forma m\u00e1s elegante \u2013 con la mochila Kleve. Cuidadosamente elaborada, esta mochila destaca por su est\u00e9tica limpia y moderna y su funcionalidad bien pensada. El resistente material exterior de poli\u00e9ster 300D garantiza una durabilidad sostenible y est\u00e1 realzado con costuras en tonos a juego. El compartimento trasero acolchado alberga de forma segura un port\u00e1til de 15\u2033 (30,5 x 28\u202fcm) y una tablet de 10\u2033 (26,7 x 28\u202fcm). El interior, cuidadosamente acabado, presenta costuras de alta calidad, sutiles detalles de color y cremalleras pr\u00e1cticas de nailon a juego con tiradores met\u00e1licos elegantes. Ya sea para el trabajo, el ocio o los desplazamientos \u2013 esta mochila es mucho m\u00e1s que un espacio de almacenamiento: es un acompa\u00f1ante con estilo que responde con solvencia a las exigencias de la vida moderna.<\/p>","protected":false},"excerpt":{"rendered":"<p>Erleben Sie Alltagstauglichkeit in ihrer elegantesten Form \u2013 mit Rucksack Kleve. Mit gro\u00dfer Sorgfalt gefertigt, \u00fcberzeugt dieser Rucksack durch eine klare, moderne \u00c4sthetik und durchdachte Funktionalit\u00e4t. Das robuste Au\u00dfenmaterial aus 300D-Polyester steht f\u00fcr nachhaltige Langlebigkeit und wird durch farblich abgestimmte N\u00e4hte dezent in Szene gesetzt. Im gepolsterten R\u00fcckfach finden ein 15&#8243;-Laptop (30,5 x 28 cm) [&hellip;]<\/p>\n","protected":false},"featured_media":10255,"comment_status":"open","ping_status":"closed","template":"","meta":[],"product_brand":[],"product_cat":[249],"product_tag":[588,811,687,689,589],"class_list":{"0":"post-10249","1":"product","2":"type-product","3":"status-publish","4":"has-post-thumbnail","6":"product_cat-taschen","7":"product_tag-kleve","8":"product_tag-left-49-5","9":"product_tag-logomiddle","10":"product_tag-slimsize","11":"product_tag-uhp","12":"pa_farbe-marine","13":"pa_farbe-schwarz","14":"pa_material-lining","15":"pa_material-repreve","16":"pa_mindestmenge-315","17":"pa_werbeanbringung-thermische-transferdruck","19":"first","20":"instock","21":"taxable","22":"shipping-taxable","23":"purchasable","24":"product-type-variable","25":"add-to-wishlist-after_add_to_cart"},"yoast_head":"<!-- This site is optimized with the Yoast SEO plugin v27.4 - https:\/\/yoast.com\/product\/yoast-seo-wordpress\/ -->\n<title>Rucksack &quot;Kleve&quot; - PEN.EU<\/title>\n<meta name=\"robots\" content=\"index, follow, max-snippet:-1, max-image-preview:large, max-video-preview:-1\" \/>\n<link rel=\"canonical\" href=\"https:\/\/pen.eu\/es\/producto\/rucksack-kleve\/\" \/>\n<meta property=\"og:locale\" content=\"es_ES\" \/>\n<meta property=\"og:type\" content=\"article\" \/>\n<meta property=\"og:title\" content=\"Rucksack &quot;Kleve&quot; - PEN.EU\" \/>\n<meta property=\"og:description\" content=\"Erleben Sie Alltagstauglichkeit in ihrer elegantesten Form \u2013 mit Rucksack Kleve. Mit gro\u00dfer Sorgfalt gefertigt, \u00fcberzeugt dieser Rucksack durch eine klare, moderne \u00c4sthetik und durchdachte Funktionalit\u00e4t. Das robuste Au\u00dfenmaterial aus 300D-Polyester steht f\u00fcr nachhaltige Langlebigkeit und wird durch farblich abgestimmte N\u00e4hte dezent in Szene gesetzt. Im gepolsterten R\u00fcckfach finden ein 15&#8243;-Laptop (30,5 x 28 cm) [&hellip;]\" \/>\n<meta property=\"og:url\" content=\"https:\/\/pen.eu\/es\/producto\/rucksack-kleve\/\" \/>\n<meta property=\"og:site_name\" content=\"PEN.EU\" \/>\n<meta property=\"article:modified_time\" content=\"2025-10-06T10:54:11+00:00\" \/>\n<meta property=\"og:image\" content=\"https:\/\/pen.eu\/wp-content\/uploads\/2024\/11\/0514052113-GTT.jpg\" \/>\n\t<meta property=\"og:image:width\" content=\"2000\" \/>\n\t<meta property=\"og:image:height\" content=\"2000\" \/>\n\t<meta property=\"og:image:type\" content=\"image\/jpeg\" \/>\n<meta name=\"twitter:card\" content=\"summary_large_image\" \/>\n<meta name=\"twitter:label1\" content=\"Tiempo de lectura\" \/>\n\t<meta name=\"twitter:data1\" content=\"1 minuto\" \/>\n<script type=\"application\/ld+json\" class=\"yoast-schema-graph\">{\"@context\":\"https:\\\/\\\/schema.org\",\"@graph\":[{\"@type\":\"WebPage\",\"@id\":\"https:\\\/\\\/pen.eu\\\/produkt\\\/rucksack-kleve\\\/\",\"url\":\"https:\\\/\\\/pen.eu\\\/produkt\\\/rucksack-kleve\\\/\",\"name\":\"Rucksack \\\"Kleve\\\" - PEN.EU\",\"isPartOf\":{\"@id\":\"https:\\\/\\\/pen.eu\\\/#website\"},\"primaryImageOfPage\":{\"@id\":\"https:\\\/\\\/pen.eu\\\/produkt\\\/rucksack-kleve\\\/#primaryimage\"},\"image\":{\"@id\":\"https:\\\/\\\/pen.eu\\\/produkt\\\/rucksack-kleve\\\/#primaryimage\"},\"thumbnailUrl\":\"https:\\\/\\\/pen.eu\\\/wp-content\\\/uploads\\\/2024\\\/11\\\/0514052113-GTT.jpg\",\"datePublished\":\"2024-11-22T18:55:05+00:00\",\"dateModified\":\"2025-10-06T10:54:11+00:00\",\"breadcrumb\":{\"@id\":\"https:\\\/\\\/pen.eu\\\/produkt\\\/rucksack-kleve\\\/#breadcrumb\"},\"inLanguage\":\"es\",\"potentialAction\":[{\"@type\":\"ReadAction\",\"target\":[\"https:\\\/\\\/pen.eu\\\/produkt\\\/rucksack-kleve\\\/\"]}]},{\"@type\":\"ImageObject\",\"inLanguage\":\"es\",\"@id\":\"https:\\\/\\\/pen.eu\\\/produkt\\\/rucksack-kleve\\\/#primaryimage\",\"url\":\"https:\\\/\\\/pen.eu\\\/wp-content\\\/uploads\\\/2024\\\/11\\\/0514052113-GTT.jpg\",\"contentUrl\":\"https:\\\/\\\/pen.eu\\\/wp-content\\\/uploads\\\/2024\\\/11\\\/0514052113-GTT.jpg\",\"width\":2000,\"height\":2000},{\"@type\":\"BreadcrumbList\",\"@id\":\"https:\\\/\\\/pen.eu\\\/produkt\\\/rucksack-kleve\\\/#breadcrumb\",\"itemListElement\":[{\"@type\":\"ListItem\",\"position\":1,\"name\":\"Home\",\"item\":\"https:\\\/\\\/pen.eu\\\/\"},{\"@type\":\"ListItem\",\"position\":2,\"name\":\"Shop\",\"item\":\"https:\\\/\\\/pen.eu\\\/ch\\\/shop\\\/\"},{\"@type\":\"ListItem\",\"position\":3,\"name\":\"Rucksack &#8220;Kleve&#8221;\"}]},{\"@type\":\"WebSite\",\"@id\":\"https:\\\/\\\/pen.eu\\\/#website\",\"url\":\"https:\\\/\\\/pen.eu\\\/\",\"name\":\"PEN.EU\",\"description\":\"Kugelschreiber bedrucken mit Logo | pen.eu\",\"potentialAction\":[{\"@type\":\"SearchAction\",\"target\":{\"@type\":\"EntryPoint\",\"urlTemplate\":\"https:\\\/\\\/pen.eu\\\/?s={search_term_string}\"},\"query-input\":{\"@type\":\"PropertyValueSpecification\",\"valueRequired\":true,\"valueName\":\"search_term_string\"}}],\"inLanguage\":\"es\"}]}<\/script>\n<!-- \/ Yoast SEO plugin. -->","yoast_head_json":{"title":"Rucksack \"Kleve\" - PEN.EU","robots":{"index":"index","follow":"follow","max-snippet":"max-snippet:-1","max-image-preview":"max-image-preview:large","max-video-preview":"max-video-preview:-1"},"canonical":"https:\/\/pen.eu\/es\/producto\/rucksack-kleve\/","og_locale":"es_ES","og_type":"article","og_title":"Rucksack \"Kleve\" - PEN.EU","og_description":"Erleben Sie Alltagstauglichkeit in ihrer elegantesten Form \u2013 mit Rucksack Kleve. Mit gro\u00dfer Sorgfalt gefertigt, \u00fcberzeugt dieser Rucksack durch eine klare, moderne \u00c4sthetik und durchdachte Funktionalit\u00e4t. Das robuste Au\u00dfenmaterial aus 300D-Polyester steht f\u00fcr nachhaltige Langlebigkeit und wird durch farblich abgestimmte N\u00e4hte dezent in Szene gesetzt. Im gepolsterten R\u00fcckfach finden ein 15&#8243;-Laptop (30,5 x 28 cm) [&hellip;]","og_url":"https:\/\/pen.eu\/es\/producto\/rucksack-kleve\/","og_site_name":"PEN.EU","article_modified_time":"2025-10-06T10:54:11+00:00","og_image":[{"width":2000,"height":2000,"url":"https:\/\/pen.eu\/wp-content\/uploads\/2024\/11\/0514052113-GTT.jpg","type":"image\/jpeg"}],"twitter_card":"summary_large_image","twitter_misc":{"Tiempo de lectura":"1 minuto"},"schema":{"@context":"https:\/\/schema.org","@graph":[{"@type":"WebPage","@id":"https:\/\/pen.eu\/produkt\/rucksack-kleve\/","url":"https:\/\/pen.eu\/produkt\/rucksack-kleve\/","name":"Rucksack \"Kleve\" - PEN.EU","isPartOf":{"@id":"https:\/\/pen.eu\/#website"},"primaryImageOfPage":{"@id":"https:\/\/pen.eu\/produkt\/rucksack-kleve\/#primaryimage"},"image":{"@id":"https:\/\/pen.eu\/produkt\/rucksack-kleve\/#primaryimage"},"thumbnailUrl":"https:\/\/pen.eu\/wp-content\/uploads\/2024\/11\/0514052113-GTT.jpg","datePublished":"2024-11-22T18:55:05+00:00","dateModified":"2025-10-06T10:54:11+00:00","breadcrumb":{"@id":"https:\/\/pen.eu\/produkt\/rucksack-kleve\/#breadcrumb"},"inLanguage":"es","potentialAction":[{"@type":"ReadAction","target":["https:\/\/pen.eu\/produkt\/rucksack-kleve\/"]}]},{"@type":"ImageObject","inLanguage":"es","@id":"https:\/\/pen.eu\/produkt\/rucksack-kleve\/#primaryimage","url":"https:\/\/pen.eu\/wp-content\/uploads\/2024\/11\/0514052113-GTT.jpg","contentUrl":"https:\/\/pen.eu\/wp-content\/uploads\/2024\/11\/0514052113-GTT.jpg","width":2000,"height":2000},{"@type":"BreadcrumbList","@id":"https:\/\/pen.eu\/produkt\/rucksack-kleve\/#breadcrumb","itemListElement":[{"@type":"ListItem","position":1,"name":"Home","item":"https:\/\/pen.eu\/"},{"@type":"ListItem","position":2,"name":"Shop","item":"https:\/\/pen.eu\/ch\/shop\/"},{"@type":"ListItem","position":3,"name":"Rucksack &#8220;Kleve&#8221;"}]},{"@type":"WebSite","@id":"https:\/\/pen.eu\/#website","url":"https:\/\/pen.eu\/","name":"PEN.EU","description":"Kugelschreiber bedrucken mit Logo | pen.eu","potentialAction":[{"@type":"SearchAction","target":{"@type":"EntryPoint","urlTemplate":"https:\/\/pen.eu\/?s={search_term_string}"},"query-input":{"@type":"PropertyValueSpecification","valueRequired":true,"valueName":"search_term_string"}}],"inLanguage":"es"}]}},"_links":{"self":[{"href":"https:\/\/pen.eu\/es\/wp-json\/wp\/v2\/product\/10249","targetHints":{"allow":["GET"]}}],"collection":[{"href":"https:\/\/pen.eu\/es\/wp-json\/wp\/v2\/product"}],"about":[{"href":"https:\/\/pen.eu\/es\/wp-json\/wp\/v2\/types\/product"}],"replies":[{"embeddable":true,"href":"https:\/\/pen.eu\/es\/wp-json\/wp\/v2\/comments?post=10249"}],"wp:featuredmedia":[{"embeddable":true,"href":"https:\/\/pen.eu\/es\/wp-json\/wp\/v2\/media\/10255"}],"wp:attachment":[{"href":"https:\/\/pen.eu\/es\/wp-json\/wp\/v2\/media?parent=10249"}],"wp:term":[{"taxonomy":"product_brand","embeddable":true,"href":"https:\/\/pen.eu\/es\/wp-json\/wp\/v2\/product_brand?post=10249"},{"taxonomy":"product_cat","embeddable":true,"href":"https:\/\/pen.eu\/es\/wp-json\/wp\/v2\/product_cat?post=10249"},{"taxonomy":"product_tag","embeddable":true,"href":"https:\/\/pen.eu\/es\/wp-json\/wp\/v2\/product_tag?post=10249"}],"curies":[{"name":"wp","href":"https:\/\/api.w.org\/{rel}","templated":true}]}}