{"id":10257,"date":"2024-11-23T08:22:27","date_gmt":"2024-11-23T07:22:27","guid":{"rendered":"https:\/\/v2.frank-pen.de\/?post_type=product&#038;p=10257"},"modified":"2025-10-06T12:54:11","modified_gmt":"2025-10-06T10:54:11","slug":"umhaengetasche-jaya","status":"publish","type":"product","link":"https:\/\/pen.eu\/es\/producto\/umhaengetasche-jaya\/","title":{"rendered":"Bolso bandolera \"Jaya\""},"content":{"rendered":"<p data-start=\"67\" data-end=\"451\">Marca estilo con el bolso bandolera Jaya de nailon rPET \u2013 el compa\u00f1ero ideal para un d\u00eda a d\u00eda activo y con moda. Fabricado en resistente nailon rPET 40D, combina sostenibilidad con un dise\u00f1o actual. El distintivo bolsillo frontal curvado en nailon rPET 20D le aporta un aire deportivo y moderno, adem\u00e1s de un toque visual llamativo. El compartimento principal con cremallera mantiene tus esenciales seguros, mientras que la correa ajustable \u2013 para llevar cruzada \u2013 garantiza la m\u00e1xima comodidad. Un asa adicional en la parte superior aporta flexibilidad en los desplazamientos. Con una capacidad de 6 litros, este bolso combina compacidad y funcionalidad \u2013 perfecto para quienes valoran el estilo y la eficiencia cuando est\u00e1n fuera de casa.<\/p>","protected":false},"excerpt":{"rendered":"<p>Setzen Sie ein stilvolles Statement mit der Jaya Umh\u00e4ngetasche aus rPET-Nylon \u2013 dem idealen Begleiter f\u00fcr einen aktiven und modischen Alltag. Gefertigt aus strapazierf\u00e4higem 40D rPET-Nylon, verbindet diese Tasche Nachhaltigkeit mit trendigem Design. Die markante, geschwungene Vordertasche aus rPET20D-Nylon verleiht ihr einen sportlich-modernen Look und setzt optische Akzente. Das Hauptfach mit Rei\u00dfverschluss bietet sicheren Stauraum [&hellip;]<\/p>\n","protected":false},"featured_media":10286,"comment_status":"open","ping_status":"closed","template":"","meta":[],"product_brand":[],"product_cat":[249],"product_tag":[594,812,814,799,813,593],"class_list":{"0":"post-10257","1":"product","2":"type-product","3":"status-publish","4":"has-post-thumbnail","6":"product_cat-taschen","7":"product_tag-korfu","8":"product_tag-left-57","9":"product_tag-rotate-22","10":"product_tag-slimlogo","11":"product_tag-top-54","12":"product_tag-uju","13":"pa_farbe-grau","14":"pa_farbe-marine","15":"pa_farbe-weiss","16":"pa_material-nylon","17":"pa_mindestmenge-24","18":"pa_werbeanbringung-siebdruck","19":"pa_werbeanbringung-thermische-transferdruck","21":"first","22":"instock","23":"taxable","24":"shipping-taxable","25":"purchasable","26":"product-type-variable","27":"add-to-wishlist-after_add_to_cart"},"yoast_head":"<!-- This site is optimized with the Yoast SEO plugin v27.4 - https:\/\/yoast.com\/product\/yoast-seo-wordpress\/ -->\n<title>Umh\u00e4ngetasche &quot;Jaya&quot; - PEN.EU<\/title>\n<meta name=\"robots\" content=\"index, follow, max-snippet:-1, max-image-preview:large, max-video-preview:-1\" \/>\n<link rel=\"canonical\" href=\"https:\/\/pen.eu\/es\/producto\/umhaengetasche-jaya\/\" \/>\n<meta property=\"og:locale\" content=\"es_ES\" \/>\n<meta property=\"og:type\" content=\"article\" \/>\n<meta property=\"og:title\" content=\"Umh\u00e4ngetasche &quot;Jaya&quot; - PEN.EU\" \/>\n<meta property=\"og:description\" content=\"Setzen Sie ein stilvolles Statement mit der Jaya Umh\u00e4ngetasche aus rPET-Nylon \u2013 dem idealen Begleiter f\u00fcr einen aktiven und modischen Alltag. Gefertigt aus strapazierf\u00e4higem 40D rPET-Nylon, verbindet diese Tasche Nachhaltigkeit mit trendigem Design. Die markante, geschwungene Vordertasche aus rPET20D-Nylon verleiht ihr einen sportlich-modernen Look und setzt optische Akzente. Das Hauptfach mit Rei\u00dfverschluss bietet sicheren Stauraum [&hellip;]\" \/>\n<meta property=\"og:url\" content=\"https:\/\/pen.eu\/es\/producto\/umhaengetasche-jaya\/\" \/>\n<meta property=\"og:site_name\" content=\"PEN.EU\" \/>\n<meta property=\"article:modified_time\" content=\"2025-10-06T10:54:11+00:00\" \/>\n<meta property=\"og:image\" content=\"https:\/\/pen.eu\/wp-content\/uploads\/2024\/11\/051405419-GS.jpg\" \/>\n\t<meta property=\"og:image:width\" content=\"2000\" \/>\n\t<meta property=\"og:image:height\" content=\"2000\" \/>\n\t<meta property=\"og:image:type\" content=\"image\/jpeg\" \/>\n<meta name=\"twitter:card\" content=\"summary_large_image\" \/>\n<meta name=\"twitter:label1\" content=\"Tiempo de lectura\" \/>\n\t<meta name=\"twitter:data1\" content=\"1 minuto\" \/>\n<script type=\"application\/ld+json\" class=\"yoast-schema-graph\">{\"@context\":\"https:\\\/\\\/schema.org\",\"@graph\":[{\"@type\":\"WebPage\",\"@id\":\"https:\\\/\\\/pen.eu\\\/produkt\\\/umhaengetasche-jaya\\\/\",\"url\":\"https:\\\/\\\/pen.eu\\\/produkt\\\/umhaengetasche-jaya\\\/\",\"name\":\"Umh\u00e4ngetasche \\\"Jaya\\\" - PEN.EU\",\"isPartOf\":{\"@id\":\"https:\\\/\\\/pen.eu\\\/#website\"},\"primaryImageOfPage\":{\"@id\":\"https:\\\/\\\/pen.eu\\\/produkt\\\/umhaengetasche-jaya\\\/#primaryimage\"},\"image\":{\"@id\":\"https:\\\/\\\/pen.eu\\\/produkt\\\/umhaengetasche-jaya\\\/#primaryimage\"},\"thumbnailUrl\":\"https:\\\/\\\/pen.eu\\\/wp-content\\\/uploads\\\/2024\\\/11\\\/051405419-GS.jpg\",\"datePublished\":\"2024-11-23T07:22:27+00:00\",\"dateModified\":\"2025-10-06T10:54:11+00:00\",\"breadcrumb\":{\"@id\":\"https:\\\/\\\/pen.eu\\\/produkt\\\/umhaengetasche-jaya\\\/#breadcrumb\"},\"inLanguage\":\"es\",\"potentialAction\":[{\"@type\":\"ReadAction\",\"target\":[\"https:\\\/\\\/pen.eu\\\/produkt\\\/umhaengetasche-jaya\\\/\"]}]},{\"@type\":\"ImageObject\",\"inLanguage\":\"es\",\"@id\":\"https:\\\/\\\/pen.eu\\\/produkt\\\/umhaengetasche-jaya\\\/#primaryimage\",\"url\":\"https:\\\/\\\/pen.eu\\\/wp-content\\\/uploads\\\/2024\\\/11\\\/051405419-GS.jpg\",\"contentUrl\":\"https:\\\/\\\/pen.eu\\\/wp-content\\\/uploads\\\/2024\\\/11\\\/051405419-GS.jpg\",\"width\":2000,\"height\":2000},{\"@type\":\"BreadcrumbList\",\"@id\":\"https:\\\/\\\/pen.eu\\\/produkt\\\/umhaengetasche-jaya\\\/#breadcrumb\",\"itemListElement\":[{\"@type\":\"ListItem\",\"position\":1,\"name\":\"Home\",\"item\":\"https:\\\/\\\/pen.eu\\\/\"},{\"@type\":\"ListItem\",\"position\":2,\"name\":\"Shop\",\"item\":\"https:\\\/\\\/pen.eu\\\/ch\\\/shop\\\/\"},{\"@type\":\"ListItem\",\"position\":3,\"name\":\"Umh\u00e4ngetasche &#8220;Jaya&#8221;\"}]},{\"@type\":\"WebSite\",\"@id\":\"https:\\\/\\\/pen.eu\\\/#website\",\"url\":\"https:\\\/\\\/pen.eu\\\/\",\"name\":\"PEN.EU\",\"description\":\"Kugelschreiber bedrucken mit Logo | pen.eu\",\"potentialAction\":[{\"@type\":\"SearchAction\",\"target\":{\"@type\":\"EntryPoint\",\"urlTemplate\":\"https:\\\/\\\/pen.eu\\\/?s={search_term_string}\"},\"query-input\":{\"@type\":\"PropertyValueSpecification\",\"valueRequired\":true,\"valueName\":\"search_term_string\"}}],\"inLanguage\":\"es\"}]}<\/script>\n<!-- \/ Yoast SEO plugin. -->","yoast_head_json":{"title":"Umh\u00e4ngetasche \"Jaya\" - PEN.EU","robots":{"index":"index","follow":"follow","max-snippet":"max-snippet:-1","max-image-preview":"max-image-preview:large","max-video-preview":"max-video-preview:-1"},"canonical":"https:\/\/pen.eu\/es\/producto\/umhaengetasche-jaya\/","og_locale":"es_ES","og_type":"article","og_title":"Umh\u00e4ngetasche \"Jaya\" - PEN.EU","og_description":"Setzen Sie ein stilvolles Statement mit der Jaya Umh\u00e4ngetasche aus rPET-Nylon \u2013 dem idealen Begleiter f\u00fcr einen aktiven und modischen Alltag. Gefertigt aus strapazierf\u00e4higem 40D rPET-Nylon, verbindet diese Tasche Nachhaltigkeit mit trendigem Design. Die markante, geschwungene Vordertasche aus rPET20D-Nylon verleiht ihr einen sportlich-modernen Look und setzt optische Akzente. Das Hauptfach mit Rei\u00dfverschluss bietet sicheren Stauraum [&hellip;]","og_url":"https:\/\/pen.eu\/es\/producto\/umhaengetasche-jaya\/","og_site_name":"PEN.EU","article_modified_time":"2025-10-06T10:54:11+00:00","og_image":[{"width":2000,"height":2000,"url":"https:\/\/pen.eu\/wp-content\/uploads\/2024\/11\/051405419-GS.jpg","type":"image\/jpeg"}],"twitter_card":"summary_large_image","twitter_misc":{"Tiempo de lectura":"1 minuto"},"schema":{"@context":"https:\/\/schema.org","@graph":[{"@type":"WebPage","@id":"https:\/\/pen.eu\/produkt\/umhaengetasche-jaya\/","url":"https:\/\/pen.eu\/produkt\/umhaengetasche-jaya\/","name":"Umh\u00e4ngetasche \"Jaya\" - PEN.EU","isPartOf":{"@id":"https:\/\/pen.eu\/#website"},"primaryImageOfPage":{"@id":"https:\/\/pen.eu\/produkt\/umhaengetasche-jaya\/#primaryimage"},"image":{"@id":"https:\/\/pen.eu\/produkt\/umhaengetasche-jaya\/#primaryimage"},"thumbnailUrl":"https:\/\/pen.eu\/wp-content\/uploads\/2024\/11\/051405419-GS.jpg","datePublished":"2024-11-23T07:22:27+00:00","dateModified":"2025-10-06T10:54:11+00:00","breadcrumb":{"@id":"https:\/\/pen.eu\/produkt\/umhaengetasche-jaya\/#breadcrumb"},"inLanguage":"es","potentialAction":[{"@type":"ReadAction","target":["https:\/\/pen.eu\/produkt\/umhaengetasche-jaya\/"]}]},{"@type":"ImageObject","inLanguage":"es","@id":"https:\/\/pen.eu\/produkt\/umhaengetasche-jaya\/#primaryimage","url":"https:\/\/pen.eu\/wp-content\/uploads\/2024\/11\/051405419-GS.jpg","contentUrl":"https:\/\/pen.eu\/wp-content\/uploads\/2024\/11\/051405419-GS.jpg","width":2000,"height":2000},{"@type":"BreadcrumbList","@id":"https:\/\/pen.eu\/produkt\/umhaengetasche-jaya\/#breadcrumb","itemListElement":[{"@type":"ListItem","position":1,"name":"Home","item":"https:\/\/pen.eu\/"},{"@type":"ListItem","position":2,"name":"Shop","item":"https:\/\/pen.eu\/ch\/shop\/"},{"@type":"ListItem","position":3,"name":"Umh\u00e4ngetasche &#8220;Jaya&#8221;"}]},{"@type":"WebSite","@id":"https:\/\/pen.eu\/#website","url":"https:\/\/pen.eu\/","name":"PEN.EU","description":"Kugelschreiber bedrucken mit Logo | pen.eu","potentialAction":[{"@type":"SearchAction","target":{"@type":"EntryPoint","urlTemplate":"https:\/\/pen.eu\/?s={search_term_string}"},"query-input":{"@type":"PropertyValueSpecification","valueRequired":true,"valueName":"search_term_string"}}],"inLanguage":"es"}]}},"_links":{"self":[{"href":"https:\/\/pen.eu\/es\/wp-json\/wp\/v2\/product\/10257","targetHints":{"allow":["GET"]}}],"collection":[{"href":"https:\/\/pen.eu\/es\/wp-json\/wp\/v2\/product"}],"about":[{"href":"https:\/\/pen.eu\/es\/wp-json\/wp\/v2\/types\/product"}],"replies":[{"embeddable":true,"href":"https:\/\/pen.eu\/es\/wp-json\/wp\/v2\/comments?post=10257"}],"wp:featuredmedia":[{"embeddable":true,"href":"https:\/\/pen.eu\/es\/wp-json\/wp\/v2\/media\/10286"}],"wp:attachment":[{"href":"https:\/\/pen.eu\/es\/wp-json\/wp\/v2\/media?parent=10257"}],"wp:term":[{"taxonomy":"product_brand","embeddable":true,"href":"https:\/\/pen.eu\/es\/wp-json\/wp\/v2\/product_brand?post=10257"},{"taxonomy":"product_cat","embeddable":true,"href":"https:\/\/pen.eu\/es\/wp-json\/wp\/v2\/product_cat?post=10257"},{"taxonomy":"product_tag","embeddable":true,"href":"https:\/\/pen.eu\/es\/wp-json\/wp\/v2\/product_tag?post=10257"}],"curies":[{"name":"wp","href":"https:\/\/api.w.org\/{rel}","templated":true}]}}