{"id":10439,"date":"2024-11-24T11:29:09","date_gmt":"2024-11-24T10:29:09","guid":{"rendered":"https:\/\/v2.frank-pen.de\/?post_type=product&#038;p=10439"},"modified":"2026-01-22T07:47:23","modified_gmt":"2026-01-22T06:47:23","slug":"kugelschreiber-paragon","status":"publish","type":"product","link":"https:\/\/pen.eu\/es\/producto\/kugelschreiber-paragon\/","title":{"rendered":"Kugelschreiber &#8220;Paragon&#8221;"},"content":{"rendered":"<p>Descubra la comodidad del bol\u00edgrafo Paragon soft-touch con superficie engomada y elegantes elementos de dise\u00f1o en color antracita. Equipado con una recarga de gran capacidad de alta calidad con tinta alemana disponible en negro o azul, este bol\u00edgrafo ofrece una experiencia de escritura inigualable. La edici\u00f3n m\u00e1s reciente de la popular serie Paragon destaca por sus elegantes detalles met\u00e1licos y su moderno cuerpo engomado, disponible en una gama de colores que va desde el rosa vibrante hasta el negro cl\u00e1sico. Su logotipo personalizado se aplica en un refinado color plateado mediante grabado l\u00e1ser o impresi\u00f3n digital a todo color, un regalo promocional que deja huella. \u00a1Dise\u00f1e hoy mismo su bol\u00edgrafo personalizado!<\/p>","protected":false},"excerpt":{"rendered":"<p>Erleben Sie den Komfort des Soft-Touch Kugelschreibers Paragon mit gummierter Oberfl\u00e4che und eleganten anthrazitfarbenen Designelementen. Ausgestattet mit der hochwertigen Premium-Gro\u00dfraummine mit deutscher Tinte, wahlweise in Schwarz oder Blau, bietet dieser Kugelschreiber ein unvergleichliches Schreibgef\u00fchl. Die neueste Edition der beliebten Paragon-Serie besticht durch stilvolle Metallakzente und ein modernes, gummiertes Geh\u00e4use in Farbvarianten von strahlendem Rosa bis [&hellip;]<\/p>\n","protected":false},"featured_media":10592,"comment_status":"open","ping_status":"closed","template":"","meta":[],"product_brand":[],"product_cat":[309,247],"product_tag":[609,787,658,610],"class_list":{"0":"post-10439","1":"product","2":"type-product","3":"status-publish","4":"has-post-thumbnail","6":"product_cat-kugelschreiber-aus-metall","7":"product_cat-schreibgeraete","8":"product_tag-ironscript","9":"product_tag-left-53","10":"product_tag-longpen","11":"product_tag-mmn","12":"pa_eigenschaft-dokumentenecht","13":"pa_eigenschaft-soft-touch","14":"pa_farbe-anthrazit","15":"pa_farbe-blau","16":"pa_farbe-dunkelblau","17":"pa_farbe-gruen","18":"pa_farbe-hellblau","19":"pa_farbe-hellgrau","20":"pa_farbe-pink","21":"pa_farbe-rot","22":"pa_farbe-schwarz","23":"pa_farbe-weiss","24":"pa_material-metall","25":"pa_mindestmenge-24","26":"pa_werbeanbringung-digitaldruck","27":"pa_werbeanbringung-lasergravur","29":"first","30":"instock","31":"taxable","32":"shipping-taxable","33":"purchasable","34":"product-type-variable","35":"has-default-attributes","36":"add-to-wishlist-after_add_to_cart"},"yoast_head":"<!-- This site is optimized with the Yoast SEO plugin v27.4 - https:\/\/yoast.com\/product\/yoast-seo-wordpress\/ -->\n<title>Kugelschreiber &quot;Paragon&quot; - PEN.EU<\/title>\n<meta name=\"robots\" content=\"index, follow, max-snippet:-1, max-image-preview:large, max-video-preview:-1\" \/>\n<link rel=\"canonical\" href=\"https:\/\/pen.eu\/es\/producto\/kugelschreiber-paragon\/\" \/>\n<meta property=\"og:locale\" content=\"es_ES\" \/>\n<meta property=\"og:type\" content=\"article\" \/>\n<meta property=\"og:title\" content=\"Kugelschreiber &quot;Paragon&quot; - PEN.EU\" \/>\n<meta property=\"og:description\" content=\"Erleben Sie den Komfort des Soft-Touch Kugelschreibers Paragon mit gummierter Oberfl\u00e4che und eleganten anthrazitfarbenen Designelementen. Ausgestattet mit der hochwertigen Premium-Gro\u00dfraummine mit deutscher Tinte, wahlweise in Schwarz oder Blau, bietet dieser Kugelschreiber ein unvergleichliches Schreibgef\u00fchl. Die neueste Edition der beliebten Paragon-Serie besticht durch stilvolle Metallakzente und ein modernes, gummiertes Geh\u00e4use in Farbvarianten von strahlendem Rosa bis [&hellip;]\" \/>\n<meta property=\"og:url\" content=\"https:\/\/pen.eu\/es\/producto\/kugelschreiber-paragon\/\" \/>\n<meta property=\"og:site_name\" content=\"PEN.EU\" \/>\n<meta property=\"article:modified_time\" content=\"2026-01-22T06:47:23+00:00\" \/>\n<meta property=\"og:image\" content=\"https:\/\/pen.eu\/wp-content\/uploads\/2024\/11\/0511062139-MS-GDD.jpg\" \/>\n\t<meta property=\"og:image:width\" content=\"1800\" \/>\n\t<meta property=\"og:image:height\" content=\"1800\" \/>\n\t<meta property=\"og:image:type\" content=\"image\/jpeg\" \/>\n<meta name=\"twitter:card\" content=\"summary_large_image\" \/>\n<script type=\"application\/ld+json\" class=\"yoast-schema-graph\">{\"@context\":\"https:\\\/\\\/schema.org\",\"@graph\":[{\"@type\":\"WebPage\",\"@id\":\"https:\\\/\\\/pen.eu\\\/produkt\\\/kugelschreiber-paragon\\\/\",\"url\":\"https:\\\/\\\/pen.eu\\\/produkt\\\/kugelschreiber-paragon\\\/\",\"name\":\"Kugelschreiber \\\"Paragon\\\" - PEN.EU\",\"isPartOf\":{\"@id\":\"https:\\\/\\\/pen.eu\\\/#website\"},\"primaryImageOfPage\":{\"@id\":\"https:\\\/\\\/pen.eu\\\/produkt\\\/kugelschreiber-paragon\\\/#primaryimage\"},\"image\":{\"@id\":\"https:\\\/\\\/pen.eu\\\/produkt\\\/kugelschreiber-paragon\\\/#primaryimage\"},\"thumbnailUrl\":\"https:\\\/\\\/pen.eu\\\/wp-content\\\/uploads\\\/2024\\\/11\\\/0511062139-MS-GDD.jpg\",\"datePublished\":\"2024-11-24T10:29:09+00:00\",\"dateModified\":\"2026-01-22T06:47:23+00:00\",\"breadcrumb\":{\"@id\":\"https:\\\/\\\/pen.eu\\\/produkt\\\/kugelschreiber-paragon\\\/#breadcrumb\"},\"inLanguage\":\"es\",\"potentialAction\":[{\"@type\":\"ReadAction\",\"target\":[\"https:\\\/\\\/pen.eu\\\/produkt\\\/kugelschreiber-paragon\\\/\"]}]},{\"@type\":\"ImageObject\",\"inLanguage\":\"es\",\"@id\":\"https:\\\/\\\/pen.eu\\\/produkt\\\/kugelschreiber-paragon\\\/#primaryimage\",\"url\":\"https:\\\/\\\/pen.eu\\\/wp-content\\\/uploads\\\/2024\\\/11\\\/0511062139-MS-GDD.jpg\",\"contentUrl\":\"https:\\\/\\\/pen.eu\\\/wp-content\\\/uploads\\\/2024\\\/11\\\/0511062139-MS-GDD.jpg\",\"width\":1800,\"height\":1800},{\"@type\":\"BreadcrumbList\",\"@id\":\"https:\\\/\\\/pen.eu\\\/produkt\\\/kugelschreiber-paragon\\\/#breadcrumb\",\"itemListElement\":[{\"@type\":\"ListItem\",\"position\":1,\"name\":\"Home\",\"item\":\"https:\\\/\\\/pen.eu\\\/\"},{\"@type\":\"ListItem\",\"position\":2,\"name\":\"Shop\",\"item\":\"https:\\\/\\\/pen.eu\\\/ch\\\/shop\\\/\"},{\"@type\":\"ListItem\",\"position\":3,\"name\":\"Kugelschreiber &#8220;Paragon&#8221;\"}]},{\"@type\":\"WebSite\",\"@id\":\"https:\\\/\\\/pen.eu\\\/#website\",\"url\":\"https:\\\/\\\/pen.eu\\\/\",\"name\":\"PEN.EU\",\"description\":\"Kugelschreiber bedrucken mit Logo | pen.eu\",\"potentialAction\":[{\"@type\":\"SearchAction\",\"target\":{\"@type\":\"EntryPoint\",\"urlTemplate\":\"https:\\\/\\\/pen.eu\\\/?s={search_term_string}\"},\"query-input\":{\"@type\":\"PropertyValueSpecification\",\"valueRequired\":true,\"valueName\":\"search_term_string\"}}],\"inLanguage\":\"es\"}]}<\/script>\n<!-- \/ Yoast SEO plugin. -->","yoast_head_json":{"title":"Kugelschreiber \"Paragon\" - PEN.EU","robots":{"index":"index","follow":"follow","max-snippet":"max-snippet:-1","max-image-preview":"max-image-preview:large","max-video-preview":"max-video-preview:-1"},"canonical":"https:\/\/pen.eu\/es\/producto\/kugelschreiber-paragon\/","og_locale":"es_ES","og_type":"article","og_title":"Kugelschreiber \"Paragon\" - PEN.EU","og_description":"Erleben Sie den Komfort des Soft-Touch Kugelschreibers Paragon mit gummierter Oberfl\u00e4che und eleganten anthrazitfarbenen Designelementen. Ausgestattet mit der hochwertigen Premium-Gro\u00dfraummine mit deutscher Tinte, wahlweise in Schwarz oder Blau, bietet dieser Kugelschreiber ein unvergleichliches Schreibgef\u00fchl. Die neueste Edition der beliebten Paragon-Serie besticht durch stilvolle Metallakzente und ein modernes, gummiertes Geh\u00e4use in Farbvarianten von strahlendem Rosa bis [&hellip;]","og_url":"https:\/\/pen.eu\/es\/producto\/kugelschreiber-paragon\/","og_site_name":"PEN.EU","article_modified_time":"2026-01-22T06:47:23+00:00","og_image":[{"width":1800,"height":1800,"url":"https:\/\/pen.eu\/wp-content\/uploads\/2024\/11\/0511062139-MS-GDD.jpg","type":"image\/jpeg"}],"twitter_card":"summary_large_image","schema":{"@context":"https:\/\/schema.org","@graph":[{"@type":"WebPage","@id":"https:\/\/pen.eu\/produkt\/kugelschreiber-paragon\/","url":"https:\/\/pen.eu\/produkt\/kugelschreiber-paragon\/","name":"Kugelschreiber \"Paragon\" - PEN.EU","isPartOf":{"@id":"https:\/\/pen.eu\/#website"},"primaryImageOfPage":{"@id":"https:\/\/pen.eu\/produkt\/kugelschreiber-paragon\/#primaryimage"},"image":{"@id":"https:\/\/pen.eu\/produkt\/kugelschreiber-paragon\/#primaryimage"},"thumbnailUrl":"https:\/\/pen.eu\/wp-content\/uploads\/2024\/11\/0511062139-MS-GDD.jpg","datePublished":"2024-11-24T10:29:09+00:00","dateModified":"2026-01-22T06:47:23+00:00","breadcrumb":{"@id":"https:\/\/pen.eu\/produkt\/kugelschreiber-paragon\/#breadcrumb"},"inLanguage":"es","potentialAction":[{"@type":"ReadAction","target":["https:\/\/pen.eu\/produkt\/kugelschreiber-paragon\/"]}]},{"@type":"ImageObject","inLanguage":"es","@id":"https:\/\/pen.eu\/produkt\/kugelschreiber-paragon\/#primaryimage","url":"https:\/\/pen.eu\/wp-content\/uploads\/2024\/11\/0511062139-MS-GDD.jpg","contentUrl":"https:\/\/pen.eu\/wp-content\/uploads\/2024\/11\/0511062139-MS-GDD.jpg","width":1800,"height":1800},{"@type":"BreadcrumbList","@id":"https:\/\/pen.eu\/produkt\/kugelschreiber-paragon\/#breadcrumb","itemListElement":[{"@type":"ListItem","position":1,"name":"Home","item":"https:\/\/pen.eu\/"},{"@type":"ListItem","position":2,"name":"Shop","item":"https:\/\/pen.eu\/ch\/shop\/"},{"@type":"ListItem","position":3,"name":"Kugelschreiber &#8220;Paragon&#8221;"}]},{"@type":"WebSite","@id":"https:\/\/pen.eu\/#website","url":"https:\/\/pen.eu\/","name":"PEN.EU","description":"Kugelschreiber bedrucken mit Logo | pen.eu","potentialAction":[{"@type":"SearchAction","target":{"@type":"EntryPoint","urlTemplate":"https:\/\/pen.eu\/?s={search_term_string}"},"query-input":{"@type":"PropertyValueSpecification","valueRequired":true,"valueName":"search_term_string"}}],"inLanguage":"es"}]}},"_links":{"self":[{"href":"https:\/\/pen.eu\/es\/wp-json\/wp\/v2\/product\/10439","targetHints":{"allow":["GET"]}}],"collection":[{"href":"https:\/\/pen.eu\/es\/wp-json\/wp\/v2\/product"}],"about":[{"href":"https:\/\/pen.eu\/es\/wp-json\/wp\/v2\/types\/product"}],"replies":[{"embeddable":true,"href":"https:\/\/pen.eu\/es\/wp-json\/wp\/v2\/comments?post=10439"}],"wp:featuredmedia":[{"embeddable":true,"href":"https:\/\/pen.eu\/es\/wp-json\/wp\/v2\/media\/10592"}],"wp:attachment":[{"href":"https:\/\/pen.eu\/es\/wp-json\/wp\/v2\/media?parent=10439"}],"wp:term":[{"taxonomy":"product_brand","embeddable":true,"href":"https:\/\/pen.eu\/es\/wp-json\/wp\/v2\/product_brand?post=10439"},{"taxonomy":"product_cat","embeddable":true,"href":"https:\/\/pen.eu\/es\/wp-json\/wp\/v2\/product_cat?post=10439"},{"taxonomy":"product_tag","embeddable":true,"href":"https:\/\/pen.eu\/es\/wp-json\/wp\/v2\/product_tag?post=10439"}],"curies":[{"name":"wp","href":"https:\/\/api.w.org\/{rel}","templated":true}]}}