{"id":10619,"date":"2024-11-25T11:24:57","date_gmt":"2024-11-25T10:24:57","guid":{"rendered":"https:\/\/v2.frank-pen.de\/?post_type=product&#038;p=10619"},"modified":"2025-12-15T08:06:43","modified_gmt":"2025-12-15T07:06:43","slug":"kugelschreiber-gyro-fidget","status":"publish","type":"product","link":"https:\/\/pen.eu\/es\/producto\/kugelschreiber-gyro-fidget\/","title":{"rendered":"Bol\u00edgrafo \"Gyro Fidget\""},"content":{"rendered":"<p>El bol\u00edgrafo Gyro Fidget combina un dise\u00f1o moderno con una gran funcionalidad. El cuerpo de aluminio con mecanismo de clic presenta una superficie lisa y engomada que proporciona una experiencia de escritura c\u00f3moda. Elegantes detalles cromados le dan al bol\u00edgrafo un aspecto sofisticado, perfecto para el uso profesional. El punto destacado es el soporte giratorio innovador con llamativas flechas plateadas, que permite trabajar sin estr\u00e9s. El stylus integrado en el pulsador facilita el cambio fluido entre papel y pantallas t\u00e1ctiles. Equipado con una mina delgada, tinta documental y una punta precisa de 1,0mm, el Orbit Spinner ofrece una escritura fluida y fiable,  ideal para cualquier ocasi\u00f3n.<\/p>","protected":false},"excerpt":{"rendered":"<p>Der Kugelschreiber Gyro Fidget vereint modernes Design und hohe Funktionalit\u00e4t. Der Aluminiumkorpus mit Klickmechanismus verf\u00fcgt \u00fcber eine glatte, gummierte Oberfl\u00e4che, die ein angenehmes Schreibgef\u00fchl bietet. Stilvolle Chromakzente verleihen dem Kugelschreiber eine elegante Optik \u2013 perfekt f\u00fcr den professionellen Einsatz. Das Highlight ist die innovative, drehbare Halterung mit markanten Silberpfeilen, die stressfreies Arbeiten erm\u00f6glicht. Der integrierte [&hellip;]<\/p>\n","protected":false},"featured_media":10678,"comment_status":"open","ping_status":"closed","template":"","meta":[],"product_brand":[],"product_cat":[309,247],"product_tag":[612,786,658,611,780],"class_list":{"0":"post-10619","1":"product","2":"type-product","3":"status-publish","4":"has-post-thumbnail","6":"product_cat-kugelschreiber-aus-metall","7":"product_cat-schreibgeraete","8":"product_tag-inkspin","9":"product_tag-left-50","10":"product_tag-longpen","11":"product_tag-mzm","12":"product_tag-top-50","13":"pa_eigenschaft-anti-stress","14":"pa_eigenschaft-soft-touch","15":"pa_eigenschaft-stylus","16":"pa_farbe-burgundrot","17":"pa_farbe-marine","18":"pa_farbe-rot","19":"pa_farbe-weiss","20":"pa_material-aluminium","21":"pa_material-gummi","22":"pa_mindestmenge-24","23":"pa_werbeanbringung-digitaldruck","24":"pa_werbeanbringung-lasergravur","26":"first","27":"instock","28":"taxable","29":"shipping-taxable","30":"purchasable","31":"product-type-variable","32":"has-default-attributes","33":"add-to-wishlist-after_add_to_cart"},"yoast_head":"<!-- This site is optimized with the Yoast SEO plugin v27.4 - https:\/\/yoast.com\/product\/yoast-seo-wordpress\/ -->\n<title>Kugelschreiber &quot;Gyro Fidget&quot; - PEN.EU<\/title>\n<meta name=\"robots\" content=\"index, follow, max-snippet:-1, max-image-preview:large, max-video-preview:-1\" \/>\n<link rel=\"canonical\" href=\"https:\/\/pen.eu\/es\/producto\/kugelschreiber-gyro-fidget\/\" \/>\n<meta property=\"og:locale\" content=\"es_ES\" \/>\n<meta property=\"og:type\" content=\"article\" \/>\n<meta property=\"og:title\" content=\"Kugelschreiber &quot;Gyro Fidget&quot; - PEN.EU\" \/>\n<meta property=\"og:description\" content=\"Der Kugelschreiber Gyro Fidget vereint modernes Design und hohe Funktionalit\u00e4t. Der Aluminiumkorpus mit Klickmechanismus verf\u00fcgt \u00fcber eine glatte, gummierte Oberfl\u00e4che, die ein angenehmes Schreibgef\u00fchl bietet. Stilvolle Chromakzente verleihen dem Kugelschreiber eine elegante Optik \u2013 perfekt f\u00fcr den professionellen Einsatz. Das Highlight ist die innovative, drehbare Halterung mit markanten Silberpfeilen, die stressfreies Arbeiten erm\u00f6glicht. Der integrierte [&hellip;]\" \/>\n<meta property=\"og:url\" content=\"https:\/\/pen.eu\/es\/producto\/kugelschreiber-gyro-fidget\/\" \/>\n<meta property=\"og:site_name\" content=\"PEN.EU\" \/>\n<meta property=\"article:modified_time\" content=\"2025-12-15T07:06:43+00:00\" \/>\n<meta property=\"og:image\" content=\"https:\/\/pen.eu\/wp-content\/uploads\/2024\/11\/051106312-MS-GDD.jpg\" \/>\n\t<meta property=\"og:image:width\" content=\"2000\" \/>\n\t<meta property=\"og:image:height\" content=\"2000\" \/>\n\t<meta property=\"og:image:type\" content=\"image\/jpeg\" \/>\n<meta name=\"twitter:card\" content=\"summary_large_image\" \/>\n<meta name=\"twitter:label1\" content=\"Tiempo de lectura\" \/>\n\t<meta name=\"twitter:data1\" content=\"1 minuto\" \/>\n<script type=\"application\/ld+json\" class=\"yoast-schema-graph\">{\"@context\":\"https:\\\/\\\/schema.org\",\"@graph\":[{\"@type\":\"WebPage\",\"@id\":\"https:\\\/\\\/pen.eu\\\/produkt\\\/kugelschreiber-gyro-fidget\\\/\",\"url\":\"https:\\\/\\\/pen.eu\\\/produkt\\\/kugelschreiber-gyro-fidget\\\/\",\"name\":\"Kugelschreiber \\\"Gyro Fidget\\\" - PEN.EU\",\"isPartOf\":{\"@id\":\"https:\\\/\\\/pen.eu\\\/#website\"},\"primaryImageOfPage\":{\"@id\":\"https:\\\/\\\/pen.eu\\\/produkt\\\/kugelschreiber-gyro-fidget\\\/#primaryimage\"},\"image\":{\"@id\":\"https:\\\/\\\/pen.eu\\\/produkt\\\/kugelschreiber-gyro-fidget\\\/#primaryimage\"},\"thumbnailUrl\":\"https:\\\/\\\/pen.eu\\\/wp-content\\\/uploads\\\/2024\\\/11\\\/051106312-MS-GDD.jpg\",\"datePublished\":\"2024-11-25T10:24:57+00:00\",\"dateModified\":\"2025-12-15T07:06:43+00:00\",\"breadcrumb\":{\"@id\":\"https:\\\/\\\/pen.eu\\\/produkt\\\/kugelschreiber-gyro-fidget\\\/#breadcrumb\"},\"inLanguage\":\"es\",\"potentialAction\":[{\"@type\":\"ReadAction\",\"target\":[\"https:\\\/\\\/pen.eu\\\/produkt\\\/kugelschreiber-gyro-fidget\\\/\"]}]},{\"@type\":\"ImageObject\",\"inLanguage\":\"es\",\"@id\":\"https:\\\/\\\/pen.eu\\\/produkt\\\/kugelschreiber-gyro-fidget\\\/#primaryimage\",\"url\":\"https:\\\/\\\/pen.eu\\\/wp-content\\\/uploads\\\/2024\\\/11\\\/051106312-MS-GDD.jpg\",\"contentUrl\":\"https:\\\/\\\/pen.eu\\\/wp-content\\\/uploads\\\/2024\\\/11\\\/051106312-MS-GDD.jpg\",\"width\":2000,\"height\":2000},{\"@type\":\"BreadcrumbList\",\"@id\":\"https:\\\/\\\/pen.eu\\\/produkt\\\/kugelschreiber-gyro-fidget\\\/#breadcrumb\",\"itemListElement\":[{\"@type\":\"ListItem\",\"position\":1,\"name\":\"Home\",\"item\":\"https:\\\/\\\/pen.eu\\\/\"},{\"@type\":\"ListItem\",\"position\":2,\"name\":\"Shop\",\"item\":\"https:\\\/\\\/pen.eu\\\/ch\\\/shop\\\/\"},{\"@type\":\"ListItem\",\"position\":3,\"name\":\"Kugelschreiber &#8220;Gyro Fidget&#8221;\"}]},{\"@type\":\"WebSite\",\"@id\":\"https:\\\/\\\/pen.eu\\\/#website\",\"url\":\"https:\\\/\\\/pen.eu\\\/\",\"name\":\"PEN.EU\",\"description\":\"Kugelschreiber bedrucken mit Logo | pen.eu\",\"potentialAction\":[{\"@type\":\"SearchAction\",\"target\":{\"@type\":\"EntryPoint\",\"urlTemplate\":\"https:\\\/\\\/pen.eu\\\/?s={search_term_string}\"},\"query-input\":{\"@type\":\"PropertyValueSpecification\",\"valueRequired\":true,\"valueName\":\"search_term_string\"}}],\"inLanguage\":\"es\"}]}<\/script>\n<!-- \/ Yoast SEO plugin. -->","yoast_head_json":{"title":"Kugelschreiber \"Gyro Fidget\" - PEN.EU","robots":{"index":"index","follow":"follow","max-snippet":"max-snippet:-1","max-image-preview":"max-image-preview:large","max-video-preview":"max-video-preview:-1"},"canonical":"https:\/\/pen.eu\/es\/producto\/kugelschreiber-gyro-fidget\/","og_locale":"es_ES","og_type":"article","og_title":"Kugelschreiber \"Gyro Fidget\" - PEN.EU","og_description":"Der Kugelschreiber Gyro Fidget vereint modernes Design und hohe Funktionalit\u00e4t. Der Aluminiumkorpus mit Klickmechanismus verf\u00fcgt \u00fcber eine glatte, gummierte Oberfl\u00e4che, die ein angenehmes Schreibgef\u00fchl bietet. Stilvolle Chromakzente verleihen dem Kugelschreiber eine elegante Optik \u2013 perfekt f\u00fcr den professionellen Einsatz. Das Highlight ist die innovative, drehbare Halterung mit markanten Silberpfeilen, die stressfreies Arbeiten erm\u00f6glicht. Der integrierte [&hellip;]","og_url":"https:\/\/pen.eu\/es\/producto\/kugelschreiber-gyro-fidget\/","og_site_name":"PEN.EU","article_modified_time":"2025-12-15T07:06:43+00:00","og_image":[{"width":2000,"height":2000,"url":"https:\/\/pen.eu\/wp-content\/uploads\/2024\/11\/051106312-MS-GDD.jpg","type":"image\/jpeg"}],"twitter_card":"summary_large_image","twitter_misc":{"Tiempo de lectura":"1 minuto"},"schema":{"@context":"https:\/\/schema.org","@graph":[{"@type":"WebPage","@id":"https:\/\/pen.eu\/produkt\/kugelschreiber-gyro-fidget\/","url":"https:\/\/pen.eu\/produkt\/kugelschreiber-gyro-fidget\/","name":"Kugelschreiber \"Gyro Fidget\" - PEN.EU","isPartOf":{"@id":"https:\/\/pen.eu\/#website"},"primaryImageOfPage":{"@id":"https:\/\/pen.eu\/produkt\/kugelschreiber-gyro-fidget\/#primaryimage"},"image":{"@id":"https:\/\/pen.eu\/produkt\/kugelschreiber-gyro-fidget\/#primaryimage"},"thumbnailUrl":"https:\/\/pen.eu\/wp-content\/uploads\/2024\/11\/051106312-MS-GDD.jpg","datePublished":"2024-11-25T10:24:57+00:00","dateModified":"2025-12-15T07:06:43+00:00","breadcrumb":{"@id":"https:\/\/pen.eu\/produkt\/kugelschreiber-gyro-fidget\/#breadcrumb"},"inLanguage":"es","potentialAction":[{"@type":"ReadAction","target":["https:\/\/pen.eu\/produkt\/kugelschreiber-gyro-fidget\/"]}]},{"@type":"ImageObject","inLanguage":"es","@id":"https:\/\/pen.eu\/produkt\/kugelschreiber-gyro-fidget\/#primaryimage","url":"https:\/\/pen.eu\/wp-content\/uploads\/2024\/11\/051106312-MS-GDD.jpg","contentUrl":"https:\/\/pen.eu\/wp-content\/uploads\/2024\/11\/051106312-MS-GDD.jpg","width":2000,"height":2000},{"@type":"BreadcrumbList","@id":"https:\/\/pen.eu\/produkt\/kugelschreiber-gyro-fidget\/#breadcrumb","itemListElement":[{"@type":"ListItem","position":1,"name":"Home","item":"https:\/\/pen.eu\/"},{"@type":"ListItem","position":2,"name":"Shop","item":"https:\/\/pen.eu\/ch\/shop\/"},{"@type":"ListItem","position":3,"name":"Kugelschreiber &#8220;Gyro Fidget&#8221;"}]},{"@type":"WebSite","@id":"https:\/\/pen.eu\/#website","url":"https:\/\/pen.eu\/","name":"PEN.EU","description":"Kugelschreiber bedrucken mit Logo | pen.eu","potentialAction":[{"@type":"SearchAction","target":{"@type":"EntryPoint","urlTemplate":"https:\/\/pen.eu\/?s={search_term_string}"},"query-input":{"@type":"PropertyValueSpecification","valueRequired":true,"valueName":"search_term_string"}}],"inLanguage":"es"}]}},"_links":{"self":[{"href":"https:\/\/pen.eu\/es\/wp-json\/wp\/v2\/product\/10619","targetHints":{"allow":["GET"]}}],"collection":[{"href":"https:\/\/pen.eu\/es\/wp-json\/wp\/v2\/product"}],"about":[{"href":"https:\/\/pen.eu\/es\/wp-json\/wp\/v2\/types\/product"}],"replies":[{"embeddable":true,"href":"https:\/\/pen.eu\/es\/wp-json\/wp\/v2\/comments?post=10619"}],"wp:featuredmedia":[{"embeddable":true,"href":"https:\/\/pen.eu\/es\/wp-json\/wp\/v2\/media\/10678"}],"wp:attachment":[{"href":"https:\/\/pen.eu\/es\/wp-json\/wp\/v2\/media?parent=10619"}],"wp:term":[{"taxonomy":"product_brand","embeddable":true,"href":"https:\/\/pen.eu\/es\/wp-json\/wp\/v2\/product_brand?post=10619"},{"taxonomy":"product_cat","embeddable":true,"href":"https:\/\/pen.eu\/es\/wp-json\/wp\/v2\/product_cat?post=10619"},{"taxonomy":"product_tag","embeddable":true,"href":"https:\/\/pen.eu\/es\/wp-json\/wp\/v2\/product_tag?post=10619"}],"curies":[{"name":"wp","href":"https:\/\/api.w.org\/{rel}","templated":true}]}}