{"id":10688,"date":"2024-11-25T20:04:29","date_gmt":"2024-11-25T19:04:29","guid":{"rendered":"https:\/\/v2.frank-pen.de\/?post_type=product&#038;p=10688"},"modified":"2025-09-29T15:52:55","modified_gmt":"2025-09-29T13:52:55","slug":"kugelschreiber-goldmark","status":"publish","type":"product","link":"https:\/\/pen.eu\/es\/producto\/kugelschreiber-goldmark\/","title":{"rendered":"Kugelschreiber &#8220;GoldMark&#8221;"},"content":{"rendered":"<p>Der Kugelschreiber GoldMark verbindet Eleganz und Funktionalit\u00e4t in einem hochwertigen Kugelschreiber. Mit seinen stilvollen Ros\u00e9gold-Elementen und der wahlweise schwarz- oder blauschreibenden Mine ist er ein echter Blickfang. Die harmonisch abgestimmte Metallic-Soft-Touch-Oberfl\u00e4che verleiht dem Kugelschreiber eine edle Haptik, w\u00e4hrend der farblich passende Stylus die Nutzung von Touchscreens optimal unterst\u00fctzt. Ihre Werbebotschaft, Ihr Logo oder Firmenname wird durch eine pr\u00e4zise Lasergravur oder eine vollfarbigen Digitaldruck perfekt in Szene gesetzt. Dieses edle Schreibger\u00e4t wird schnell zum Lieblingsaccessoire Ihrer Kunden \u2013 ein Werbegeschenk, das Eindruck hinterl\u00e4sst!<\/p>","protected":false},"excerpt":{"rendered":"<p>Der Kugelschreiber GoldMark verbindet Eleganz und Funktionalit\u00e4t in einem hochwertigen Kugelschreiber. Mit seinen stilvollen Ros\u00e9gold-Elementen und der wahlweise schwarz- oder blauschreibenden Mine ist er ein echter Blickfang. Die harmonisch abgestimmte Metallic-Soft-Touch-Oberfl\u00e4che verleiht dem Kugelschreiber eine edle Haptik, w\u00e4hrend der farblich passende Stylus die Nutzung von Touchscreens optimal unterst\u00fctzt. Ihre Werbebotschaft, Ihr Logo oder Firmenname wird [&hellip;]<\/p>\n","protected":false},"featured_media":10757,"comment_status":"open","ping_status":"closed","template":"","meta":[],"product_brand":[],"product_cat":[309,247],"product_tag":[615,658,616,776],"class_list":{"0":"post-10688","1":"product","2":"type-product","3":"status-publish","4":"has-post-thumbnail","6":"product_cat-kugelschreiber-aus-metall","7":"product_cat-schreibgeraete","8":"product_tag-goldmark","9":"product_tag-longpen","10":"product_tag-moi","11":"product_tag-top-50-5","12":"pa_eigenschaft-rose-gold","13":"pa_eigenschaft-soft-touch","14":"pa_eigenschaft-stylus","15":"pa_farbe-grau","16":"pa_farbe-rosegold","17":"pa_farbe-rot","18":"pa_material-metall","19":"pa_mindestmenge-24","20":"pa_werbeanbringung-digitaldruck","21":"pa_werbeanbringung-digitaldruck-2-seitiger-aufdruck","22":"pa_werbeanbringung-lasergravur","23":"pa_werbeanbringung-lasergravur-2-seitiger-aufdruck","25":"first","26":"instock","27":"taxable","28":"shipping-taxable","29":"purchasable","30":"product-type-variable","31":"has-default-attributes","32":"add-to-wishlist-after_add_to_cart"},"yoast_head":"<!-- This site is optimized with the Yoast SEO plugin v27.4 - https:\/\/yoast.com\/product\/yoast-seo-wordpress\/ -->\n<title>Kugelschreiber &quot;GoldMark&quot; - PEN.EU<\/title>\n<meta name=\"robots\" content=\"index, follow, max-snippet:-1, max-image-preview:large, max-video-preview:-1\" \/>\n<link rel=\"canonical\" href=\"https:\/\/pen.eu\/es\/producto\/kugelschreiber-goldmark\/\" \/>\n<meta property=\"og:locale\" content=\"es_ES\" \/>\n<meta property=\"og:type\" content=\"article\" \/>\n<meta property=\"og:title\" content=\"Kugelschreiber &quot;GoldMark&quot; - PEN.EU\" \/>\n<meta property=\"og:description\" content=\"Der Kugelschreiber GoldMark verbindet Eleganz und Funktionalit\u00e4t in einem hochwertigen Kugelschreiber. Mit seinen stilvollen Ros\u00e9gold-Elementen und der wahlweise schwarz- oder blauschreibenden Mine ist er ein echter Blickfang. Die harmonisch abgestimmte Metallic-Soft-Touch-Oberfl\u00e4che verleiht dem Kugelschreiber eine edle Haptik, w\u00e4hrend der farblich passende Stylus die Nutzung von Touchscreens optimal unterst\u00fctzt. Ihre Werbebotschaft, Ihr Logo oder Firmenname wird [&hellip;]\" \/>\n<meta property=\"og:url\" content=\"https:\/\/pen.eu\/es\/producto\/kugelschreiber-goldmark\/\" \/>\n<meta property=\"og:site_name\" content=\"PEN.EU\" \/>\n<meta property=\"article:modified_time\" content=\"2025-09-29T13:52:55+00:00\" \/>\n<meta property=\"og:image\" content=\"https:\/\/pen.eu\/wp-content\/uploads\/2024\/11\/051106519-MS-GDD.jpg\" \/>\n\t<meta property=\"og:image:width\" content=\"1800\" \/>\n\t<meta property=\"og:image:height\" content=\"1800\" \/>\n\t<meta property=\"og:image:type\" content=\"image\/jpeg\" \/>\n<meta name=\"twitter:card\" content=\"summary_large_image\" \/>\n<script type=\"application\/ld+json\" class=\"yoast-schema-graph\">{\"@context\":\"https:\\\/\\\/schema.org\",\"@graph\":[{\"@type\":\"WebPage\",\"@id\":\"https:\\\/\\\/pen.eu\\\/produkt\\\/kugelschreiber-goldmark\\\/\",\"url\":\"https:\\\/\\\/pen.eu\\\/produkt\\\/kugelschreiber-goldmark\\\/\",\"name\":\"Kugelschreiber \\\"GoldMark\\\" - PEN.EU\",\"isPartOf\":{\"@id\":\"https:\\\/\\\/pen.eu\\\/#website\"},\"primaryImageOfPage\":{\"@id\":\"https:\\\/\\\/pen.eu\\\/produkt\\\/kugelschreiber-goldmark\\\/#primaryimage\"},\"image\":{\"@id\":\"https:\\\/\\\/pen.eu\\\/produkt\\\/kugelschreiber-goldmark\\\/#primaryimage\"},\"thumbnailUrl\":\"https:\\\/\\\/pen.eu\\\/wp-content\\\/uploads\\\/2024\\\/11\\\/051106519-MS-GDD.jpg\",\"datePublished\":\"2024-11-25T19:04:29+00:00\",\"dateModified\":\"2025-09-29T13:52:55+00:00\",\"breadcrumb\":{\"@id\":\"https:\\\/\\\/pen.eu\\\/produkt\\\/kugelschreiber-goldmark\\\/#breadcrumb\"},\"inLanguage\":\"es\",\"potentialAction\":[{\"@type\":\"ReadAction\",\"target\":[\"https:\\\/\\\/pen.eu\\\/produkt\\\/kugelschreiber-goldmark\\\/\"]}]},{\"@type\":\"ImageObject\",\"inLanguage\":\"es\",\"@id\":\"https:\\\/\\\/pen.eu\\\/produkt\\\/kugelschreiber-goldmark\\\/#primaryimage\",\"url\":\"https:\\\/\\\/pen.eu\\\/wp-content\\\/uploads\\\/2024\\\/11\\\/051106519-MS-GDD.jpg\",\"contentUrl\":\"https:\\\/\\\/pen.eu\\\/wp-content\\\/uploads\\\/2024\\\/11\\\/051106519-MS-GDD.jpg\",\"width\":1800,\"height\":1800},{\"@type\":\"BreadcrumbList\",\"@id\":\"https:\\\/\\\/pen.eu\\\/produkt\\\/kugelschreiber-goldmark\\\/#breadcrumb\",\"itemListElement\":[{\"@type\":\"ListItem\",\"position\":1,\"name\":\"Home\",\"item\":\"https:\\\/\\\/pen.eu\\\/\"},{\"@type\":\"ListItem\",\"position\":2,\"name\":\"Shop\",\"item\":\"https:\\\/\\\/pen.eu\\\/ch\\\/shop\\\/\"},{\"@type\":\"ListItem\",\"position\":3,\"name\":\"Kugelschreiber &#8220;GoldMark&#8221;\"}]},{\"@type\":\"WebSite\",\"@id\":\"https:\\\/\\\/pen.eu\\\/#website\",\"url\":\"https:\\\/\\\/pen.eu\\\/\",\"name\":\"PEN.EU\",\"description\":\"Kugelschreiber bedrucken mit Logo | pen.eu\",\"potentialAction\":[{\"@type\":\"SearchAction\",\"target\":{\"@type\":\"EntryPoint\",\"urlTemplate\":\"https:\\\/\\\/pen.eu\\\/?s={search_term_string}\"},\"query-input\":{\"@type\":\"PropertyValueSpecification\",\"valueRequired\":true,\"valueName\":\"search_term_string\"}}],\"inLanguage\":\"es\"}]}<\/script>\n<!-- \/ Yoast SEO plugin. -->","yoast_head_json":{"title":"Kugelschreiber \"GoldMark\" - PEN.EU","robots":{"index":"index","follow":"follow","max-snippet":"max-snippet:-1","max-image-preview":"max-image-preview:large","max-video-preview":"max-video-preview:-1"},"canonical":"https:\/\/pen.eu\/es\/producto\/kugelschreiber-goldmark\/","og_locale":"es_ES","og_type":"article","og_title":"Kugelschreiber \"GoldMark\" - PEN.EU","og_description":"Der Kugelschreiber GoldMark verbindet Eleganz und Funktionalit\u00e4t in einem hochwertigen Kugelschreiber. Mit seinen stilvollen Ros\u00e9gold-Elementen und der wahlweise schwarz- oder blauschreibenden Mine ist er ein echter Blickfang. Die harmonisch abgestimmte Metallic-Soft-Touch-Oberfl\u00e4che verleiht dem Kugelschreiber eine edle Haptik, w\u00e4hrend der farblich passende Stylus die Nutzung von Touchscreens optimal unterst\u00fctzt. Ihre Werbebotschaft, Ihr Logo oder Firmenname wird [&hellip;]","og_url":"https:\/\/pen.eu\/es\/producto\/kugelschreiber-goldmark\/","og_site_name":"PEN.EU","article_modified_time":"2025-09-29T13:52:55+00:00","og_image":[{"width":1800,"height":1800,"url":"https:\/\/pen.eu\/wp-content\/uploads\/2024\/11\/051106519-MS-GDD.jpg","type":"image\/jpeg"}],"twitter_card":"summary_large_image","schema":{"@context":"https:\/\/schema.org","@graph":[{"@type":"WebPage","@id":"https:\/\/pen.eu\/produkt\/kugelschreiber-goldmark\/","url":"https:\/\/pen.eu\/produkt\/kugelschreiber-goldmark\/","name":"Kugelschreiber \"GoldMark\" - PEN.EU","isPartOf":{"@id":"https:\/\/pen.eu\/#website"},"primaryImageOfPage":{"@id":"https:\/\/pen.eu\/produkt\/kugelschreiber-goldmark\/#primaryimage"},"image":{"@id":"https:\/\/pen.eu\/produkt\/kugelschreiber-goldmark\/#primaryimage"},"thumbnailUrl":"https:\/\/pen.eu\/wp-content\/uploads\/2024\/11\/051106519-MS-GDD.jpg","datePublished":"2024-11-25T19:04:29+00:00","dateModified":"2025-09-29T13:52:55+00:00","breadcrumb":{"@id":"https:\/\/pen.eu\/produkt\/kugelschreiber-goldmark\/#breadcrumb"},"inLanguage":"es","potentialAction":[{"@type":"ReadAction","target":["https:\/\/pen.eu\/produkt\/kugelschreiber-goldmark\/"]}]},{"@type":"ImageObject","inLanguage":"es","@id":"https:\/\/pen.eu\/produkt\/kugelschreiber-goldmark\/#primaryimage","url":"https:\/\/pen.eu\/wp-content\/uploads\/2024\/11\/051106519-MS-GDD.jpg","contentUrl":"https:\/\/pen.eu\/wp-content\/uploads\/2024\/11\/051106519-MS-GDD.jpg","width":1800,"height":1800},{"@type":"BreadcrumbList","@id":"https:\/\/pen.eu\/produkt\/kugelschreiber-goldmark\/#breadcrumb","itemListElement":[{"@type":"ListItem","position":1,"name":"Home","item":"https:\/\/pen.eu\/"},{"@type":"ListItem","position":2,"name":"Shop","item":"https:\/\/pen.eu\/ch\/shop\/"},{"@type":"ListItem","position":3,"name":"Kugelschreiber &#8220;GoldMark&#8221;"}]},{"@type":"WebSite","@id":"https:\/\/pen.eu\/#website","url":"https:\/\/pen.eu\/","name":"PEN.EU","description":"Kugelschreiber bedrucken mit Logo | pen.eu","potentialAction":[{"@type":"SearchAction","target":{"@type":"EntryPoint","urlTemplate":"https:\/\/pen.eu\/?s={search_term_string}"},"query-input":{"@type":"PropertyValueSpecification","valueRequired":true,"valueName":"search_term_string"}}],"inLanguage":"es"}]}},"_links":{"self":[{"href":"https:\/\/pen.eu\/es\/wp-json\/wp\/v2\/product\/10688","targetHints":{"allow":["GET"]}}],"collection":[{"href":"https:\/\/pen.eu\/es\/wp-json\/wp\/v2\/product"}],"about":[{"href":"https:\/\/pen.eu\/es\/wp-json\/wp\/v2\/types\/product"}],"replies":[{"embeddable":true,"href":"https:\/\/pen.eu\/es\/wp-json\/wp\/v2\/comments?post=10688"}],"wp:featuredmedia":[{"embeddable":true,"href":"https:\/\/pen.eu\/es\/wp-json\/wp\/v2\/media\/10757"}],"wp:attachment":[{"href":"https:\/\/pen.eu\/es\/wp-json\/wp\/v2\/media?parent=10688"}],"wp:term":[{"taxonomy":"product_brand","embeddable":true,"href":"https:\/\/pen.eu\/es\/wp-json\/wp\/v2\/product_brand?post=10688"},{"taxonomy":"product_cat","embeddable":true,"href":"https:\/\/pen.eu\/es\/wp-json\/wp\/v2\/product_cat?post=10688"},{"taxonomy":"product_tag","embeddable":true,"href":"https:\/\/pen.eu\/es\/wp-json\/wp\/v2\/product_tag?post=10688"}],"curies":[{"name":"wp","href":"https:\/\/api.w.org\/{rel}","templated":true}]}}