{"id":10776,"date":"2024-11-26T17:28:47","date_gmt":"2024-11-26T16:28:47","guid":{"rendered":"https:\/\/v2.frank-pen.de\/?post_type=product&#038;p=10776"},"modified":"2025-09-30T14:55:23","modified_gmt":"2025-09-30T12:55:23","slug":"tasse-hazel","status":"publish","type":"product","link":"https:\/\/pen.eu\/es\/producto\/tasse-hazel\/","title":{"rendered":"Taza \u201cHazel\u201d"},"content":{"rendered":"<p>La taza de cer\u00e1mica Hazel, con una capacidad de 445 ml, destaca por su acabado brillante tanto por dentro como por fuera, lo que le otorga un aspecto especialmente elegante y de alta calidad. El borde negro en contraste a\u00f1ade un toque de estilo y resalta los colores cl\u00e1sicos como el negro, azul marino y blanco. Esta taza resistente es ideal para mostrar su logotipo o mensaje publicitario, personalizada con serigraf\u00eda a un solo color. Perfecta para el uso diario, es apta para microondas, aunque se recomienda lavarla a mano.<\/p>","protected":false},"excerpt":{"rendered":"<p>Die Keramiktasse Hazel mit einem Fassungsverm\u00f6gen von 445 ml begeistert durch ihre gl\u00e4nzende Oberfl\u00e4che innen wie au\u00dfen, die ihr ein besonders hochwertiges Erscheinungsbild verleiht. Der kontrastierende schwarze Rand setzt stilvolle Akzente und unterstreicht die klassischen Farbvarianten wie Schwarz, Marineblau und Wei\u00df. Diese robuste Tasse eignet sich ideal zur Pr\u00e4sentation Ihres Firmenlogos oder einer Werbebotschaft und [&hellip;]<\/p>\n","protected":false},"featured_media":10783,"comment_status":"open","ping_status":"closed","template":"","meta":[],"product_brand":[],"product_cat":[248],"product_tag":[683,687,795,620,689,619,685],"class_list":{"0":"post-10776","1":"product","2":"type-product","3":"status-publish","4":"has-post-thumbnail","6":"product_cat-trinkgefaesse","7":"product_tag-designcup","8":"product_tag-logomiddle","9":"product_tag-mtop-50","10":"product_tag-mva","11":"product_tag-slimsize","12":"product_tag-wakewave","13":"product_tag-withhandle","14":"pa_farbe-marine","15":"pa_farbe-schwarz","16":"pa_farbe-weiss","17":"pa_material-keramik","18":"pa_werbeanbringung-siebdruck","20":"first","21":"instock","22":"taxable","23":"shipping-taxable","24":"purchasable","25":"product-type-variable","26":"add-to-wishlist-after_add_to_cart"},"yoast_head":"<!-- This site is optimized with the Yoast SEO plugin v27.4 - https:\/\/yoast.com\/product\/yoast-seo-wordpress\/ -->\n<title>Tasse &quot;Hazel&quot; - PEN.EU<\/title>\n<meta name=\"robots\" content=\"index, follow, max-snippet:-1, max-image-preview:large, max-video-preview:-1\" \/>\n<link rel=\"canonical\" href=\"https:\/\/pen.eu\/es\/producto\/tasse-hazel\/\" \/>\n<meta property=\"og:locale\" content=\"es_ES\" \/>\n<meta property=\"og:type\" content=\"article\" \/>\n<meta property=\"og:title\" content=\"Tasse &quot;Hazel&quot; - PEN.EU\" \/>\n<meta property=\"og:description\" content=\"Die Keramiktasse Hazel mit einem Fassungsverm\u00f6gen von 445 ml begeistert durch ihre gl\u00e4nzende Oberfl\u00e4che innen wie au\u00dfen, die ihr ein besonders hochwertiges Erscheinungsbild verleiht. Der kontrastierende schwarze Rand setzt stilvolle Akzente und unterstreicht die klassischen Farbvarianten wie Schwarz, Marineblau und Wei\u00df. Diese robuste Tasse eignet sich ideal zur Pr\u00e4sentation Ihres Firmenlogos oder einer Werbebotschaft und [&hellip;]\" \/>\n<meta property=\"og:url\" content=\"https:\/\/pen.eu\/es\/producto\/tasse-hazel\/\" \/>\n<meta property=\"og:site_name\" content=\"PEN.EU\" \/>\n<meta property=\"article:modified_time\" content=\"2025-09-30T12:55:23+00:00\" \/>\n<meta property=\"og:image\" content=\"https:\/\/pen.eu\/wp-content\/uploads\/2024\/11\/051304902-GS.jpg\" \/>\n\t<meta property=\"og:image:width\" content=\"1800\" \/>\n\t<meta property=\"og:image:height\" content=\"1800\" \/>\n\t<meta property=\"og:image:type\" content=\"image\/jpeg\" \/>\n<meta name=\"twitter:card\" content=\"summary_large_image\" \/>\n<script type=\"application\/ld+json\" class=\"yoast-schema-graph\">{\"@context\":\"https:\\\/\\\/schema.org\",\"@graph\":[{\"@type\":\"WebPage\",\"@id\":\"https:\\\/\\\/pen.eu\\\/produkt\\\/tasse-hazel\\\/\",\"url\":\"https:\\\/\\\/pen.eu\\\/produkt\\\/tasse-hazel\\\/\",\"name\":\"Tasse \\\"Hazel\\\" - PEN.EU\",\"isPartOf\":{\"@id\":\"https:\\\/\\\/pen.eu\\\/#website\"},\"primaryImageOfPage\":{\"@id\":\"https:\\\/\\\/pen.eu\\\/produkt\\\/tasse-hazel\\\/#primaryimage\"},\"image\":{\"@id\":\"https:\\\/\\\/pen.eu\\\/produkt\\\/tasse-hazel\\\/#primaryimage\"},\"thumbnailUrl\":\"https:\\\/\\\/pen.eu\\\/wp-content\\\/uploads\\\/2024\\\/11\\\/051304902-GS.jpg\",\"datePublished\":\"2024-11-26T16:28:47+00:00\",\"dateModified\":\"2025-09-30T12:55:23+00:00\",\"breadcrumb\":{\"@id\":\"https:\\\/\\\/pen.eu\\\/produkt\\\/tasse-hazel\\\/#breadcrumb\"},\"inLanguage\":\"es\",\"potentialAction\":[{\"@type\":\"ReadAction\",\"target\":[\"https:\\\/\\\/pen.eu\\\/produkt\\\/tasse-hazel\\\/\"]}]},{\"@type\":\"ImageObject\",\"inLanguage\":\"es\",\"@id\":\"https:\\\/\\\/pen.eu\\\/produkt\\\/tasse-hazel\\\/#primaryimage\",\"url\":\"https:\\\/\\\/pen.eu\\\/wp-content\\\/uploads\\\/2024\\\/11\\\/051304902-GS.jpg\",\"contentUrl\":\"https:\\\/\\\/pen.eu\\\/wp-content\\\/uploads\\\/2024\\\/11\\\/051304902-GS.jpg\",\"width\":1800,\"height\":1800},{\"@type\":\"BreadcrumbList\",\"@id\":\"https:\\\/\\\/pen.eu\\\/produkt\\\/tasse-hazel\\\/#breadcrumb\",\"itemListElement\":[{\"@type\":\"ListItem\",\"position\":1,\"name\":\"Home\",\"item\":\"https:\\\/\\\/pen.eu\\\/\"},{\"@type\":\"ListItem\",\"position\":2,\"name\":\"Shop\",\"item\":\"https:\\\/\\\/pen.eu\\\/ch\\\/shop\\\/\"},{\"@type\":\"ListItem\",\"position\":3,\"name\":\"Tasse &#8220;Hazel&#8221;\"}]},{\"@type\":\"WebSite\",\"@id\":\"https:\\\/\\\/pen.eu\\\/#website\",\"url\":\"https:\\\/\\\/pen.eu\\\/\",\"name\":\"PEN.EU\",\"description\":\"Kugelschreiber bedrucken mit Logo | pen.eu\",\"potentialAction\":[{\"@type\":\"SearchAction\",\"target\":{\"@type\":\"EntryPoint\",\"urlTemplate\":\"https:\\\/\\\/pen.eu\\\/?s={search_term_string}\"},\"query-input\":{\"@type\":\"PropertyValueSpecification\",\"valueRequired\":true,\"valueName\":\"search_term_string\"}}],\"inLanguage\":\"es\"}]}<\/script>\n<!-- \/ Yoast SEO plugin. -->","yoast_head_json":{"title":"Tasse \"Hazel\" - PEN.EU","robots":{"index":"index","follow":"follow","max-snippet":"max-snippet:-1","max-image-preview":"max-image-preview:large","max-video-preview":"max-video-preview:-1"},"canonical":"https:\/\/pen.eu\/es\/producto\/tasse-hazel\/","og_locale":"es_ES","og_type":"article","og_title":"Tasse \"Hazel\" - PEN.EU","og_description":"Die Keramiktasse Hazel mit einem Fassungsverm\u00f6gen von 445 ml begeistert durch ihre gl\u00e4nzende Oberfl\u00e4che innen wie au\u00dfen, die ihr ein besonders hochwertiges Erscheinungsbild verleiht. Der kontrastierende schwarze Rand setzt stilvolle Akzente und unterstreicht die klassischen Farbvarianten wie Schwarz, Marineblau und Wei\u00df. Diese robuste Tasse eignet sich ideal zur Pr\u00e4sentation Ihres Firmenlogos oder einer Werbebotschaft und [&hellip;]","og_url":"https:\/\/pen.eu\/es\/producto\/tasse-hazel\/","og_site_name":"PEN.EU","article_modified_time":"2025-09-30T12:55:23+00:00","og_image":[{"width":1800,"height":1800,"url":"https:\/\/pen.eu\/wp-content\/uploads\/2024\/11\/051304902-GS.jpg","type":"image\/jpeg"}],"twitter_card":"summary_large_image","schema":{"@context":"https:\/\/schema.org","@graph":[{"@type":"WebPage","@id":"https:\/\/pen.eu\/produkt\/tasse-hazel\/","url":"https:\/\/pen.eu\/produkt\/tasse-hazel\/","name":"Tasse \"Hazel\" - PEN.EU","isPartOf":{"@id":"https:\/\/pen.eu\/#website"},"primaryImageOfPage":{"@id":"https:\/\/pen.eu\/produkt\/tasse-hazel\/#primaryimage"},"image":{"@id":"https:\/\/pen.eu\/produkt\/tasse-hazel\/#primaryimage"},"thumbnailUrl":"https:\/\/pen.eu\/wp-content\/uploads\/2024\/11\/051304902-GS.jpg","datePublished":"2024-11-26T16:28:47+00:00","dateModified":"2025-09-30T12:55:23+00:00","breadcrumb":{"@id":"https:\/\/pen.eu\/produkt\/tasse-hazel\/#breadcrumb"},"inLanguage":"es","potentialAction":[{"@type":"ReadAction","target":["https:\/\/pen.eu\/produkt\/tasse-hazel\/"]}]},{"@type":"ImageObject","inLanguage":"es","@id":"https:\/\/pen.eu\/produkt\/tasse-hazel\/#primaryimage","url":"https:\/\/pen.eu\/wp-content\/uploads\/2024\/11\/051304902-GS.jpg","contentUrl":"https:\/\/pen.eu\/wp-content\/uploads\/2024\/11\/051304902-GS.jpg","width":1800,"height":1800},{"@type":"BreadcrumbList","@id":"https:\/\/pen.eu\/produkt\/tasse-hazel\/#breadcrumb","itemListElement":[{"@type":"ListItem","position":1,"name":"Home","item":"https:\/\/pen.eu\/"},{"@type":"ListItem","position":2,"name":"Shop","item":"https:\/\/pen.eu\/ch\/shop\/"},{"@type":"ListItem","position":3,"name":"Tasse &#8220;Hazel&#8221;"}]},{"@type":"WebSite","@id":"https:\/\/pen.eu\/#website","url":"https:\/\/pen.eu\/","name":"PEN.EU","description":"Kugelschreiber bedrucken mit Logo | pen.eu","potentialAction":[{"@type":"SearchAction","target":{"@type":"EntryPoint","urlTemplate":"https:\/\/pen.eu\/?s={search_term_string}"},"query-input":{"@type":"PropertyValueSpecification","valueRequired":true,"valueName":"search_term_string"}}],"inLanguage":"es"}]}},"_links":{"self":[{"href":"https:\/\/pen.eu\/es\/wp-json\/wp\/v2\/product\/10776","targetHints":{"allow":["GET"]}}],"collection":[{"href":"https:\/\/pen.eu\/es\/wp-json\/wp\/v2\/product"}],"about":[{"href":"https:\/\/pen.eu\/es\/wp-json\/wp\/v2\/types\/product"}],"replies":[{"embeddable":true,"href":"https:\/\/pen.eu\/es\/wp-json\/wp\/v2\/comments?post=10776"}],"wp:featuredmedia":[{"embeddable":true,"href":"https:\/\/pen.eu\/es\/wp-json\/wp\/v2\/media\/10783"}],"wp:attachment":[{"href":"https:\/\/pen.eu\/es\/wp-json\/wp\/v2\/media?parent=10776"}],"wp:term":[{"taxonomy":"product_brand","embeddable":true,"href":"https:\/\/pen.eu\/es\/wp-json\/wp\/v2\/product_brand?post=10776"},{"taxonomy":"product_cat","embeddable":true,"href":"https:\/\/pen.eu\/es\/wp-json\/wp\/v2\/product_cat?post=10776"},{"taxonomy":"product_tag","embeddable":true,"href":"https:\/\/pen.eu\/es\/wp-json\/wp\/v2\/product_tag?post=10776"}],"curies":[{"name":"wp","href":"https:\/\/api.w.org\/{rel}","templated":true}]}}