{"id":123,"date":"2024-09-19T09:16:22","date_gmt":"2024-09-19T07:16:22","guid":{"rendered":"https:\/\/v2.frank-pen.de\/produkt\/kugelschreiber-celena\/"},"modified":"2025-09-29T16:00:46","modified_gmt":"2025-09-29T14:00:46","slug":"kugelschreiber-arlington-mono","status":"publish","type":"product","link":"https:\/\/pen.eu\/es\/producto\/kugelschreiber-arlington-mono\/","title":{"rendered":"Bol\u00edgrafo \"Arlington Mono\""},"content":{"rendered":"<p>Con su moderno dise\u00f1o monocrom\u00e1tico y su brillante grabado espejo, este bol\u00edgrafo destaca su logotipo de manera elegante y llamativa. Su mensaje no pasar\u00e1 desapercibido, mientras sus clientes valorar\u00e1n el bol\u00edgrafo a juego tanto para escribir como para usar en pantallas t\u00e1ctiles. Adem\u00e1s, el nuevo \u201cArlington Mono\u201d ofrece el lujoso acabado soft-touch que ya ha convertido muchos de nuestros modelos cl\u00e1sicos en los favoritos del p\u00fablico.<\/p>","protected":false},"excerpt":{"rendered":"<p>Mit seinem modernen, einfarbigen Monochrom-Design und einem gl\u00e4nzenden Spiegelgravur setzt dieser Kugelschreiber Ihr Logo stilvoll und zugleich aufmerksamkeitsstark in Szene. Ihre Botschaft wird un\u00fcbersehbar sein, w\u00e4hrend Ihre Kunden den farblich abgestimmten Stift sowohl f\u00fcr das Schreiben als auch f\u00fcr die Bedienung von Touchscreens zu sch\u00e4tzen wissen. Dar\u00fcber hinaus bietet der neue &#8220;Arlington Mono&#8221; die luxuri\u00f6se [&hellip;]<\/p>\n","protected":false},"featured_media":124,"comment_status":"open","ping_status":"closed","template":"","meta":[],"product_brand":[],"product_cat":[309,247],"product_tag":[518,519],"class_list":{"0":"post-123","1":"product","2":"type-product","3":"status-publish","4":"has-post-thumbnail","6":"product_cat-kugelschreiber-aus-metall","7":"product_cat-schreibgeraete","8":"product_tag-2303-fp-1037","9":"product_tag-msr","10":"pa_eigenschaft-dokumentenecht","11":"pa_eigenschaft-monochrome","12":"pa_eigenschaft-rose-gold","13":"pa_eigenschaft-soft-touch","14":"pa_eigenschaft-stylus","15":"pa_farbe-grau","16":"pa_farbe-marine","17":"pa_farbe-rose","18":"pa_farbe-rot","19":"pa_farbe-schwarz","20":"pa_material-metall","21":"pa_mindestmenge-24","22":"pa_minenfarbe-blau","23":"pa_minenfarbe-schwarz","24":"pa_werbeanbringung-digitaldruck","25":"pa_werbeanbringung-spiegelgravur","27":"first","28":"instock","29":"taxable","30":"shipping-taxable","31":"purchasable","32":"product-type-variable","33":"has-default-attributes","34":"add-to-wishlist-after_add_to_cart"},"yoast_head":"<!-- This site is optimized with the Yoast SEO plugin v27.4 - https:\/\/yoast.com\/product\/yoast-seo-wordpress\/ -->\n<title>Kugelschreiber &quot;Arlington Mono&quot; - PEN.EU<\/title>\n<meta name=\"robots\" content=\"index, follow, max-snippet:-1, max-image-preview:large, max-video-preview:-1\" \/>\n<link rel=\"canonical\" href=\"https:\/\/pen.eu\/es\/producto\/kugelschreiber-arlington-mono\/\" \/>\n<meta property=\"og:locale\" content=\"es_ES\" \/>\n<meta property=\"og:type\" content=\"article\" \/>\n<meta property=\"og:title\" content=\"Kugelschreiber &quot;Arlington Mono&quot; - PEN.EU\" \/>\n<meta property=\"og:description\" content=\"Mit seinem modernen, einfarbigen Monochrom-Design und einem gl\u00e4nzenden Spiegelgravur setzt dieser Kugelschreiber Ihr Logo stilvoll und zugleich aufmerksamkeitsstark in Szene. Ihre Botschaft wird un\u00fcbersehbar sein, w\u00e4hrend Ihre Kunden den farblich abgestimmten Stift sowohl f\u00fcr das Schreiben als auch f\u00fcr die Bedienung von Touchscreens zu sch\u00e4tzen wissen. Dar\u00fcber hinaus bietet der neue &#8220;Arlington Mono&#8221; die luxuri\u00f6se [&hellip;]\" \/>\n<meta property=\"og:url\" content=\"https:\/\/pen.eu\/es\/producto\/kugelschreiber-arlington-mono\/\" \/>\n<meta property=\"og:site_name\" content=\"PEN.EU\" \/>\n<meta property=\"article:modified_time\" content=\"2025-09-29T14:00:46+00:00\" \/>\n<meta property=\"og:image\" content=\"https:\/\/pen.eu\/wp-content\/uploads\/2024\/09\/0511037132-GDD.jpg\" \/>\n\t<meta property=\"og:image:width\" content=\"1800\" \/>\n\t<meta property=\"og:image:height\" content=\"1800\" \/>\n\t<meta property=\"og:image:type\" content=\"image\/jpeg\" \/>\n<meta name=\"twitter:card\" content=\"summary_large_image\" \/>\n<script type=\"application\/ld+json\" class=\"yoast-schema-graph\">{\"@context\":\"https:\\\/\\\/schema.org\",\"@graph\":[{\"@type\":\"WebPage\",\"@id\":\"https:\\\/\\\/pen.eu\\\/produkt\\\/kugelschreiber-arlington-mono\\\/\",\"url\":\"https:\\\/\\\/pen.eu\\\/produkt\\\/kugelschreiber-arlington-mono\\\/\",\"name\":\"Kugelschreiber \\\"Arlington Mono\\\" - PEN.EU\",\"isPartOf\":{\"@id\":\"https:\\\/\\\/pen.eu\\\/#website\"},\"primaryImageOfPage\":{\"@id\":\"https:\\\/\\\/pen.eu\\\/produkt\\\/kugelschreiber-arlington-mono\\\/#primaryimage\"},\"image\":{\"@id\":\"https:\\\/\\\/pen.eu\\\/produkt\\\/kugelschreiber-arlington-mono\\\/#primaryimage\"},\"thumbnailUrl\":\"https:\\\/\\\/pen.eu\\\/wp-content\\\/uploads\\\/2024\\\/09\\\/0511037132-GDD.jpg\",\"datePublished\":\"2024-09-19T07:16:22+00:00\",\"dateModified\":\"2025-09-29T14:00:46+00:00\",\"breadcrumb\":{\"@id\":\"https:\\\/\\\/pen.eu\\\/produkt\\\/kugelschreiber-arlington-mono\\\/#breadcrumb\"},\"inLanguage\":\"es\",\"potentialAction\":[{\"@type\":\"ReadAction\",\"target\":[\"https:\\\/\\\/pen.eu\\\/produkt\\\/kugelschreiber-arlington-mono\\\/\"]}]},{\"@type\":\"ImageObject\",\"inLanguage\":\"es\",\"@id\":\"https:\\\/\\\/pen.eu\\\/produkt\\\/kugelschreiber-arlington-mono\\\/#primaryimage\",\"url\":\"https:\\\/\\\/pen.eu\\\/wp-content\\\/uploads\\\/2024\\\/09\\\/0511037132-GDD.jpg\",\"contentUrl\":\"https:\\\/\\\/pen.eu\\\/wp-content\\\/uploads\\\/2024\\\/09\\\/0511037132-GDD.jpg\",\"width\":1800,\"height\":1800},{\"@type\":\"BreadcrumbList\",\"@id\":\"https:\\\/\\\/pen.eu\\\/produkt\\\/kugelschreiber-arlington-mono\\\/#breadcrumb\",\"itemListElement\":[{\"@type\":\"ListItem\",\"position\":1,\"name\":\"Home\",\"item\":\"https:\\\/\\\/pen.eu\\\/\"},{\"@type\":\"ListItem\",\"position\":2,\"name\":\"Shop\",\"item\":\"https:\\\/\\\/pen.eu\\\/ch\\\/shop\\\/\"},{\"@type\":\"ListItem\",\"position\":3,\"name\":\"Kugelschreiber &#8220;Arlington Mono&#8221;\"}]},{\"@type\":\"WebSite\",\"@id\":\"https:\\\/\\\/pen.eu\\\/#website\",\"url\":\"https:\\\/\\\/pen.eu\\\/\",\"name\":\"PEN.EU\",\"description\":\"Kugelschreiber bedrucken mit Logo | pen.eu\",\"potentialAction\":[{\"@type\":\"SearchAction\",\"target\":{\"@type\":\"EntryPoint\",\"urlTemplate\":\"https:\\\/\\\/pen.eu\\\/?s={search_term_string}\"},\"query-input\":{\"@type\":\"PropertyValueSpecification\",\"valueRequired\":true,\"valueName\":\"search_term_string\"}}],\"inLanguage\":\"es\"}]}<\/script>\n<!-- \/ Yoast SEO plugin. -->","yoast_head_json":{"title":"Kugelschreiber \"Arlington Mono\" - PEN.EU","robots":{"index":"index","follow":"follow","max-snippet":"max-snippet:-1","max-image-preview":"max-image-preview:large","max-video-preview":"max-video-preview:-1"},"canonical":"https:\/\/pen.eu\/es\/producto\/kugelschreiber-arlington-mono\/","og_locale":"es_ES","og_type":"article","og_title":"Kugelschreiber \"Arlington Mono\" - PEN.EU","og_description":"Mit seinem modernen, einfarbigen Monochrom-Design und einem gl\u00e4nzenden Spiegelgravur setzt dieser Kugelschreiber Ihr Logo stilvoll und zugleich aufmerksamkeitsstark in Szene. Ihre Botschaft wird un\u00fcbersehbar sein, w\u00e4hrend Ihre Kunden den farblich abgestimmten Stift sowohl f\u00fcr das Schreiben als auch f\u00fcr die Bedienung von Touchscreens zu sch\u00e4tzen wissen. Dar\u00fcber hinaus bietet der neue &#8220;Arlington Mono&#8221; die luxuri\u00f6se [&hellip;]","og_url":"https:\/\/pen.eu\/es\/producto\/kugelschreiber-arlington-mono\/","og_site_name":"PEN.EU","article_modified_time":"2025-09-29T14:00:46+00:00","og_image":[{"width":1800,"height":1800,"url":"https:\/\/pen.eu\/wp-content\/uploads\/2024\/09\/0511037132-GDD.jpg","type":"image\/jpeg"}],"twitter_card":"summary_large_image","schema":{"@context":"https:\/\/schema.org","@graph":[{"@type":"WebPage","@id":"https:\/\/pen.eu\/produkt\/kugelschreiber-arlington-mono\/","url":"https:\/\/pen.eu\/produkt\/kugelschreiber-arlington-mono\/","name":"Kugelschreiber \"Arlington Mono\" - PEN.EU","isPartOf":{"@id":"https:\/\/pen.eu\/#website"},"primaryImageOfPage":{"@id":"https:\/\/pen.eu\/produkt\/kugelschreiber-arlington-mono\/#primaryimage"},"image":{"@id":"https:\/\/pen.eu\/produkt\/kugelschreiber-arlington-mono\/#primaryimage"},"thumbnailUrl":"https:\/\/pen.eu\/wp-content\/uploads\/2024\/09\/0511037132-GDD.jpg","datePublished":"2024-09-19T07:16:22+00:00","dateModified":"2025-09-29T14:00:46+00:00","breadcrumb":{"@id":"https:\/\/pen.eu\/produkt\/kugelschreiber-arlington-mono\/#breadcrumb"},"inLanguage":"es","potentialAction":[{"@type":"ReadAction","target":["https:\/\/pen.eu\/produkt\/kugelschreiber-arlington-mono\/"]}]},{"@type":"ImageObject","inLanguage":"es","@id":"https:\/\/pen.eu\/produkt\/kugelschreiber-arlington-mono\/#primaryimage","url":"https:\/\/pen.eu\/wp-content\/uploads\/2024\/09\/0511037132-GDD.jpg","contentUrl":"https:\/\/pen.eu\/wp-content\/uploads\/2024\/09\/0511037132-GDD.jpg","width":1800,"height":1800},{"@type":"BreadcrumbList","@id":"https:\/\/pen.eu\/produkt\/kugelschreiber-arlington-mono\/#breadcrumb","itemListElement":[{"@type":"ListItem","position":1,"name":"Home","item":"https:\/\/pen.eu\/"},{"@type":"ListItem","position":2,"name":"Shop","item":"https:\/\/pen.eu\/ch\/shop\/"},{"@type":"ListItem","position":3,"name":"Kugelschreiber &#8220;Arlington Mono&#8221;"}]},{"@type":"WebSite","@id":"https:\/\/pen.eu\/#website","url":"https:\/\/pen.eu\/","name":"PEN.EU","description":"Kugelschreiber bedrucken mit Logo | pen.eu","potentialAction":[{"@type":"SearchAction","target":{"@type":"EntryPoint","urlTemplate":"https:\/\/pen.eu\/?s={search_term_string}"},"query-input":{"@type":"PropertyValueSpecification","valueRequired":true,"valueName":"search_term_string"}}],"inLanguage":"es"}]}},"_links":{"self":[{"href":"https:\/\/pen.eu\/es\/wp-json\/wp\/v2\/product\/123","targetHints":{"allow":["GET"]}}],"collection":[{"href":"https:\/\/pen.eu\/es\/wp-json\/wp\/v2\/product"}],"about":[{"href":"https:\/\/pen.eu\/es\/wp-json\/wp\/v2\/types\/product"}],"replies":[{"embeddable":true,"href":"https:\/\/pen.eu\/es\/wp-json\/wp\/v2\/comments?post=123"}],"wp:featuredmedia":[{"embeddable":true,"href":"https:\/\/pen.eu\/es\/wp-json\/wp\/v2\/media\/124"}],"wp:attachment":[{"href":"https:\/\/pen.eu\/es\/wp-json\/wp\/v2\/media?parent=123"}],"wp:term":[{"taxonomy":"product_brand","embeddable":true,"href":"https:\/\/pen.eu\/es\/wp-json\/wp\/v2\/product_brand?post=123"},{"taxonomy":"product_cat","embeddable":true,"href":"https:\/\/pen.eu\/es\/wp-json\/wp\/v2\/product_cat?post=123"},{"taxonomy":"product_tag","embeddable":true,"href":"https:\/\/pen.eu\/es\/wp-json\/wp\/v2\/product_tag?post=123"}],"curies":[{"name":"wp","href":"https:\/\/api.w.org\/{rel}","templated":true}]}}