{"id":134,"date":"2024-09-19T09:16:22","date_gmt":"2024-09-19T07:16:22","guid":{"rendered":"https:\/\/v2.frank-pen.de\/produkt\/kugelschreiber-costa-bright-gel\/"},"modified":"2025-09-29T16:01:09","modified_gmt":"2025-09-29T14:01:09","slug":"kugelschreiber-diamond-bright-gel","status":"publish","type":"product","link":"https:\/\/pen.eu\/es\/producto\/kugelschreiber-diamond-bright-gel\/","title":{"rendered":"Bol\u00edgrafo \"Diamond Bright Gel\""},"content":{"rendered":"<p>\u00a1Su logotipo grabado con l\u00e1ser en este brillante bol\u00edgrafo de gel con stylus atraer\u00e1 todas las miradas! Personalice el bol\u00edgrafo con un mensaje individual para mostrar su marca de la mejor manera posible. El \u201cDiamond Bright Gel\u201d, tambi\u00e9n conocido como \u201cCosta Bright Gel Bol\u00edgrafo\u201d, combina tinta de gel vibrante con un dise\u00f1o elegante en negro profesional. Este llamativo bol\u00edgrafo ofrece todo lo necesario para que su p\u00fablico objetivo lo elija primero, ya sea para rellenar un formulario, tomar notas o usar un smartphone o una tablet. Con su mensaje grabado en plata sobre el cuerpo, obtendr\u00e1 el espacio publicitario ideal para su marca.<\/p>","protected":false},"excerpt":{"rendered":"<p>Ihr lasergraviertes Logo auf diesem leuchtenden Gel-Stylus-Kugelschreiber wird garantiert Aufmerksamkeit erregen! Gestalten Sie den Stift mit einer individuellen Botschaft, um Ihr Branding optimal zur Geltung zu bringen. Der &#8220;Diamond Bright Gel&#8221;, auch bekannt als &#8220;Costa Bright Gel Kugelschreiber&#8221;, kombiniert lebendige Gel-Tinte mit einem eleganten Design in gesch\u00e4ftlichem Schwarz. Dieser Blickfang bietet alle Details, die Ihre [&hellip;]<\/p>\n","protected":false},"featured_media":135,"comment_status":"open","ping_status":"closed","template":"","meta":[],"product_brand":[],"product_cat":[309,247],"product_tag":[522,523,657],"class_list":{"0":"post-134","1":"product","2":"type-product","3":"status-publish","4":"has-post-thumbnail","6":"product_cat-kugelschreiber-aus-metall","7":"product_cat-schreibgeraete","8":"product_tag-2303-fp-1029","9":"product_tag-mrl","10":"product_tag-shortpen","11":"pa_eigenschaft-dokumentenecht","12":"pa_eigenschaft-gel-kugelschreiber","13":"pa_eigenschaft-soft-touch","14":"pa_eigenschaft-stylus","15":"pa_farbe-blau","16":"pa_farbe-gelb","17":"pa_farbe-hellblau","18":"pa_farbe-lindgruen","19":"pa_farbe-orange","20":"pa_farbe-rot","21":"pa_material-aluminium","22":"pa_mindestmenge-24","23":"pa_minenfarbe-blau","24":"pa_minenfarbe-schwarz","25":"pa_werbeanbringung-digitaldruck","26":"pa_werbeanbringung-lasergravur","28":"first","29":"instock","30":"taxable","31":"shipping-taxable","32":"purchasable","33":"product-type-variable","34":"add-to-wishlist-after_add_to_cart"},"yoast_head":"<!-- This site is optimized with the Yoast SEO plugin v27.4 - https:\/\/yoast.com\/product\/yoast-seo-wordpress\/ -->\n<title>Kugelschreiber &quot;Diamond Bright Gel&quot; - PEN.EU<\/title>\n<meta name=\"robots\" content=\"index, follow, max-snippet:-1, max-image-preview:large, max-video-preview:-1\" \/>\n<link rel=\"canonical\" href=\"https:\/\/pen.eu\/es\/producto\/kugelschreiber-diamond-bright-gel\/\" \/>\n<meta property=\"og:locale\" content=\"es_ES\" \/>\n<meta property=\"og:type\" content=\"article\" \/>\n<meta property=\"og:title\" content=\"Kugelschreiber &quot;Diamond Bright Gel&quot; - PEN.EU\" \/>\n<meta property=\"og:description\" content=\"Ihr lasergraviertes Logo auf diesem leuchtenden Gel-Stylus-Kugelschreiber wird garantiert Aufmerksamkeit erregen! Gestalten Sie den Stift mit einer individuellen Botschaft, um Ihr Branding optimal zur Geltung zu bringen. Der &#8220;Diamond Bright Gel&#8221;, auch bekannt als &#8220;Costa Bright Gel Kugelschreiber&#8221;, kombiniert lebendige Gel-Tinte mit einem eleganten Design in gesch\u00e4ftlichem Schwarz. Dieser Blickfang bietet alle Details, die Ihre [&hellip;]\" \/>\n<meta property=\"og:url\" content=\"https:\/\/pen.eu\/es\/producto\/kugelschreiber-diamond-bright-gel\/\" \/>\n<meta property=\"og:site_name\" content=\"PEN.EU\" \/>\n<meta property=\"article:modified_time\" content=\"2025-09-29T14:01:09+00:00\" \/>\n<meta property=\"og:image\" content=\"https:\/\/pen.eu\/wp-content\/uploads\/2024\/09\/051102908-GDD.jpg\" \/>\n\t<meta property=\"og:image:width\" content=\"1800\" \/>\n\t<meta property=\"og:image:height\" content=\"1800\" \/>\n\t<meta property=\"og:image:type\" content=\"image\/jpeg\" \/>\n<meta name=\"twitter:card\" content=\"summary_large_image\" \/>\n<meta name=\"twitter:label1\" content=\"Tiempo de lectura\" \/>\n\t<meta name=\"twitter:data1\" content=\"1 minuto\" \/>\n<script type=\"application\/ld+json\" class=\"yoast-schema-graph\">{\"@context\":\"https:\\\/\\\/schema.org\",\"@graph\":[{\"@type\":\"WebPage\",\"@id\":\"https:\\\/\\\/pen.eu\\\/produkt\\\/kugelschreiber-diamond-bright-gel\\\/\",\"url\":\"https:\\\/\\\/pen.eu\\\/produkt\\\/kugelschreiber-diamond-bright-gel\\\/\",\"name\":\"Kugelschreiber \\\"Diamond Bright Gel\\\" - PEN.EU\",\"isPartOf\":{\"@id\":\"https:\\\/\\\/pen.eu\\\/#website\"},\"primaryImageOfPage\":{\"@id\":\"https:\\\/\\\/pen.eu\\\/produkt\\\/kugelschreiber-diamond-bright-gel\\\/#primaryimage\"},\"image\":{\"@id\":\"https:\\\/\\\/pen.eu\\\/produkt\\\/kugelschreiber-diamond-bright-gel\\\/#primaryimage\"},\"thumbnailUrl\":\"https:\\\/\\\/pen.eu\\\/wp-content\\\/uploads\\\/2024\\\/09\\\/051102908-GDD.jpg\",\"datePublished\":\"2024-09-19T07:16:22+00:00\",\"dateModified\":\"2025-09-29T14:01:09+00:00\",\"breadcrumb\":{\"@id\":\"https:\\\/\\\/pen.eu\\\/produkt\\\/kugelschreiber-diamond-bright-gel\\\/#breadcrumb\"},\"inLanguage\":\"es\",\"potentialAction\":[{\"@type\":\"ReadAction\",\"target\":[\"https:\\\/\\\/pen.eu\\\/produkt\\\/kugelschreiber-diamond-bright-gel\\\/\"]}]},{\"@type\":\"ImageObject\",\"inLanguage\":\"es\",\"@id\":\"https:\\\/\\\/pen.eu\\\/produkt\\\/kugelschreiber-diamond-bright-gel\\\/#primaryimage\",\"url\":\"https:\\\/\\\/pen.eu\\\/wp-content\\\/uploads\\\/2024\\\/09\\\/051102908-GDD.jpg\",\"contentUrl\":\"https:\\\/\\\/pen.eu\\\/wp-content\\\/uploads\\\/2024\\\/09\\\/051102908-GDD.jpg\",\"width\":1800,\"height\":1800},{\"@type\":\"BreadcrumbList\",\"@id\":\"https:\\\/\\\/pen.eu\\\/produkt\\\/kugelschreiber-diamond-bright-gel\\\/#breadcrumb\",\"itemListElement\":[{\"@type\":\"ListItem\",\"position\":1,\"name\":\"Home\",\"item\":\"https:\\\/\\\/pen.eu\\\/\"},{\"@type\":\"ListItem\",\"position\":2,\"name\":\"Shop\",\"item\":\"https:\\\/\\\/pen.eu\\\/ch\\\/shop\\\/\"},{\"@type\":\"ListItem\",\"position\":3,\"name\":\"Kugelschreiber &#8220;Diamond Bright Gel&#8221;\"}]},{\"@type\":\"WebSite\",\"@id\":\"https:\\\/\\\/pen.eu\\\/#website\",\"url\":\"https:\\\/\\\/pen.eu\\\/\",\"name\":\"PEN.EU\",\"description\":\"Kugelschreiber bedrucken mit Logo | pen.eu\",\"potentialAction\":[{\"@type\":\"SearchAction\",\"target\":{\"@type\":\"EntryPoint\",\"urlTemplate\":\"https:\\\/\\\/pen.eu\\\/?s={search_term_string}\"},\"query-input\":{\"@type\":\"PropertyValueSpecification\",\"valueRequired\":true,\"valueName\":\"search_term_string\"}}],\"inLanguage\":\"es\"}]}<\/script>\n<!-- \/ Yoast SEO plugin. -->","yoast_head_json":{"title":"Kugelschreiber \"Diamond Bright Gel\" - PEN.EU","robots":{"index":"index","follow":"follow","max-snippet":"max-snippet:-1","max-image-preview":"max-image-preview:large","max-video-preview":"max-video-preview:-1"},"canonical":"https:\/\/pen.eu\/es\/producto\/kugelschreiber-diamond-bright-gel\/","og_locale":"es_ES","og_type":"article","og_title":"Kugelschreiber \"Diamond Bright Gel\" - PEN.EU","og_description":"Ihr lasergraviertes Logo auf diesem leuchtenden Gel-Stylus-Kugelschreiber wird garantiert Aufmerksamkeit erregen! Gestalten Sie den Stift mit einer individuellen Botschaft, um Ihr Branding optimal zur Geltung zu bringen. Der &#8220;Diamond Bright Gel&#8221;, auch bekannt als &#8220;Costa Bright Gel Kugelschreiber&#8221;, kombiniert lebendige Gel-Tinte mit einem eleganten Design in gesch\u00e4ftlichem Schwarz. Dieser Blickfang bietet alle Details, die Ihre [&hellip;]","og_url":"https:\/\/pen.eu\/es\/producto\/kugelschreiber-diamond-bright-gel\/","og_site_name":"PEN.EU","article_modified_time":"2025-09-29T14:01:09+00:00","og_image":[{"width":1800,"height":1800,"url":"https:\/\/pen.eu\/wp-content\/uploads\/2024\/09\/051102908-GDD.jpg","type":"image\/jpeg"}],"twitter_card":"summary_large_image","twitter_misc":{"Tiempo de lectura":"1 minuto"},"schema":{"@context":"https:\/\/schema.org","@graph":[{"@type":"WebPage","@id":"https:\/\/pen.eu\/produkt\/kugelschreiber-diamond-bright-gel\/","url":"https:\/\/pen.eu\/produkt\/kugelschreiber-diamond-bright-gel\/","name":"Kugelschreiber \"Diamond Bright Gel\" - PEN.EU","isPartOf":{"@id":"https:\/\/pen.eu\/#website"},"primaryImageOfPage":{"@id":"https:\/\/pen.eu\/produkt\/kugelschreiber-diamond-bright-gel\/#primaryimage"},"image":{"@id":"https:\/\/pen.eu\/produkt\/kugelschreiber-diamond-bright-gel\/#primaryimage"},"thumbnailUrl":"https:\/\/pen.eu\/wp-content\/uploads\/2024\/09\/051102908-GDD.jpg","datePublished":"2024-09-19T07:16:22+00:00","dateModified":"2025-09-29T14:01:09+00:00","breadcrumb":{"@id":"https:\/\/pen.eu\/produkt\/kugelschreiber-diamond-bright-gel\/#breadcrumb"},"inLanguage":"es","potentialAction":[{"@type":"ReadAction","target":["https:\/\/pen.eu\/produkt\/kugelschreiber-diamond-bright-gel\/"]}]},{"@type":"ImageObject","inLanguage":"es","@id":"https:\/\/pen.eu\/produkt\/kugelschreiber-diamond-bright-gel\/#primaryimage","url":"https:\/\/pen.eu\/wp-content\/uploads\/2024\/09\/051102908-GDD.jpg","contentUrl":"https:\/\/pen.eu\/wp-content\/uploads\/2024\/09\/051102908-GDD.jpg","width":1800,"height":1800},{"@type":"BreadcrumbList","@id":"https:\/\/pen.eu\/produkt\/kugelschreiber-diamond-bright-gel\/#breadcrumb","itemListElement":[{"@type":"ListItem","position":1,"name":"Home","item":"https:\/\/pen.eu\/"},{"@type":"ListItem","position":2,"name":"Shop","item":"https:\/\/pen.eu\/ch\/shop\/"},{"@type":"ListItem","position":3,"name":"Kugelschreiber &#8220;Diamond Bright Gel&#8221;"}]},{"@type":"WebSite","@id":"https:\/\/pen.eu\/#website","url":"https:\/\/pen.eu\/","name":"PEN.EU","description":"Kugelschreiber bedrucken mit Logo | pen.eu","potentialAction":[{"@type":"SearchAction","target":{"@type":"EntryPoint","urlTemplate":"https:\/\/pen.eu\/?s={search_term_string}"},"query-input":{"@type":"PropertyValueSpecification","valueRequired":true,"valueName":"search_term_string"}}],"inLanguage":"es"}]}},"_links":{"self":[{"href":"https:\/\/pen.eu\/es\/wp-json\/wp\/v2\/product\/134","targetHints":{"allow":["GET"]}}],"collection":[{"href":"https:\/\/pen.eu\/es\/wp-json\/wp\/v2\/product"}],"about":[{"href":"https:\/\/pen.eu\/es\/wp-json\/wp\/v2\/types\/product"}],"replies":[{"embeddable":true,"href":"https:\/\/pen.eu\/es\/wp-json\/wp\/v2\/comments?post=134"}],"wp:featuredmedia":[{"embeddable":true,"href":"https:\/\/pen.eu\/es\/wp-json\/wp\/v2\/media\/135"}],"wp:attachment":[{"href":"https:\/\/pen.eu\/es\/wp-json\/wp\/v2\/media?parent=134"}],"wp:term":[{"taxonomy":"product_brand","embeddable":true,"href":"https:\/\/pen.eu\/es\/wp-json\/wp\/v2\/product_brand?post=134"},{"taxonomy":"product_cat","embeddable":true,"href":"https:\/\/pen.eu\/es\/wp-json\/wp\/v2\/product_cat?post=134"},{"taxonomy":"product_tag","embeddable":true,"href":"https:\/\/pen.eu\/es\/wp-json\/wp\/v2\/product_tag?post=134"}],"curies":[{"name":"wp","href":"https:\/\/api.w.org\/{rel}","templated":true}]}}