{"id":142,"date":"2024-09-19T09:16:22","date_gmt":"2024-09-19T07:16:22","guid":{"rendered":"https:\/\/v2.frank-pen.de\/produkt\/kugelschreiber-costa\/"},"modified":"2025-09-29T15:19:56","modified_gmt":"2025-09-29T13:19:56","slug":"kugelschreiber-diamond","status":"publish","type":"product","link":"https:\/\/pen.eu\/es\/producto\/kugelschreiber-diamond\/","title":{"rendered":"Bol\u00edgrafo \u201cDiamond\u201d"},"content":{"rendered":"<p>Este elegante bol\u00edgrafo de metal con mecanismo de pulsaci\u00f3n se distingue por su cuerpo ligeramente m\u00e1s grueso, lo que lo diferencia de los modelos convencionales. Conocido como el \u201cBol\u00edgrafo Costa\u201d, el modelo \u201cDiamond\u201d ofrece un agradable acabado de tacto suave engomado que se extiende por toda la zona de agarre con textura de diamante. Detalles de cromo pulido y un clip elegante completan el dise\u00f1o sofisticado. Elija entre una amplia gama de colores vibrantes para el cuerpo y la zona de agarre, y adapte el bol\u00edgrafo perfectamente a sus necesidades.<\/p>","protected":false},"excerpt":{"rendered":"<p>Dieser stilvolle Metall-Kugelschreiber mit Dr\u00fcckmechanik zeichnet sich durch einen etwas dickeren Schaft aus, was ihn von herk\u00f6mmlichen Modellen abhebt. Bekannt als der &#8220;Kugelschreiber Costa&#8221;, bietet das Modell &#8220;Diamond&#8221; ein angenehmes gummiertes Soft-Touch-Finish, das sich \u00fcber die gesamte Diamant-strukturierte Griffzone erstreckt. Polierte Chromakzente und ein eleganter Clip runden das edle Design ab. W\u00e4hlen Sie aus einer [&hellip;]<\/p>\n","protected":false},"featured_media":936,"comment_status":"open","ping_status":"closed","template":"","meta":[],"product_brand":[],"product_cat":[309,247],"product_tag":[526,527,657],"class_list":{"0":"post-142","1":"product","2":"type-product","3":"status-publish","4":"has-post-thumbnail","6":"product_cat-kugelschreiber-aus-metall","7":"product_cat-schreibgeraete","8":"product_tag-2303-fp-1027","9":"product_tag-mnh","10":"product_tag-shortpen","11":"pa_eigenschaft-bestseller","12":"pa_eigenschaft-soft-touch","13":"pa_eigenschaft-stylus","14":"pa_farbe-anthrazit","15":"pa_farbe-blau","16":"pa_farbe-dunkellila","17":"pa_farbe-lindgruen","18":"pa_farbe-rot","19":"pa_farbe-schwarz","20":"pa_material-aluminium","21":"pa_mindestmenge-24","22":"pa_minenfarbe-blau","23":"pa_minenfarbe-schwarz","24":"pa_werbeanbringung-digitaldruck","25":"pa_werbeanbringung-lasergravur","27":"first","28":"instock","29":"taxable","30":"shipping-taxable","31":"purchasable","32":"product-type-variable","33":"has-default-attributes","34":"add-to-wishlist-after_add_to_cart"},"yoast_head":"<!-- This site is optimized with the Yoast SEO plugin v27.4 - https:\/\/yoast.com\/product\/yoast-seo-wordpress\/ -->\n<title>Kugelschreiber &quot;Diamond&quot; - PEN.EU<\/title>\n<meta name=\"robots\" content=\"index, follow, max-snippet:-1, max-image-preview:large, max-video-preview:-1\" \/>\n<link rel=\"canonical\" href=\"https:\/\/pen.eu\/es\/producto\/kugelschreiber-diamond\/\" \/>\n<meta property=\"og:locale\" content=\"es_ES\" \/>\n<meta property=\"og:type\" content=\"article\" \/>\n<meta property=\"og:title\" content=\"Kugelschreiber &quot;Diamond&quot; - PEN.EU\" \/>\n<meta property=\"og:description\" content=\"Dieser stilvolle Metall-Kugelschreiber mit Dr\u00fcckmechanik zeichnet sich durch einen etwas dickeren Schaft aus, was ihn von herk\u00f6mmlichen Modellen abhebt. Bekannt als der &#8220;Kugelschreiber Costa&#8221;, bietet das Modell &#8220;Diamond&#8221; ein angenehmes gummiertes Soft-Touch-Finish, das sich \u00fcber die gesamte Diamant-strukturierte Griffzone erstreckt. Polierte Chromakzente und ein eleganter Clip runden das edle Design ab. W\u00e4hlen Sie aus einer [&hellip;]\" \/>\n<meta property=\"og:url\" content=\"https:\/\/pen.eu\/es\/producto\/kugelschreiber-diamond\/\" \/>\n<meta property=\"og:site_name\" content=\"PEN.EU\" \/>\n<meta property=\"article:modified_time\" content=\"2025-09-29T13:19:56+00:00\" \/>\n<meta property=\"og:image\" content=\"https:\/\/pen.eu\/wp-content\/uploads\/2024\/09\/0511027139-GDD.jpg\" \/>\n\t<meta property=\"og:image:width\" content=\"1014\" \/>\n\t<meta property=\"og:image:height\" content=\"1014\" \/>\n\t<meta property=\"og:image:type\" content=\"image\/jpeg\" \/>\n<meta name=\"twitter:card\" content=\"summary_large_image\" \/>\n<script type=\"application\/ld+json\" class=\"yoast-schema-graph\">{\"@context\":\"https:\\\/\\\/schema.org\",\"@graph\":[{\"@type\":\"WebPage\",\"@id\":\"https:\\\/\\\/pen.eu\\\/produkt\\\/kugelschreiber-diamond\\\/\",\"url\":\"https:\\\/\\\/pen.eu\\\/produkt\\\/kugelschreiber-diamond\\\/\",\"name\":\"Kugelschreiber \\\"Diamond\\\" - PEN.EU\",\"isPartOf\":{\"@id\":\"https:\\\/\\\/pen.eu\\\/#website\"},\"primaryImageOfPage\":{\"@id\":\"https:\\\/\\\/pen.eu\\\/produkt\\\/kugelschreiber-diamond\\\/#primaryimage\"},\"image\":{\"@id\":\"https:\\\/\\\/pen.eu\\\/produkt\\\/kugelschreiber-diamond\\\/#primaryimage\"},\"thumbnailUrl\":\"https:\\\/\\\/pen.eu\\\/wp-content\\\/uploads\\\/2024\\\/09\\\/0511027139-GDD.jpg\",\"datePublished\":\"2024-09-19T07:16:22+00:00\",\"dateModified\":\"2025-09-29T13:19:56+00:00\",\"breadcrumb\":{\"@id\":\"https:\\\/\\\/pen.eu\\\/produkt\\\/kugelschreiber-diamond\\\/#breadcrumb\"},\"inLanguage\":\"es\",\"potentialAction\":[{\"@type\":\"ReadAction\",\"target\":[\"https:\\\/\\\/pen.eu\\\/produkt\\\/kugelschreiber-diamond\\\/\"]}]},{\"@type\":\"ImageObject\",\"inLanguage\":\"es\",\"@id\":\"https:\\\/\\\/pen.eu\\\/produkt\\\/kugelschreiber-diamond\\\/#primaryimage\",\"url\":\"https:\\\/\\\/pen.eu\\\/wp-content\\\/uploads\\\/2024\\\/09\\\/0511027139-GDD.jpg\",\"contentUrl\":\"https:\\\/\\\/pen.eu\\\/wp-content\\\/uploads\\\/2024\\\/09\\\/0511027139-GDD.jpg\",\"width\":1014,\"height\":1014},{\"@type\":\"BreadcrumbList\",\"@id\":\"https:\\\/\\\/pen.eu\\\/produkt\\\/kugelschreiber-diamond\\\/#breadcrumb\",\"itemListElement\":[{\"@type\":\"ListItem\",\"position\":1,\"name\":\"Home\",\"item\":\"https:\\\/\\\/pen.eu\\\/\"},{\"@type\":\"ListItem\",\"position\":2,\"name\":\"Shop\",\"item\":\"https:\\\/\\\/pen.eu\\\/ch\\\/shop\\\/\"},{\"@type\":\"ListItem\",\"position\":3,\"name\":\"Kugelschreiber &#8220;Diamond&#8221;\"}]},{\"@type\":\"WebSite\",\"@id\":\"https:\\\/\\\/pen.eu\\\/#website\",\"url\":\"https:\\\/\\\/pen.eu\\\/\",\"name\":\"PEN.EU\",\"description\":\"Kugelschreiber bedrucken mit Logo | pen.eu\",\"potentialAction\":[{\"@type\":\"SearchAction\",\"target\":{\"@type\":\"EntryPoint\",\"urlTemplate\":\"https:\\\/\\\/pen.eu\\\/?s={search_term_string}\"},\"query-input\":{\"@type\":\"PropertyValueSpecification\",\"valueRequired\":true,\"valueName\":\"search_term_string\"}}],\"inLanguage\":\"es\"}]}<\/script>\n<!-- \/ Yoast SEO plugin. -->","yoast_head_json":{"title":"Kugelschreiber \"Diamond\" - PEN.EU","robots":{"index":"index","follow":"follow","max-snippet":"max-snippet:-1","max-image-preview":"max-image-preview:large","max-video-preview":"max-video-preview:-1"},"canonical":"https:\/\/pen.eu\/es\/producto\/kugelschreiber-diamond\/","og_locale":"es_ES","og_type":"article","og_title":"Kugelschreiber \"Diamond\" - PEN.EU","og_description":"Dieser stilvolle Metall-Kugelschreiber mit Dr\u00fcckmechanik zeichnet sich durch einen etwas dickeren Schaft aus, was ihn von herk\u00f6mmlichen Modellen abhebt. Bekannt als der &#8220;Kugelschreiber Costa&#8221;, bietet das Modell &#8220;Diamond&#8221; ein angenehmes gummiertes Soft-Touch-Finish, das sich \u00fcber die gesamte Diamant-strukturierte Griffzone erstreckt. Polierte Chromakzente und ein eleganter Clip runden das edle Design ab. W\u00e4hlen Sie aus einer [&hellip;]","og_url":"https:\/\/pen.eu\/es\/producto\/kugelschreiber-diamond\/","og_site_name":"PEN.EU","article_modified_time":"2025-09-29T13:19:56+00:00","og_image":[{"width":1014,"height":1014,"url":"https:\/\/pen.eu\/wp-content\/uploads\/2024\/09\/0511027139-GDD.jpg","type":"image\/jpeg"}],"twitter_card":"summary_large_image","schema":{"@context":"https:\/\/schema.org","@graph":[{"@type":"WebPage","@id":"https:\/\/pen.eu\/produkt\/kugelschreiber-diamond\/","url":"https:\/\/pen.eu\/produkt\/kugelschreiber-diamond\/","name":"Kugelschreiber \"Diamond\" - PEN.EU","isPartOf":{"@id":"https:\/\/pen.eu\/#website"},"primaryImageOfPage":{"@id":"https:\/\/pen.eu\/produkt\/kugelschreiber-diamond\/#primaryimage"},"image":{"@id":"https:\/\/pen.eu\/produkt\/kugelschreiber-diamond\/#primaryimage"},"thumbnailUrl":"https:\/\/pen.eu\/wp-content\/uploads\/2024\/09\/0511027139-GDD.jpg","datePublished":"2024-09-19T07:16:22+00:00","dateModified":"2025-09-29T13:19:56+00:00","breadcrumb":{"@id":"https:\/\/pen.eu\/produkt\/kugelschreiber-diamond\/#breadcrumb"},"inLanguage":"es","potentialAction":[{"@type":"ReadAction","target":["https:\/\/pen.eu\/produkt\/kugelschreiber-diamond\/"]}]},{"@type":"ImageObject","inLanguage":"es","@id":"https:\/\/pen.eu\/produkt\/kugelschreiber-diamond\/#primaryimage","url":"https:\/\/pen.eu\/wp-content\/uploads\/2024\/09\/0511027139-GDD.jpg","contentUrl":"https:\/\/pen.eu\/wp-content\/uploads\/2024\/09\/0511027139-GDD.jpg","width":1014,"height":1014},{"@type":"BreadcrumbList","@id":"https:\/\/pen.eu\/produkt\/kugelschreiber-diamond\/#breadcrumb","itemListElement":[{"@type":"ListItem","position":1,"name":"Home","item":"https:\/\/pen.eu\/"},{"@type":"ListItem","position":2,"name":"Shop","item":"https:\/\/pen.eu\/ch\/shop\/"},{"@type":"ListItem","position":3,"name":"Kugelschreiber &#8220;Diamond&#8221;"}]},{"@type":"WebSite","@id":"https:\/\/pen.eu\/#website","url":"https:\/\/pen.eu\/","name":"PEN.EU","description":"Kugelschreiber bedrucken mit Logo | pen.eu","potentialAction":[{"@type":"SearchAction","target":{"@type":"EntryPoint","urlTemplate":"https:\/\/pen.eu\/?s={search_term_string}"},"query-input":{"@type":"PropertyValueSpecification","valueRequired":true,"valueName":"search_term_string"}}],"inLanguage":"es"}]}},"_links":{"self":[{"href":"https:\/\/pen.eu\/es\/wp-json\/wp\/v2\/product\/142","targetHints":{"allow":["GET"]}}],"collection":[{"href":"https:\/\/pen.eu\/es\/wp-json\/wp\/v2\/product"}],"about":[{"href":"https:\/\/pen.eu\/es\/wp-json\/wp\/v2\/types\/product"}],"replies":[{"embeddable":true,"href":"https:\/\/pen.eu\/es\/wp-json\/wp\/v2\/comments?post=142"}],"wp:featuredmedia":[{"embeddable":true,"href":"https:\/\/pen.eu\/es\/wp-json\/wp\/v2\/media\/936"}],"wp:attachment":[{"href":"https:\/\/pen.eu\/es\/wp-json\/wp\/v2\/media?parent=142"}],"wp:term":[{"taxonomy":"product_brand","embeddable":true,"href":"https:\/\/pen.eu\/es\/wp-json\/wp\/v2\/product_brand?post=142"},{"taxonomy":"product_cat","embeddable":true,"href":"https:\/\/pen.eu\/es\/wp-json\/wp\/v2\/product_cat?post=142"},{"taxonomy":"product_tag","embeddable":true,"href":"https:\/\/pen.eu\/es\/wp-json\/wp\/v2\/product_tag?post=142"}],"curies":[{"name":"wp","href":"https:\/\/api.w.org\/{rel}","templated":true}]}}