{"id":150,"date":"2024-09-19T09:16:22","date_gmt":"2024-09-19T07:16:22","guid":{"rendered":"https:\/\/v2.frank-pen.de\/produkt\/kugelschreiber-emilia\/"},"modified":"2026-01-22T07:19:41","modified_gmt":"2026-01-22T06:19:41","slug":"kugelschreiber-absolute-maya","status":"publish","type":"product","link":"https:\/\/pen.eu\/es\/producto\/kugelschreiber-absolute-maya\/","title":{"rendered":"Bol\u00edgrafo \"Absolute Maya\""},"content":{"rendered":"<p>Con su acabado soft-touch y detalles en cromo brillante, este elegante bol\u00edgrafo con stylus es un regalo promocional de alta calidad ideal. Nuestro popular modelo Absolute Maya, tambi\u00e9n conocido como bol\u00edgrafo Emilia, est\u00e1 disponible en varios colores vivos y se puede suministrar con tinta azul o negra. Atrae a\u00fan m\u00e1s atenci\u00f3n a tu mensaje con un grabado l\u00e1ser de alta calidad o impresi\u00f3n digital.<\/p>","protected":false},"excerpt":{"rendered":"<p>Con su acabado soft-touch y detalles en cromo brillante, este elegante bol\u00edgrafo con stylus es un regalo promocional de alta calidad ideal. Nuestro popular modelo Absolute Maya, tambi\u00e9n conocido como bol\u00edgrafo Emilia, est\u00e1 disponible en varios colores vivos y se puede suministrar con tinta azul o negra. Atrae a\u00fan m\u00e1s atenci\u00f3n a tu mensaje con un grabado l\u00e1ser de alta calidad o impresi\u00f3n digital.<\/p>","protected":false},"featured_media":151,"comment_status":"open","ping_status":"closed","template":"","meta":[],"product_brand":[],"product_cat":[309,247],"product_tag":[530,531,658,532],"class_list":{"0":"post-150","1":"product","2":"type-product","3":"status-publish","4":"has-post-thumbnail","6":"product_cat-kugelschreiber-aus-metall","7":"product_cat-schreibgeraete","8":"product_tag-2303-fp-1012","9":"product_tag-lmn","10":"product_tag-longpen","11":"product_tag-wfdpy01a","12":"pa_eigenschaft-bestseller","13":"pa_eigenschaft-soft-touch","14":"pa_eigenschaft-stylus","15":"pa_farbe-dunkelblau","16":"pa_farbe-gelb","17":"pa_farbe-gruen","18":"pa_farbe-hellblau","19":"pa_farbe-rot","20":"pa_material-metall","21":"pa_mindestmenge-24","22":"pa_minenfarbe-blau","23":"pa_minenfarbe-schwarz","24":"pa_werbeanbringung-digitaldruck","25":"pa_werbeanbringung-lasergravur","27":"first","28":"instock","29":"taxable","30":"shipping-taxable","31":"purchasable","32":"product-type-variable","33":"has-default-attributes","34":"add-to-wishlist-after_add_to_cart"},"yoast_head":"<!-- This site is optimized with the Yoast SEO plugin v27.4 - https:\/\/yoast.com\/product\/yoast-seo-wordpress\/ -->\n<title>Kugelschreiber &quot;Absolute Maya&quot; - PEN.EU<\/title>\n<meta name=\"robots\" content=\"index, follow, max-snippet:-1, max-image-preview:large, max-video-preview:-1\" \/>\n<link rel=\"canonical\" href=\"https:\/\/pen.eu\/es\/producto\/kugelschreiber-absolute-maya\/\" \/>\n<meta property=\"og:locale\" content=\"es_ES\" \/>\n<meta property=\"og:type\" content=\"article\" \/>\n<meta property=\"og:title\" content=\"Kugelschreiber &quot;Absolute Maya&quot; - PEN.EU\" \/>\n<meta property=\"og:description\" content=\"Mit seinem Soft-Touch-Finish und gl\u00e4nzenden Chromdetails ist dieser elegante Touchpen Kugelschreiber ein ideales hochwertiges Werbegeschenk. Unser beliebtes Modell Absolute Maya, auch bekannt als Kugelschreiber Emilia, ist in verschiedenen leuchtenden Farben erh\u00e4ltlich und kann wahlweise mit blauer oder schwarzer Tinte geliefert werden. Lenken Sie zus\u00e4tzliche Aufmerksamkeit auf Ihre Botschaft durch eine hochwertige Lasergravur oder Digitaldruck.\" \/>\n<meta property=\"og:url\" content=\"https:\/\/pen.eu\/es\/producto\/kugelschreiber-absolute-maya\/\" \/>\n<meta property=\"og:site_name\" content=\"PEN.EU\" \/>\n<meta property=\"article:modified_time\" content=\"2026-01-22T06:19:41+00:00\" \/>\n<meta property=\"og:image\" content=\"https:\/\/pen.eu\/wp-content\/uploads\/2024\/09\/051101206-GL.jpg\" \/>\n\t<meta property=\"og:image:width\" content=\"1014\" \/>\n\t<meta property=\"og:image:height\" content=\"1014\" \/>\n\t<meta property=\"og:image:type\" content=\"image\/jpeg\" \/>\n<meta name=\"twitter:card\" content=\"summary_large_image\" \/>\n<script type=\"application\/ld+json\" class=\"yoast-schema-graph\">{\"@context\":\"https:\\\/\\\/schema.org\",\"@graph\":[{\"@type\":\"WebPage\",\"@id\":\"https:\\\/\\\/pen.eu\\\/produkt\\\/kugelschreiber-absolute-maya\\\/\",\"url\":\"https:\\\/\\\/pen.eu\\\/produkt\\\/kugelschreiber-absolute-maya\\\/\",\"name\":\"Kugelschreiber \\\"Absolute Maya\\\" - PEN.EU\",\"isPartOf\":{\"@id\":\"https:\\\/\\\/pen.eu\\\/#website\"},\"primaryImageOfPage\":{\"@id\":\"https:\\\/\\\/pen.eu\\\/produkt\\\/kugelschreiber-absolute-maya\\\/#primaryimage\"},\"image\":{\"@id\":\"https:\\\/\\\/pen.eu\\\/produkt\\\/kugelschreiber-absolute-maya\\\/#primaryimage\"},\"thumbnailUrl\":\"https:\\\/\\\/pen.eu\\\/wp-content\\\/uploads\\\/2024\\\/09\\\/051101206-GL.jpg\",\"datePublished\":\"2024-09-19T07:16:22+00:00\",\"dateModified\":\"2026-01-22T06:19:41+00:00\",\"breadcrumb\":{\"@id\":\"https:\\\/\\\/pen.eu\\\/produkt\\\/kugelschreiber-absolute-maya\\\/#breadcrumb\"},\"inLanguage\":\"es\",\"potentialAction\":[{\"@type\":\"ReadAction\",\"target\":[\"https:\\\/\\\/pen.eu\\\/produkt\\\/kugelschreiber-absolute-maya\\\/\"]}]},{\"@type\":\"ImageObject\",\"inLanguage\":\"es\",\"@id\":\"https:\\\/\\\/pen.eu\\\/produkt\\\/kugelschreiber-absolute-maya\\\/#primaryimage\",\"url\":\"https:\\\/\\\/pen.eu\\\/wp-content\\\/uploads\\\/2024\\\/09\\\/051101206-GL.jpg\",\"contentUrl\":\"https:\\\/\\\/pen.eu\\\/wp-content\\\/uploads\\\/2024\\\/09\\\/051101206-GL.jpg\",\"width\":1014,\"height\":1014},{\"@type\":\"BreadcrumbList\",\"@id\":\"https:\\\/\\\/pen.eu\\\/produkt\\\/kugelschreiber-absolute-maya\\\/#breadcrumb\",\"itemListElement\":[{\"@type\":\"ListItem\",\"position\":1,\"name\":\"Home\",\"item\":\"https:\\\/\\\/pen.eu\\\/\"},{\"@type\":\"ListItem\",\"position\":2,\"name\":\"Shop\",\"item\":\"https:\\\/\\\/pen.eu\\\/ch\\\/shop\\\/\"},{\"@type\":\"ListItem\",\"position\":3,\"name\":\"Kugelschreiber &#8220;Absolute Maya&#8221;\"}]},{\"@type\":\"WebSite\",\"@id\":\"https:\\\/\\\/pen.eu\\\/#website\",\"url\":\"https:\\\/\\\/pen.eu\\\/\",\"name\":\"PEN.EU\",\"description\":\"Kugelschreiber bedrucken mit Logo | pen.eu\",\"potentialAction\":[{\"@type\":\"SearchAction\",\"target\":{\"@type\":\"EntryPoint\",\"urlTemplate\":\"https:\\\/\\\/pen.eu\\\/?s={search_term_string}\"},\"query-input\":{\"@type\":\"PropertyValueSpecification\",\"valueRequired\":true,\"valueName\":\"search_term_string\"}}],\"inLanguage\":\"es\"}]}<\/script>\n<!-- \/ Yoast SEO plugin. -->","yoast_head_json":{"title":"Kugelschreiber \"Absolute Maya\" - PEN.EU","robots":{"index":"index","follow":"follow","max-snippet":"max-snippet:-1","max-image-preview":"max-image-preview:large","max-video-preview":"max-video-preview:-1"},"canonical":"https:\/\/pen.eu\/es\/producto\/kugelschreiber-absolute-maya\/","og_locale":"es_ES","og_type":"article","og_title":"Kugelschreiber \"Absolute Maya\" - PEN.EU","og_description":"Mit seinem Soft-Touch-Finish und gl\u00e4nzenden Chromdetails ist dieser elegante Touchpen Kugelschreiber ein ideales hochwertiges Werbegeschenk. Unser beliebtes Modell Absolute Maya, auch bekannt als Kugelschreiber Emilia, ist in verschiedenen leuchtenden Farben erh\u00e4ltlich und kann wahlweise mit blauer oder schwarzer Tinte geliefert werden. Lenken Sie zus\u00e4tzliche Aufmerksamkeit auf Ihre Botschaft durch eine hochwertige Lasergravur oder Digitaldruck.","og_url":"https:\/\/pen.eu\/es\/producto\/kugelschreiber-absolute-maya\/","og_site_name":"PEN.EU","article_modified_time":"2026-01-22T06:19:41+00:00","og_image":[{"width":1014,"height":1014,"url":"https:\/\/pen.eu\/wp-content\/uploads\/2024\/09\/051101206-GL.jpg","type":"image\/jpeg"}],"twitter_card":"summary_large_image","schema":{"@context":"https:\/\/schema.org","@graph":[{"@type":"WebPage","@id":"https:\/\/pen.eu\/produkt\/kugelschreiber-absolute-maya\/","url":"https:\/\/pen.eu\/produkt\/kugelschreiber-absolute-maya\/","name":"Kugelschreiber \"Absolute Maya\" - PEN.EU","isPartOf":{"@id":"https:\/\/pen.eu\/#website"},"primaryImageOfPage":{"@id":"https:\/\/pen.eu\/produkt\/kugelschreiber-absolute-maya\/#primaryimage"},"image":{"@id":"https:\/\/pen.eu\/produkt\/kugelschreiber-absolute-maya\/#primaryimage"},"thumbnailUrl":"https:\/\/pen.eu\/wp-content\/uploads\/2024\/09\/051101206-GL.jpg","datePublished":"2024-09-19T07:16:22+00:00","dateModified":"2026-01-22T06:19:41+00:00","breadcrumb":{"@id":"https:\/\/pen.eu\/produkt\/kugelschreiber-absolute-maya\/#breadcrumb"},"inLanguage":"es","potentialAction":[{"@type":"ReadAction","target":["https:\/\/pen.eu\/produkt\/kugelschreiber-absolute-maya\/"]}]},{"@type":"ImageObject","inLanguage":"es","@id":"https:\/\/pen.eu\/produkt\/kugelschreiber-absolute-maya\/#primaryimage","url":"https:\/\/pen.eu\/wp-content\/uploads\/2024\/09\/051101206-GL.jpg","contentUrl":"https:\/\/pen.eu\/wp-content\/uploads\/2024\/09\/051101206-GL.jpg","width":1014,"height":1014},{"@type":"BreadcrumbList","@id":"https:\/\/pen.eu\/produkt\/kugelschreiber-absolute-maya\/#breadcrumb","itemListElement":[{"@type":"ListItem","position":1,"name":"Home","item":"https:\/\/pen.eu\/"},{"@type":"ListItem","position":2,"name":"Shop","item":"https:\/\/pen.eu\/ch\/shop\/"},{"@type":"ListItem","position":3,"name":"Kugelschreiber &#8220;Absolute Maya&#8221;"}]},{"@type":"WebSite","@id":"https:\/\/pen.eu\/#website","url":"https:\/\/pen.eu\/","name":"PEN.EU","description":"Kugelschreiber bedrucken mit Logo | pen.eu","potentialAction":[{"@type":"SearchAction","target":{"@type":"EntryPoint","urlTemplate":"https:\/\/pen.eu\/?s={search_term_string}"},"query-input":{"@type":"PropertyValueSpecification","valueRequired":true,"valueName":"search_term_string"}}],"inLanguage":"es"}]}},"_links":{"self":[{"href":"https:\/\/pen.eu\/es\/wp-json\/wp\/v2\/product\/150","targetHints":{"allow":["GET"]}}],"collection":[{"href":"https:\/\/pen.eu\/es\/wp-json\/wp\/v2\/product"}],"about":[{"href":"https:\/\/pen.eu\/es\/wp-json\/wp\/v2\/types\/product"}],"replies":[{"embeddable":true,"href":"https:\/\/pen.eu\/es\/wp-json\/wp\/v2\/comments?post=150"}],"wp:featuredmedia":[{"embeddable":true,"href":"https:\/\/pen.eu\/es\/wp-json\/wp\/v2\/media\/151"}],"wp:attachment":[{"href":"https:\/\/pen.eu\/es\/wp-json\/wp\/v2\/media?parent=150"}],"wp:term":[{"taxonomy":"product_brand","embeddable":true,"href":"https:\/\/pen.eu\/es\/wp-json\/wp\/v2\/product_brand?post=150"},{"taxonomy":"product_cat","embeddable":true,"href":"https:\/\/pen.eu\/es\/wp-json\/wp\/v2\/product_cat?post=150"},{"taxonomy":"product_tag","embeddable":true,"href":"https:\/\/pen.eu\/es\/wp-json\/wp\/v2\/product_tag?post=150"}],"curies":[{"name":"wp","href":"https:\/\/api.w.org\/{rel}","templated":true}]}}