{"id":15074,"date":"2025-07-25T14:52:51","date_gmt":"2025-07-25T12:52:51","guid":{"rendered":"https:\/\/v2.frank-pen.de\/?post_type=product&#038;p=15074"},"modified":"2025-10-06T12:54:10","modified_gmt":"2025-10-06T10:54:10","slug":"rucksack-kiel","status":"publish","type":"product","link":"https:\/\/pen.eu\/es\/producto\/rucksack-kiel\/","title":{"rendered":"Mochila \"Kiel\""},"content":{"rendered":"<p>La mochila Kiel es la combinaci\u00f3n perfecta de dise\u00f1o inteligente y funcionalidad sostenible \u2013 dise\u00f1ada para un estilo de vida moderno y activo. Fabricada con resistente material reciclado 300D, destaca por su durabilidad y su compromiso medioambiental. El hilo a juego en azul marino o negro refuerza su aspecto limpio y elegante. En el interior, un cierre de solapa de nailon liso con cord\u00f3n met\u00e1lico garantiza un almacenamiento seguro. El forro interior de 210D de alta calidad \u2013 en contraste con el exterior \u2013 ofrece una estructura interna ordenada con costuras finas. Un compartimento acolchado para port\u00e1til (hasta 380\u202fmm), un bolsillo separado para tablet (hasta 255\u202fmm) y un organizador el\u00e1stico para cables o accesorios convierten esta mochila en el compa\u00f1ero perfecto para el trabajo, la universidad o los desplazamientos. Esta mochila marca un nuevo est\u00e1ndar en estilo, comodidad y sostenibilidad.<\/p>","protected":false},"excerpt":{"rendered":"<p>Der Rucksack Kiel ist die perfekte Verbindung aus durchdachtem Design und nachhaltiger Funktionalit\u00e4t \u2013 entwickelt f\u00fcr einen modernen, aktiven Lebensstil. Gefertigt aus robustem recycelten 300D-Material, \u00fcberzeugt er nicht nur durch Langlebigkeit, sondern auch durch seinen umweltbewussten Anspruch. Das farblich abgestimmte Garn in Marineblau oder Schwarz unterstreicht das klare, stilvolle Erscheinungsbild. Im Inneren sorgt ein einfarbiger [&hellip;]<\/p>\n","protected":false},"featured_media":15319,"comment_status":"open","ping_status":"closed","template":"","meta":[],"product_brand":[],"product_cat":[249],"product_tag":[690,807,810,691],"class_list":{"0":"post-15074","1":"product","2":"type-product","3":"status-publish","4":"has-post-thumbnail","6":"product_cat-taschen","7":"product_tag-backpack","8":"product_tag-left-47","9":"product_tag-top-32","10":"product_tag-uhn","11":"pa_farbe-natuerlich","12":"pa_material-repreve","13":"pa_mindestmenge-24","14":"pa_werbeanbringung-digitaldruck","16":"first","17":"instock","18":"taxable","19":"shipping-taxable","20":"purchasable","21":"product-type-variable","22":"add-to-wishlist-after_add_to_cart"},"yoast_head":"<!-- This site is optimized with the Yoast SEO plugin v27.4 - https:\/\/yoast.com\/product\/yoast-seo-wordpress\/ -->\n<title>Rucksack &quot;Kiel&quot; - PEN.EU<\/title>\n<meta name=\"robots\" content=\"index, follow, max-snippet:-1, max-image-preview:large, max-video-preview:-1\" \/>\n<link rel=\"canonical\" href=\"https:\/\/pen.eu\/es\/producto\/rucksack-kiel\/\" \/>\n<meta property=\"og:locale\" content=\"es_ES\" \/>\n<meta property=\"og:type\" content=\"article\" \/>\n<meta property=\"og:title\" content=\"Rucksack &quot;Kiel&quot; - PEN.EU\" \/>\n<meta property=\"og:description\" content=\"Der Rucksack Kiel ist die perfekte Verbindung aus durchdachtem Design und nachhaltiger Funktionalit\u00e4t \u2013 entwickelt f\u00fcr einen modernen, aktiven Lebensstil. Gefertigt aus robustem recycelten 300D-Material, \u00fcberzeugt er nicht nur durch Langlebigkeit, sondern auch durch seinen umweltbewussten Anspruch. Das farblich abgestimmte Garn in Marineblau oder Schwarz unterstreicht das klare, stilvolle Erscheinungsbild. Im Inneren sorgt ein einfarbiger [&hellip;]\" \/>\n<meta property=\"og:url\" content=\"https:\/\/pen.eu\/es\/producto\/rucksack-kiel\/\" \/>\n<meta property=\"og:site_name\" content=\"PEN.EU\" \/>\n<meta property=\"article:modified_time\" content=\"2025-10-06T10:54:10+00:00\" \/>\n<meta property=\"og:image\" content=\"https:\/\/pen.eu\/wp-content\/uploads\/2025\/07\/UHN_Black.jpg\" \/>\n\t<meta property=\"og:image:width\" content=\"2000\" \/>\n\t<meta property=\"og:image:height\" content=\"2000\" \/>\n\t<meta property=\"og:image:type\" content=\"image\/jpeg\" \/>\n<meta name=\"twitter:card\" content=\"summary_large_image\" \/>\n<meta name=\"twitter:label1\" content=\"Tiempo de lectura\" \/>\n\t<meta name=\"twitter:data1\" content=\"1 minuto\" \/>\n<script type=\"application\/ld+json\" class=\"yoast-schema-graph\">{\"@context\":\"https:\\\/\\\/schema.org\",\"@graph\":[{\"@type\":\"WebPage\",\"@id\":\"https:\\\/\\\/pen.eu\\\/produkt\\\/rucksack-kiel\\\/\",\"url\":\"https:\\\/\\\/pen.eu\\\/produkt\\\/rucksack-kiel\\\/\",\"name\":\"Rucksack \\\"Kiel\\\" - PEN.EU\",\"isPartOf\":{\"@id\":\"https:\\\/\\\/pen.eu\\\/#website\"},\"primaryImageOfPage\":{\"@id\":\"https:\\\/\\\/pen.eu\\\/produkt\\\/rucksack-kiel\\\/#primaryimage\"},\"image\":{\"@id\":\"https:\\\/\\\/pen.eu\\\/produkt\\\/rucksack-kiel\\\/#primaryimage\"},\"thumbnailUrl\":\"https:\\\/\\\/pen.eu\\\/wp-content\\\/uploads\\\/2025\\\/07\\\/UHN_Black.jpg\",\"datePublished\":\"2025-07-25T12:52:51+00:00\",\"dateModified\":\"2025-10-06T10:54:10+00:00\",\"breadcrumb\":{\"@id\":\"https:\\\/\\\/pen.eu\\\/produkt\\\/rucksack-kiel\\\/#breadcrumb\"},\"inLanguage\":\"es\",\"potentialAction\":[{\"@type\":\"ReadAction\",\"target\":[\"https:\\\/\\\/pen.eu\\\/produkt\\\/rucksack-kiel\\\/\"]}]},{\"@type\":\"ImageObject\",\"inLanguage\":\"es\",\"@id\":\"https:\\\/\\\/pen.eu\\\/produkt\\\/rucksack-kiel\\\/#primaryimage\",\"url\":\"https:\\\/\\\/pen.eu\\\/wp-content\\\/uploads\\\/2025\\\/07\\\/UHN_Black.jpg\",\"contentUrl\":\"https:\\\/\\\/pen.eu\\\/wp-content\\\/uploads\\\/2025\\\/07\\\/UHN_Black.jpg\",\"width\":2000,\"height\":2000,\"caption\":\"UHN_Black\"},{\"@type\":\"BreadcrumbList\",\"@id\":\"https:\\\/\\\/pen.eu\\\/produkt\\\/rucksack-kiel\\\/#breadcrumb\",\"itemListElement\":[{\"@type\":\"ListItem\",\"position\":1,\"name\":\"Home\",\"item\":\"https:\\\/\\\/pen.eu\\\/\"},{\"@type\":\"ListItem\",\"position\":2,\"name\":\"Shop\",\"item\":\"https:\\\/\\\/pen.eu\\\/ch\\\/shop\\\/\"},{\"@type\":\"ListItem\",\"position\":3,\"name\":\"Rucksack &#8220;Kiel&#8221;\"}]},{\"@type\":\"WebSite\",\"@id\":\"https:\\\/\\\/pen.eu\\\/#website\",\"url\":\"https:\\\/\\\/pen.eu\\\/\",\"name\":\"PEN.EU\",\"description\":\"Kugelschreiber bedrucken mit Logo | pen.eu\",\"potentialAction\":[{\"@type\":\"SearchAction\",\"target\":{\"@type\":\"EntryPoint\",\"urlTemplate\":\"https:\\\/\\\/pen.eu\\\/?s={search_term_string}\"},\"query-input\":{\"@type\":\"PropertyValueSpecification\",\"valueRequired\":true,\"valueName\":\"search_term_string\"}}],\"inLanguage\":\"es\"}]}<\/script>\n<!-- \/ Yoast SEO plugin. -->","yoast_head_json":{"title":"Rucksack \"Kiel\" - PEN.EU","robots":{"index":"index","follow":"follow","max-snippet":"max-snippet:-1","max-image-preview":"max-image-preview:large","max-video-preview":"max-video-preview:-1"},"canonical":"https:\/\/pen.eu\/es\/producto\/rucksack-kiel\/","og_locale":"es_ES","og_type":"article","og_title":"Rucksack \"Kiel\" - PEN.EU","og_description":"Der Rucksack Kiel ist die perfekte Verbindung aus durchdachtem Design und nachhaltiger Funktionalit\u00e4t \u2013 entwickelt f\u00fcr einen modernen, aktiven Lebensstil. Gefertigt aus robustem recycelten 300D-Material, \u00fcberzeugt er nicht nur durch Langlebigkeit, sondern auch durch seinen umweltbewussten Anspruch. Das farblich abgestimmte Garn in Marineblau oder Schwarz unterstreicht das klare, stilvolle Erscheinungsbild. Im Inneren sorgt ein einfarbiger [&hellip;]","og_url":"https:\/\/pen.eu\/es\/producto\/rucksack-kiel\/","og_site_name":"PEN.EU","article_modified_time":"2025-10-06T10:54:10+00:00","og_image":[{"width":2000,"height":2000,"url":"https:\/\/pen.eu\/wp-content\/uploads\/2025\/07\/UHN_Black.jpg","type":"image\/jpeg"}],"twitter_card":"summary_large_image","twitter_misc":{"Tiempo de lectura":"1 minuto"},"schema":{"@context":"https:\/\/schema.org","@graph":[{"@type":"WebPage","@id":"https:\/\/pen.eu\/produkt\/rucksack-kiel\/","url":"https:\/\/pen.eu\/produkt\/rucksack-kiel\/","name":"Rucksack \"Kiel\" - PEN.EU","isPartOf":{"@id":"https:\/\/pen.eu\/#website"},"primaryImageOfPage":{"@id":"https:\/\/pen.eu\/produkt\/rucksack-kiel\/#primaryimage"},"image":{"@id":"https:\/\/pen.eu\/produkt\/rucksack-kiel\/#primaryimage"},"thumbnailUrl":"https:\/\/pen.eu\/wp-content\/uploads\/2025\/07\/UHN_Black.jpg","datePublished":"2025-07-25T12:52:51+00:00","dateModified":"2025-10-06T10:54:10+00:00","breadcrumb":{"@id":"https:\/\/pen.eu\/produkt\/rucksack-kiel\/#breadcrumb"},"inLanguage":"es","potentialAction":[{"@type":"ReadAction","target":["https:\/\/pen.eu\/produkt\/rucksack-kiel\/"]}]},{"@type":"ImageObject","inLanguage":"es","@id":"https:\/\/pen.eu\/produkt\/rucksack-kiel\/#primaryimage","url":"https:\/\/pen.eu\/wp-content\/uploads\/2025\/07\/UHN_Black.jpg","contentUrl":"https:\/\/pen.eu\/wp-content\/uploads\/2025\/07\/UHN_Black.jpg","width":2000,"height":2000,"caption":"UHN_Black"},{"@type":"BreadcrumbList","@id":"https:\/\/pen.eu\/produkt\/rucksack-kiel\/#breadcrumb","itemListElement":[{"@type":"ListItem","position":1,"name":"Home","item":"https:\/\/pen.eu\/"},{"@type":"ListItem","position":2,"name":"Shop","item":"https:\/\/pen.eu\/ch\/shop\/"},{"@type":"ListItem","position":3,"name":"Rucksack &#8220;Kiel&#8221;"}]},{"@type":"WebSite","@id":"https:\/\/pen.eu\/#website","url":"https:\/\/pen.eu\/","name":"PEN.EU","description":"Kugelschreiber bedrucken mit Logo | pen.eu","potentialAction":[{"@type":"SearchAction","target":{"@type":"EntryPoint","urlTemplate":"https:\/\/pen.eu\/?s={search_term_string}"},"query-input":{"@type":"PropertyValueSpecification","valueRequired":true,"valueName":"search_term_string"}}],"inLanguage":"es"}]}},"_links":{"self":[{"href":"https:\/\/pen.eu\/es\/wp-json\/wp\/v2\/product\/15074","targetHints":{"allow":["GET"]}}],"collection":[{"href":"https:\/\/pen.eu\/es\/wp-json\/wp\/v2\/product"}],"about":[{"href":"https:\/\/pen.eu\/es\/wp-json\/wp\/v2\/types\/product"}],"replies":[{"embeddable":true,"href":"https:\/\/pen.eu\/es\/wp-json\/wp\/v2\/comments?post=15074"}],"wp:featuredmedia":[{"embeddable":true,"href":"https:\/\/pen.eu\/es\/wp-json\/wp\/v2\/media\/15319"}],"wp:attachment":[{"href":"https:\/\/pen.eu\/es\/wp-json\/wp\/v2\/media?parent=15074"}],"wp:term":[{"taxonomy":"product_brand","embeddable":true,"href":"https:\/\/pen.eu\/es\/wp-json\/wp\/v2\/product_brand?post=15074"},{"taxonomy":"product_cat","embeddable":true,"href":"https:\/\/pen.eu\/es\/wp-json\/wp\/v2\/product_cat?post=15074"},{"taxonomy":"product_tag","embeddable":true,"href":"https:\/\/pen.eu\/es\/wp-json\/wp\/v2\/product_tag?post=15074"}],"curies":[{"name":"wp","href":"https:\/\/api.w.org\/{rel}","templated":true}]}}