{"id":15251,"date":"2025-07-28T13:22:06","date_gmt":"2025-07-28T11:22:06","guid":{"rendered":"https:\/\/v2.frank-pen.de\/?post_type=product&#038;p=15251"},"modified":"2025-10-06T12:54:10","modified_gmt":"2025-10-06T10:54:10","slug":"einkaufstasche-hudson","status":"publish","type":"product","link":"https:\/\/pen.eu\/es\/producto\/einkaufstasche-hudson\/","title":{"rendered":"Bolsa de compra \"Hudson\""},"content":{"rendered":"<p>La bolsa Hudson combina estilo y funcionalidad: fabricada con algod\u00f3n reciclado de 225\u202fg\/m\u00b2, cuenta con un compartimento principal espacioso para transportar f\u00e1cilmente tus objetos del d\u00eda a d\u00eda. El llamativo estampado en espiga en ambos lados le da un toque distintivo, mientras que las resistentes asas de algod\u00f3n ofrecen una gran comodidad. Un c\u00f3digo QR en el interior enlaza directamente con el pasaporte digital del producto \u2013 para una mayor transparencia y sostenibilidad moderna.<\/p>","protected":false},"excerpt":{"rendered":"<p>Die Hudson Tragetasche kombiniert Stil und Funktionalit\u00e4t: Hergestellt aus recycelter Baumwolle (225 g\/m\u00b2), bietet sie ein gro\u00dfz\u00fcgiges Hauptfach f\u00fcr den einfachen Transport Ihrer Alltagsgegenst\u00e4nde. Das markante Chevron-Muster auf beiden Seiten verleiht der Tasche einen individuellen Look, w\u00e4hrend stabile Tragegriffe aus Baumwolle f\u00fcr angenehmen Tragekomfort sorgen. Ein QR-Code im Inneren f\u00fchrt direkt zum digitalen Produktpass \u2013 [&hellip;]<\/p>\n","protected":false},"featured_media":16826,"comment_status":"open","ping_status":"closed","template":"","meta":[],"product_brand":[],"product_cat":[249],"product_tag":[799,806,695],"class_list":{"0":"post-15251","1":"product","2":"type-product","3":"status-publish","4":"has-post-thumbnail","6":"product_cat-taschen","7":"product_tag-slimlogo","8":"product_tag-top-60","9":"product_tag-ulc","10":"pa_eigenschaft-bestseller","11":"pa_farbe-natuerlich","12":"pa_material-baumwolle","13":"pa_material-jute","14":"pa_mindestmenge-24","15":"pa_werbeanbringung-siebdruck","16":"pa_werbeanbringung-thermische-transferdruck","18":"first","19":"instock","20":"taxable","21":"shipping-taxable","22":"purchasable","23":"product-type-variable","24":"add-to-wishlist-after_add_to_cart"},"yoast_head":"<!-- This site is optimized with the Yoast SEO plugin v27.4 - https:\/\/yoast.com\/product\/yoast-seo-wordpress\/ -->\n<title>Einkaufstasche &quot;Hudson&quot; - PEN.EU<\/title>\n<meta name=\"robots\" content=\"index, follow, max-snippet:-1, max-image-preview:large, max-video-preview:-1\" \/>\n<link rel=\"canonical\" href=\"https:\/\/pen.eu\/es\/producto\/einkaufstasche-hudson\/\" \/>\n<meta property=\"og:locale\" content=\"es_ES\" \/>\n<meta property=\"og:type\" content=\"article\" \/>\n<meta property=\"og:title\" content=\"Einkaufstasche &quot;Hudson&quot; - PEN.EU\" \/>\n<meta property=\"og:description\" content=\"Die Hudson Tragetasche kombiniert Stil und Funktionalit\u00e4t: Hergestellt aus recycelter Baumwolle (225 g\/m\u00b2), bietet sie ein gro\u00dfz\u00fcgiges Hauptfach f\u00fcr den einfachen Transport Ihrer Alltagsgegenst\u00e4nde. Das markante Chevron-Muster auf beiden Seiten verleiht der Tasche einen individuellen Look, w\u00e4hrend stabile Tragegriffe aus Baumwolle f\u00fcr angenehmen Tragekomfort sorgen. Ein QR-Code im Inneren f\u00fchrt direkt zum digitalen Produktpass \u2013 [&hellip;]\" \/>\n<meta property=\"og:url\" content=\"https:\/\/pen.eu\/es\/producto\/einkaufstasche-hudson\/\" \/>\n<meta property=\"og:site_name\" content=\"PEN.EU\" \/>\n<meta property=\"article:modified_time\" content=\"2025-10-06T10:54:10+00:00\" \/>\n<meta property=\"og:image\" content=\"https:\/\/pen.eu\/wp-content\/uploads\/2025\/07\/bag-group-image-with.png\" \/>\n\t<meta property=\"og:image:width\" content=\"2000\" \/>\n\t<meta property=\"og:image:height\" content=\"2000\" \/>\n\t<meta property=\"og:image:type\" content=\"image\/png\" \/>\n<meta name=\"twitter:card\" content=\"summary_large_image\" \/>\n<script type=\"application\/ld+json\" class=\"yoast-schema-graph\">{\"@context\":\"https:\\\/\\\/schema.org\",\"@graph\":[{\"@type\":\"WebPage\",\"@id\":\"https:\\\/\\\/pen.eu\\\/produkt\\\/einkaufstasche-hudson\\\/\",\"url\":\"https:\\\/\\\/pen.eu\\\/produkt\\\/einkaufstasche-hudson\\\/\",\"name\":\"Einkaufstasche \\\"Hudson\\\" - PEN.EU\",\"isPartOf\":{\"@id\":\"https:\\\/\\\/pen.eu\\\/#website\"},\"primaryImageOfPage\":{\"@id\":\"https:\\\/\\\/pen.eu\\\/produkt\\\/einkaufstasche-hudson\\\/#primaryimage\"},\"image\":{\"@id\":\"https:\\\/\\\/pen.eu\\\/produkt\\\/einkaufstasche-hudson\\\/#primaryimage\"},\"thumbnailUrl\":\"https:\\\/\\\/pen.eu\\\/wp-content\\\/uploads\\\/2025\\\/07\\\/bag-group-image-with.png\",\"datePublished\":\"2025-07-28T11:22:06+00:00\",\"dateModified\":\"2025-10-06T10:54:10+00:00\",\"breadcrumb\":{\"@id\":\"https:\\\/\\\/pen.eu\\\/produkt\\\/einkaufstasche-hudson\\\/#breadcrumb\"},\"inLanguage\":\"es\",\"potentialAction\":[{\"@type\":\"ReadAction\",\"target\":[\"https:\\\/\\\/pen.eu\\\/produkt\\\/einkaufstasche-hudson\\\/\"]}]},{\"@type\":\"ImageObject\",\"inLanguage\":\"es\",\"@id\":\"https:\\\/\\\/pen.eu\\\/produkt\\\/einkaufstasche-hudson\\\/#primaryimage\",\"url\":\"https:\\\/\\\/pen.eu\\\/wp-content\\\/uploads\\\/2025\\\/07\\\/bag-group-image-with.png\",\"contentUrl\":\"https:\\\/\\\/pen.eu\\\/wp-content\\\/uploads\\\/2025\\\/07\\\/bag-group-image-with.png\",\"width\":2000,\"height\":2000,\"caption\":\"custom printed bags\"},{\"@type\":\"BreadcrumbList\",\"@id\":\"https:\\\/\\\/pen.eu\\\/produkt\\\/einkaufstasche-hudson\\\/#breadcrumb\",\"itemListElement\":[{\"@type\":\"ListItem\",\"position\":1,\"name\":\"Home\",\"item\":\"https:\\\/\\\/pen.eu\\\/\"},{\"@type\":\"ListItem\",\"position\":2,\"name\":\"Shop\",\"item\":\"https:\\\/\\\/pen.eu\\\/ch\\\/shop\\\/\"},{\"@type\":\"ListItem\",\"position\":3,\"name\":\"Einkaufstasche &#8220;Hudson&#8221;\"}]},{\"@type\":\"WebSite\",\"@id\":\"https:\\\/\\\/pen.eu\\\/#website\",\"url\":\"https:\\\/\\\/pen.eu\\\/\",\"name\":\"PEN.EU\",\"description\":\"Kugelschreiber bedrucken mit Logo | pen.eu\",\"potentialAction\":[{\"@type\":\"SearchAction\",\"target\":{\"@type\":\"EntryPoint\",\"urlTemplate\":\"https:\\\/\\\/pen.eu\\\/?s={search_term_string}\"},\"query-input\":{\"@type\":\"PropertyValueSpecification\",\"valueRequired\":true,\"valueName\":\"search_term_string\"}}],\"inLanguage\":\"es\"}]}<\/script>\n<!-- \/ Yoast SEO plugin. -->","yoast_head_json":{"title":"Einkaufstasche \"Hudson\" - PEN.EU","robots":{"index":"index","follow":"follow","max-snippet":"max-snippet:-1","max-image-preview":"max-image-preview:large","max-video-preview":"max-video-preview:-1"},"canonical":"https:\/\/pen.eu\/es\/producto\/einkaufstasche-hudson\/","og_locale":"es_ES","og_type":"article","og_title":"Einkaufstasche \"Hudson\" - PEN.EU","og_description":"Die Hudson Tragetasche kombiniert Stil und Funktionalit\u00e4t: Hergestellt aus recycelter Baumwolle (225 g\/m\u00b2), bietet sie ein gro\u00dfz\u00fcgiges Hauptfach f\u00fcr den einfachen Transport Ihrer Alltagsgegenst\u00e4nde. Das markante Chevron-Muster auf beiden Seiten verleiht der Tasche einen individuellen Look, w\u00e4hrend stabile Tragegriffe aus Baumwolle f\u00fcr angenehmen Tragekomfort sorgen. Ein QR-Code im Inneren f\u00fchrt direkt zum digitalen Produktpass \u2013 [&hellip;]","og_url":"https:\/\/pen.eu\/es\/producto\/einkaufstasche-hudson\/","og_site_name":"PEN.EU","article_modified_time":"2025-10-06T10:54:10+00:00","og_image":[{"width":2000,"height":2000,"url":"https:\/\/pen.eu\/wp-content\/uploads\/2025\/07\/bag-group-image-with.png","type":"image\/png"}],"twitter_card":"summary_large_image","schema":{"@context":"https:\/\/schema.org","@graph":[{"@type":"WebPage","@id":"https:\/\/pen.eu\/produkt\/einkaufstasche-hudson\/","url":"https:\/\/pen.eu\/produkt\/einkaufstasche-hudson\/","name":"Einkaufstasche \"Hudson\" - PEN.EU","isPartOf":{"@id":"https:\/\/pen.eu\/#website"},"primaryImageOfPage":{"@id":"https:\/\/pen.eu\/produkt\/einkaufstasche-hudson\/#primaryimage"},"image":{"@id":"https:\/\/pen.eu\/produkt\/einkaufstasche-hudson\/#primaryimage"},"thumbnailUrl":"https:\/\/pen.eu\/wp-content\/uploads\/2025\/07\/bag-group-image-with.png","datePublished":"2025-07-28T11:22:06+00:00","dateModified":"2025-10-06T10:54:10+00:00","breadcrumb":{"@id":"https:\/\/pen.eu\/produkt\/einkaufstasche-hudson\/#breadcrumb"},"inLanguage":"es","potentialAction":[{"@type":"ReadAction","target":["https:\/\/pen.eu\/produkt\/einkaufstasche-hudson\/"]}]},{"@type":"ImageObject","inLanguage":"es","@id":"https:\/\/pen.eu\/produkt\/einkaufstasche-hudson\/#primaryimage","url":"https:\/\/pen.eu\/wp-content\/uploads\/2025\/07\/bag-group-image-with.png","contentUrl":"https:\/\/pen.eu\/wp-content\/uploads\/2025\/07\/bag-group-image-with.png","width":2000,"height":2000,"caption":"custom printed bags"},{"@type":"BreadcrumbList","@id":"https:\/\/pen.eu\/produkt\/einkaufstasche-hudson\/#breadcrumb","itemListElement":[{"@type":"ListItem","position":1,"name":"Home","item":"https:\/\/pen.eu\/"},{"@type":"ListItem","position":2,"name":"Shop","item":"https:\/\/pen.eu\/ch\/shop\/"},{"@type":"ListItem","position":3,"name":"Einkaufstasche &#8220;Hudson&#8221;"}]},{"@type":"WebSite","@id":"https:\/\/pen.eu\/#website","url":"https:\/\/pen.eu\/","name":"PEN.EU","description":"Kugelschreiber bedrucken mit Logo | pen.eu","potentialAction":[{"@type":"SearchAction","target":{"@type":"EntryPoint","urlTemplate":"https:\/\/pen.eu\/?s={search_term_string}"},"query-input":{"@type":"PropertyValueSpecification","valueRequired":true,"valueName":"search_term_string"}}],"inLanguage":"es"}]}},"_links":{"self":[{"href":"https:\/\/pen.eu\/es\/wp-json\/wp\/v2\/product\/15251","targetHints":{"allow":["GET"]}}],"collection":[{"href":"https:\/\/pen.eu\/es\/wp-json\/wp\/v2\/product"}],"about":[{"href":"https:\/\/pen.eu\/es\/wp-json\/wp\/v2\/types\/product"}],"replies":[{"embeddable":true,"href":"https:\/\/pen.eu\/es\/wp-json\/wp\/v2\/comments?post=15251"}],"wp:featuredmedia":[{"embeddable":true,"href":"https:\/\/pen.eu\/es\/wp-json\/wp\/v2\/media\/16826"}],"wp:attachment":[{"href":"https:\/\/pen.eu\/es\/wp-json\/wp\/v2\/media?parent=15251"}],"wp:term":[{"taxonomy":"product_brand","embeddable":true,"href":"https:\/\/pen.eu\/es\/wp-json\/wp\/v2\/product_brand?post=15251"},{"taxonomy":"product_cat","embeddable":true,"href":"https:\/\/pen.eu\/es\/wp-json\/wp\/v2\/product_cat?post=15251"},{"taxonomy":"product_tag","embeddable":true,"href":"https:\/\/pen.eu\/es\/wp-json\/wp\/v2\/product_tag?post=15251"}],"curies":[{"name":"wp","href":"https:\/\/api.w.org\/{rel}","templated":true}]}}