{"id":15283,"date":"2025-07-28T14:09:47","date_gmt":"2025-07-28T12:09:47","guid":{"rendered":"https:\/\/v2.frank-pen.de\/?post_type=product&#038;p=15283"},"modified":"2025-10-06T12:54:09","modified_gmt":"2025-10-06T10:54:09","slug":"sportbeutel-indio","status":"publish","type":"product","link":"https:\/\/pen.eu\/es\/producto\/sportbeutel-indio\/","title":{"rendered":"Bolsa de deporte con cord\u00f3n \"Indio\""},"content":{"rendered":"<p>La mochila Indio, fabricada en poli\u00e9ster rPET reciclado (600D\/210D), es un resistente compa\u00f1ero para el d\u00eda a d\u00eda y el ocio. Con una capacidad de 10 litros y una carga m\u00e1xima de hasta 5 kg, ofrece espacio suficiente para tus imprescindibles. El compartimento principal se cierra de forma segura con un cord\u00f3n negro, mientras que dos bolsillos laterales de malla permiten un acceso r\u00e1pido a objetos peque\u00f1os. Una cinta reflectante en la parte inferior mejora la visibilidad en condiciones de poca luz. El asa superior de cinta facilita un transporte c\u00f3modo. Un c\u00f3digo QR en la etiqueta interior enlaza con el pasaporte digital del producto, y una etiqueta de jacquard cosida en el lateral con s\u00edmbolo de hoja y la inscripci\u00f3n \u201crecycled PET\u201d resalta el car\u00e1cter sostenible de esta vers\u00e1til bolsa.<\/p>","protected":false},"excerpt":{"rendered":"<p>Der Indio Rucksack aus recyceltem rPET-Polyester (600D\/210D) \u00fcberzeugt als robuster Begleiter f\u00fcr Alltag und Freizeit. Mit einem Fassungsverm\u00f6gen von 10 Litern und einer Traglast von bis zu 5 kg bietet er ausreichend Platz f\u00fcr Ihre Essentials. Das Hauptfach l\u00e4sst sich sicher mit einem schwarzen Kordelzug verschlie\u00dfen, w\u00e4hrend zwei seitliche Netztaschen schnellen Zugriff auf kleinere Gegenst\u00e4nde [&hellip;]<\/p>\n","protected":false},"featured_media":15444,"comment_status":"open","ping_status":"closed","template":"","meta":[],"product_brand":[],"product_cat":[249],"product_tag":[808,687,780,697],"class_list":{"0":"post-15283","1":"product","2":"type-product","3":"status-publish","4":"has-post-thumbnail","6":"product_cat-taschen","7":"product_tag-left-51","8":"product_tag-logomiddle","9":"product_tag-top-50","10":"product_tag-ule","11":"pa_farbe-natuerlich","12":"pa_material-polyester","13":"pa_mindestmenge-24","14":"pa_werbeanbringung-digitaldruck","15":"pa_werbeanbringung-siebdruck","17":"first","18":"instock","19":"taxable","20":"shipping-taxable","21":"purchasable","22":"product-type-variable","23":"add-to-wishlist-after_add_to_cart"},"yoast_head":"<!-- This site is optimized with the Yoast SEO plugin v27.4 - https:\/\/yoast.com\/product\/yoast-seo-wordpress\/ -->\n<title>Sportbeutel &quot;Indio&quot; - PEN.EU<\/title>\n<meta name=\"robots\" content=\"index, follow, max-snippet:-1, max-image-preview:large, max-video-preview:-1\" \/>\n<link rel=\"canonical\" href=\"https:\/\/pen.eu\/es\/producto\/sportbeutel-indio\/\" \/>\n<meta property=\"og:locale\" content=\"es_ES\" \/>\n<meta property=\"og:type\" content=\"article\" \/>\n<meta property=\"og:title\" content=\"Sportbeutel &quot;Indio&quot; - PEN.EU\" \/>\n<meta property=\"og:description\" content=\"Der Indio Rucksack aus recyceltem rPET-Polyester (600D\/210D) \u00fcberzeugt als robuster Begleiter f\u00fcr Alltag und Freizeit. Mit einem Fassungsverm\u00f6gen von 10 Litern und einer Traglast von bis zu 5 kg bietet er ausreichend Platz f\u00fcr Ihre Essentials. Das Hauptfach l\u00e4sst sich sicher mit einem schwarzen Kordelzug verschlie\u00dfen, w\u00e4hrend zwei seitliche Netztaschen schnellen Zugriff auf kleinere Gegenst\u00e4nde [&hellip;]\" \/>\n<meta property=\"og:url\" content=\"https:\/\/pen.eu\/es\/producto\/sportbeutel-indio\/\" \/>\n<meta property=\"og:site_name\" content=\"PEN.EU\" \/>\n<meta property=\"article:modified_time\" content=\"2025-10-06T10:54:09+00:00\" \/>\n<meta property=\"og:image\" content=\"https:\/\/pen.eu\/wp-content\/uploads\/2025\/07\/ULE-blank-navy.png\" \/>\n\t<meta property=\"og:image:width\" content=\"2000\" \/>\n\t<meta property=\"og:image:height\" content=\"2000\" \/>\n\t<meta property=\"og:image:type\" content=\"image\/png\" \/>\n<meta name=\"twitter:card\" content=\"summary_large_image\" \/>\n<meta name=\"twitter:label1\" content=\"Tiempo de lectura\" \/>\n\t<meta name=\"twitter:data1\" content=\"1 minuto\" \/>\n<script type=\"application\/ld+json\" class=\"yoast-schema-graph\">{\"@context\":\"https:\\\/\\\/schema.org\",\"@graph\":[{\"@type\":\"WebPage\",\"@id\":\"https:\\\/\\\/pen.eu\\\/produkt\\\/sportbeutel-indio\\\/\",\"url\":\"https:\\\/\\\/pen.eu\\\/produkt\\\/sportbeutel-indio\\\/\",\"name\":\"Sportbeutel \\\"Indio\\\" - PEN.EU\",\"isPartOf\":{\"@id\":\"https:\\\/\\\/pen.eu\\\/#website\"},\"primaryImageOfPage\":{\"@id\":\"https:\\\/\\\/pen.eu\\\/produkt\\\/sportbeutel-indio\\\/#primaryimage\"},\"image\":{\"@id\":\"https:\\\/\\\/pen.eu\\\/produkt\\\/sportbeutel-indio\\\/#primaryimage\"},\"thumbnailUrl\":\"https:\\\/\\\/pen.eu\\\/wp-content\\\/uploads\\\/2025\\\/07\\\/ULE-blank-navy.png\",\"datePublished\":\"2025-07-28T12:09:47+00:00\",\"dateModified\":\"2025-10-06T10:54:09+00:00\",\"breadcrumb\":{\"@id\":\"https:\\\/\\\/pen.eu\\\/produkt\\\/sportbeutel-indio\\\/#breadcrumb\"},\"inLanguage\":\"es\",\"potentialAction\":[{\"@type\":\"ReadAction\",\"target\":[\"https:\\\/\\\/pen.eu\\\/produkt\\\/sportbeutel-indio\\\/\"]}]},{\"@type\":\"ImageObject\",\"inLanguage\":\"es\",\"@id\":\"https:\\\/\\\/pen.eu\\\/produkt\\\/sportbeutel-indio\\\/#primaryimage\",\"url\":\"https:\\\/\\\/pen.eu\\\/wp-content\\\/uploads\\\/2025\\\/07\\\/ULE-blank-navy.png\",\"contentUrl\":\"https:\\\/\\\/pen.eu\\\/wp-content\\\/uploads\\\/2025\\\/07\\\/ULE-blank-navy.png\",\"width\":2000,\"height\":2000,\"caption\":\"ULE-blank-navy\"},{\"@type\":\"BreadcrumbList\",\"@id\":\"https:\\\/\\\/pen.eu\\\/produkt\\\/sportbeutel-indio\\\/#breadcrumb\",\"itemListElement\":[{\"@type\":\"ListItem\",\"position\":1,\"name\":\"Home\",\"item\":\"https:\\\/\\\/pen.eu\\\/\"},{\"@type\":\"ListItem\",\"position\":2,\"name\":\"Shop\",\"item\":\"https:\\\/\\\/pen.eu\\\/ch\\\/shop\\\/\"},{\"@type\":\"ListItem\",\"position\":3,\"name\":\"Sportbeutel &#8220;Indio&#8221;\"}]},{\"@type\":\"WebSite\",\"@id\":\"https:\\\/\\\/pen.eu\\\/#website\",\"url\":\"https:\\\/\\\/pen.eu\\\/\",\"name\":\"PEN.EU\",\"description\":\"Kugelschreiber bedrucken mit Logo | pen.eu\",\"potentialAction\":[{\"@type\":\"SearchAction\",\"target\":{\"@type\":\"EntryPoint\",\"urlTemplate\":\"https:\\\/\\\/pen.eu\\\/?s={search_term_string}\"},\"query-input\":{\"@type\":\"PropertyValueSpecification\",\"valueRequired\":true,\"valueName\":\"search_term_string\"}}],\"inLanguage\":\"es\"}]}<\/script>\n<!-- \/ Yoast SEO plugin. -->","yoast_head_json":{"title":"Sportbeutel \"Indio\" - PEN.EU","robots":{"index":"index","follow":"follow","max-snippet":"max-snippet:-1","max-image-preview":"max-image-preview:large","max-video-preview":"max-video-preview:-1"},"canonical":"https:\/\/pen.eu\/es\/producto\/sportbeutel-indio\/","og_locale":"es_ES","og_type":"article","og_title":"Sportbeutel \"Indio\" - PEN.EU","og_description":"Der Indio Rucksack aus recyceltem rPET-Polyester (600D\/210D) \u00fcberzeugt als robuster Begleiter f\u00fcr Alltag und Freizeit. Mit einem Fassungsverm\u00f6gen von 10 Litern und einer Traglast von bis zu 5 kg bietet er ausreichend Platz f\u00fcr Ihre Essentials. Das Hauptfach l\u00e4sst sich sicher mit einem schwarzen Kordelzug verschlie\u00dfen, w\u00e4hrend zwei seitliche Netztaschen schnellen Zugriff auf kleinere Gegenst\u00e4nde [&hellip;]","og_url":"https:\/\/pen.eu\/es\/producto\/sportbeutel-indio\/","og_site_name":"PEN.EU","article_modified_time":"2025-10-06T10:54:09+00:00","og_image":[{"width":2000,"height":2000,"url":"https:\/\/pen.eu\/wp-content\/uploads\/2025\/07\/ULE-blank-navy.png","type":"image\/png"}],"twitter_card":"summary_large_image","twitter_misc":{"Tiempo de lectura":"1 minuto"},"schema":{"@context":"https:\/\/schema.org","@graph":[{"@type":"WebPage","@id":"https:\/\/pen.eu\/produkt\/sportbeutel-indio\/","url":"https:\/\/pen.eu\/produkt\/sportbeutel-indio\/","name":"Sportbeutel \"Indio\" - PEN.EU","isPartOf":{"@id":"https:\/\/pen.eu\/#website"},"primaryImageOfPage":{"@id":"https:\/\/pen.eu\/produkt\/sportbeutel-indio\/#primaryimage"},"image":{"@id":"https:\/\/pen.eu\/produkt\/sportbeutel-indio\/#primaryimage"},"thumbnailUrl":"https:\/\/pen.eu\/wp-content\/uploads\/2025\/07\/ULE-blank-navy.png","datePublished":"2025-07-28T12:09:47+00:00","dateModified":"2025-10-06T10:54:09+00:00","breadcrumb":{"@id":"https:\/\/pen.eu\/produkt\/sportbeutel-indio\/#breadcrumb"},"inLanguage":"es","potentialAction":[{"@type":"ReadAction","target":["https:\/\/pen.eu\/produkt\/sportbeutel-indio\/"]}]},{"@type":"ImageObject","inLanguage":"es","@id":"https:\/\/pen.eu\/produkt\/sportbeutel-indio\/#primaryimage","url":"https:\/\/pen.eu\/wp-content\/uploads\/2025\/07\/ULE-blank-navy.png","contentUrl":"https:\/\/pen.eu\/wp-content\/uploads\/2025\/07\/ULE-blank-navy.png","width":2000,"height":2000,"caption":"ULE-blank-navy"},{"@type":"BreadcrumbList","@id":"https:\/\/pen.eu\/produkt\/sportbeutel-indio\/#breadcrumb","itemListElement":[{"@type":"ListItem","position":1,"name":"Home","item":"https:\/\/pen.eu\/"},{"@type":"ListItem","position":2,"name":"Shop","item":"https:\/\/pen.eu\/ch\/shop\/"},{"@type":"ListItem","position":3,"name":"Sportbeutel &#8220;Indio&#8221;"}]},{"@type":"WebSite","@id":"https:\/\/pen.eu\/#website","url":"https:\/\/pen.eu\/","name":"PEN.EU","description":"Kugelschreiber bedrucken mit Logo | pen.eu","potentialAction":[{"@type":"SearchAction","target":{"@type":"EntryPoint","urlTemplate":"https:\/\/pen.eu\/?s={search_term_string}"},"query-input":{"@type":"PropertyValueSpecification","valueRequired":true,"valueName":"search_term_string"}}],"inLanguage":"es"}]}},"_links":{"self":[{"href":"https:\/\/pen.eu\/es\/wp-json\/wp\/v2\/product\/15283","targetHints":{"allow":["GET"]}}],"collection":[{"href":"https:\/\/pen.eu\/es\/wp-json\/wp\/v2\/product"}],"about":[{"href":"https:\/\/pen.eu\/es\/wp-json\/wp\/v2\/types\/product"}],"replies":[{"embeddable":true,"href":"https:\/\/pen.eu\/es\/wp-json\/wp\/v2\/comments?post=15283"}],"wp:featuredmedia":[{"embeddable":true,"href":"https:\/\/pen.eu\/es\/wp-json\/wp\/v2\/media\/15444"}],"wp:attachment":[{"href":"https:\/\/pen.eu\/es\/wp-json\/wp\/v2\/media?parent=15283"}],"wp:term":[{"taxonomy":"product_brand","embeddable":true,"href":"https:\/\/pen.eu\/es\/wp-json\/wp\/v2\/product_brand?post=15283"},{"taxonomy":"product_cat","embeddable":true,"href":"https:\/\/pen.eu\/es\/wp-json\/wp\/v2\/product_cat?post=15283"},{"taxonomy":"product_tag","embeddable":true,"href":"https:\/\/pen.eu\/es\/wp-json\/wp\/v2\/product_tag?post=15283"}],"curies":[{"name":"wp","href":"https:\/\/api.w.org\/{rel}","templated":true}]}}