{"id":15285,"date":"2025-07-28T14:09:49","date_gmt":"2025-07-28T12:09:49","guid":{"rendered":"https:\/\/v2.frank-pen.de\/?post_type=product&#038;p=15285"},"modified":"2025-10-06T12:54:09","modified_gmt":"2025-10-06T10:54:09","slug":"sportbeutel-rainbow","status":"publish","type":"product","link":"https:\/\/pen.eu\/es\/producto\/sportbeutel-rainbow\/","title":{"rendered":"Bolsa de deporte con cord\u00f3n \"Rainbow\""},"content":{"rendered":"<p>Aporta un toque de color con la mochila y bolsa Rainbow fabricada en poli\u00e9ster rPET reciclado \u2013 8 L de capacidad para el d\u00eda a d\u00eda y el ocio. El amplio compartimento principal se cierra de forma segura con un cord\u00f3n negro, mientras que un bolsillo frontal con cremallera permite un acceso r\u00e1pido a objetos peque\u00f1os. Detalles llamativos como la cinta arco\u00edris en el asa y las trabillas laterales dan a la bolsa un aspecto alegre y moderno. En el interior, un c\u00f3digo QR permite acceder al pasaporte digital del producto \u2013 para m\u00e1s transparencia y sostenibilidad en la vida diaria.<\/p>","protected":false},"excerpt":{"rendered":"<p>Setzen Sie farbige Akzente mit dem Rainbow Rucksack und der Tragetasche aus recyceltem rPET-Polyester \u2013 8\u202fL Volumen f\u00fcr Alltag und Freizeit. Das ger\u00e4umige Hauptfach wird sicher mit einer schwarzen Kordel verschlossen, w\u00e4hrend eine Rei\u00dfverschlusstasche auf der Vorderseite schnellen Zugriff auf kleinere Utensilien bietet. Auff\u00e4llige Details wie das Regenbogenband an Griff und Seitenschlaufen verleihen der Tasche [&hellip;]<\/p>\n","protected":false},"featured_media":15430,"comment_status":"open","ping_status":"closed","template":"","meta":[],"product_brand":[],"product_cat":[249],"product_tag":[688,799,819,696],"class_list":{"0":"post-15285","1":"product","2":"type-product","3":"status-publish","4":"has-post-thumbnail","6":"product_cat-taschen","7":"product_tag-logobottom","8":"product_tag-slimlogo","9":"product_tag-top-77","10":"product_tag-uld","11":"pa_farbe-natuerlich","12":"pa_material-polyester","13":"pa_mindestmenge-24","14":"pa_werbeanbringung-digitaldruck","15":"pa_werbeanbringung-siebdruck","17":"first","18":"instock","19":"taxable","20":"shipping-taxable","21":"purchasable","22":"product-type-variable","23":"add-to-wishlist-after_add_to_cart"},"yoast_head":"<!-- This site is optimized with the Yoast SEO plugin v27.3 - https:\/\/yoast.com\/product\/yoast-seo-wordpress\/ -->\n<title>Sportbeutel &quot;Rainbow&quot; - PEN.EU<\/title>\n<meta name=\"robots\" content=\"index, follow, max-snippet:-1, max-image-preview:large, max-video-preview:-1\" \/>\n<link rel=\"canonical\" href=\"https:\/\/pen.eu\/es\/producto\/sportbeutel-rainbow\/\" \/>\n<meta property=\"og:locale\" content=\"es_ES\" \/>\n<meta property=\"og:type\" content=\"article\" \/>\n<meta property=\"og:title\" content=\"Sportbeutel &quot;Rainbow&quot; - PEN.EU\" \/>\n<meta property=\"og:description\" content=\"Setzen Sie farbige Akzente mit dem Rainbow Rucksack und der Tragetasche aus recyceltem rPET-Polyester \u2013 8\u202fL Volumen f\u00fcr Alltag und Freizeit. Das ger\u00e4umige Hauptfach wird sicher mit einer schwarzen Kordel verschlossen, w\u00e4hrend eine Rei\u00dfverschlusstasche auf der Vorderseite schnellen Zugriff auf kleinere Utensilien bietet. Auff\u00e4llige Details wie das Regenbogenband an Griff und Seitenschlaufen verleihen der Tasche [&hellip;]\" \/>\n<meta property=\"og:url\" content=\"https:\/\/pen.eu\/es\/producto\/sportbeutel-rainbow\/\" \/>\n<meta property=\"og:site_name\" content=\"PEN.EU\" \/>\n<meta property=\"article:modified_time\" content=\"2025-10-06T10:54:09+00:00\" \/>\n<meta property=\"og:image\" content=\"https:\/\/pen.eu\/wp-content\/uploads\/2025\/07\/ULD-blank-black.jpg\" \/>\n\t<meta property=\"og:image:width\" content=\"2000\" \/>\n\t<meta property=\"og:image:height\" content=\"2000\" \/>\n\t<meta property=\"og:image:type\" content=\"image\/jpeg\" \/>\n<meta name=\"twitter:card\" content=\"summary_large_image\" \/>\n<script type=\"application\/ld+json\" class=\"yoast-schema-graph\">{\"@context\":\"https:\\\/\\\/schema.org\",\"@graph\":[{\"@type\":\"WebPage\",\"@id\":\"https:\\\/\\\/pen.eu\\\/produkt\\\/sportbeutel-rainbow\\\/\",\"url\":\"https:\\\/\\\/pen.eu\\\/produkt\\\/sportbeutel-rainbow\\\/\",\"name\":\"Sportbeutel \\\"Rainbow\\\" - PEN.EU\",\"isPartOf\":{\"@id\":\"https:\\\/\\\/pen.eu\\\/#website\"},\"primaryImageOfPage\":{\"@id\":\"https:\\\/\\\/pen.eu\\\/produkt\\\/sportbeutel-rainbow\\\/#primaryimage\"},\"image\":{\"@id\":\"https:\\\/\\\/pen.eu\\\/produkt\\\/sportbeutel-rainbow\\\/#primaryimage\"},\"thumbnailUrl\":\"https:\\\/\\\/pen.eu\\\/wp-content\\\/uploads\\\/2025\\\/07\\\/ULD-blank-black.jpg\",\"datePublished\":\"2025-07-28T12:09:49+00:00\",\"dateModified\":\"2025-10-06T10:54:09+00:00\",\"breadcrumb\":{\"@id\":\"https:\\\/\\\/pen.eu\\\/produkt\\\/sportbeutel-rainbow\\\/#breadcrumb\"},\"inLanguage\":\"es\",\"potentialAction\":[{\"@type\":\"ReadAction\",\"target\":[\"https:\\\/\\\/pen.eu\\\/produkt\\\/sportbeutel-rainbow\\\/\"]}]},{\"@type\":\"ImageObject\",\"inLanguage\":\"es\",\"@id\":\"https:\\\/\\\/pen.eu\\\/produkt\\\/sportbeutel-rainbow\\\/#primaryimage\",\"url\":\"https:\\\/\\\/pen.eu\\\/wp-content\\\/uploads\\\/2025\\\/07\\\/ULD-blank-black.jpg\",\"contentUrl\":\"https:\\\/\\\/pen.eu\\\/wp-content\\\/uploads\\\/2025\\\/07\\\/ULD-blank-black.jpg\",\"width\":2000,\"height\":2000,\"caption\":\"ULD-blank-black\"},{\"@type\":\"BreadcrumbList\",\"@id\":\"https:\\\/\\\/pen.eu\\\/produkt\\\/sportbeutel-rainbow\\\/#breadcrumb\",\"itemListElement\":[{\"@type\":\"ListItem\",\"position\":1,\"name\":\"Home\",\"item\":\"https:\\\/\\\/pen.eu\\\/\"},{\"@type\":\"ListItem\",\"position\":2,\"name\":\"Shop\",\"item\":\"https:\\\/\\\/pen.eu\\\/ch\\\/shop\\\/\"},{\"@type\":\"ListItem\",\"position\":3,\"name\":\"Sportbeutel &#8220;Rainbow&#8221;\"}]},{\"@type\":\"WebSite\",\"@id\":\"https:\\\/\\\/pen.eu\\\/#website\",\"url\":\"https:\\\/\\\/pen.eu\\\/\",\"name\":\"PEN.EU\",\"description\":\"Kugelschreiber bedrucken mit Logo | pen.eu\",\"potentialAction\":[{\"@type\":\"SearchAction\",\"target\":{\"@type\":\"EntryPoint\",\"urlTemplate\":\"https:\\\/\\\/pen.eu\\\/?s={search_term_string}\"},\"query-input\":{\"@type\":\"PropertyValueSpecification\",\"valueRequired\":true,\"valueName\":\"search_term_string\"}}],\"inLanguage\":\"es\"}]}<\/script>\n<!-- \/ Yoast SEO plugin. -->","yoast_head_json":{"title":"Sportbeutel \"Rainbow\" - PEN.EU","robots":{"index":"index","follow":"follow","max-snippet":"max-snippet:-1","max-image-preview":"max-image-preview:large","max-video-preview":"max-video-preview:-1"},"canonical":"https:\/\/pen.eu\/es\/producto\/sportbeutel-rainbow\/","og_locale":"es_ES","og_type":"article","og_title":"Sportbeutel \"Rainbow\" - PEN.EU","og_description":"Setzen Sie farbige Akzente mit dem Rainbow Rucksack und der Tragetasche aus recyceltem rPET-Polyester \u2013 8\u202fL Volumen f\u00fcr Alltag und Freizeit. Das ger\u00e4umige Hauptfach wird sicher mit einer schwarzen Kordel verschlossen, w\u00e4hrend eine Rei\u00dfverschlusstasche auf der Vorderseite schnellen Zugriff auf kleinere Utensilien bietet. Auff\u00e4llige Details wie das Regenbogenband an Griff und Seitenschlaufen verleihen der Tasche [&hellip;]","og_url":"https:\/\/pen.eu\/es\/producto\/sportbeutel-rainbow\/","og_site_name":"PEN.EU","article_modified_time":"2025-10-06T10:54:09+00:00","og_image":[{"width":2000,"height":2000,"url":"https:\/\/pen.eu\/wp-content\/uploads\/2025\/07\/ULD-blank-black.jpg","type":"image\/jpeg"}],"twitter_card":"summary_large_image","schema":{"@context":"https:\/\/schema.org","@graph":[{"@type":"WebPage","@id":"https:\/\/pen.eu\/produkt\/sportbeutel-rainbow\/","url":"https:\/\/pen.eu\/produkt\/sportbeutel-rainbow\/","name":"Sportbeutel \"Rainbow\" - PEN.EU","isPartOf":{"@id":"https:\/\/pen.eu\/#website"},"primaryImageOfPage":{"@id":"https:\/\/pen.eu\/produkt\/sportbeutel-rainbow\/#primaryimage"},"image":{"@id":"https:\/\/pen.eu\/produkt\/sportbeutel-rainbow\/#primaryimage"},"thumbnailUrl":"https:\/\/pen.eu\/wp-content\/uploads\/2025\/07\/ULD-blank-black.jpg","datePublished":"2025-07-28T12:09:49+00:00","dateModified":"2025-10-06T10:54:09+00:00","breadcrumb":{"@id":"https:\/\/pen.eu\/produkt\/sportbeutel-rainbow\/#breadcrumb"},"inLanguage":"es","potentialAction":[{"@type":"ReadAction","target":["https:\/\/pen.eu\/produkt\/sportbeutel-rainbow\/"]}]},{"@type":"ImageObject","inLanguage":"es","@id":"https:\/\/pen.eu\/produkt\/sportbeutel-rainbow\/#primaryimage","url":"https:\/\/pen.eu\/wp-content\/uploads\/2025\/07\/ULD-blank-black.jpg","contentUrl":"https:\/\/pen.eu\/wp-content\/uploads\/2025\/07\/ULD-blank-black.jpg","width":2000,"height":2000,"caption":"ULD-blank-black"},{"@type":"BreadcrumbList","@id":"https:\/\/pen.eu\/produkt\/sportbeutel-rainbow\/#breadcrumb","itemListElement":[{"@type":"ListItem","position":1,"name":"Home","item":"https:\/\/pen.eu\/"},{"@type":"ListItem","position":2,"name":"Shop","item":"https:\/\/pen.eu\/ch\/shop\/"},{"@type":"ListItem","position":3,"name":"Sportbeutel &#8220;Rainbow&#8221;"}]},{"@type":"WebSite","@id":"https:\/\/pen.eu\/#website","url":"https:\/\/pen.eu\/","name":"PEN.EU","description":"Kugelschreiber bedrucken mit Logo | pen.eu","potentialAction":[{"@type":"SearchAction","target":{"@type":"EntryPoint","urlTemplate":"https:\/\/pen.eu\/?s={search_term_string}"},"query-input":{"@type":"PropertyValueSpecification","valueRequired":true,"valueName":"search_term_string"}}],"inLanguage":"es"}]}},"_links":{"self":[{"href":"https:\/\/pen.eu\/es\/wp-json\/wp\/v2\/product\/15285","targetHints":{"allow":["GET"]}}],"collection":[{"href":"https:\/\/pen.eu\/es\/wp-json\/wp\/v2\/product"}],"about":[{"href":"https:\/\/pen.eu\/es\/wp-json\/wp\/v2\/types\/product"}],"replies":[{"embeddable":true,"href":"https:\/\/pen.eu\/es\/wp-json\/wp\/v2\/comments?post=15285"}],"wp:featuredmedia":[{"embeddable":true,"href":"https:\/\/pen.eu\/es\/wp-json\/wp\/v2\/media\/15430"}],"wp:attachment":[{"href":"https:\/\/pen.eu\/es\/wp-json\/wp\/v2\/media?parent=15285"}],"wp:term":[{"taxonomy":"product_brand","embeddable":true,"href":"https:\/\/pen.eu\/es\/wp-json\/wp\/v2\/product_brand?post=15285"},{"taxonomy":"product_cat","embeddable":true,"href":"https:\/\/pen.eu\/es\/wp-json\/wp\/v2\/product_cat?post=15285"},{"taxonomy":"product_tag","embeddable":true,"href":"https:\/\/pen.eu\/es\/wp-json\/wp\/v2\/product_tag?post=15285"}],"curies":[{"name":"wp","href":"https:\/\/api.w.org\/{rel}","templated":true}]}}