{"id":15292,"date":"2025-07-28T14:18:01","date_gmt":"2025-07-28T12:18:01","guid":{"rendered":"https:\/\/v2.frank-pen.de\/?post_type=product&#038;p=15292"},"modified":"2026-01-22T11:13:06","modified_gmt":"2026-01-22T10:13:06","slug":"rucksack-economic","status":"publish","type":"product","link":"https:\/\/pen.eu\/es\/producto\/rucksack-economic\/","title":{"rendered":"Mochila \u201cEconomic\u201d"},"content":{"rendered":"<p>La mochila Economic, fabricada en resistente poli\u00e9ster rPET 600D, combina funcionalidad diaria con un dise\u00f1o moderno. Con una capacidad de 18 litros, cuenta con un amplio compartimento principal con funda acolchada para port\u00e1tiles de hasta 15 pulgadas. Dos bolsillos laterales pr\u00e1cticos y un bolsillo delantero oculto con cremallera ofrecen espacio de almacenamiento adicional. Las correas acolchadas para los hombros garantizan una experiencia de uso c\u00f3moda \u2013 ideal para el trabajo, la universidad o el tiempo libre. El dise\u00f1o bicolor con recubrimiento de PU le da a la mochila un aspecto elegante. Un c\u00f3digo QR integrado conduce al pasaporte digital del producto para mayor transparencia.<\/p>","protected":false},"excerpt":{"rendered":"<p>Der Economic Rucksack aus robustem rPET 600D Polyester vereint Alltagstauglichkeit mit modernem Design. Mit einem Fassungsverm\u00f6gen von 18 Litern bietet er ein gro\u00dfz\u00fcgiges Hauptfach inklusive gepolstertem Laptopfach f\u00fcr Ger\u00e4te bis 15 Zoll. Zwei praktische Seitentaschen sowie eine versteckte Rei\u00dfverschlusstasche auf der Vorderseite sorgen f\u00fcr zus\u00e4tzlichen Stauraum. Die komfortabel gepolsterten Schulterriemen erm\u00f6glichen ein angenehmes Tragegef\u00fchl \u2013 [&hellip;]<\/p>\n","protected":false},"featured_media":15464,"comment_status":"open","ping_status":"closed","template":"","meta":[],"product_brand":[],"product_cat":[249],"product_tag":[690,799,699],"class_list":{"0":"post-15292","1":"product","2":"type-product","3":"status-publish","4":"has-post-thumbnail","6":"product_cat-taschen","7":"product_tag-backpack","8":"product_tag-slimlogo","9":"product_tag-ukp","10":"pa_farbe-natuerlich","11":"pa_material-polyester","12":"pa_mindestmenge-24","13":"pa_werbeanbringung-digitaldruck","14":"pa_werbeanbringung-siebdruck","16":"first","17":"instock","18":"taxable","19":"shipping-taxable","20":"purchasable","21":"product-type-variable","22":"add-to-wishlist-after_add_to_cart"},"yoast_head":"<!-- This site is optimized with the Yoast SEO plugin v27.4 - https:\/\/yoast.com\/product\/yoast-seo-wordpress\/ -->\n<title>Rucksack &quot;Economic&quot; - PEN.EU<\/title>\n<meta name=\"robots\" content=\"index, follow, max-snippet:-1, max-image-preview:large, max-video-preview:-1\" \/>\n<link rel=\"canonical\" href=\"https:\/\/pen.eu\/es\/producto\/rucksack-economic\/\" \/>\n<meta property=\"og:locale\" content=\"es_ES\" \/>\n<meta property=\"og:type\" content=\"article\" \/>\n<meta property=\"og:title\" content=\"Rucksack &quot;Economic&quot; - PEN.EU\" \/>\n<meta property=\"og:description\" content=\"Der Economic Rucksack aus robustem rPET 600D Polyester vereint Alltagstauglichkeit mit modernem Design. Mit einem Fassungsverm\u00f6gen von 18 Litern bietet er ein gro\u00dfz\u00fcgiges Hauptfach inklusive gepolstertem Laptopfach f\u00fcr Ger\u00e4te bis 15 Zoll. Zwei praktische Seitentaschen sowie eine versteckte Rei\u00dfverschlusstasche auf der Vorderseite sorgen f\u00fcr zus\u00e4tzlichen Stauraum. Die komfortabel gepolsterten Schulterriemen erm\u00f6glichen ein angenehmes Tragegef\u00fchl \u2013 [&hellip;]\" \/>\n<meta property=\"og:url\" content=\"https:\/\/pen.eu\/es\/producto\/rucksack-economic\/\" \/>\n<meta property=\"og:site_name\" content=\"PEN.EU\" \/>\n<meta property=\"article:modified_time\" content=\"2026-01-22T10:13:06+00:00\" \/>\n<meta property=\"og:image\" content=\"https:\/\/pen.eu\/wp-content\/uploads\/2025\/07\/UKP-blank-black.jpg\" \/>\n\t<meta property=\"og:image:width\" content=\"2000\" \/>\n\t<meta property=\"og:image:height\" content=\"2000\" \/>\n\t<meta property=\"og:image:type\" content=\"image\/jpeg\" \/>\n<meta name=\"twitter:card\" content=\"summary_large_image\" \/>\n<script type=\"application\/ld+json\" class=\"yoast-schema-graph\">{\"@context\":\"https:\\\/\\\/schema.org\",\"@graph\":[{\"@type\":\"WebPage\",\"@id\":\"https:\\\/\\\/pen.eu\\\/produkt\\\/rucksack-economic\\\/\",\"url\":\"https:\\\/\\\/pen.eu\\\/produkt\\\/rucksack-economic\\\/\",\"name\":\"Rucksack \\\"Economic\\\" - PEN.EU\",\"isPartOf\":{\"@id\":\"https:\\\/\\\/pen.eu\\\/#website\"},\"primaryImageOfPage\":{\"@id\":\"https:\\\/\\\/pen.eu\\\/produkt\\\/rucksack-economic\\\/#primaryimage\"},\"image\":{\"@id\":\"https:\\\/\\\/pen.eu\\\/produkt\\\/rucksack-economic\\\/#primaryimage\"},\"thumbnailUrl\":\"https:\\\/\\\/pen.eu\\\/wp-content\\\/uploads\\\/2025\\\/07\\\/UKP-blank-black.jpg\",\"datePublished\":\"2025-07-28T12:18:01+00:00\",\"dateModified\":\"2026-01-22T10:13:06+00:00\",\"breadcrumb\":{\"@id\":\"https:\\\/\\\/pen.eu\\\/produkt\\\/rucksack-economic\\\/#breadcrumb\"},\"inLanguage\":\"es\",\"potentialAction\":[{\"@type\":\"ReadAction\",\"target\":[\"https:\\\/\\\/pen.eu\\\/produkt\\\/rucksack-economic\\\/\"]}]},{\"@type\":\"ImageObject\",\"inLanguage\":\"es\",\"@id\":\"https:\\\/\\\/pen.eu\\\/produkt\\\/rucksack-economic\\\/#primaryimage\",\"url\":\"https:\\\/\\\/pen.eu\\\/wp-content\\\/uploads\\\/2025\\\/07\\\/UKP-blank-black.jpg\",\"contentUrl\":\"https:\\\/\\\/pen.eu\\\/wp-content\\\/uploads\\\/2025\\\/07\\\/UKP-blank-black.jpg\",\"width\":2000,\"height\":2000,\"caption\":\"UKP-blank-black\"},{\"@type\":\"BreadcrumbList\",\"@id\":\"https:\\\/\\\/pen.eu\\\/produkt\\\/rucksack-economic\\\/#breadcrumb\",\"itemListElement\":[{\"@type\":\"ListItem\",\"position\":1,\"name\":\"Home\",\"item\":\"https:\\\/\\\/pen.eu\\\/\"},{\"@type\":\"ListItem\",\"position\":2,\"name\":\"Shop\",\"item\":\"https:\\\/\\\/pen.eu\\\/ch\\\/shop\\\/\"},{\"@type\":\"ListItem\",\"position\":3,\"name\":\"Rucksack &#8220;Economic&#8221;\"}]},{\"@type\":\"WebSite\",\"@id\":\"https:\\\/\\\/pen.eu\\\/#website\",\"url\":\"https:\\\/\\\/pen.eu\\\/\",\"name\":\"PEN.EU\",\"description\":\"Kugelschreiber bedrucken mit Logo | pen.eu\",\"potentialAction\":[{\"@type\":\"SearchAction\",\"target\":{\"@type\":\"EntryPoint\",\"urlTemplate\":\"https:\\\/\\\/pen.eu\\\/?s={search_term_string}\"},\"query-input\":{\"@type\":\"PropertyValueSpecification\",\"valueRequired\":true,\"valueName\":\"search_term_string\"}}],\"inLanguage\":\"es\"}]}<\/script>\n<!-- \/ Yoast SEO plugin. -->","yoast_head_json":{"title":"Rucksack \"Economic\" - PEN.EU","robots":{"index":"index","follow":"follow","max-snippet":"max-snippet:-1","max-image-preview":"max-image-preview:large","max-video-preview":"max-video-preview:-1"},"canonical":"https:\/\/pen.eu\/es\/producto\/rucksack-economic\/","og_locale":"es_ES","og_type":"article","og_title":"Rucksack \"Economic\" - PEN.EU","og_description":"Der Economic Rucksack aus robustem rPET 600D Polyester vereint Alltagstauglichkeit mit modernem Design. Mit einem Fassungsverm\u00f6gen von 18 Litern bietet er ein gro\u00dfz\u00fcgiges Hauptfach inklusive gepolstertem Laptopfach f\u00fcr Ger\u00e4te bis 15 Zoll. Zwei praktische Seitentaschen sowie eine versteckte Rei\u00dfverschlusstasche auf der Vorderseite sorgen f\u00fcr zus\u00e4tzlichen Stauraum. Die komfortabel gepolsterten Schulterriemen erm\u00f6glichen ein angenehmes Tragegef\u00fchl \u2013 [&hellip;]","og_url":"https:\/\/pen.eu\/es\/producto\/rucksack-economic\/","og_site_name":"PEN.EU","article_modified_time":"2026-01-22T10:13:06+00:00","og_image":[{"width":2000,"height":2000,"url":"https:\/\/pen.eu\/wp-content\/uploads\/2025\/07\/UKP-blank-black.jpg","type":"image\/jpeg"}],"twitter_card":"summary_large_image","schema":{"@context":"https:\/\/schema.org","@graph":[{"@type":"WebPage","@id":"https:\/\/pen.eu\/produkt\/rucksack-economic\/","url":"https:\/\/pen.eu\/produkt\/rucksack-economic\/","name":"Rucksack \"Economic\" - PEN.EU","isPartOf":{"@id":"https:\/\/pen.eu\/#website"},"primaryImageOfPage":{"@id":"https:\/\/pen.eu\/produkt\/rucksack-economic\/#primaryimage"},"image":{"@id":"https:\/\/pen.eu\/produkt\/rucksack-economic\/#primaryimage"},"thumbnailUrl":"https:\/\/pen.eu\/wp-content\/uploads\/2025\/07\/UKP-blank-black.jpg","datePublished":"2025-07-28T12:18:01+00:00","dateModified":"2026-01-22T10:13:06+00:00","breadcrumb":{"@id":"https:\/\/pen.eu\/produkt\/rucksack-economic\/#breadcrumb"},"inLanguage":"es","potentialAction":[{"@type":"ReadAction","target":["https:\/\/pen.eu\/produkt\/rucksack-economic\/"]}]},{"@type":"ImageObject","inLanguage":"es","@id":"https:\/\/pen.eu\/produkt\/rucksack-economic\/#primaryimage","url":"https:\/\/pen.eu\/wp-content\/uploads\/2025\/07\/UKP-blank-black.jpg","contentUrl":"https:\/\/pen.eu\/wp-content\/uploads\/2025\/07\/UKP-blank-black.jpg","width":2000,"height":2000,"caption":"UKP-blank-black"},{"@type":"BreadcrumbList","@id":"https:\/\/pen.eu\/produkt\/rucksack-economic\/#breadcrumb","itemListElement":[{"@type":"ListItem","position":1,"name":"Home","item":"https:\/\/pen.eu\/"},{"@type":"ListItem","position":2,"name":"Shop","item":"https:\/\/pen.eu\/ch\/shop\/"},{"@type":"ListItem","position":3,"name":"Rucksack &#8220;Economic&#8221;"}]},{"@type":"WebSite","@id":"https:\/\/pen.eu\/#website","url":"https:\/\/pen.eu\/","name":"PEN.EU","description":"Kugelschreiber bedrucken mit Logo | pen.eu","potentialAction":[{"@type":"SearchAction","target":{"@type":"EntryPoint","urlTemplate":"https:\/\/pen.eu\/?s={search_term_string}"},"query-input":{"@type":"PropertyValueSpecification","valueRequired":true,"valueName":"search_term_string"}}],"inLanguage":"es"}]}},"_links":{"self":[{"href":"https:\/\/pen.eu\/es\/wp-json\/wp\/v2\/product\/15292","targetHints":{"allow":["GET"]}}],"collection":[{"href":"https:\/\/pen.eu\/es\/wp-json\/wp\/v2\/product"}],"about":[{"href":"https:\/\/pen.eu\/es\/wp-json\/wp\/v2\/types\/product"}],"replies":[{"embeddable":true,"href":"https:\/\/pen.eu\/es\/wp-json\/wp\/v2\/comments?post=15292"}],"wp:featuredmedia":[{"embeddable":true,"href":"https:\/\/pen.eu\/es\/wp-json\/wp\/v2\/media\/15464"}],"wp:attachment":[{"href":"https:\/\/pen.eu\/es\/wp-json\/wp\/v2\/media?parent=15292"}],"wp:term":[{"taxonomy":"product_brand","embeddable":true,"href":"https:\/\/pen.eu\/es\/wp-json\/wp\/v2\/product_brand?post=15292"},{"taxonomy":"product_cat","embeddable":true,"href":"https:\/\/pen.eu\/es\/wp-json\/wp\/v2\/product_cat?post=15292"},{"taxonomy":"product_tag","embeddable":true,"href":"https:\/\/pen.eu\/es\/wp-json\/wp\/v2\/product_tag?post=15292"}],"curies":[{"name":"wp","href":"https:\/\/api.w.org\/{rel}","templated":true}]}}