{"id":15311,"date":"2025-07-28T14:28:45","date_gmt":"2025-07-28T12:28:45","guid":{"rendered":"https:\/\/v2.frank-pen.de\/?post_type=product&#038;p=15311"},"modified":"2025-10-06T12:54:09","modified_gmt":"2025-10-06T10:54:09","slug":"kuehltasche-denver","status":"publish","type":"product","link":"https:\/\/pen.eu\/es\/producto\/kuehltasche-denver\/","title":{"rendered":"Bolsa t\u00e9rmica \"Denver\""},"content":{"rendered":"<p>Descubre la bolsa t\u00e9rmica para picnic Denver: la combinaci\u00f3n ideal de sostenibilidad, funcionalidad y estilo. Fabricada con resistente tejido 300D Repreve\u00ae Our Ocean\u2122, elaborado a partir de botellas de pl\u00e1stico recicladas recogidas cerca de zonas costeras, destaca por su origen ecol\u00f3gico. El forro interior de PEVA t\u00e9rmico, junto con su dise\u00f1o impermeable y las costuras selladas t\u00e9rmicamente, garantiza que las bebidas y alimentos se mantengan frescos por m\u00e1s tiempo. Con una capacidad de 13 litros, la bolsa puede contener hasta 20 latas \u2013 ideal para picnics, d\u00edas de playa, excursiones o barbacoas. Su dise\u00f1o elegante y sencillo la convierte en una compa\u00f1era con estilo para cualquier ocasi\u00f3n.<\/p>","protected":false},"excerpt":{"rendered":"<p>Entdecken Sie die Denver Picknick-K\u00fchltasche \u2013 die ideale Verbindung aus Nachhaltigkeit, Funktionalit\u00e4t und Stil. Gefertigt aus strapazierf\u00e4higem 300D Repreve\u00ae Our Ocean\u2122 Garn, hergestellt aus recycelten Plastikflaschen, die in K\u00fcstenn\u00e4he gesammelt wurden, \u00fcberzeugt sie durch ihre umweltfreundliche Herkunft. Das Innenfutter aus thermischem PEVA sorgt gemeinsam mit dem wasserdichten Design und schallverschwei\u00dften N\u00e4hten daf\u00fcr, dass Getr\u00e4nke und [&hellip;]<\/p>\n","protected":false},"featured_media":15503,"comment_status":"open","ping_status":"closed","template":"","meta":[],"product_brand":[],"product_cat":[249],"product_tag":[820,688,689,703],"class_list":{"0":"post-15311","1":"product","2":"type-product","3":"status-publish","4":"has-post-thumbnail","6":"product_cat-taschen","7":"product_tag-left-52","8":"product_tag-logobottom","9":"product_tag-slimsize","10":"product_tag-uhm","11":"pa_farbe-natuerlich","12":"pa_material-repreve","13":"pa_mindestmenge-24","14":"pa_werbeanbringung-digitaldruck","16":"first","17":"instock","18":"taxable","19":"shipping-taxable","20":"purchasable","21":"product-type-variable","22":"add-to-wishlist-after_add_to_cart"},"yoast_head":"<!-- This site is optimized with the Yoast SEO plugin v27.4 - https:\/\/yoast.com\/product\/yoast-seo-wordpress\/ -->\n<title>K\u00fchltasche &quot;Denver&quot; - PEN.EU<\/title>\n<meta name=\"robots\" content=\"index, follow, max-snippet:-1, max-image-preview:large, max-video-preview:-1\" \/>\n<link rel=\"canonical\" href=\"https:\/\/pen.eu\/es\/producto\/kuehltasche-denver\/\" \/>\n<meta property=\"og:locale\" content=\"es_ES\" \/>\n<meta property=\"og:type\" content=\"article\" \/>\n<meta property=\"og:title\" content=\"K\u00fchltasche &quot;Denver&quot; - PEN.EU\" \/>\n<meta property=\"og:description\" content=\"Entdecken Sie die Denver Picknick-K\u00fchltasche \u2013 die ideale Verbindung aus Nachhaltigkeit, Funktionalit\u00e4t und Stil. Gefertigt aus strapazierf\u00e4higem 300D Repreve\u00ae Our Ocean\u2122 Garn, hergestellt aus recycelten Plastikflaschen, die in K\u00fcstenn\u00e4he gesammelt wurden, \u00fcberzeugt sie durch ihre umweltfreundliche Herkunft. Das Innenfutter aus thermischem PEVA sorgt gemeinsam mit dem wasserdichten Design und schallverschwei\u00dften N\u00e4hten daf\u00fcr, dass Getr\u00e4nke und [&hellip;]\" \/>\n<meta property=\"og:url\" content=\"https:\/\/pen.eu\/es\/producto\/kuehltasche-denver\/\" \/>\n<meta property=\"og:site_name\" content=\"PEN.EU\" \/>\n<meta property=\"article:modified_time\" content=\"2025-10-06T10:54:09+00:00\" \/>\n<meta property=\"og:image\" content=\"https:\/\/pen.eu\/wp-content\/uploads\/2025\/07\/UHM_Black.jpg\" \/>\n\t<meta property=\"og:image:width\" content=\"2000\" \/>\n\t<meta property=\"og:image:height\" content=\"2000\" \/>\n\t<meta property=\"og:image:type\" content=\"image\/jpeg\" \/>\n<meta name=\"twitter:card\" content=\"summary_large_image\" \/>\n<meta name=\"twitter:label1\" content=\"Tiempo de lectura\" \/>\n\t<meta name=\"twitter:data1\" content=\"1 minuto\" \/>\n<script type=\"application\/ld+json\" class=\"yoast-schema-graph\">{\"@context\":\"https:\\\/\\\/schema.org\",\"@graph\":[{\"@type\":\"WebPage\",\"@id\":\"https:\\\/\\\/pen.eu\\\/produkt\\\/kuehltasche-denver\\\/\",\"url\":\"https:\\\/\\\/pen.eu\\\/produkt\\\/kuehltasche-denver\\\/\",\"name\":\"K\u00fchltasche \\\"Denver\\\" - PEN.EU\",\"isPartOf\":{\"@id\":\"https:\\\/\\\/pen.eu\\\/#website\"},\"primaryImageOfPage\":{\"@id\":\"https:\\\/\\\/pen.eu\\\/produkt\\\/kuehltasche-denver\\\/#primaryimage\"},\"image\":{\"@id\":\"https:\\\/\\\/pen.eu\\\/produkt\\\/kuehltasche-denver\\\/#primaryimage\"},\"thumbnailUrl\":\"https:\\\/\\\/pen.eu\\\/wp-content\\\/uploads\\\/2025\\\/07\\\/UHM_Black.jpg\",\"datePublished\":\"2025-07-28T12:28:45+00:00\",\"dateModified\":\"2025-10-06T10:54:09+00:00\",\"breadcrumb\":{\"@id\":\"https:\\\/\\\/pen.eu\\\/produkt\\\/kuehltasche-denver\\\/#breadcrumb\"},\"inLanguage\":\"es\",\"potentialAction\":[{\"@type\":\"ReadAction\",\"target\":[\"https:\\\/\\\/pen.eu\\\/produkt\\\/kuehltasche-denver\\\/\"]}]},{\"@type\":\"ImageObject\",\"inLanguage\":\"es\",\"@id\":\"https:\\\/\\\/pen.eu\\\/produkt\\\/kuehltasche-denver\\\/#primaryimage\",\"url\":\"https:\\\/\\\/pen.eu\\\/wp-content\\\/uploads\\\/2025\\\/07\\\/UHM_Black.jpg\",\"contentUrl\":\"https:\\\/\\\/pen.eu\\\/wp-content\\\/uploads\\\/2025\\\/07\\\/UHM_Black.jpg\",\"width\":2000,\"height\":2000,\"caption\":\"UHM_Black\"},{\"@type\":\"BreadcrumbList\",\"@id\":\"https:\\\/\\\/pen.eu\\\/produkt\\\/kuehltasche-denver\\\/#breadcrumb\",\"itemListElement\":[{\"@type\":\"ListItem\",\"position\":1,\"name\":\"Home\",\"item\":\"https:\\\/\\\/pen.eu\\\/\"},{\"@type\":\"ListItem\",\"position\":2,\"name\":\"Shop\",\"item\":\"https:\\\/\\\/pen.eu\\\/ch\\\/shop\\\/\"},{\"@type\":\"ListItem\",\"position\":3,\"name\":\"K\u00fchltasche &#8220;Denver&#8221;\"}]},{\"@type\":\"WebSite\",\"@id\":\"https:\\\/\\\/pen.eu\\\/#website\",\"url\":\"https:\\\/\\\/pen.eu\\\/\",\"name\":\"PEN.EU\",\"description\":\"Kugelschreiber bedrucken mit Logo | pen.eu\",\"potentialAction\":[{\"@type\":\"SearchAction\",\"target\":{\"@type\":\"EntryPoint\",\"urlTemplate\":\"https:\\\/\\\/pen.eu\\\/?s={search_term_string}\"},\"query-input\":{\"@type\":\"PropertyValueSpecification\",\"valueRequired\":true,\"valueName\":\"search_term_string\"}}],\"inLanguage\":\"es\"}]}<\/script>\n<!-- \/ Yoast SEO plugin. -->","yoast_head_json":{"title":"K\u00fchltasche \"Denver\" - PEN.EU","robots":{"index":"index","follow":"follow","max-snippet":"max-snippet:-1","max-image-preview":"max-image-preview:large","max-video-preview":"max-video-preview:-1"},"canonical":"https:\/\/pen.eu\/es\/producto\/kuehltasche-denver\/","og_locale":"es_ES","og_type":"article","og_title":"K\u00fchltasche \"Denver\" - PEN.EU","og_description":"Entdecken Sie die Denver Picknick-K\u00fchltasche \u2013 die ideale Verbindung aus Nachhaltigkeit, Funktionalit\u00e4t und Stil. Gefertigt aus strapazierf\u00e4higem 300D Repreve\u00ae Our Ocean\u2122 Garn, hergestellt aus recycelten Plastikflaschen, die in K\u00fcstenn\u00e4he gesammelt wurden, \u00fcberzeugt sie durch ihre umweltfreundliche Herkunft. Das Innenfutter aus thermischem PEVA sorgt gemeinsam mit dem wasserdichten Design und schallverschwei\u00dften N\u00e4hten daf\u00fcr, dass Getr\u00e4nke und [&hellip;]","og_url":"https:\/\/pen.eu\/es\/producto\/kuehltasche-denver\/","og_site_name":"PEN.EU","article_modified_time":"2025-10-06T10:54:09+00:00","og_image":[{"width":2000,"height":2000,"url":"https:\/\/pen.eu\/wp-content\/uploads\/2025\/07\/UHM_Black.jpg","type":"image\/jpeg"}],"twitter_card":"summary_large_image","twitter_misc":{"Tiempo de lectura":"1 minuto"},"schema":{"@context":"https:\/\/schema.org","@graph":[{"@type":"WebPage","@id":"https:\/\/pen.eu\/produkt\/kuehltasche-denver\/","url":"https:\/\/pen.eu\/produkt\/kuehltasche-denver\/","name":"K\u00fchltasche \"Denver\" - PEN.EU","isPartOf":{"@id":"https:\/\/pen.eu\/#website"},"primaryImageOfPage":{"@id":"https:\/\/pen.eu\/produkt\/kuehltasche-denver\/#primaryimage"},"image":{"@id":"https:\/\/pen.eu\/produkt\/kuehltasche-denver\/#primaryimage"},"thumbnailUrl":"https:\/\/pen.eu\/wp-content\/uploads\/2025\/07\/UHM_Black.jpg","datePublished":"2025-07-28T12:28:45+00:00","dateModified":"2025-10-06T10:54:09+00:00","breadcrumb":{"@id":"https:\/\/pen.eu\/produkt\/kuehltasche-denver\/#breadcrumb"},"inLanguage":"es","potentialAction":[{"@type":"ReadAction","target":["https:\/\/pen.eu\/produkt\/kuehltasche-denver\/"]}]},{"@type":"ImageObject","inLanguage":"es","@id":"https:\/\/pen.eu\/produkt\/kuehltasche-denver\/#primaryimage","url":"https:\/\/pen.eu\/wp-content\/uploads\/2025\/07\/UHM_Black.jpg","contentUrl":"https:\/\/pen.eu\/wp-content\/uploads\/2025\/07\/UHM_Black.jpg","width":2000,"height":2000,"caption":"UHM_Black"},{"@type":"BreadcrumbList","@id":"https:\/\/pen.eu\/produkt\/kuehltasche-denver\/#breadcrumb","itemListElement":[{"@type":"ListItem","position":1,"name":"Home","item":"https:\/\/pen.eu\/"},{"@type":"ListItem","position":2,"name":"Shop","item":"https:\/\/pen.eu\/ch\/shop\/"},{"@type":"ListItem","position":3,"name":"K\u00fchltasche &#8220;Denver&#8221;"}]},{"@type":"WebSite","@id":"https:\/\/pen.eu\/#website","url":"https:\/\/pen.eu\/","name":"PEN.EU","description":"Kugelschreiber bedrucken mit Logo | pen.eu","potentialAction":[{"@type":"SearchAction","target":{"@type":"EntryPoint","urlTemplate":"https:\/\/pen.eu\/?s={search_term_string}"},"query-input":{"@type":"PropertyValueSpecification","valueRequired":true,"valueName":"search_term_string"}}],"inLanguage":"es"}]}},"_links":{"self":[{"href":"https:\/\/pen.eu\/es\/wp-json\/wp\/v2\/product\/15311","targetHints":{"allow":["GET"]}}],"collection":[{"href":"https:\/\/pen.eu\/es\/wp-json\/wp\/v2\/product"}],"about":[{"href":"https:\/\/pen.eu\/es\/wp-json\/wp\/v2\/types\/product"}],"replies":[{"embeddable":true,"href":"https:\/\/pen.eu\/es\/wp-json\/wp\/v2\/comments?post=15311"}],"wp:featuredmedia":[{"embeddable":true,"href":"https:\/\/pen.eu\/es\/wp-json\/wp\/v2\/media\/15503"}],"wp:attachment":[{"href":"https:\/\/pen.eu\/es\/wp-json\/wp\/v2\/media?parent=15311"}],"wp:term":[{"taxonomy":"product_brand","embeddable":true,"href":"https:\/\/pen.eu\/es\/wp-json\/wp\/v2\/product_brand?post=15311"},{"taxonomy":"product_cat","embeddable":true,"href":"https:\/\/pen.eu\/es\/wp-json\/wp\/v2\/product_cat?post=15311"},{"taxonomy":"product_tag","embeddable":true,"href":"https:\/\/pen.eu\/es\/wp-json\/wp\/v2\/product_tag?post=15311"}],"curies":[{"name":"wp","href":"https:\/\/api.w.org\/{rel}","templated":true}]}}