{"id":15379,"date":"2025-07-28T15:26:48","date_gmt":"2025-07-28T13:26:48","guid":{"rendered":"https:\/\/v2.frank-pen.de\/?post_type=product&#038;p=15379"},"modified":"2025-12-15T08:06:42","modified_gmt":"2025-12-15T07:06:42","slug":"trinkbecher-singapur","status":"publish","type":"product","link":"https:\/\/pen.eu\/es\/producto\/trinkbecher-singapur\/","title":{"rendered":"Vaso para beber \u201cSingapur\u201d"},"content":{"rendered":"<p>El vaso t\u00e9rmico Singapur de acero inoxidable reciclado con pajita \u2013 475\u202fml \u2013 combina un dise\u00f1o elegante con un excelente rendimiento t\u00e9rmico. Fabricado con acero reciclado, su aislamiento al vac\u00edo de doble pared mantiene las bebidas calientes hasta 8 horas y fr\u00edas hasta 10 horas. La tapa de cierre a presi\u00f3n, a prueba de fugas, y la pajita a juego lo convierten en un compa\u00f1ero ideal para el d\u00eda a d\u00eda. Su acabado met\u00e1lico mate le aporta un toque sofisticado. Apto para bebidas calientes y fr\u00edas \u2013 perfecto para la oficina, en casa o de viaje. No apto para lavavajillas ni microondas.<\/p>","protected":false},"excerpt":{"rendered":"<p>Der Singapur Recycling-Edelstahlbecher mit Trinkhalm \u2013 475\u202fml \u2013 kombiniert elegantes Design mit praktischer Isolierleistung. Gefertigt aus recyceltem Edelstahl, h\u00e4lt die doppelwandige Vakuum-Isolierung Getr\u00e4nke bis zu 8 Stunden hei\u00df und bis zu 10 Stunden kalt. Der auslaufsichere Druckverschlussdeckel und der farblich passende Trinkhalm machen ihn zum idealen Begleiter f\u00fcr unterwegs. Die matte Metalloberfl\u00e4che verleiht dem Becher [&hellip;]<\/p>\n","protected":false},"featured_media":15582,"comment_status":"open","ping_status":"closed","template":"","meta":[],"product_brand":[],"product_cat":[767,248],"product_tag":[682,811,845,709,684],"class_list":{"0":"post-15379","1":"product","2":"type-product","3":"status-publish","4":"has-post-thumbnail","6":"product_cat-trinkbecher","7":"product_cat-trinkgefaesse","8":"product_tag-designbottle","9":"product_tag-left-49-5","10":"product_tag-mtop-59","11":"product_tag-wgg","12":"product_tag-widesize","13":"pa_eigenschaft-eco-friendly","14":"pa_farbe-blau","15":"pa_farbe-gruen","16":"pa_farbe-rauch","17":"pa_farbe-transparent","18":"pa_material-edelstahl","19":"pa_material-pp","20":"pa_material-recyceltes-edelstahl","21":"pa_werbeanbringung-digitaldruck","22":"pa_werbeanbringung-lasergravur","23":"pa_werbeanbringung-siebdruck","25":"first","26":"instock","27":"taxable","28":"shipping-taxable","29":"purchasable","30":"product-type-variable","31":"add-to-wishlist-after_add_to_cart"},"yoast_head":"<!-- This site is optimized with the Yoast SEO plugin v27.4 - https:\/\/yoast.com\/product\/yoast-seo-wordpress\/ -->\n<title>Trinkbecher &quot;Singapur&quot; - PEN.EU<\/title>\n<meta name=\"robots\" content=\"index, follow, max-snippet:-1, max-image-preview:large, max-video-preview:-1\" \/>\n<link rel=\"canonical\" href=\"https:\/\/pen.eu\/es\/producto\/trinkbecher-singapur\/\" \/>\n<meta property=\"og:locale\" content=\"es_ES\" \/>\n<meta property=\"og:type\" content=\"article\" \/>\n<meta property=\"og:title\" content=\"Trinkbecher &quot;Singapur&quot; - PEN.EU\" \/>\n<meta property=\"og:description\" content=\"Der Singapur Recycling-Edelstahlbecher mit Trinkhalm \u2013 475\u202fml \u2013 kombiniert elegantes Design mit praktischer Isolierleistung. Gefertigt aus recyceltem Edelstahl, h\u00e4lt die doppelwandige Vakuum-Isolierung Getr\u00e4nke bis zu 8 Stunden hei\u00df und bis zu 10 Stunden kalt. Der auslaufsichere Druckverschlussdeckel und der farblich passende Trinkhalm machen ihn zum idealen Begleiter f\u00fcr unterwegs. Die matte Metalloberfl\u00e4che verleiht dem Becher [&hellip;]\" \/>\n<meta property=\"og:url\" content=\"https:\/\/pen.eu\/es\/producto\/trinkbecher-singapur\/\" \/>\n<meta property=\"og:site_name\" content=\"PEN.EU\" \/>\n<meta property=\"article:modified_time\" content=\"2025-12-15T07:06:42+00:00\" \/>\n<meta property=\"og:image\" content=\"https:\/\/pen.eu\/wp-content\/uploads\/2025\/07\/WGG-blank-black.png\" \/>\n\t<meta property=\"og:image:width\" content=\"2000\" \/>\n\t<meta property=\"og:image:height\" content=\"2000\" \/>\n\t<meta property=\"og:image:type\" content=\"image\/png\" \/>\n<meta name=\"twitter:card\" content=\"summary_large_image\" \/>\n<script type=\"application\/ld+json\" class=\"yoast-schema-graph\">{\"@context\":\"https:\\\/\\\/schema.org\",\"@graph\":[{\"@type\":\"WebPage\",\"@id\":\"https:\\\/\\\/pen.eu\\\/produkt\\\/trinkbecher-singapur\\\/\",\"url\":\"https:\\\/\\\/pen.eu\\\/produkt\\\/trinkbecher-singapur\\\/\",\"name\":\"Trinkbecher \\\"Singapur\\\" - PEN.EU\",\"isPartOf\":{\"@id\":\"https:\\\/\\\/pen.eu\\\/#website\"},\"primaryImageOfPage\":{\"@id\":\"https:\\\/\\\/pen.eu\\\/produkt\\\/trinkbecher-singapur\\\/#primaryimage\"},\"image\":{\"@id\":\"https:\\\/\\\/pen.eu\\\/produkt\\\/trinkbecher-singapur\\\/#primaryimage\"},\"thumbnailUrl\":\"https:\\\/\\\/pen.eu\\\/wp-content\\\/uploads\\\/2025\\\/07\\\/WGG-blank-black.png\",\"datePublished\":\"2025-07-28T13:26:48+00:00\",\"dateModified\":\"2025-12-15T07:06:42+00:00\",\"breadcrumb\":{\"@id\":\"https:\\\/\\\/pen.eu\\\/produkt\\\/trinkbecher-singapur\\\/#breadcrumb\"},\"inLanguage\":\"es\",\"potentialAction\":[{\"@type\":\"ReadAction\",\"target\":[\"https:\\\/\\\/pen.eu\\\/produkt\\\/trinkbecher-singapur\\\/\"]}]},{\"@type\":\"ImageObject\",\"inLanguage\":\"es\",\"@id\":\"https:\\\/\\\/pen.eu\\\/produkt\\\/trinkbecher-singapur\\\/#primaryimage\",\"url\":\"https:\\\/\\\/pen.eu\\\/wp-content\\\/uploads\\\/2025\\\/07\\\/WGG-blank-black.png\",\"contentUrl\":\"https:\\\/\\\/pen.eu\\\/wp-content\\\/uploads\\\/2025\\\/07\\\/WGG-blank-black.png\",\"width\":2000,\"height\":2000,\"caption\":\"WGG-blank-black\"},{\"@type\":\"BreadcrumbList\",\"@id\":\"https:\\\/\\\/pen.eu\\\/produkt\\\/trinkbecher-singapur\\\/#breadcrumb\",\"itemListElement\":[{\"@type\":\"ListItem\",\"position\":1,\"name\":\"Home\",\"item\":\"https:\\\/\\\/pen.eu\\\/\"},{\"@type\":\"ListItem\",\"position\":2,\"name\":\"Shop\",\"item\":\"https:\\\/\\\/pen.eu\\\/ch\\\/shop\\\/\"},{\"@type\":\"ListItem\",\"position\":3,\"name\":\"Trinkbecher &#8220;Singapur&#8221;\"}]},{\"@type\":\"WebSite\",\"@id\":\"https:\\\/\\\/pen.eu\\\/#website\",\"url\":\"https:\\\/\\\/pen.eu\\\/\",\"name\":\"PEN.EU\",\"description\":\"Kugelschreiber bedrucken mit Logo | pen.eu\",\"potentialAction\":[{\"@type\":\"SearchAction\",\"target\":{\"@type\":\"EntryPoint\",\"urlTemplate\":\"https:\\\/\\\/pen.eu\\\/?s={search_term_string}\"},\"query-input\":{\"@type\":\"PropertyValueSpecification\",\"valueRequired\":true,\"valueName\":\"search_term_string\"}}],\"inLanguage\":\"es\"}]}<\/script>\n<!-- \/ Yoast SEO plugin. -->","yoast_head_json":{"title":"Trinkbecher \"Singapur\" - PEN.EU","robots":{"index":"index","follow":"follow","max-snippet":"max-snippet:-1","max-image-preview":"max-image-preview:large","max-video-preview":"max-video-preview:-1"},"canonical":"https:\/\/pen.eu\/es\/producto\/trinkbecher-singapur\/","og_locale":"es_ES","og_type":"article","og_title":"Trinkbecher \"Singapur\" - PEN.EU","og_description":"Der Singapur Recycling-Edelstahlbecher mit Trinkhalm \u2013 475\u202fml \u2013 kombiniert elegantes Design mit praktischer Isolierleistung. Gefertigt aus recyceltem Edelstahl, h\u00e4lt die doppelwandige Vakuum-Isolierung Getr\u00e4nke bis zu 8 Stunden hei\u00df und bis zu 10 Stunden kalt. Der auslaufsichere Druckverschlussdeckel und der farblich passende Trinkhalm machen ihn zum idealen Begleiter f\u00fcr unterwegs. Die matte Metalloberfl\u00e4che verleiht dem Becher [&hellip;]","og_url":"https:\/\/pen.eu\/es\/producto\/trinkbecher-singapur\/","og_site_name":"PEN.EU","article_modified_time":"2025-12-15T07:06:42+00:00","og_image":[{"width":2000,"height":2000,"url":"https:\/\/pen.eu\/wp-content\/uploads\/2025\/07\/WGG-blank-black.png","type":"image\/png"}],"twitter_card":"summary_large_image","schema":{"@context":"https:\/\/schema.org","@graph":[{"@type":"WebPage","@id":"https:\/\/pen.eu\/produkt\/trinkbecher-singapur\/","url":"https:\/\/pen.eu\/produkt\/trinkbecher-singapur\/","name":"Trinkbecher \"Singapur\" - PEN.EU","isPartOf":{"@id":"https:\/\/pen.eu\/#website"},"primaryImageOfPage":{"@id":"https:\/\/pen.eu\/produkt\/trinkbecher-singapur\/#primaryimage"},"image":{"@id":"https:\/\/pen.eu\/produkt\/trinkbecher-singapur\/#primaryimage"},"thumbnailUrl":"https:\/\/pen.eu\/wp-content\/uploads\/2025\/07\/WGG-blank-black.png","datePublished":"2025-07-28T13:26:48+00:00","dateModified":"2025-12-15T07:06:42+00:00","breadcrumb":{"@id":"https:\/\/pen.eu\/produkt\/trinkbecher-singapur\/#breadcrumb"},"inLanguage":"es","potentialAction":[{"@type":"ReadAction","target":["https:\/\/pen.eu\/produkt\/trinkbecher-singapur\/"]}]},{"@type":"ImageObject","inLanguage":"es","@id":"https:\/\/pen.eu\/produkt\/trinkbecher-singapur\/#primaryimage","url":"https:\/\/pen.eu\/wp-content\/uploads\/2025\/07\/WGG-blank-black.png","contentUrl":"https:\/\/pen.eu\/wp-content\/uploads\/2025\/07\/WGG-blank-black.png","width":2000,"height":2000,"caption":"WGG-blank-black"},{"@type":"BreadcrumbList","@id":"https:\/\/pen.eu\/produkt\/trinkbecher-singapur\/#breadcrumb","itemListElement":[{"@type":"ListItem","position":1,"name":"Home","item":"https:\/\/pen.eu\/"},{"@type":"ListItem","position":2,"name":"Shop","item":"https:\/\/pen.eu\/ch\/shop\/"},{"@type":"ListItem","position":3,"name":"Trinkbecher &#8220;Singapur&#8221;"}]},{"@type":"WebSite","@id":"https:\/\/pen.eu\/#website","url":"https:\/\/pen.eu\/","name":"PEN.EU","description":"Kugelschreiber bedrucken mit Logo | pen.eu","potentialAction":[{"@type":"SearchAction","target":{"@type":"EntryPoint","urlTemplate":"https:\/\/pen.eu\/?s={search_term_string}"},"query-input":{"@type":"PropertyValueSpecification","valueRequired":true,"valueName":"search_term_string"}}],"inLanguage":"es"}]}},"_links":{"self":[{"href":"https:\/\/pen.eu\/es\/wp-json\/wp\/v2\/product\/15379","targetHints":{"allow":["GET"]}}],"collection":[{"href":"https:\/\/pen.eu\/es\/wp-json\/wp\/v2\/product"}],"about":[{"href":"https:\/\/pen.eu\/es\/wp-json\/wp\/v2\/types\/product"}],"replies":[{"embeddable":true,"href":"https:\/\/pen.eu\/es\/wp-json\/wp\/v2\/comments?post=15379"}],"wp:featuredmedia":[{"embeddable":true,"href":"https:\/\/pen.eu\/es\/wp-json\/wp\/v2\/media\/15582"}],"wp:attachment":[{"href":"https:\/\/pen.eu\/es\/wp-json\/wp\/v2\/media?parent=15379"}],"wp:term":[{"taxonomy":"product_brand","embeddable":true,"href":"https:\/\/pen.eu\/es\/wp-json\/wp\/v2\/product_brand?post=15379"},{"taxonomy":"product_cat","embeddable":true,"href":"https:\/\/pen.eu\/es\/wp-json\/wp\/v2\/product_cat?post=15379"},{"taxonomy":"product_tag","embeddable":true,"href":"https:\/\/pen.eu\/es\/wp-json\/wp\/v2\/product_tag?post=15379"}],"curies":[{"name":"wp","href":"https:\/\/api.w.org\/{rel}","templated":true}]}}