{"id":15397,"date":"2025-07-28T15:38:48","date_gmt":"2025-07-28T13:38:48","guid":{"rendered":"https:\/\/v2.frank-pen.de\/?post_type=product&#038;p=15397"},"modified":"2025-09-30T14:55:24","modified_gmt":"2025-09-30T12:55:24","slug":"trinkflasche-sylt","status":"publish","type":"product","link":"https:\/\/pen.eu\/es\/producto\/trinkflasche-sylt\/","title":{"rendered":"Vaso para beber \u201cSylt\u201d"},"content":{"rendered":"<p>La botella Sylt de acero inoxidable reciclado \u2013 650\u202fml \u2013 garantiza una hidrataci\u00f3n fiable mientras te desplazas. Gracias a su aislamiento al vac\u00edo de doble pared, mantiene las bebidas calientes hasta 8 horas y fr\u00edas hasta 10 horas. Su dise\u00f1o herm\u00e9tico con tap\u00f3n roscado texturizado ofrece un agarre seguro, mientras que el acabado mate aporta un toque elegante. Fabricada con acero inoxidable 304 de alta calidad y acabado cepillado, es ideal para bebidas fr\u00edas o calientes. No apta para microondas ni lavavajillas \u2013 se recomienda lavar a mano.<\/p>","protected":false},"excerpt":{"rendered":"<p>Die Sylt Trinkflasche aus recyceltem Edelstahl \u2013 650\u202fml \u2013 sorgt f\u00fcr zuverl\u00e4ssige Erfrischung unterwegs. Dank doppelwandiger Vakuumisolierung bleiben Getr\u00e4nke bis zu 8 Stunden hei\u00df und bis zu 10 Stunden kalt. Das auslaufsichere Design mit strukturiertem Drehverschluss bietet sicheren Halt, w\u00e4hrend die matte Oberfl\u00e4che stilvolle Akzente setzt. Hergestellt aus hochwertigem 304er Edelstahl mit geb\u00fcrstetem Finish, eignet [&hellip;]<\/p>\n","protected":false},"featured_media":15597,"comment_status":"open","ping_status":"closed","template":"","meta":[],"product_brand":[],"product_cat":[248],"product_tag":[682,802,710,684],"class_list":{"0":"post-15397","1":"product","2":"type-product","3":"status-publish","4":"has-post-thumbnail","6":"product_cat-trinkgefaesse","7":"product_tag-designbottle","8":"product_tag-top-62","9":"product_tag-wgh","10":"product_tag-widesize","11":"pa_farbe-blau","12":"pa_farbe-gruen","13":"pa_farbe-rauch","14":"pa_farbe-transparent","15":"pa_material-pp","16":"pa_material-recyceltes-edelstahl","17":"pa_werbeanbringung-digitaldruck","18":"pa_werbeanbringung-siebdruck","20":"first","21":"instock","22":"taxable","23":"shipping-taxable","24":"purchasable","25":"product-type-variable","26":"add-to-wishlist-after_add_to_cart"},"yoast_head":"<!-- This site is optimized with the Yoast SEO plugin v27.4 - https:\/\/yoast.com\/product\/yoast-seo-wordpress\/ -->\n<title>Trinkflasche &quot;Sylt&quot; - PEN.EU<\/title>\n<meta name=\"robots\" content=\"index, follow, max-snippet:-1, max-image-preview:large, max-video-preview:-1\" \/>\n<link rel=\"canonical\" href=\"https:\/\/pen.eu\/es\/producto\/trinkflasche-sylt\/\" \/>\n<meta property=\"og:locale\" content=\"es_ES\" \/>\n<meta property=\"og:type\" content=\"article\" \/>\n<meta property=\"og:title\" content=\"Trinkflasche &quot;Sylt&quot; - PEN.EU\" \/>\n<meta property=\"og:description\" content=\"Die Sylt Trinkflasche aus recyceltem Edelstahl \u2013 650\u202fml \u2013 sorgt f\u00fcr zuverl\u00e4ssige Erfrischung unterwegs. Dank doppelwandiger Vakuumisolierung bleiben Getr\u00e4nke bis zu 8 Stunden hei\u00df und bis zu 10 Stunden kalt. Das auslaufsichere Design mit strukturiertem Drehverschluss bietet sicheren Halt, w\u00e4hrend die matte Oberfl\u00e4che stilvolle Akzente setzt. Hergestellt aus hochwertigem 304er Edelstahl mit geb\u00fcrstetem Finish, eignet [&hellip;]\" \/>\n<meta property=\"og:url\" content=\"https:\/\/pen.eu\/es\/producto\/trinkflasche-sylt\/\" \/>\n<meta property=\"og:site_name\" content=\"PEN.EU\" \/>\n<meta property=\"article:modified_time\" content=\"2025-09-30T12:55:24+00:00\" \/>\n<meta property=\"og:image\" content=\"https:\/\/pen.eu\/wp-content\/uploads\/2025\/07\/WGH-1.png\" \/>\n\t<meta property=\"og:image:width\" content=\"2000\" \/>\n\t<meta property=\"og:image:height\" content=\"2000\" \/>\n\t<meta property=\"og:image:type\" content=\"image\/png\" \/>\n<meta name=\"twitter:card\" content=\"summary_large_image\" \/>\n<script type=\"application\/ld+json\" class=\"yoast-schema-graph\">{\"@context\":\"https:\\\/\\\/schema.org\",\"@graph\":[{\"@type\":\"WebPage\",\"@id\":\"https:\\\/\\\/pen.eu\\\/produkt\\\/trinkflasche-sylt\\\/\",\"url\":\"https:\\\/\\\/pen.eu\\\/produkt\\\/trinkflasche-sylt\\\/\",\"name\":\"Trinkflasche \\\"Sylt\\\" - PEN.EU\",\"isPartOf\":{\"@id\":\"https:\\\/\\\/pen.eu\\\/#website\"},\"primaryImageOfPage\":{\"@id\":\"https:\\\/\\\/pen.eu\\\/produkt\\\/trinkflasche-sylt\\\/#primaryimage\"},\"image\":{\"@id\":\"https:\\\/\\\/pen.eu\\\/produkt\\\/trinkflasche-sylt\\\/#primaryimage\"},\"thumbnailUrl\":\"https:\\\/\\\/pen.eu\\\/wp-content\\\/uploads\\\/2025\\\/07\\\/WGH-1.png\",\"datePublished\":\"2025-07-28T13:38:48+00:00\",\"dateModified\":\"2025-09-30T12:55:24+00:00\",\"breadcrumb\":{\"@id\":\"https:\\\/\\\/pen.eu\\\/produkt\\\/trinkflasche-sylt\\\/#breadcrumb\"},\"inLanguage\":\"es\",\"potentialAction\":[{\"@type\":\"ReadAction\",\"target\":[\"https:\\\/\\\/pen.eu\\\/produkt\\\/trinkflasche-sylt\\\/\"]}]},{\"@type\":\"ImageObject\",\"inLanguage\":\"es\",\"@id\":\"https:\\\/\\\/pen.eu\\\/produkt\\\/trinkflasche-sylt\\\/#primaryimage\",\"url\":\"https:\\\/\\\/pen.eu\\\/wp-content\\\/uploads\\\/2025\\\/07\\\/WGH-1.png\",\"contentUrl\":\"https:\\\/\\\/pen.eu\\\/wp-content\\\/uploads\\\/2025\\\/07\\\/WGH-1.png\",\"width\":2000,\"height\":2000,\"caption\":\"WGH-1\"},{\"@type\":\"BreadcrumbList\",\"@id\":\"https:\\\/\\\/pen.eu\\\/produkt\\\/trinkflasche-sylt\\\/#breadcrumb\",\"itemListElement\":[{\"@type\":\"ListItem\",\"position\":1,\"name\":\"Home\",\"item\":\"https:\\\/\\\/pen.eu\\\/\"},{\"@type\":\"ListItem\",\"position\":2,\"name\":\"Shop\",\"item\":\"https:\\\/\\\/pen.eu\\\/ch\\\/shop\\\/\"},{\"@type\":\"ListItem\",\"position\":3,\"name\":\"Trinkflasche &#8220;Sylt&#8221;\"}]},{\"@type\":\"WebSite\",\"@id\":\"https:\\\/\\\/pen.eu\\\/#website\",\"url\":\"https:\\\/\\\/pen.eu\\\/\",\"name\":\"PEN.EU\",\"description\":\"Kugelschreiber bedrucken mit Logo | pen.eu\",\"potentialAction\":[{\"@type\":\"SearchAction\",\"target\":{\"@type\":\"EntryPoint\",\"urlTemplate\":\"https:\\\/\\\/pen.eu\\\/?s={search_term_string}\"},\"query-input\":{\"@type\":\"PropertyValueSpecification\",\"valueRequired\":true,\"valueName\":\"search_term_string\"}}],\"inLanguage\":\"es\"}]}<\/script>\n<!-- \/ Yoast SEO plugin. -->","yoast_head_json":{"title":"Trinkflasche \"Sylt\" - PEN.EU","robots":{"index":"index","follow":"follow","max-snippet":"max-snippet:-1","max-image-preview":"max-image-preview:large","max-video-preview":"max-video-preview:-1"},"canonical":"https:\/\/pen.eu\/es\/producto\/trinkflasche-sylt\/","og_locale":"es_ES","og_type":"article","og_title":"Trinkflasche \"Sylt\" - PEN.EU","og_description":"Die Sylt Trinkflasche aus recyceltem Edelstahl \u2013 650\u202fml \u2013 sorgt f\u00fcr zuverl\u00e4ssige Erfrischung unterwegs. Dank doppelwandiger Vakuumisolierung bleiben Getr\u00e4nke bis zu 8 Stunden hei\u00df und bis zu 10 Stunden kalt. Das auslaufsichere Design mit strukturiertem Drehverschluss bietet sicheren Halt, w\u00e4hrend die matte Oberfl\u00e4che stilvolle Akzente setzt. Hergestellt aus hochwertigem 304er Edelstahl mit geb\u00fcrstetem Finish, eignet [&hellip;]","og_url":"https:\/\/pen.eu\/es\/producto\/trinkflasche-sylt\/","og_site_name":"PEN.EU","article_modified_time":"2025-09-30T12:55:24+00:00","og_image":[{"width":2000,"height":2000,"url":"https:\/\/pen.eu\/wp-content\/uploads\/2025\/07\/WGH-1.png","type":"image\/png"}],"twitter_card":"summary_large_image","schema":{"@context":"https:\/\/schema.org","@graph":[{"@type":"WebPage","@id":"https:\/\/pen.eu\/produkt\/trinkflasche-sylt\/","url":"https:\/\/pen.eu\/produkt\/trinkflasche-sylt\/","name":"Trinkflasche \"Sylt\" - PEN.EU","isPartOf":{"@id":"https:\/\/pen.eu\/#website"},"primaryImageOfPage":{"@id":"https:\/\/pen.eu\/produkt\/trinkflasche-sylt\/#primaryimage"},"image":{"@id":"https:\/\/pen.eu\/produkt\/trinkflasche-sylt\/#primaryimage"},"thumbnailUrl":"https:\/\/pen.eu\/wp-content\/uploads\/2025\/07\/WGH-1.png","datePublished":"2025-07-28T13:38:48+00:00","dateModified":"2025-09-30T12:55:24+00:00","breadcrumb":{"@id":"https:\/\/pen.eu\/produkt\/trinkflasche-sylt\/#breadcrumb"},"inLanguage":"es","potentialAction":[{"@type":"ReadAction","target":["https:\/\/pen.eu\/produkt\/trinkflasche-sylt\/"]}]},{"@type":"ImageObject","inLanguage":"es","@id":"https:\/\/pen.eu\/produkt\/trinkflasche-sylt\/#primaryimage","url":"https:\/\/pen.eu\/wp-content\/uploads\/2025\/07\/WGH-1.png","contentUrl":"https:\/\/pen.eu\/wp-content\/uploads\/2025\/07\/WGH-1.png","width":2000,"height":2000,"caption":"WGH-1"},{"@type":"BreadcrumbList","@id":"https:\/\/pen.eu\/produkt\/trinkflasche-sylt\/#breadcrumb","itemListElement":[{"@type":"ListItem","position":1,"name":"Home","item":"https:\/\/pen.eu\/"},{"@type":"ListItem","position":2,"name":"Shop","item":"https:\/\/pen.eu\/ch\/shop\/"},{"@type":"ListItem","position":3,"name":"Trinkflasche &#8220;Sylt&#8221;"}]},{"@type":"WebSite","@id":"https:\/\/pen.eu\/#website","url":"https:\/\/pen.eu\/","name":"PEN.EU","description":"Kugelschreiber bedrucken mit Logo | pen.eu","potentialAction":[{"@type":"SearchAction","target":{"@type":"EntryPoint","urlTemplate":"https:\/\/pen.eu\/?s={search_term_string}"},"query-input":{"@type":"PropertyValueSpecification","valueRequired":true,"valueName":"search_term_string"}}],"inLanguage":"es"}]}},"_links":{"self":[{"href":"https:\/\/pen.eu\/es\/wp-json\/wp\/v2\/product\/15397","targetHints":{"allow":["GET"]}}],"collection":[{"href":"https:\/\/pen.eu\/es\/wp-json\/wp\/v2\/product"}],"about":[{"href":"https:\/\/pen.eu\/es\/wp-json\/wp\/v2\/types\/product"}],"replies":[{"embeddable":true,"href":"https:\/\/pen.eu\/es\/wp-json\/wp\/v2\/comments?post=15397"}],"wp:featuredmedia":[{"embeddable":true,"href":"https:\/\/pen.eu\/es\/wp-json\/wp\/v2\/media\/15597"}],"wp:attachment":[{"href":"https:\/\/pen.eu\/es\/wp-json\/wp\/v2\/media?parent=15397"}],"wp:term":[{"taxonomy":"product_brand","embeddable":true,"href":"https:\/\/pen.eu\/es\/wp-json\/wp\/v2\/product_brand?post=15397"},{"taxonomy":"product_cat","embeddable":true,"href":"https:\/\/pen.eu\/es\/wp-json\/wp\/v2\/product_cat?post=15397"},{"taxonomy":"product_tag","embeddable":true,"href":"https:\/\/pen.eu\/es\/wp-json\/wp\/v2\/product_tag?post=15397"}],"curies":[{"name":"wp","href":"https:\/\/api.w.org\/{rel}","templated":true}]}}