{"id":15402,"date":"2025-07-28T15:41:36","date_gmt":"2025-07-28T13:41:36","guid":{"rendered":"https:\/\/v2.frank-pen.de\/?post_type=product&#038;p=15402"},"modified":"2025-09-30T14:55:24","modified_gmt":"2025-09-30T12:55:24","slug":"trinkflasche-marina","status":"publish","type":"product","link":"https:\/\/pen.eu\/es\/producto\/trinkflasche-marina\/","title":{"rendered":"Vaso para beber \"Marina\""},"content":{"rendered":"<p>La botella Marina de acero inoxidable reciclado \u2013 530\u202fml \u2013 destaca por sus materiales sostenibles y su alto rendimiento t\u00e9rmico. Fabricada con acero inoxidable reciclado (SS 304), su aislamiento al vac\u00edo de doble pared mantiene las bebidas calientes hasta 24 horas y las fr\u00edas hasta 10 horas. El tap\u00f3n de rosca a juego asegura un cierre fiable y herm\u00e9tico \u2013 ideal para llevar. No apta para lavavajillas ni microondas. Una botella funcional y con estilo, perfecta para el uso diario.<\/p>","protected":false},"excerpt":{"rendered":"<p>Die Marina Recycling-Edelstahlflasche \u2013 530\u202fml \u2013 \u00fcberzeugt durch nachhaltige Materialien und starke Isolierleistung. Gefertigt aus recyceltem Edelstahl (SS 304), h\u00e4lt die doppelwandige Vakuumisolierung hei\u00dfe Getr\u00e4nke bis zu 24 Stunden warm und kalte bis zu 10 Stunden erfrischend k\u00fchl. Der farblich abgestimmte Schraubverschluss sorgt f\u00fcr eine zuverl\u00e4ssige, auslaufsichere Versiegelung \u2013 ideal f\u00fcr unterwegs. Die Flasche ist [&hellip;]<\/p>\n","protected":false},"featured_media":15647,"comment_status":"open","ping_status":"closed","template":"","meta":[],"product_brand":[],"product_cat":[248],"product_tag":[682,847,846,818,714,684],"class_list":{"0":"post-15402","1":"product","2":"type-product","3":"status-publish","4":"has-post-thumbnail","6":"product_cat-trinkgefaesse","7":"product_tag-designbottle","8":"product_tag-left-50-5","9":"product_tag-mtop-54","10":"product_tag-top-48","11":"product_tag-wfw","12":"product_tag-widesize","13":"pa_farbe-blau","14":"pa_farbe-gruen","15":"pa_farbe-rauch","16":"pa_farbe-transparent","17":"pa_material-pp","18":"pa_material-recycelter-edelstahl","19":"pa_werbeanbringung-digitaldruck","20":"pa_werbeanbringung-lasergravur","21":"pa_werbeanbringung-siebdruck","23":"first","24":"instock","25":"taxable","26":"shipping-taxable","27":"purchasable","28":"product-type-variable","29":"add-to-wishlist-after_add_to_cart"},"yoast_head":"<!-- This site is optimized with the Yoast SEO plugin v27.4 - https:\/\/yoast.com\/product\/yoast-seo-wordpress\/ -->\n<title>Trinkflasche &quot;Marina&quot; - PEN.EU<\/title>\n<meta name=\"robots\" content=\"index, follow, max-snippet:-1, max-image-preview:large, max-video-preview:-1\" \/>\n<link rel=\"canonical\" href=\"https:\/\/pen.eu\/es\/producto\/trinkflasche-marina\/\" \/>\n<meta property=\"og:locale\" content=\"es_ES\" \/>\n<meta property=\"og:type\" content=\"article\" \/>\n<meta property=\"og:title\" content=\"Trinkflasche &quot;Marina&quot; - PEN.EU\" \/>\n<meta property=\"og:description\" content=\"Die Marina Recycling-Edelstahlflasche \u2013 530\u202fml \u2013 \u00fcberzeugt durch nachhaltige Materialien und starke Isolierleistung. Gefertigt aus recyceltem Edelstahl (SS 304), h\u00e4lt die doppelwandige Vakuumisolierung hei\u00dfe Getr\u00e4nke bis zu 24 Stunden warm und kalte bis zu 10 Stunden erfrischend k\u00fchl. Der farblich abgestimmte Schraubverschluss sorgt f\u00fcr eine zuverl\u00e4ssige, auslaufsichere Versiegelung \u2013 ideal f\u00fcr unterwegs. Die Flasche ist [&hellip;]\" \/>\n<meta property=\"og:url\" content=\"https:\/\/pen.eu\/es\/producto\/trinkflasche-marina\/\" \/>\n<meta property=\"og:site_name\" content=\"PEN.EU\" \/>\n<meta property=\"article:modified_time\" content=\"2025-09-30T12:55:24+00:00\" \/>\n<meta property=\"og:image\" content=\"https:\/\/pen.eu\/wp-content\/uploads\/2025\/07\/WFW-blank-black.png\" \/>\n\t<meta property=\"og:image:width\" content=\"2000\" \/>\n\t<meta property=\"og:image:height\" content=\"2000\" \/>\n\t<meta property=\"og:image:type\" content=\"image\/png\" \/>\n<meta name=\"twitter:card\" content=\"summary_large_image\" \/>\n<script type=\"application\/ld+json\" class=\"yoast-schema-graph\">{\"@context\":\"https:\\\/\\\/schema.org\",\"@graph\":[{\"@type\":\"WebPage\",\"@id\":\"https:\\\/\\\/pen.eu\\\/produkt\\\/trinkflasche-marina\\\/\",\"url\":\"https:\\\/\\\/pen.eu\\\/produkt\\\/trinkflasche-marina\\\/\",\"name\":\"Trinkflasche \\\"Marina\\\" - PEN.EU\",\"isPartOf\":{\"@id\":\"https:\\\/\\\/pen.eu\\\/#website\"},\"primaryImageOfPage\":{\"@id\":\"https:\\\/\\\/pen.eu\\\/produkt\\\/trinkflasche-marina\\\/#primaryimage\"},\"image\":{\"@id\":\"https:\\\/\\\/pen.eu\\\/produkt\\\/trinkflasche-marina\\\/#primaryimage\"},\"thumbnailUrl\":\"https:\\\/\\\/pen.eu\\\/wp-content\\\/uploads\\\/2025\\\/07\\\/WFW-blank-black.png\",\"datePublished\":\"2025-07-28T13:41:36+00:00\",\"dateModified\":\"2025-09-30T12:55:24+00:00\",\"breadcrumb\":{\"@id\":\"https:\\\/\\\/pen.eu\\\/produkt\\\/trinkflasche-marina\\\/#breadcrumb\"},\"inLanguage\":\"es\",\"potentialAction\":[{\"@type\":\"ReadAction\",\"target\":[\"https:\\\/\\\/pen.eu\\\/produkt\\\/trinkflasche-marina\\\/\"]}]},{\"@type\":\"ImageObject\",\"inLanguage\":\"es\",\"@id\":\"https:\\\/\\\/pen.eu\\\/produkt\\\/trinkflasche-marina\\\/#primaryimage\",\"url\":\"https:\\\/\\\/pen.eu\\\/wp-content\\\/uploads\\\/2025\\\/07\\\/WFW-blank-black.png\",\"contentUrl\":\"https:\\\/\\\/pen.eu\\\/wp-content\\\/uploads\\\/2025\\\/07\\\/WFW-blank-black.png\",\"width\":2000,\"height\":2000,\"caption\":\"WFW-blank-black\"},{\"@type\":\"BreadcrumbList\",\"@id\":\"https:\\\/\\\/pen.eu\\\/produkt\\\/trinkflasche-marina\\\/#breadcrumb\",\"itemListElement\":[{\"@type\":\"ListItem\",\"position\":1,\"name\":\"Home\",\"item\":\"https:\\\/\\\/pen.eu\\\/\"},{\"@type\":\"ListItem\",\"position\":2,\"name\":\"Shop\",\"item\":\"https:\\\/\\\/pen.eu\\\/ch\\\/shop\\\/\"},{\"@type\":\"ListItem\",\"position\":3,\"name\":\"Trinkflasche &#8220;Marina&#8221;\"}]},{\"@type\":\"WebSite\",\"@id\":\"https:\\\/\\\/pen.eu\\\/#website\",\"url\":\"https:\\\/\\\/pen.eu\\\/\",\"name\":\"PEN.EU\",\"description\":\"Kugelschreiber bedrucken mit Logo | pen.eu\",\"potentialAction\":[{\"@type\":\"SearchAction\",\"target\":{\"@type\":\"EntryPoint\",\"urlTemplate\":\"https:\\\/\\\/pen.eu\\\/?s={search_term_string}\"},\"query-input\":{\"@type\":\"PropertyValueSpecification\",\"valueRequired\":true,\"valueName\":\"search_term_string\"}}],\"inLanguage\":\"es\"}]}<\/script>\n<!-- \/ Yoast SEO plugin. -->","yoast_head_json":{"title":"Trinkflasche \"Marina\" - PEN.EU","robots":{"index":"index","follow":"follow","max-snippet":"max-snippet:-1","max-image-preview":"max-image-preview:large","max-video-preview":"max-video-preview:-1"},"canonical":"https:\/\/pen.eu\/es\/producto\/trinkflasche-marina\/","og_locale":"es_ES","og_type":"article","og_title":"Trinkflasche \"Marina\" - PEN.EU","og_description":"Die Marina Recycling-Edelstahlflasche \u2013 530\u202fml \u2013 \u00fcberzeugt durch nachhaltige Materialien und starke Isolierleistung. Gefertigt aus recyceltem Edelstahl (SS 304), h\u00e4lt die doppelwandige Vakuumisolierung hei\u00dfe Getr\u00e4nke bis zu 24 Stunden warm und kalte bis zu 10 Stunden erfrischend k\u00fchl. Der farblich abgestimmte Schraubverschluss sorgt f\u00fcr eine zuverl\u00e4ssige, auslaufsichere Versiegelung \u2013 ideal f\u00fcr unterwegs. Die Flasche ist [&hellip;]","og_url":"https:\/\/pen.eu\/es\/producto\/trinkflasche-marina\/","og_site_name":"PEN.EU","article_modified_time":"2025-09-30T12:55:24+00:00","og_image":[{"width":2000,"height":2000,"url":"https:\/\/pen.eu\/wp-content\/uploads\/2025\/07\/WFW-blank-black.png","type":"image\/png"}],"twitter_card":"summary_large_image","schema":{"@context":"https:\/\/schema.org","@graph":[{"@type":"WebPage","@id":"https:\/\/pen.eu\/produkt\/trinkflasche-marina\/","url":"https:\/\/pen.eu\/produkt\/trinkflasche-marina\/","name":"Trinkflasche \"Marina\" - PEN.EU","isPartOf":{"@id":"https:\/\/pen.eu\/#website"},"primaryImageOfPage":{"@id":"https:\/\/pen.eu\/produkt\/trinkflasche-marina\/#primaryimage"},"image":{"@id":"https:\/\/pen.eu\/produkt\/trinkflasche-marina\/#primaryimage"},"thumbnailUrl":"https:\/\/pen.eu\/wp-content\/uploads\/2025\/07\/WFW-blank-black.png","datePublished":"2025-07-28T13:41:36+00:00","dateModified":"2025-09-30T12:55:24+00:00","breadcrumb":{"@id":"https:\/\/pen.eu\/produkt\/trinkflasche-marina\/#breadcrumb"},"inLanguage":"es","potentialAction":[{"@type":"ReadAction","target":["https:\/\/pen.eu\/produkt\/trinkflasche-marina\/"]}]},{"@type":"ImageObject","inLanguage":"es","@id":"https:\/\/pen.eu\/produkt\/trinkflasche-marina\/#primaryimage","url":"https:\/\/pen.eu\/wp-content\/uploads\/2025\/07\/WFW-blank-black.png","contentUrl":"https:\/\/pen.eu\/wp-content\/uploads\/2025\/07\/WFW-blank-black.png","width":2000,"height":2000,"caption":"WFW-blank-black"},{"@type":"BreadcrumbList","@id":"https:\/\/pen.eu\/produkt\/trinkflasche-marina\/#breadcrumb","itemListElement":[{"@type":"ListItem","position":1,"name":"Home","item":"https:\/\/pen.eu\/"},{"@type":"ListItem","position":2,"name":"Shop","item":"https:\/\/pen.eu\/ch\/shop\/"},{"@type":"ListItem","position":3,"name":"Trinkflasche &#8220;Marina&#8221;"}]},{"@type":"WebSite","@id":"https:\/\/pen.eu\/#website","url":"https:\/\/pen.eu\/","name":"PEN.EU","description":"Kugelschreiber bedrucken mit Logo | pen.eu","potentialAction":[{"@type":"SearchAction","target":{"@type":"EntryPoint","urlTemplate":"https:\/\/pen.eu\/?s={search_term_string}"},"query-input":{"@type":"PropertyValueSpecification","valueRequired":true,"valueName":"search_term_string"}}],"inLanguage":"es"}]}},"_links":{"self":[{"href":"https:\/\/pen.eu\/es\/wp-json\/wp\/v2\/product\/15402","targetHints":{"allow":["GET"]}}],"collection":[{"href":"https:\/\/pen.eu\/es\/wp-json\/wp\/v2\/product"}],"about":[{"href":"https:\/\/pen.eu\/es\/wp-json\/wp\/v2\/types\/product"}],"replies":[{"embeddable":true,"href":"https:\/\/pen.eu\/es\/wp-json\/wp\/v2\/comments?post=15402"}],"wp:featuredmedia":[{"embeddable":true,"href":"https:\/\/pen.eu\/es\/wp-json\/wp\/v2\/media\/15647"}],"wp:attachment":[{"href":"https:\/\/pen.eu\/es\/wp-json\/wp\/v2\/media?parent=15402"}],"wp:term":[{"taxonomy":"product_brand","embeddable":true,"href":"https:\/\/pen.eu\/es\/wp-json\/wp\/v2\/product_brand?post=15402"},{"taxonomy":"product_cat","embeddable":true,"href":"https:\/\/pen.eu\/es\/wp-json\/wp\/v2\/product_cat?post=15402"},{"taxonomy":"product_tag","embeddable":true,"href":"https:\/\/pen.eu\/es\/wp-json\/wp\/v2\/product_tag?post=15402"}],"curies":[{"name":"wp","href":"https:\/\/api.w.org\/{rel}","templated":true}]}}