{"id":15538,"date":"2025-07-29T08:50:42","date_gmt":"2025-07-29T06:50:42","guid":{"rendered":"https:\/\/v2.frank-pen.de\/?post_type=product&#038;p=15538"},"modified":"2025-09-25T14:16:21","modified_gmt":"2025-09-25T12:16:21","slug":"notizbuch-alcudia","status":"publish","type":"product","link":"https:\/\/pen.eu\/es\/producto\/notizbuch-alcudia\/","title":{"rendered":"Cuaderno \"Alcudia\""},"content":{"rendered":"<p>El set de cuaderno Alcudia en formato A5 combina materiales sostenibles con un dise\u00f1o funcional. La tapa dura est\u00e1 fabricada con cartones de leche reciclados y presenta una superficie texturizada con inclusiones caracter\u00edsticas \u2013 cada pieza es \u00fanica. En su interior, 80 hojas (160 p\u00e1ginas) de papel marfil liso de alta calidad (70 g\/m\u00b2), procedente de bosques gestionados de forma responsable, son perfectas para notas, ideas y bocetos. Una banda el\u00e1stica de cierre con remache plateado y un marcador de raso a juego completan el dise\u00f1o cl\u00e1sico. El set incluye tambi\u00e9n el bol\u00edgrafo \u201cMargo\u201d de aluminio reciclado, con pulsador de bamb\u00fa y clip de acero inoxidable. El bol\u00edgrafo negro combina con todos los colores disponibles del cuaderno, haciendo de este d\u00fao ecol\u00f3gico una opci\u00f3n elegante y bien pensada para el d\u00eda a d\u00eda, la oficina o como regalo promocional sostenible.<\/p>","protected":false},"excerpt":{"rendered":"<p>Das Alcudia Notizbuch-Set im A5-Format vereint nachhaltige Materialien mit funktionalem Design. Der feste Einband besteht aus recycelten Milchkartons und besticht durch seine strukturierte Oberfl\u00e4che mit charakteristischen Einschl\u00fcssen \u2013 ein echtes Unikat. Im Inneren finden sich 80 Blatt (160 Seiten) hochwertiges, glattes Elfenbeinpapier (70\u202fg\/m\u00b2) aus verantwortungsvoller Forstwirtschaft \u2013 ideal f\u00fcr Notizen, Gedanken und Skizzen. Ein elastisches [&hellip;]<\/p>\n","protected":false},"featured_media":15754,"comment_status":"open","ping_status":"closed","template":"","meta":[],"product_brand":[],"product_cat":[308,311],"product_tag":[863,726],"class_list":{"0":"post-15538","1":"product","2":"type-product","3":"status-publish","4":"has-post-thumbnail","6":"product_cat-geschenksets","7":"product_cat-notizbuecher","8":"product_tag-notestripe","9":"product_tag-nzu","10":"pa_material-bambus","11":"pa_material-fsc-paper","12":"pa_material-recyceltes-aluminium","13":"pa_material-recyceltes-milchkarton","14":"pa_werbeanbringung-digitaldruck","16":"first","17":"instock","18":"taxable","19":"shipping-taxable","20":"purchasable","21":"product-type-variable","22":"has-default-attributes","23":"add-to-wishlist-after_add_to_cart"},"yoast_head":"<!-- This site is optimized with the Yoast SEO plugin v27.4 - https:\/\/yoast.com\/product\/yoast-seo-wordpress\/ -->\n<title>Notizbuch &quot;Alcudia&quot; - PEN.EU<\/title>\n<meta name=\"robots\" content=\"index, follow, max-snippet:-1, max-image-preview:large, max-video-preview:-1\" \/>\n<link rel=\"canonical\" href=\"https:\/\/pen.eu\/es\/producto\/notizbuch-alcudia\/\" \/>\n<meta property=\"og:locale\" content=\"es_ES\" \/>\n<meta property=\"og:type\" content=\"article\" \/>\n<meta property=\"og:title\" content=\"Notizbuch &quot;Alcudia&quot; - PEN.EU\" \/>\n<meta property=\"og:description\" content=\"Das Alcudia Notizbuch-Set im A5-Format vereint nachhaltige Materialien mit funktionalem Design. Der feste Einband besteht aus recycelten Milchkartons und besticht durch seine strukturierte Oberfl\u00e4che mit charakteristischen Einschl\u00fcssen \u2013 ein echtes Unikat. Im Inneren finden sich 80 Blatt (160 Seiten) hochwertiges, glattes Elfenbeinpapier (70\u202fg\/m\u00b2) aus verantwortungsvoller Forstwirtschaft \u2013 ideal f\u00fcr Notizen, Gedanken und Skizzen. Ein elastisches [&hellip;]\" \/>\n<meta property=\"og:url\" content=\"https:\/\/pen.eu\/es\/producto\/notizbuch-alcudia\/\" \/>\n<meta property=\"og:site_name\" content=\"PEN.EU\" \/>\n<meta property=\"article:modified_time\" content=\"2025-09-25T12:16:21+00:00\" \/>\n<meta property=\"og:image\" content=\"https:\/\/pen.eu\/wp-content\/uploads\/2025\/07\/NZU-C_Black-1.jpeg\" \/>\n\t<meta property=\"og:image:width\" content=\"500\" \/>\n\t<meta property=\"og:image:height\" content=\"500\" \/>\n\t<meta property=\"og:image:type\" content=\"image\/jpeg\" \/>\n<meta name=\"twitter:card\" content=\"summary_large_image\" \/>\n<meta name=\"twitter:label1\" content=\"Tiempo de lectura\" \/>\n\t<meta name=\"twitter:data1\" content=\"1 minuto\" \/>\n<script type=\"application\/ld+json\" class=\"yoast-schema-graph\">{\"@context\":\"https:\\\/\\\/schema.org\",\"@graph\":[{\"@type\":\"WebPage\",\"@id\":\"https:\\\/\\\/pen.eu\\\/produkt\\\/notizbuch-alcudia\\\/\",\"url\":\"https:\\\/\\\/pen.eu\\\/produkt\\\/notizbuch-alcudia\\\/\",\"name\":\"Notizbuch \\\"Alcudia\\\" - PEN.EU\",\"isPartOf\":{\"@id\":\"https:\\\/\\\/pen.eu\\\/#website\"},\"primaryImageOfPage\":{\"@id\":\"https:\\\/\\\/pen.eu\\\/produkt\\\/notizbuch-alcudia\\\/#primaryimage\"},\"image\":{\"@id\":\"https:\\\/\\\/pen.eu\\\/produkt\\\/notizbuch-alcudia\\\/#primaryimage\"},\"thumbnailUrl\":\"https:\\\/\\\/pen.eu\\\/wp-content\\\/uploads\\\/2025\\\/07\\\/NZU-C_Black-1.jpeg\",\"datePublished\":\"2025-07-29T06:50:42+00:00\",\"dateModified\":\"2025-09-25T12:16:21+00:00\",\"breadcrumb\":{\"@id\":\"https:\\\/\\\/pen.eu\\\/produkt\\\/notizbuch-alcudia\\\/#breadcrumb\"},\"inLanguage\":\"es\",\"potentialAction\":[{\"@type\":\"ReadAction\",\"target\":[\"https:\\\/\\\/pen.eu\\\/produkt\\\/notizbuch-alcudia\\\/\"]}]},{\"@type\":\"ImageObject\",\"inLanguage\":\"es\",\"@id\":\"https:\\\/\\\/pen.eu\\\/produkt\\\/notizbuch-alcudia\\\/#primaryimage\",\"url\":\"https:\\\/\\\/pen.eu\\\/wp-content\\\/uploads\\\/2025\\\/07\\\/NZU-C_Black-1.jpeg\",\"contentUrl\":\"https:\\\/\\\/pen.eu\\\/wp-content\\\/uploads\\\/2025\\\/07\\\/NZU-C_Black-1.jpeg\",\"width\":500,\"height\":500,\"caption\":\"NZU-C_Black\"},{\"@type\":\"BreadcrumbList\",\"@id\":\"https:\\\/\\\/pen.eu\\\/produkt\\\/notizbuch-alcudia\\\/#breadcrumb\",\"itemListElement\":[{\"@type\":\"ListItem\",\"position\":1,\"name\":\"Home\",\"item\":\"https:\\\/\\\/pen.eu\\\/\"},{\"@type\":\"ListItem\",\"position\":2,\"name\":\"Shop\",\"item\":\"https:\\\/\\\/pen.eu\\\/ch\\\/shop\\\/\"},{\"@type\":\"ListItem\",\"position\":3,\"name\":\"Notizbuch &#8220;Alcudia&#8221;\"}]},{\"@type\":\"WebSite\",\"@id\":\"https:\\\/\\\/pen.eu\\\/#website\",\"url\":\"https:\\\/\\\/pen.eu\\\/\",\"name\":\"PEN.EU\",\"description\":\"Kugelschreiber bedrucken mit Logo | pen.eu\",\"potentialAction\":[{\"@type\":\"SearchAction\",\"target\":{\"@type\":\"EntryPoint\",\"urlTemplate\":\"https:\\\/\\\/pen.eu\\\/?s={search_term_string}\"},\"query-input\":{\"@type\":\"PropertyValueSpecification\",\"valueRequired\":true,\"valueName\":\"search_term_string\"}}],\"inLanguage\":\"es\"}]}<\/script>\n<!-- \/ Yoast SEO plugin. -->","yoast_head_json":{"title":"Notizbuch \"Alcudia\" - PEN.EU","robots":{"index":"index","follow":"follow","max-snippet":"max-snippet:-1","max-image-preview":"max-image-preview:large","max-video-preview":"max-video-preview:-1"},"canonical":"https:\/\/pen.eu\/es\/producto\/notizbuch-alcudia\/","og_locale":"es_ES","og_type":"article","og_title":"Notizbuch \"Alcudia\" - PEN.EU","og_description":"Das Alcudia Notizbuch-Set im A5-Format vereint nachhaltige Materialien mit funktionalem Design. Der feste Einband besteht aus recycelten Milchkartons und besticht durch seine strukturierte Oberfl\u00e4che mit charakteristischen Einschl\u00fcssen \u2013 ein echtes Unikat. Im Inneren finden sich 80 Blatt (160 Seiten) hochwertiges, glattes Elfenbeinpapier (70\u202fg\/m\u00b2) aus verantwortungsvoller Forstwirtschaft \u2013 ideal f\u00fcr Notizen, Gedanken und Skizzen. Ein elastisches [&hellip;]","og_url":"https:\/\/pen.eu\/es\/producto\/notizbuch-alcudia\/","og_site_name":"PEN.EU","article_modified_time":"2025-09-25T12:16:21+00:00","og_image":[{"width":500,"height":500,"url":"https:\/\/pen.eu\/wp-content\/uploads\/2025\/07\/NZU-C_Black-1.jpeg","type":"image\/jpeg"}],"twitter_card":"summary_large_image","twitter_misc":{"Tiempo de lectura":"1 minuto"},"schema":{"@context":"https:\/\/schema.org","@graph":[{"@type":"WebPage","@id":"https:\/\/pen.eu\/produkt\/notizbuch-alcudia\/","url":"https:\/\/pen.eu\/produkt\/notizbuch-alcudia\/","name":"Notizbuch \"Alcudia\" - PEN.EU","isPartOf":{"@id":"https:\/\/pen.eu\/#website"},"primaryImageOfPage":{"@id":"https:\/\/pen.eu\/produkt\/notizbuch-alcudia\/#primaryimage"},"image":{"@id":"https:\/\/pen.eu\/produkt\/notizbuch-alcudia\/#primaryimage"},"thumbnailUrl":"https:\/\/pen.eu\/wp-content\/uploads\/2025\/07\/NZU-C_Black-1.jpeg","datePublished":"2025-07-29T06:50:42+00:00","dateModified":"2025-09-25T12:16:21+00:00","breadcrumb":{"@id":"https:\/\/pen.eu\/produkt\/notizbuch-alcudia\/#breadcrumb"},"inLanguage":"es","potentialAction":[{"@type":"ReadAction","target":["https:\/\/pen.eu\/produkt\/notizbuch-alcudia\/"]}]},{"@type":"ImageObject","inLanguage":"es","@id":"https:\/\/pen.eu\/produkt\/notizbuch-alcudia\/#primaryimage","url":"https:\/\/pen.eu\/wp-content\/uploads\/2025\/07\/NZU-C_Black-1.jpeg","contentUrl":"https:\/\/pen.eu\/wp-content\/uploads\/2025\/07\/NZU-C_Black-1.jpeg","width":500,"height":500,"caption":"NZU-C_Black"},{"@type":"BreadcrumbList","@id":"https:\/\/pen.eu\/produkt\/notizbuch-alcudia\/#breadcrumb","itemListElement":[{"@type":"ListItem","position":1,"name":"Home","item":"https:\/\/pen.eu\/"},{"@type":"ListItem","position":2,"name":"Shop","item":"https:\/\/pen.eu\/ch\/shop\/"},{"@type":"ListItem","position":3,"name":"Notizbuch &#8220;Alcudia&#8221;"}]},{"@type":"WebSite","@id":"https:\/\/pen.eu\/#website","url":"https:\/\/pen.eu\/","name":"PEN.EU","description":"Kugelschreiber bedrucken mit Logo | pen.eu","potentialAction":[{"@type":"SearchAction","target":{"@type":"EntryPoint","urlTemplate":"https:\/\/pen.eu\/?s={search_term_string}"},"query-input":{"@type":"PropertyValueSpecification","valueRequired":true,"valueName":"search_term_string"}}],"inLanguage":"es"}]}},"_links":{"self":[{"href":"https:\/\/pen.eu\/es\/wp-json\/wp\/v2\/product\/15538","targetHints":{"allow":["GET"]}}],"collection":[{"href":"https:\/\/pen.eu\/es\/wp-json\/wp\/v2\/product"}],"about":[{"href":"https:\/\/pen.eu\/es\/wp-json\/wp\/v2\/types\/product"}],"replies":[{"embeddable":true,"href":"https:\/\/pen.eu\/es\/wp-json\/wp\/v2\/comments?post=15538"}],"wp:featuredmedia":[{"embeddable":true,"href":"https:\/\/pen.eu\/es\/wp-json\/wp\/v2\/media\/15754"}],"wp:attachment":[{"href":"https:\/\/pen.eu\/es\/wp-json\/wp\/v2\/media?parent=15538"}],"wp:term":[{"taxonomy":"product_brand","embeddable":true,"href":"https:\/\/pen.eu\/es\/wp-json\/wp\/v2\/product_brand?post=15538"},{"taxonomy":"product_cat","embeddable":true,"href":"https:\/\/pen.eu\/es\/wp-json\/wp\/v2\/product_cat?post=15538"},{"taxonomy":"product_tag","embeddable":true,"href":"https:\/\/pen.eu\/es\/wp-json\/wp\/v2\/product_tag?post=15538"}],"curies":[{"name":"wp","href":"https:\/\/api.w.org\/{rel}","templated":true}]}}