{"id":15542,"date":"2025-07-29T08:50:45","date_gmt":"2025-07-29T06:50:45","guid":{"rendered":"https:\/\/v2.frank-pen.de\/?post_type=product&#038;p=15542"},"modified":"2025-09-22T15:54:45","modified_gmt":"2025-09-22T13:54:45","slug":"notizbuch-organizer","status":"publish","type":"product","link":"https:\/\/pen.eu\/es\/producto\/notizbuch-organizer\/","title":{"rendered":"Cuaderno \"Organizer\""},"content":{"rendered":"<p>El cuaderno Organiser A5 combina materiales sostenibles con un dise\u00f1o funcional para el d\u00eda a d\u00eda en movimiento. La cubierta est\u00e1 fabricada con resistente tejido Repreve\u00ae 300D y una trasera de cart\u00f3n r\u00edgido. El dise\u00f1o destaca por una cinta en espiga de 25 mm en la parte delantera y trasera, y costuras en contraste \u2013 negras en el exterior y azul marino en el interior. En el lado izquierdo, de tejido Repreve\u00ae 210D azul marino, hay una banda el\u00e1stica negra de 40 mm con un motivo celular estampado \u2013 ideal para sujetar un smartphone \u2013 y un bolsillo de malla para auriculares o cables. En el lado derecho, un portabol\u00edgrafos integrado mantiene su instrumento de escritura siempre a mano. El cuaderno extra\u00edble incluye 100 hojas (200 p\u00e1ginas) rayadas de papel marfil (80 g\/m\u00b2) que ofrecen una escritura agradable. Un organizador inteligente y sostenible \u2013 perfecto para viajes, oficina o uso diario.<\/p>","protected":false},"excerpt":{"rendered":"<p>Das Organiser Notizbuch im Format A5 vereint nachhaltige Materialien mit funktionalem Design f\u00fcr den mobilen Alltag. Der Umschlag besteht aus robustem Repreve\u00ae 300D-Gewebe, kombiniert mit einer stabilen Kartonunterlage. Das Design \u00fcberzeugt mit den 25\u202fmm breitem Fischgr\u00e4tengewebe auf Vorder- und R\u00fcckseite sowie kontrastierenden N\u00e4hten \u2013 schwarz au\u00dfen, marineblau innen. Im Inneren bietet die linke Seite aus [&hellip;]<\/p>\n","protected":false},"featured_media":15705,"comment_status":"open","ping_status":"closed","template":"","meta":[],"product_brand":[],"product_cat":[311],"product_tag":[808,722],"class_list":{"0":"post-15542","1":"product","2":"type-product","3":"status-publish","4":"has-post-thumbnail","6":"product_cat-notizbuecher","7":"product_tag-left-51","8":"product_tag-nxt","9":"pa_material-papier","10":"pa_material-repreve","11":"pa_werbeanbringung-digitaldruck","13":"first","14":"instock","15":"taxable","16":"shipping-taxable","17":"purchasable","18":"product-type-variable","19":"add-to-wishlist-after_add_to_cart"},"yoast_head":"<!-- This site is optimized with the Yoast SEO plugin v27.4 - https:\/\/yoast.com\/product\/yoast-seo-wordpress\/ -->\n<title>Notizbuch &quot;Organizer&quot; - PEN.EU<\/title>\n<meta name=\"robots\" content=\"index, follow, max-snippet:-1, max-image-preview:large, max-video-preview:-1\" \/>\n<link rel=\"canonical\" href=\"https:\/\/pen.eu\/es\/producto\/notizbuch-organizer\/\" \/>\n<meta property=\"og:locale\" content=\"es_ES\" \/>\n<meta property=\"og:type\" content=\"article\" \/>\n<meta property=\"og:title\" content=\"Notizbuch &quot;Organizer&quot; - PEN.EU\" \/>\n<meta property=\"og:description\" content=\"Das Organiser Notizbuch im Format A5 vereint nachhaltige Materialien mit funktionalem Design f\u00fcr den mobilen Alltag. Der Umschlag besteht aus robustem Repreve\u00ae 300D-Gewebe, kombiniert mit einer stabilen Kartonunterlage. Das Design \u00fcberzeugt mit den 25\u202fmm breitem Fischgr\u00e4tengewebe auf Vorder- und R\u00fcckseite sowie kontrastierenden N\u00e4hten \u2013 schwarz au\u00dfen, marineblau innen. Im Inneren bietet die linke Seite aus [&hellip;]\" \/>\n<meta property=\"og:url\" content=\"https:\/\/pen.eu\/es\/producto\/notizbuch-organizer\/\" \/>\n<meta property=\"og:site_name\" content=\"PEN.EU\" \/>\n<meta property=\"article:modified_time\" content=\"2025-09-22T13:54:45+00:00\" \/>\n<meta property=\"og:image\" content=\"https:\/\/pen.eu\/wp-content\/uploads\/2025\/07\/NXT-blank-5-1024x1024.png\" \/>\n\t<meta property=\"og:image:width\" content=\"1024\" \/>\n\t<meta property=\"og:image:height\" content=\"1024\" \/>\n\t<meta property=\"og:image:type\" content=\"image\/png\" \/>\n<meta name=\"twitter:card\" content=\"summary_large_image\" \/>\n<meta name=\"twitter:label1\" content=\"Tiempo de lectura\" \/>\n\t<meta name=\"twitter:data1\" content=\"1 minuto\" \/>\n<script type=\"application\/ld+json\" class=\"yoast-schema-graph\">{\"@context\":\"https:\\\/\\\/schema.org\",\"@graph\":[{\"@type\":\"WebPage\",\"@id\":\"https:\\\/\\\/pen.eu\\\/produkt\\\/notizbuch-organizer\\\/\",\"url\":\"https:\\\/\\\/pen.eu\\\/produkt\\\/notizbuch-organizer\\\/\",\"name\":\"Notizbuch \\\"Organizer\\\" - PEN.EU\",\"isPartOf\":{\"@id\":\"https:\\\/\\\/pen.eu\\\/#website\"},\"primaryImageOfPage\":{\"@id\":\"https:\\\/\\\/pen.eu\\\/produkt\\\/notizbuch-organizer\\\/#primaryimage\"},\"image\":{\"@id\":\"https:\\\/\\\/pen.eu\\\/produkt\\\/notizbuch-organizer\\\/#primaryimage\"},\"thumbnailUrl\":\"https:\\\/\\\/pen.eu\\\/wp-content\\\/uploads\\\/2025\\\/07\\\/NXT-blank-5.png\",\"datePublished\":\"2025-07-29T06:50:45+00:00\",\"dateModified\":\"2025-09-22T13:54:45+00:00\",\"breadcrumb\":{\"@id\":\"https:\\\/\\\/pen.eu\\\/produkt\\\/notizbuch-organizer\\\/#breadcrumb\"},\"inLanguage\":\"es\",\"potentialAction\":[{\"@type\":\"ReadAction\",\"target\":[\"https:\\\/\\\/pen.eu\\\/produkt\\\/notizbuch-organizer\\\/\"]}]},{\"@type\":\"ImageObject\",\"inLanguage\":\"es\",\"@id\":\"https:\\\/\\\/pen.eu\\\/produkt\\\/notizbuch-organizer\\\/#primaryimage\",\"url\":\"https:\\\/\\\/pen.eu\\\/wp-content\\\/uploads\\\/2025\\\/07\\\/NXT-blank-5.png\",\"contentUrl\":\"https:\\\/\\\/pen.eu\\\/wp-content\\\/uploads\\\/2025\\\/07\\\/NXT-blank-5.png\",\"width\":2000,\"height\":2000,\"caption\":\"NXT-blank\"},{\"@type\":\"BreadcrumbList\",\"@id\":\"https:\\\/\\\/pen.eu\\\/produkt\\\/notizbuch-organizer\\\/#breadcrumb\",\"itemListElement\":[{\"@type\":\"ListItem\",\"position\":1,\"name\":\"Home\",\"item\":\"https:\\\/\\\/pen.eu\\\/\"},{\"@type\":\"ListItem\",\"position\":2,\"name\":\"Shop\",\"item\":\"https:\\\/\\\/pen.eu\\\/ch\\\/shop\\\/\"},{\"@type\":\"ListItem\",\"position\":3,\"name\":\"Notizbuch &#8220;Organizer&#8221;\"}]},{\"@type\":\"WebSite\",\"@id\":\"https:\\\/\\\/pen.eu\\\/#website\",\"url\":\"https:\\\/\\\/pen.eu\\\/\",\"name\":\"PEN.EU\",\"description\":\"Kugelschreiber bedrucken mit Logo | pen.eu\",\"potentialAction\":[{\"@type\":\"SearchAction\",\"target\":{\"@type\":\"EntryPoint\",\"urlTemplate\":\"https:\\\/\\\/pen.eu\\\/?s={search_term_string}\"},\"query-input\":{\"@type\":\"PropertyValueSpecification\",\"valueRequired\":true,\"valueName\":\"search_term_string\"}}],\"inLanguage\":\"es\"}]}<\/script>\n<!-- \/ Yoast SEO plugin. -->","yoast_head_json":{"title":"Notizbuch \"Organizer\" - PEN.EU","robots":{"index":"index","follow":"follow","max-snippet":"max-snippet:-1","max-image-preview":"max-image-preview:large","max-video-preview":"max-video-preview:-1"},"canonical":"https:\/\/pen.eu\/es\/producto\/notizbuch-organizer\/","og_locale":"es_ES","og_type":"article","og_title":"Notizbuch \"Organizer\" - PEN.EU","og_description":"Das Organiser Notizbuch im Format A5 vereint nachhaltige Materialien mit funktionalem Design f\u00fcr den mobilen Alltag. Der Umschlag besteht aus robustem Repreve\u00ae 300D-Gewebe, kombiniert mit einer stabilen Kartonunterlage. Das Design \u00fcberzeugt mit den 25\u202fmm breitem Fischgr\u00e4tengewebe auf Vorder- und R\u00fcckseite sowie kontrastierenden N\u00e4hten \u2013 schwarz au\u00dfen, marineblau innen. Im Inneren bietet die linke Seite aus [&hellip;]","og_url":"https:\/\/pen.eu\/es\/producto\/notizbuch-organizer\/","og_site_name":"PEN.EU","article_modified_time":"2025-09-22T13:54:45+00:00","og_image":[{"width":1024,"height":1024,"url":"https:\/\/pen.eu\/wp-content\/uploads\/2025\/07\/NXT-blank-5-1024x1024.png","type":"image\/png"}],"twitter_card":"summary_large_image","twitter_misc":{"Tiempo de lectura":"1 minuto"},"schema":{"@context":"https:\/\/schema.org","@graph":[{"@type":"WebPage","@id":"https:\/\/pen.eu\/produkt\/notizbuch-organizer\/","url":"https:\/\/pen.eu\/produkt\/notizbuch-organizer\/","name":"Notizbuch \"Organizer\" - PEN.EU","isPartOf":{"@id":"https:\/\/pen.eu\/#website"},"primaryImageOfPage":{"@id":"https:\/\/pen.eu\/produkt\/notizbuch-organizer\/#primaryimage"},"image":{"@id":"https:\/\/pen.eu\/produkt\/notizbuch-organizer\/#primaryimage"},"thumbnailUrl":"https:\/\/pen.eu\/wp-content\/uploads\/2025\/07\/NXT-blank-5.png","datePublished":"2025-07-29T06:50:45+00:00","dateModified":"2025-09-22T13:54:45+00:00","breadcrumb":{"@id":"https:\/\/pen.eu\/produkt\/notizbuch-organizer\/#breadcrumb"},"inLanguage":"es","potentialAction":[{"@type":"ReadAction","target":["https:\/\/pen.eu\/produkt\/notizbuch-organizer\/"]}]},{"@type":"ImageObject","inLanguage":"es","@id":"https:\/\/pen.eu\/produkt\/notizbuch-organizer\/#primaryimage","url":"https:\/\/pen.eu\/wp-content\/uploads\/2025\/07\/NXT-blank-5.png","contentUrl":"https:\/\/pen.eu\/wp-content\/uploads\/2025\/07\/NXT-blank-5.png","width":2000,"height":2000,"caption":"NXT-blank"},{"@type":"BreadcrumbList","@id":"https:\/\/pen.eu\/produkt\/notizbuch-organizer\/#breadcrumb","itemListElement":[{"@type":"ListItem","position":1,"name":"Home","item":"https:\/\/pen.eu\/"},{"@type":"ListItem","position":2,"name":"Shop","item":"https:\/\/pen.eu\/ch\/shop\/"},{"@type":"ListItem","position":3,"name":"Notizbuch &#8220;Organizer&#8221;"}]},{"@type":"WebSite","@id":"https:\/\/pen.eu\/#website","url":"https:\/\/pen.eu\/","name":"PEN.EU","description":"Kugelschreiber bedrucken mit Logo | pen.eu","potentialAction":[{"@type":"SearchAction","target":{"@type":"EntryPoint","urlTemplate":"https:\/\/pen.eu\/?s={search_term_string}"},"query-input":{"@type":"PropertyValueSpecification","valueRequired":true,"valueName":"search_term_string"}}],"inLanguage":"es"}]}},"_links":{"self":[{"href":"https:\/\/pen.eu\/es\/wp-json\/wp\/v2\/product\/15542","targetHints":{"allow":["GET"]}}],"collection":[{"href":"https:\/\/pen.eu\/es\/wp-json\/wp\/v2\/product"}],"about":[{"href":"https:\/\/pen.eu\/es\/wp-json\/wp\/v2\/types\/product"}],"replies":[{"embeddable":true,"href":"https:\/\/pen.eu\/es\/wp-json\/wp\/v2\/comments?post=15542"}],"wp:featuredmedia":[{"embeddable":true,"href":"https:\/\/pen.eu\/es\/wp-json\/wp\/v2\/media\/15705"}],"wp:attachment":[{"href":"https:\/\/pen.eu\/es\/wp-json\/wp\/v2\/media?parent=15542"}],"wp:term":[{"taxonomy":"product_brand","embeddable":true,"href":"https:\/\/pen.eu\/es\/wp-json\/wp\/v2\/product_brand?post=15542"},{"taxonomy":"product_cat","embeddable":true,"href":"https:\/\/pen.eu\/es\/wp-json\/wp\/v2\/product_cat?post=15542"},{"taxonomy":"product_tag","embeddable":true,"href":"https:\/\/pen.eu\/es\/wp-json\/wp\/v2\/product_tag?post=15542"}],"curies":[{"name":"wp","href":"https:\/\/api.w.org\/{rel}","templated":true}]}}