{"id":15543,"date":"2025-07-29T08:50:46","date_gmt":"2025-07-29T06:50:46","guid":{"rendered":"https:\/\/v2.frank-pen.de\/?post_type=product&#038;p=15543"},"modified":"2025-09-22T15:54:45","modified_gmt":"2025-09-22T13:54:45","slug":"notizbuch-mallorca","status":"publish","type":"product","link":"https:\/\/pen.eu\/es\/producto\/notizbuch-mallorca\/","title":{"rendered":"Cuaderno \"Mallorca\""},"content":{"rendered":"<p>El cuaderno Mallorca A6 con tapa blanda de PU reciclado (22,3 %) combina un dise\u00f1o elegante con un compromiso sostenible. La cubierta aterciopelada ofrece una sensaci\u00f3n agradable y de alta calidad al tacto. En su interior, 60 hojas rayadas de papel procedente de bosques gestionados de forma responsable \u2013 perfectas para anotar pensamientos, notas o ideas. Las p\u00e1ginas cosidas, la banda el\u00e1stica a juego y el portabol\u00edgrafos integrado aportan orden y funcionalidad. Compacto, elegante y ecol\u00f3gico \u2013 el compa\u00f1ero perfecto para llevar a todas partes.<\/p>","protected":false},"excerpt":{"rendered":"<p>Das Mallorca A6-Notizbuch mit weichem Einband aus 22,3\u202f% recyceltem PU vereint elegantes Design mit nachhaltigem Anspruch. Der samtige Einband bietet ein angenehm hochwertiges Gef\u00fchl in der Hand. Im Inneren erwarten Sie 60 linierte Bl\u00e4tter aus Papier verantwortungsvoller Forstwirtschaft \u2013 ideal zum Festhalten von Gedanken, Notizen oder Ideen. Die fest eingen\u00e4hten Seiten, das farblich abgestimmte Gummiband [&hellip;]<\/p>\n","protected":false},"featured_media":15702,"comment_status":"open","ping_status":"closed","template":"","meta":[],"product_brand":[],"product_cat":[311],"product_tag":[786,721,852],"class_list":{"0":"post-15543","1":"product","2":"type-product","3":"status-publish","4":"has-post-thumbnail","6":"product_cat-notizbuecher","7":"product_tag-left-50","8":"product_tag-nvr","9":"product_tag-top-47","10":"pa_material-recyceltes-papier","11":"pa_material-recyceltes-pu","12":"pa_werbeanbringung-digitaldruck","13":"pa_werbeanbringung-siebdruck","15":"first","16":"instock","17":"taxable","18":"shipping-taxable","19":"purchasable","20":"product-type-variable","21":"add-to-wishlist-after_add_to_cart"},"yoast_head":"<!-- This site is optimized with the Yoast SEO plugin v27.4 - https:\/\/yoast.com\/product\/yoast-seo-wordpress\/ -->\n<title>Notizbuch &quot;Mallorca&quot; - PEN.EU<\/title>\n<meta name=\"robots\" content=\"index, follow, max-snippet:-1, max-image-preview:large, max-video-preview:-1\" \/>\n<link rel=\"canonical\" href=\"https:\/\/pen.eu\/es\/producto\/notizbuch-mallorca\/\" \/>\n<meta property=\"og:locale\" content=\"es_ES\" \/>\n<meta property=\"og:type\" content=\"article\" \/>\n<meta property=\"og:title\" content=\"Notizbuch &quot;Mallorca&quot; - PEN.EU\" \/>\n<meta property=\"og:description\" content=\"Das Mallorca A6-Notizbuch mit weichem Einband aus 22,3\u202f% recyceltem PU vereint elegantes Design mit nachhaltigem Anspruch. Der samtige Einband bietet ein angenehm hochwertiges Gef\u00fchl in der Hand. Im Inneren erwarten Sie 60 linierte Bl\u00e4tter aus Papier verantwortungsvoller Forstwirtschaft \u2013 ideal zum Festhalten von Gedanken, Notizen oder Ideen. Die fest eingen\u00e4hten Seiten, das farblich abgestimmte Gummiband [&hellip;]\" \/>\n<meta property=\"og:url\" content=\"https:\/\/pen.eu\/es\/producto\/notizbuch-mallorca\/\" \/>\n<meta property=\"og:site_name\" content=\"PEN.EU\" \/>\n<meta property=\"article:modified_time\" content=\"2025-09-22T13:54:45+00:00\" \/>\n<meta property=\"og:image\" content=\"https:\/\/pen.eu\/wp-content\/uploads\/2025\/07\/NVR_Black-SS.jpg\" \/>\n\t<meta property=\"og:image:width\" content=\"2000\" \/>\n\t<meta property=\"og:image:height\" content=\"2000\" \/>\n\t<meta property=\"og:image:type\" content=\"image\/jpeg\" \/>\n<meta name=\"twitter:card\" content=\"summary_large_image\" \/>\n<script type=\"application\/ld+json\" class=\"yoast-schema-graph\">{\"@context\":\"https:\\\/\\\/schema.org\",\"@graph\":[{\"@type\":\"WebPage\",\"@id\":\"https:\\\/\\\/pen.eu\\\/produkt\\\/notizbuch-mallorca\\\/\",\"url\":\"https:\\\/\\\/pen.eu\\\/produkt\\\/notizbuch-mallorca\\\/\",\"name\":\"Notizbuch \\\"Mallorca\\\" - PEN.EU\",\"isPartOf\":{\"@id\":\"https:\\\/\\\/pen.eu\\\/#website\"},\"primaryImageOfPage\":{\"@id\":\"https:\\\/\\\/pen.eu\\\/produkt\\\/notizbuch-mallorca\\\/#primaryimage\"},\"image\":{\"@id\":\"https:\\\/\\\/pen.eu\\\/produkt\\\/notizbuch-mallorca\\\/#primaryimage\"},\"thumbnailUrl\":\"https:\\\/\\\/pen.eu\\\/wp-content\\\/uploads\\\/2025\\\/07\\\/NVR_Black-SS.jpg\",\"datePublished\":\"2025-07-29T06:50:46+00:00\",\"dateModified\":\"2025-09-22T13:54:45+00:00\",\"breadcrumb\":{\"@id\":\"https:\\\/\\\/pen.eu\\\/produkt\\\/notizbuch-mallorca\\\/#breadcrumb\"},\"inLanguage\":\"es\",\"potentialAction\":[{\"@type\":\"ReadAction\",\"target\":[\"https:\\\/\\\/pen.eu\\\/produkt\\\/notizbuch-mallorca\\\/\"]}]},{\"@type\":\"ImageObject\",\"inLanguage\":\"es\",\"@id\":\"https:\\\/\\\/pen.eu\\\/produkt\\\/notizbuch-mallorca\\\/#primaryimage\",\"url\":\"https:\\\/\\\/pen.eu\\\/wp-content\\\/uploads\\\/2025\\\/07\\\/NVR_Black-SS.jpg\",\"contentUrl\":\"https:\\\/\\\/pen.eu\\\/wp-content\\\/uploads\\\/2025\\\/07\\\/NVR_Black-SS.jpg\",\"width\":2000,\"height\":2000,\"caption\":\"NVR_Black\"},{\"@type\":\"BreadcrumbList\",\"@id\":\"https:\\\/\\\/pen.eu\\\/produkt\\\/notizbuch-mallorca\\\/#breadcrumb\",\"itemListElement\":[{\"@type\":\"ListItem\",\"position\":1,\"name\":\"Home\",\"item\":\"https:\\\/\\\/pen.eu\\\/\"},{\"@type\":\"ListItem\",\"position\":2,\"name\":\"Shop\",\"item\":\"https:\\\/\\\/pen.eu\\\/ch\\\/shop\\\/\"},{\"@type\":\"ListItem\",\"position\":3,\"name\":\"Notizbuch &#8220;Mallorca&#8221;\"}]},{\"@type\":\"WebSite\",\"@id\":\"https:\\\/\\\/pen.eu\\\/#website\",\"url\":\"https:\\\/\\\/pen.eu\\\/\",\"name\":\"PEN.EU\",\"description\":\"Kugelschreiber bedrucken mit Logo | pen.eu\",\"potentialAction\":[{\"@type\":\"SearchAction\",\"target\":{\"@type\":\"EntryPoint\",\"urlTemplate\":\"https:\\\/\\\/pen.eu\\\/?s={search_term_string}\"},\"query-input\":{\"@type\":\"PropertyValueSpecification\",\"valueRequired\":true,\"valueName\":\"search_term_string\"}}],\"inLanguage\":\"es\"}]}<\/script>\n<!-- \/ Yoast SEO plugin. -->","yoast_head_json":{"title":"Notizbuch \"Mallorca\" - PEN.EU","robots":{"index":"index","follow":"follow","max-snippet":"max-snippet:-1","max-image-preview":"max-image-preview:large","max-video-preview":"max-video-preview:-1"},"canonical":"https:\/\/pen.eu\/es\/producto\/notizbuch-mallorca\/","og_locale":"es_ES","og_type":"article","og_title":"Notizbuch \"Mallorca\" - PEN.EU","og_description":"Das Mallorca A6-Notizbuch mit weichem Einband aus 22,3\u202f% recyceltem PU vereint elegantes Design mit nachhaltigem Anspruch. Der samtige Einband bietet ein angenehm hochwertiges Gef\u00fchl in der Hand. Im Inneren erwarten Sie 60 linierte Bl\u00e4tter aus Papier verantwortungsvoller Forstwirtschaft \u2013 ideal zum Festhalten von Gedanken, Notizen oder Ideen. Die fest eingen\u00e4hten Seiten, das farblich abgestimmte Gummiband [&hellip;]","og_url":"https:\/\/pen.eu\/es\/producto\/notizbuch-mallorca\/","og_site_name":"PEN.EU","article_modified_time":"2025-09-22T13:54:45+00:00","og_image":[{"width":2000,"height":2000,"url":"https:\/\/pen.eu\/wp-content\/uploads\/2025\/07\/NVR_Black-SS.jpg","type":"image\/jpeg"}],"twitter_card":"summary_large_image","schema":{"@context":"https:\/\/schema.org","@graph":[{"@type":"WebPage","@id":"https:\/\/pen.eu\/produkt\/notizbuch-mallorca\/","url":"https:\/\/pen.eu\/produkt\/notizbuch-mallorca\/","name":"Notizbuch \"Mallorca\" - PEN.EU","isPartOf":{"@id":"https:\/\/pen.eu\/#website"},"primaryImageOfPage":{"@id":"https:\/\/pen.eu\/produkt\/notizbuch-mallorca\/#primaryimage"},"image":{"@id":"https:\/\/pen.eu\/produkt\/notizbuch-mallorca\/#primaryimage"},"thumbnailUrl":"https:\/\/pen.eu\/wp-content\/uploads\/2025\/07\/NVR_Black-SS.jpg","datePublished":"2025-07-29T06:50:46+00:00","dateModified":"2025-09-22T13:54:45+00:00","breadcrumb":{"@id":"https:\/\/pen.eu\/produkt\/notizbuch-mallorca\/#breadcrumb"},"inLanguage":"es","potentialAction":[{"@type":"ReadAction","target":["https:\/\/pen.eu\/produkt\/notizbuch-mallorca\/"]}]},{"@type":"ImageObject","inLanguage":"es","@id":"https:\/\/pen.eu\/produkt\/notizbuch-mallorca\/#primaryimage","url":"https:\/\/pen.eu\/wp-content\/uploads\/2025\/07\/NVR_Black-SS.jpg","contentUrl":"https:\/\/pen.eu\/wp-content\/uploads\/2025\/07\/NVR_Black-SS.jpg","width":2000,"height":2000,"caption":"NVR_Black"},{"@type":"BreadcrumbList","@id":"https:\/\/pen.eu\/produkt\/notizbuch-mallorca\/#breadcrumb","itemListElement":[{"@type":"ListItem","position":1,"name":"Home","item":"https:\/\/pen.eu\/"},{"@type":"ListItem","position":2,"name":"Shop","item":"https:\/\/pen.eu\/ch\/shop\/"},{"@type":"ListItem","position":3,"name":"Notizbuch &#8220;Mallorca&#8221;"}]},{"@type":"WebSite","@id":"https:\/\/pen.eu\/#website","url":"https:\/\/pen.eu\/","name":"PEN.EU","description":"Kugelschreiber bedrucken mit Logo | pen.eu","potentialAction":[{"@type":"SearchAction","target":{"@type":"EntryPoint","urlTemplate":"https:\/\/pen.eu\/?s={search_term_string}"},"query-input":{"@type":"PropertyValueSpecification","valueRequired":true,"valueName":"search_term_string"}}],"inLanguage":"es"}]}},"_links":{"self":[{"href":"https:\/\/pen.eu\/es\/wp-json\/wp\/v2\/product\/15543","targetHints":{"allow":["GET"]}}],"collection":[{"href":"https:\/\/pen.eu\/es\/wp-json\/wp\/v2\/product"}],"about":[{"href":"https:\/\/pen.eu\/es\/wp-json\/wp\/v2\/types\/product"}],"replies":[{"embeddable":true,"href":"https:\/\/pen.eu\/es\/wp-json\/wp\/v2\/comments?post=15543"}],"wp:featuredmedia":[{"embeddable":true,"href":"https:\/\/pen.eu\/es\/wp-json\/wp\/v2\/media\/15702"}],"wp:attachment":[{"href":"https:\/\/pen.eu\/es\/wp-json\/wp\/v2\/media?parent=15543"}],"wp:term":[{"taxonomy":"product_brand","embeddable":true,"href":"https:\/\/pen.eu\/es\/wp-json\/wp\/v2\/product_brand?post=15543"},{"taxonomy":"product_cat","embeddable":true,"href":"https:\/\/pen.eu\/es\/wp-json\/wp\/v2\/product_cat?post=15543"},{"taxonomy":"product_tag","embeddable":true,"href":"https:\/\/pen.eu\/es\/wp-json\/wp\/v2\/product_tag?post=15543"}],"curies":[{"name":"wp","href":"https:\/\/api.w.org\/{rel}","templated":true}]}}