{"id":15545,"date":"2025-07-29T08:50:48","date_gmt":"2025-07-29T06:50:48","guid":{"rendered":"https:\/\/v2.frank-pen.de\/?post_type=product&#038;p=15545"},"modified":"2025-09-25T14:10:22","modified_gmt":"2025-09-25T12:10:22","slug":"notizbuch-caddy","status":"publish","type":"product","link":"https:\/\/pen.eu\/es\/producto\/notizbuch-caddy\/","title":{"rendered":"Cuaderno \"Caddy\""},"content":{"rendered":"<p>El set de cuaderno Caddy con bol\u00edgrafo \u201cMarry\u201d destaca por su elegante presentaci\u00f3n y funcionalidad pr\u00e1ctica \u2013 ideal como regalo promocional de alta gama. El exterior est\u00e1 hecho de refinada piel sint\u00e9tica de PVC, mientras que el interior, en vinilo negro con costuras a juego, crea un acabado armonioso. En el lado izquierdo, se incluyen 25 notas adhesivas blancas y 25 amarillas (69,5 x 34,6 mm), junto con cinco juegos de marcadores de colores en naranja, rosa, amarillo, verde y azul (25 hojas cada uno). En el lado derecho, un bloc de notas de 120 x 75 mm con 70 hojas de papel blanco (70 g\/m\u00b2) est\u00e1 integrado. En el centro, un portabol\u00edgrafos el\u00e1stico negro con ojal plateado sujeta de forma segura el bol\u00edgrafo met\u00e1lico \u201cMarry\u201d con acabado soft-touch. El bol\u00edgrafo negro \u201cMarry\u201d es uno de los modelos m\u00e1s populares, apreciado por su tacto de calidad y dise\u00f1o elegante. Su logotipo puede imprimirse a todo color tanto en la cubierta del cuaderno como en el bol\u00edgrafo. Este set es perfecto para campa\u00f1as promocionales, regalos para clientes o uso profesional diario.<\/p>","protected":false},"excerpt":{"rendered":"<p>Das Caddy Notizbuch als Geschenkset mit dem Kugelschreiber &#8220;Marry&#8221; \u00fcberzeugt durch seine stilvolle Ausf\u00fchrung und praktische Funktionalit\u00e4t \u2013 ideal als hochwertiges Werbegeschenk. Die Au\u00dfenseite besteht aus edlem PVC-Leder, w\u00e4hrend die Innenseite mit schwarzem Vinyl und farblich abgestimmten N\u00e4hten f\u00fcr ein harmonisches Gesamtbild sorgt. Im Inneren befinden sich auf der linken Seite jeweils 25 wei\u00dfe und [&hellip;]<\/p>\n","protected":false},"featured_media":15687,"comment_status":"open","ping_status":"closed","template":"","meta":[],"product_brand":[],"product_cat":[308,311],"product_tag":[719,863,818],"class_list":{"0":"post-15545","1":"product","2":"type-product","3":"status-publish","4":"has-post-thumbnail","6":"product_cat-geschenksets","7":"product_cat-notizbuecher","8":"product_tag-nod","9":"product_tag-notestripe","10":"product_tag-top-48","11":"pa_material-kunststoff","12":"pa_werbeanbringung-digitaldruck","14":"first","15":"instock","16":"taxable","17":"shipping-taxable","18":"purchasable","19":"product-type-variable","20":"has-default-attributes","21":"add-to-wishlist-after_add_to_cart"},"yoast_head":"<!-- This site is optimized with the Yoast SEO plugin v27.4 - https:\/\/yoast.com\/product\/yoast-seo-wordpress\/ -->\n<title>Notizbuch &quot;Caddy&quot; - PEN.EU<\/title>\n<meta name=\"robots\" content=\"index, follow, max-snippet:-1, max-image-preview:large, max-video-preview:-1\" \/>\n<link rel=\"canonical\" href=\"https:\/\/pen.eu\/es\/producto\/notizbuch-caddy\/\" \/>\n<meta property=\"og:locale\" content=\"es_ES\" \/>\n<meta property=\"og:type\" content=\"article\" \/>\n<meta property=\"og:title\" content=\"Notizbuch &quot;Caddy&quot; - PEN.EU\" \/>\n<meta property=\"og:description\" content=\"Das Caddy Notizbuch als Geschenkset mit dem Kugelschreiber &#8220;Marry&#8221; \u00fcberzeugt durch seine stilvolle Ausf\u00fchrung und praktische Funktionalit\u00e4t \u2013 ideal als hochwertiges Werbegeschenk. Die Au\u00dfenseite besteht aus edlem PVC-Leder, w\u00e4hrend die Innenseite mit schwarzem Vinyl und farblich abgestimmten N\u00e4hten f\u00fcr ein harmonisches Gesamtbild sorgt. Im Inneren befinden sich auf der linken Seite jeweils 25 wei\u00dfe und [&hellip;]\" \/>\n<meta property=\"og:url\" content=\"https:\/\/pen.eu\/es\/producto\/notizbuch-caddy\/\" \/>\n<meta property=\"og:site_name\" content=\"PEN.EU\" \/>\n<meta property=\"article:modified_time\" content=\"2025-09-25T12:10:22+00:00\" \/>\n<meta property=\"og:image\" content=\"https:\/\/pen.eu\/wp-content\/uploads\/2025\/07\/NOD-SS-BLACK-1.jpg\" \/>\n\t<meta property=\"og:image:width\" content=\"1800\" \/>\n\t<meta property=\"og:image:height\" content=\"1800\" \/>\n\t<meta property=\"og:image:type\" content=\"image\/jpeg\" \/>\n<meta name=\"twitter:card\" content=\"summary_large_image\" \/>\n<meta name=\"twitter:label1\" content=\"Tiempo de lectura\" \/>\n\t<meta name=\"twitter:data1\" content=\"1 minuto\" \/>\n<script type=\"application\/ld+json\" class=\"yoast-schema-graph\">{\"@context\":\"https:\\\/\\\/schema.org\",\"@graph\":[{\"@type\":\"WebPage\",\"@id\":\"https:\\\/\\\/pen.eu\\\/produkt\\\/notizbuch-caddy\\\/\",\"url\":\"https:\\\/\\\/pen.eu\\\/produkt\\\/notizbuch-caddy\\\/\",\"name\":\"Notizbuch \\\"Caddy\\\" - PEN.EU\",\"isPartOf\":{\"@id\":\"https:\\\/\\\/pen.eu\\\/#website\"},\"primaryImageOfPage\":{\"@id\":\"https:\\\/\\\/pen.eu\\\/produkt\\\/notizbuch-caddy\\\/#primaryimage\"},\"image\":{\"@id\":\"https:\\\/\\\/pen.eu\\\/produkt\\\/notizbuch-caddy\\\/#primaryimage\"},\"thumbnailUrl\":\"https:\\\/\\\/pen.eu\\\/wp-content\\\/uploads\\\/2025\\\/07\\\/NOD-SS-BLACK-1.jpg\",\"datePublished\":\"2025-07-29T06:50:48+00:00\",\"dateModified\":\"2025-09-25T12:10:22+00:00\",\"breadcrumb\":{\"@id\":\"https:\\\/\\\/pen.eu\\\/produkt\\\/notizbuch-caddy\\\/#breadcrumb\"},\"inLanguage\":\"es\",\"potentialAction\":[{\"@type\":\"ReadAction\",\"target\":[\"https:\\\/\\\/pen.eu\\\/produkt\\\/notizbuch-caddy\\\/\"]}]},{\"@type\":\"ImageObject\",\"inLanguage\":\"es\",\"@id\":\"https:\\\/\\\/pen.eu\\\/produkt\\\/notizbuch-caddy\\\/#primaryimage\",\"url\":\"https:\\\/\\\/pen.eu\\\/wp-content\\\/uploads\\\/2025\\\/07\\\/NOD-SS-BLACK-1.jpg\",\"contentUrl\":\"https:\\\/\\\/pen.eu\\\/wp-content\\\/uploads\\\/2025\\\/07\\\/NOD-SS-BLACK-1.jpg\",\"width\":1800,\"height\":1800,\"caption\":\"NOD-SS-BLACK\"},{\"@type\":\"BreadcrumbList\",\"@id\":\"https:\\\/\\\/pen.eu\\\/produkt\\\/notizbuch-caddy\\\/#breadcrumb\",\"itemListElement\":[{\"@type\":\"ListItem\",\"position\":1,\"name\":\"Home\",\"item\":\"https:\\\/\\\/pen.eu\\\/\"},{\"@type\":\"ListItem\",\"position\":2,\"name\":\"Shop\",\"item\":\"https:\\\/\\\/pen.eu\\\/ch\\\/shop\\\/\"},{\"@type\":\"ListItem\",\"position\":3,\"name\":\"Notizbuch &#8220;Caddy&#8221;\"}]},{\"@type\":\"WebSite\",\"@id\":\"https:\\\/\\\/pen.eu\\\/#website\",\"url\":\"https:\\\/\\\/pen.eu\\\/\",\"name\":\"PEN.EU\",\"description\":\"Kugelschreiber bedrucken mit Logo | pen.eu\",\"potentialAction\":[{\"@type\":\"SearchAction\",\"target\":{\"@type\":\"EntryPoint\",\"urlTemplate\":\"https:\\\/\\\/pen.eu\\\/?s={search_term_string}\"},\"query-input\":{\"@type\":\"PropertyValueSpecification\",\"valueRequired\":true,\"valueName\":\"search_term_string\"}}],\"inLanguage\":\"es\"}]}<\/script>\n<!-- \/ Yoast SEO plugin. -->","yoast_head_json":{"title":"Notizbuch \"Caddy\" - PEN.EU","robots":{"index":"index","follow":"follow","max-snippet":"max-snippet:-1","max-image-preview":"max-image-preview:large","max-video-preview":"max-video-preview:-1"},"canonical":"https:\/\/pen.eu\/es\/producto\/notizbuch-caddy\/","og_locale":"es_ES","og_type":"article","og_title":"Notizbuch \"Caddy\" - PEN.EU","og_description":"Das Caddy Notizbuch als Geschenkset mit dem Kugelschreiber &#8220;Marry&#8221; \u00fcberzeugt durch seine stilvolle Ausf\u00fchrung und praktische Funktionalit\u00e4t \u2013 ideal als hochwertiges Werbegeschenk. Die Au\u00dfenseite besteht aus edlem PVC-Leder, w\u00e4hrend die Innenseite mit schwarzem Vinyl und farblich abgestimmten N\u00e4hten f\u00fcr ein harmonisches Gesamtbild sorgt. Im Inneren befinden sich auf der linken Seite jeweils 25 wei\u00dfe und [&hellip;]","og_url":"https:\/\/pen.eu\/es\/producto\/notizbuch-caddy\/","og_site_name":"PEN.EU","article_modified_time":"2025-09-25T12:10:22+00:00","og_image":[{"width":1800,"height":1800,"url":"https:\/\/pen.eu\/wp-content\/uploads\/2025\/07\/NOD-SS-BLACK-1.jpg","type":"image\/jpeg"}],"twitter_card":"summary_large_image","twitter_misc":{"Tiempo de lectura":"1 minuto"},"schema":{"@context":"https:\/\/schema.org","@graph":[{"@type":"WebPage","@id":"https:\/\/pen.eu\/produkt\/notizbuch-caddy\/","url":"https:\/\/pen.eu\/produkt\/notizbuch-caddy\/","name":"Notizbuch \"Caddy\" - PEN.EU","isPartOf":{"@id":"https:\/\/pen.eu\/#website"},"primaryImageOfPage":{"@id":"https:\/\/pen.eu\/produkt\/notizbuch-caddy\/#primaryimage"},"image":{"@id":"https:\/\/pen.eu\/produkt\/notizbuch-caddy\/#primaryimage"},"thumbnailUrl":"https:\/\/pen.eu\/wp-content\/uploads\/2025\/07\/NOD-SS-BLACK-1.jpg","datePublished":"2025-07-29T06:50:48+00:00","dateModified":"2025-09-25T12:10:22+00:00","breadcrumb":{"@id":"https:\/\/pen.eu\/produkt\/notizbuch-caddy\/#breadcrumb"},"inLanguage":"es","potentialAction":[{"@type":"ReadAction","target":["https:\/\/pen.eu\/produkt\/notizbuch-caddy\/"]}]},{"@type":"ImageObject","inLanguage":"es","@id":"https:\/\/pen.eu\/produkt\/notizbuch-caddy\/#primaryimage","url":"https:\/\/pen.eu\/wp-content\/uploads\/2025\/07\/NOD-SS-BLACK-1.jpg","contentUrl":"https:\/\/pen.eu\/wp-content\/uploads\/2025\/07\/NOD-SS-BLACK-1.jpg","width":1800,"height":1800,"caption":"NOD-SS-BLACK"},{"@type":"BreadcrumbList","@id":"https:\/\/pen.eu\/produkt\/notizbuch-caddy\/#breadcrumb","itemListElement":[{"@type":"ListItem","position":1,"name":"Home","item":"https:\/\/pen.eu\/"},{"@type":"ListItem","position":2,"name":"Shop","item":"https:\/\/pen.eu\/ch\/shop\/"},{"@type":"ListItem","position":3,"name":"Notizbuch &#8220;Caddy&#8221;"}]},{"@type":"WebSite","@id":"https:\/\/pen.eu\/#website","url":"https:\/\/pen.eu\/","name":"PEN.EU","description":"Kugelschreiber bedrucken mit Logo | pen.eu","potentialAction":[{"@type":"SearchAction","target":{"@type":"EntryPoint","urlTemplate":"https:\/\/pen.eu\/?s={search_term_string}"},"query-input":{"@type":"PropertyValueSpecification","valueRequired":true,"valueName":"search_term_string"}}],"inLanguage":"es"}]}},"_links":{"self":[{"href":"https:\/\/pen.eu\/es\/wp-json\/wp\/v2\/product\/15545","targetHints":{"allow":["GET"]}}],"collection":[{"href":"https:\/\/pen.eu\/es\/wp-json\/wp\/v2\/product"}],"about":[{"href":"https:\/\/pen.eu\/es\/wp-json\/wp\/v2\/types\/product"}],"replies":[{"embeddable":true,"href":"https:\/\/pen.eu\/es\/wp-json\/wp\/v2\/comments?post=15545"}],"wp:featuredmedia":[{"embeddable":true,"href":"https:\/\/pen.eu\/es\/wp-json\/wp\/v2\/media\/15687"}],"wp:attachment":[{"href":"https:\/\/pen.eu\/es\/wp-json\/wp\/v2\/media?parent=15545"}],"wp:term":[{"taxonomy":"product_brand","embeddable":true,"href":"https:\/\/pen.eu\/es\/wp-json\/wp\/v2\/product_brand?post=15545"},{"taxonomy":"product_cat","embeddable":true,"href":"https:\/\/pen.eu\/es\/wp-json\/wp\/v2\/product_cat?post=15545"},{"taxonomy":"product_tag","embeddable":true,"href":"https:\/\/pen.eu\/es\/wp-json\/wp\/v2\/product_tag?post=15545"}],"curies":[{"name":"wp","href":"https:\/\/api.w.org\/{rel}","templated":true}]}}