{"id":15561,"date":"2025-07-29T09:12:35","date_gmt":"2025-07-29T07:12:35","guid":{"rendered":"https:\/\/v2.frank-pen.de\/?post_type=product&#038;p=15561"},"modified":"2025-09-22T15:54:45","modified_gmt":"2025-09-22T13:54:45","slug":"notizbuch-belize","status":"publish","type":"product","link":"https:\/\/pen.eu\/es\/producto\/notizbuch-belize\/","title":{"rendered":"Cuaderno  \"Belize\""},"content":{"rendered":"<p>El set de cuaderno de espiral Belize en formato A5 combina sostenibilidad con una funcionalidad bien pensada. La tapa del cuaderno est\u00e1 fabricada en pl\u00e1stico reciclado Repreve\u00ae, obtenido de residuos marinos, lo que le aporta un car\u00e1cter ecol\u00f3gico. En su interior, 60 hojas rayadas de papel marfil de alta calidad (70 g\/m\u00b2), procedente de bosques gestionados de forma responsable. La resistente espiral de acero lacado en negro garantiza durabilidad y apertura fluida de las p\u00e1ginas. Una banda el\u00e1stica a juego y un portabol\u00edgrafos integrado con remache plateado a\u00f1aden practicidad y sujeci\u00f3n. El set incluye un bol\u00edgrafo de pl\u00e1stico reciclado (RABS) con un agradable acabado engomado que ofrece gran comodidad de escritura. Tenga en cuenta que solo se imprime el cuaderno \u2013 no el bol\u00edgrafo. Perfecto para el uso diario o como regalo promocional sostenible.<\/p>","protected":false},"excerpt":{"rendered":"<p>Das Belize Spiralnotizblock-Set im A5-Format kombiniert Nachhaltigkeit mit durchdachter Funktionalit\u00e4t. Der Einband des Notizbuchs besteht aus recyceltem Repreve\u00ae-Kunststoff, der aus Meeresabf\u00e4llen gewonnen wurde, und verleiht dem Produkt einen umweltbewussten Charakter. Im Inneren befinden sich 60 linierte Bl\u00e4tter aus hochwertigem, elfenbeinfarbenem Papier mit 70\u202fg\/m\u00b2 St\u00e4rke, das aus verantwortungsvoller Forstwirtschaft stammt. Die robuste, schwarz lackierte Stahlspirale sorgt [&hellip;]<\/p>\n","protected":false},"featured_media":15759,"comment_status":"open","ping_status":"closed","template":"","meta":[],"product_brand":[],"product_cat":[308,311],"product_tag":[792,727,780],"class_list":{"0":"post-15561","1":"product","2":"type-product","3":"status-publish","4":"has-post-thumbnail","6":"product_cat-geschenksets","7":"product_cat-notizbuecher","8":"product_tag-left-49","9":"product_tag-nze","10":"product_tag-top-50","11":"pa_material-elastischer-verschluss","12":"pa_material-fsc-paper","13":"pa_material-recycelter-bezug","14":"pa_werbeanbringung-digitaldruck","15":"pa_werbeanbringung-siebdruck","17":"first","18":"instock","19":"taxable","20":"shipping-taxable","21":"purchasable","22":"product-type-variable","23":"add-to-wishlist-after_add_to_cart"},"yoast_head":"<!-- This site is optimized with the Yoast SEO plugin v27.4 - https:\/\/yoast.com\/product\/yoast-seo-wordpress\/ -->\n<title>Notizbuch &quot;Belize&quot; - PEN.EU<\/title>\n<meta name=\"robots\" content=\"index, follow, max-snippet:-1, max-image-preview:large, max-video-preview:-1\" \/>\n<link rel=\"canonical\" href=\"https:\/\/pen.eu\/es\/producto\/notizbuch-belize\/\" \/>\n<meta property=\"og:locale\" content=\"es_ES\" \/>\n<meta property=\"og:type\" content=\"article\" \/>\n<meta property=\"og:title\" content=\"Notizbuch &quot;Belize&quot; - PEN.EU\" \/>\n<meta property=\"og:description\" content=\"Das Belize Spiralnotizblock-Set im A5-Format kombiniert Nachhaltigkeit mit durchdachter Funktionalit\u00e4t. Der Einband des Notizbuchs besteht aus recyceltem Repreve\u00ae-Kunststoff, der aus Meeresabf\u00e4llen gewonnen wurde, und verleiht dem Produkt einen umweltbewussten Charakter. Im Inneren befinden sich 60 linierte Bl\u00e4tter aus hochwertigem, elfenbeinfarbenem Papier mit 70\u202fg\/m\u00b2 St\u00e4rke, das aus verantwortungsvoller Forstwirtschaft stammt. Die robuste, schwarz lackierte Stahlspirale sorgt [&hellip;]\" \/>\n<meta property=\"og:url\" content=\"https:\/\/pen.eu\/es\/producto\/notizbuch-belize\/\" \/>\n<meta property=\"og:site_name\" content=\"PEN.EU\" \/>\n<meta property=\"article:modified_time\" content=\"2025-09-22T13:54:45+00:00\" \/>\n<meta property=\"og:image\" content=\"https:\/\/pen.eu\/wp-content\/uploads\/2025\/07\/NZE_family-blank.png\" \/>\n\t<meta property=\"og:image:width\" content=\"2000\" \/>\n\t<meta property=\"og:image:height\" content=\"2000\" \/>\n\t<meta property=\"og:image:type\" content=\"image\/png\" \/>\n<meta name=\"twitter:card\" content=\"summary_large_image\" \/>\n<meta name=\"twitter:label1\" content=\"Tiempo de lectura\" \/>\n\t<meta name=\"twitter:data1\" content=\"1 minuto\" \/>\n<script type=\"application\/ld+json\" class=\"yoast-schema-graph\">{\"@context\":\"https:\\\/\\\/schema.org\",\"@graph\":[{\"@type\":\"WebPage\",\"@id\":\"https:\\\/\\\/pen.eu\\\/produkt\\\/notizbuch-belize\\\/\",\"url\":\"https:\\\/\\\/pen.eu\\\/produkt\\\/notizbuch-belize\\\/\",\"name\":\"Notizbuch \\\"Belize\\\" - PEN.EU\",\"isPartOf\":{\"@id\":\"https:\\\/\\\/pen.eu\\\/#website\"},\"primaryImageOfPage\":{\"@id\":\"https:\\\/\\\/pen.eu\\\/produkt\\\/notizbuch-belize\\\/#primaryimage\"},\"image\":{\"@id\":\"https:\\\/\\\/pen.eu\\\/produkt\\\/notizbuch-belize\\\/#primaryimage\"},\"thumbnailUrl\":\"https:\\\/\\\/pen.eu\\\/wp-content\\\/uploads\\\/2025\\\/07\\\/NZE_family-blank.png\",\"datePublished\":\"2025-07-29T07:12:35+00:00\",\"dateModified\":\"2025-09-22T13:54:45+00:00\",\"breadcrumb\":{\"@id\":\"https:\\\/\\\/pen.eu\\\/produkt\\\/notizbuch-belize\\\/#breadcrumb\"},\"inLanguage\":\"es\",\"potentialAction\":[{\"@type\":\"ReadAction\",\"target\":[\"https:\\\/\\\/pen.eu\\\/produkt\\\/notizbuch-belize\\\/\"]}]},{\"@type\":\"ImageObject\",\"inLanguage\":\"es\",\"@id\":\"https:\\\/\\\/pen.eu\\\/produkt\\\/notizbuch-belize\\\/#primaryimage\",\"url\":\"https:\\\/\\\/pen.eu\\\/wp-content\\\/uploads\\\/2025\\\/07\\\/NZE_family-blank.png\",\"contentUrl\":\"https:\\\/\\\/pen.eu\\\/wp-content\\\/uploads\\\/2025\\\/07\\\/NZE_family-blank.png\",\"width\":2000,\"height\":2000,\"caption\":\"NZE_family-blank\"},{\"@type\":\"BreadcrumbList\",\"@id\":\"https:\\\/\\\/pen.eu\\\/produkt\\\/notizbuch-belize\\\/#breadcrumb\",\"itemListElement\":[{\"@type\":\"ListItem\",\"position\":1,\"name\":\"Home\",\"item\":\"https:\\\/\\\/pen.eu\\\/\"},{\"@type\":\"ListItem\",\"position\":2,\"name\":\"Shop\",\"item\":\"https:\\\/\\\/pen.eu\\\/ch\\\/shop\\\/\"},{\"@type\":\"ListItem\",\"position\":3,\"name\":\"Notizbuch &#8220;Belize&#8221;\"}]},{\"@type\":\"WebSite\",\"@id\":\"https:\\\/\\\/pen.eu\\\/#website\",\"url\":\"https:\\\/\\\/pen.eu\\\/\",\"name\":\"PEN.EU\",\"description\":\"Kugelschreiber bedrucken mit Logo | pen.eu\",\"potentialAction\":[{\"@type\":\"SearchAction\",\"target\":{\"@type\":\"EntryPoint\",\"urlTemplate\":\"https:\\\/\\\/pen.eu\\\/?s={search_term_string}\"},\"query-input\":{\"@type\":\"PropertyValueSpecification\",\"valueRequired\":true,\"valueName\":\"search_term_string\"}}],\"inLanguage\":\"es\"}]}<\/script>\n<!-- \/ Yoast SEO plugin. -->","yoast_head_json":{"title":"Notizbuch \"Belize\" - PEN.EU","robots":{"index":"index","follow":"follow","max-snippet":"max-snippet:-1","max-image-preview":"max-image-preview:large","max-video-preview":"max-video-preview:-1"},"canonical":"https:\/\/pen.eu\/es\/producto\/notizbuch-belize\/","og_locale":"es_ES","og_type":"article","og_title":"Notizbuch \"Belize\" - PEN.EU","og_description":"Das Belize Spiralnotizblock-Set im A5-Format kombiniert Nachhaltigkeit mit durchdachter Funktionalit\u00e4t. Der Einband des Notizbuchs besteht aus recyceltem Repreve\u00ae-Kunststoff, der aus Meeresabf\u00e4llen gewonnen wurde, und verleiht dem Produkt einen umweltbewussten Charakter. Im Inneren befinden sich 60 linierte Bl\u00e4tter aus hochwertigem, elfenbeinfarbenem Papier mit 70\u202fg\/m\u00b2 St\u00e4rke, das aus verantwortungsvoller Forstwirtschaft stammt. Die robuste, schwarz lackierte Stahlspirale sorgt [&hellip;]","og_url":"https:\/\/pen.eu\/es\/producto\/notizbuch-belize\/","og_site_name":"PEN.EU","article_modified_time":"2025-09-22T13:54:45+00:00","og_image":[{"width":2000,"height":2000,"url":"https:\/\/pen.eu\/wp-content\/uploads\/2025\/07\/NZE_family-blank.png","type":"image\/png"}],"twitter_card":"summary_large_image","twitter_misc":{"Tiempo de lectura":"1 minuto"},"schema":{"@context":"https:\/\/schema.org","@graph":[{"@type":"WebPage","@id":"https:\/\/pen.eu\/produkt\/notizbuch-belize\/","url":"https:\/\/pen.eu\/produkt\/notizbuch-belize\/","name":"Notizbuch \"Belize\" - PEN.EU","isPartOf":{"@id":"https:\/\/pen.eu\/#website"},"primaryImageOfPage":{"@id":"https:\/\/pen.eu\/produkt\/notizbuch-belize\/#primaryimage"},"image":{"@id":"https:\/\/pen.eu\/produkt\/notizbuch-belize\/#primaryimage"},"thumbnailUrl":"https:\/\/pen.eu\/wp-content\/uploads\/2025\/07\/NZE_family-blank.png","datePublished":"2025-07-29T07:12:35+00:00","dateModified":"2025-09-22T13:54:45+00:00","breadcrumb":{"@id":"https:\/\/pen.eu\/produkt\/notizbuch-belize\/#breadcrumb"},"inLanguage":"es","potentialAction":[{"@type":"ReadAction","target":["https:\/\/pen.eu\/produkt\/notizbuch-belize\/"]}]},{"@type":"ImageObject","inLanguage":"es","@id":"https:\/\/pen.eu\/produkt\/notizbuch-belize\/#primaryimage","url":"https:\/\/pen.eu\/wp-content\/uploads\/2025\/07\/NZE_family-blank.png","contentUrl":"https:\/\/pen.eu\/wp-content\/uploads\/2025\/07\/NZE_family-blank.png","width":2000,"height":2000,"caption":"NZE_family-blank"},{"@type":"BreadcrumbList","@id":"https:\/\/pen.eu\/produkt\/notizbuch-belize\/#breadcrumb","itemListElement":[{"@type":"ListItem","position":1,"name":"Home","item":"https:\/\/pen.eu\/"},{"@type":"ListItem","position":2,"name":"Shop","item":"https:\/\/pen.eu\/ch\/shop\/"},{"@type":"ListItem","position":3,"name":"Notizbuch &#8220;Belize&#8221;"}]},{"@type":"WebSite","@id":"https:\/\/pen.eu\/#website","url":"https:\/\/pen.eu\/","name":"PEN.EU","description":"Kugelschreiber bedrucken mit Logo | pen.eu","potentialAction":[{"@type":"SearchAction","target":{"@type":"EntryPoint","urlTemplate":"https:\/\/pen.eu\/?s={search_term_string}"},"query-input":{"@type":"PropertyValueSpecification","valueRequired":true,"valueName":"search_term_string"}}],"inLanguage":"es"}]}},"_links":{"self":[{"href":"https:\/\/pen.eu\/es\/wp-json\/wp\/v2\/product\/15561","targetHints":{"allow":["GET"]}}],"collection":[{"href":"https:\/\/pen.eu\/es\/wp-json\/wp\/v2\/product"}],"about":[{"href":"https:\/\/pen.eu\/es\/wp-json\/wp\/v2\/types\/product"}],"replies":[{"embeddable":true,"href":"https:\/\/pen.eu\/es\/wp-json\/wp\/v2\/comments?post=15561"}],"wp:featuredmedia":[{"embeddable":true,"href":"https:\/\/pen.eu\/es\/wp-json\/wp\/v2\/media\/15759"}],"wp:attachment":[{"href":"https:\/\/pen.eu\/es\/wp-json\/wp\/v2\/media?parent=15561"}],"wp:term":[{"taxonomy":"product_brand","embeddable":true,"href":"https:\/\/pen.eu\/es\/wp-json\/wp\/v2\/product_brand?post=15561"},{"taxonomy":"product_cat","embeddable":true,"href":"https:\/\/pen.eu\/es\/wp-json\/wp\/v2\/product_cat?post=15561"},{"taxonomy":"product_tag","embeddable":true,"href":"https:\/\/pen.eu\/es\/wp-json\/wp\/v2\/product_tag?post=15561"}],"curies":[{"name":"wp","href":"https:\/\/api.w.org\/{rel}","templated":true}]}}