{"id":158,"date":"2024-09-19T09:16:22","date_gmt":"2024-09-19T07:16:22","guid":{"rendered":"https:\/\/v2.frank-pen.de\/produkt\/geschenkset-miami-gold-danke\/"},"modified":"2025-09-29T16:02:53","modified_gmt":"2025-09-29T14:02:53","slug":"geschenkset-mia-gold-danke","status":"publish","type":"product","link":"https:\/\/pen.eu\/es\/producto\/geschenkset-mia-gold-danke\/","title":{"rendered":"Geschenkset &#8220;Mia Gold Danke&#8221;"},"content":{"rendered":"<p>Ob f\u00fcr einen wertvollen Kunden oder einen engagierten Mitarbeiter \u2013 bei uns finden Sie das perfekte &#8220;Danke&#8221;. Unser Geschenkset, verziert mit ros\u00e9goldenen Akzenten und verpackt in einer stilvollen &#8220;Dankesch\u00f6n&#8221;-Box, enth\u00e4lt einen trendigen Kugelschreiber und eine Taschenlampe, beide farblich aufeinander abgestimmt. Dieses Set, bekannt als &#8220;Miami Gold Danke&#8221; oder auch als &#8220;Mia Geschenkset mit Ros\u00e9gold-Akzenten und Dankesch\u00f6n-Schachtel&#8221;, ist ein echter Bestseller. Der Kugelschreiber ist mit einer Stylus-Spitze f\u00fcr Touchscreens ausgestattet, w\u00e4hrend die Taschenlampe mit einem Schl\u00fcsselanh\u00e4nger und drei LED-Lichtern versehen ist. Beide Artikel werden mit Ihrem Logo graviert und in einer eleganten schwarzen Geschenkschachtel mit einem ros\u00e9goldenen &#8220;Danke&#8221;-Schriftzug geliefert \u2013 fertig zum Verschenken.<\/p>","protected":false},"excerpt":{"rendered":"<p>Ob f\u00fcr einen wertvollen Kunden oder einen engagierten Mitarbeiter \u2013 bei uns finden Sie das perfekte &#8220;Danke&#8221;. Unser Geschenkset, verziert mit ros\u00e9goldenen Akzenten und verpackt in einer stilvollen &#8220;Dankesch\u00f6n&#8221;-Box, enth\u00e4lt einen trendigen Kugelschreiber und eine Taschenlampe, beide farblich aufeinander abgestimmt. Dieses Set, bekannt als &#8220;Miami Gold Danke&#8221; oder auch als &#8220;Mia Geschenkset mit Ros\u00e9gold-Akzenten und [&hellip;]<\/p>\n","protected":false},"featured_media":159,"comment_status":"open","ping_status":"closed","template":"","meta":[],"product_brand":[],"product_cat":[308,247],"product_tag":[785,786,658],"class_list":{"0":"post-158","1":"product","2":"type-product","3":"status-publish","4":"has-post-thumbnail","6":"product_cat-geschenksets","7":"product_cat-schreibgeraete","8":"product_tag-glb","9":"product_tag-left-50","10":"product_tag-longpen","11":"pa_eigenschaft-rose-gold","12":"pa_eigenschaft-soft-touch","13":"pa_eigenschaft-stylus","14":"pa_farbe-anthrazit","15":"pa_farbe-dunkelrot","16":"pa_farbe-marine","17":"pa_farbe-schwarz","18":"pa_material-metall","19":"pa_mindestmenge-24","20":"pa_minenfarbe-blau","21":"pa_minenfarbe-schwarz","22":"pa_werbeanbringung-digitaldruck","23":"pa_werbeanbringung-lasergravur","25":"first","26":"instock","27":"taxable","28":"shipping-taxable","29":"purchasable","30":"product-type-variable","31":"has-default-attributes","32":"add-to-wishlist-after_add_to_cart"},"yoast_head":"<!-- This site is optimized with the Yoast SEO plugin v27.4 - https:\/\/yoast.com\/product\/yoast-seo-wordpress\/ -->\n<title>Geschenkset &quot;Mia Gold Danke&quot; - PEN.EU<\/title>\n<meta name=\"robots\" content=\"index, follow, max-snippet:-1, max-image-preview:large, max-video-preview:-1\" \/>\n<link rel=\"canonical\" href=\"https:\/\/pen.eu\/es\/producto\/geschenkset-mia-gold-danke\/\" \/>\n<meta property=\"og:locale\" content=\"es_ES\" \/>\n<meta property=\"og:type\" content=\"article\" \/>\n<meta property=\"og:title\" content=\"Geschenkset &quot;Mia Gold Danke&quot; - PEN.EU\" \/>\n<meta property=\"og:description\" content=\"Ob f\u00fcr einen wertvollen Kunden oder einen engagierten Mitarbeiter \u2013 bei uns finden Sie das perfekte &#8220;Danke&#8221;. Unser Geschenkset, verziert mit ros\u00e9goldenen Akzenten und verpackt in einer stilvollen &#8220;Dankesch\u00f6n&#8221;-Box, enth\u00e4lt einen trendigen Kugelschreiber und eine Taschenlampe, beide farblich aufeinander abgestimmt. Dieses Set, bekannt als &#8220;Miami Gold Danke&#8221; oder auch als &#8220;Mia Geschenkset mit Ros\u00e9gold-Akzenten und [&hellip;]\" \/>\n<meta property=\"og:url\" content=\"https:\/\/pen.eu\/es\/producto\/geschenkset-mia-gold-danke\/\" \/>\n<meta property=\"og:site_name\" content=\"PEN.EU\" \/>\n<meta property=\"article:modified_time\" content=\"2025-09-29T14:02:53+00:00\" \/>\n<meta property=\"og:image\" content=\"https:\/\/pen.eu\/wp-content\/uploads\/2024\/09\/0511040113-GL.jpg\" \/>\n\t<meta property=\"og:image:width\" content=\"1800\" \/>\n\t<meta property=\"og:image:height\" content=\"1800\" \/>\n\t<meta property=\"og:image:type\" content=\"image\/jpeg\" \/>\n<meta name=\"twitter:card\" content=\"summary_large_image\" \/>\n<meta name=\"twitter:label1\" content=\"Tiempo de lectura\" \/>\n\t<meta name=\"twitter:data1\" content=\"1 minuto\" \/>\n<script type=\"application\/ld+json\" class=\"yoast-schema-graph\">{\"@context\":\"https:\\\/\\\/schema.org\",\"@graph\":[{\"@type\":\"WebPage\",\"@id\":\"https:\\\/\\\/pen.eu\\\/produkt\\\/geschenkset-mia-gold-danke\\\/\",\"url\":\"https:\\\/\\\/pen.eu\\\/produkt\\\/geschenkset-mia-gold-danke\\\/\",\"name\":\"Geschenkset \\\"Mia Gold Danke\\\" - PEN.EU\",\"isPartOf\":{\"@id\":\"https:\\\/\\\/pen.eu\\\/#website\"},\"primaryImageOfPage\":{\"@id\":\"https:\\\/\\\/pen.eu\\\/produkt\\\/geschenkset-mia-gold-danke\\\/#primaryimage\"},\"image\":{\"@id\":\"https:\\\/\\\/pen.eu\\\/produkt\\\/geschenkset-mia-gold-danke\\\/#primaryimage\"},\"thumbnailUrl\":\"https:\\\/\\\/pen.eu\\\/wp-content\\\/uploads\\\/2024\\\/09\\\/0511040113-GL.jpg\",\"datePublished\":\"2024-09-19T07:16:22+00:00\",\"dateModified\":\"2025-09-29T14:02:53+00:00\",\"breadcrumb\":{\"@id\":\"https:\\\/\\\/pen.eu\\\/produkt\\\/geschenkset-mia-gold-danke\\\/#breadcrumb\"},\"inLanguage\":\"es\",\"potentialAction\":[{\"@type\":\"ReadAction\",\"target\":[\"https:\\\/\\\/pen.eu\\\/produkt\\\/geschenkset-mia-gold-danke\\\/\"]}]},{\"@type\":\"ImageObject\",\"inLanguage\":\"es\",\"@id\":\"https:\\\/\\\/pen.eu\\\/produkt\\\/geschenkset-mia-gold-danke\\\/#primaryimage\",\"url\":\"https:\\\/\\\/pen.eu\\\/wp-content\\\/uploads\\\/2024\\\/09\\\/0511040113-GL.jpg\",\"contentUrl\":\"https:\\\/\\\/pen.eu\\\/wp-content\\\/uploads\\\/2024\\\/09\\\/0511040113-GL.jpg\",\"width\":1800,\"height\":1800},{\"@type\":\"BreadcrumbList\",\"@id\":\"https:\\\/\\\/pen.eu\\\/produkt\\\/geschenkset-mia-gold-danke\\\/#breadcrumb\",\"itemListElement\":[{\"@type\":\"ListItem\",\"position\":1,\"name\":\"Home\",\"item\":\"https:\\\/\\\/pen.eu\\\/\"},{\"@type\":\"ListItem\",\"position\":2,\"name\":\"Shop\",\"item\":\"https:\\\/\\\/pen.eu\\\/ch\\\/shop\\\/\"},{\"@type\":\"ListItem\",\"position\":3,\"name\":\"Geschenkset &#8220;Mia Gold Danke&#8221;\"}]},{\"@type\":\"WebSite\",\"@id\":\"https:\\\/\\\/pen.eu\\\/#website\",\"url\":\"https:\\\/\\\/pen.eu\\\/\",\"name\":\"PEN.EU\",\"description\":\"Kugelschreiber bedrucken mit Logo | pen.eu\",\"potentialAction\":[{\"@type\":\"SearchAction\",\"target\":{\"@type\":\"EntryPoint\",\"urlTemplate\":\"https:\\\/\\\/pen.eu\\\/?s={search_term_string}\"},\"query-input\":{\"@type\":\"PropertyValueSpecification\",\"valueRequired\":true,\"valueName\":\"search_term_string\"}}],\"inLanguage\":\"es\"}]}<\/script>\n<!-- \/ Yoast SEO plugin. -->","yoast_head_json":{"title":"Geschenkset \"Mia Gold Danke\" - PEN.EU","robots":{"index":"index","follow":"follow","max-snippet":"max-snippet:-1","max-image-preview":"max-image-preview:large","max-video-preview":"max-video-preview:-1"},"canonical":"https:\/\/pen.eu\/es\/producto\/geschenkset-mia-gold-danke\/","og_locale":"es_ES","og_type":"article","og_title":"Geschenkset \"Mia Gold Danke\" - PEN.EU","og_description":"Ob f\u00fcr einen wertvollen Kunden oder einen engagierten Mitarbeiter \u2013 bei uns finden Sie das perfekte &#8220;Danke&#8221;. Unser Geschenkset, verziert mit ros\u00e9goldenen Akzenten und verpackt in einer stilvollen &#8220;Dankesch\u00f6n&#8221;-Box, enth\u00e4lt einen trendigen Kugelschreiber und eine Taschenlampe, beide farblich aufeinander abgestimmt. Dieses Set, bekannt als &#8220;Miami Gold Danke&#8221; oder auch als &#8220;Mia Geschenkset mit Ros\u00e9gold-Akzenten und [&hellip;]","og_url":"https:\/\/pen.eu\/es\/producto\/geschenkset-mia-gold-danke\/","og_site_name":"PEN.EU","article_modified_time":"2025-09-29T14:02:53+00:00","og_image":[{"width":1800,"height":1800,"url":"https:\/\/pen.eu\/wp-content\/uploads\/2024\/09\/0511040113-GL.jpg","type":"image\/jpeg"}],"twitter_card":"summary_large_image","twitter_misc":{"Tiempo de lectura":"1 minuto"},"schema":{"@context":"https:\/\/schema.org","@graph":[{"@type":"WebPage","@id":"https:\/\/pen.eu\/produkt\/geschenkset-mia-gold-danke\/","url":"https:\/\/pen.eu\/produkt\/geschenkset-mia-gold-danke\/","name":"Geschenkset \"Mia Gold Danke\" - PEN.EU","isPartOf":{"@id":"https:\/\/pen.eu\/#website"},"primaryImageOfPage":{"@id":"https:\/\/pen.eu\/produkt\/geschenkset-mia-gold-danke\/#primaryimage"},"image":{"@id":"https:\/\/pen.eu\/produkt\/geschenkset-mia-gold-danke\/#primaryimage"},"thumbnailUrl":"https:\/\/pen.eu\/wp-content\/uploads\/2024\/09\/0511040113-GL.jpg","datePublished":"2024-09-19T07:16:22+00:00","dateModified":"2025-09-29T14:02:53+00:00","breadcrumb":{"@id":"https:\/\/pen.eu\/produkt\/geschenkset-mia-gold-danke\/#breadcrumb"},"inLanguage":"es","potentialAction":[{"@type":"ReadAction","target":["https:\/\/pen.eu\/produkt\/geschenkset-mia-gold-danke\/"]}]},{"@type":"ImageObject","inLanguage":"es","@id":"https:\/\/pen.eu\/produkt\/geschenkset-mia-gold-danke\/#primaryimage","url":"https:\/\/pen.eu\/wp-content\/uploads\/2024\/09\/0511040113-GL.jpg","contentUrl":"https:\/\/pen.eu\/wp-content\/uploads\/2024\/09\/0511040113-GL.jpg","width":1800,"height":1800},{"@type":"BreadcrumbList","@id":"https:\/\/pen.eu\/produkt\/geschenkset-mia-gold-danke\/#breadcrumb","itemListElement":[{"@type":"ListItem","position":1,"name":"Home","item":"https:\/\/pen.eu\/"},{"@type":"ListItem","position":2,"name":"Shop","item":"https:\/\/pen.eu\/ch\/shop\/"},{"@type":"ListItem","position":3,"name":"Geschenkset &#8220;Mia Gold Danke&#8221;"}]},{"@type":"WebSite","@id":"https:\/\/pen.eu\/#website","url":"https:\/\/pen.eu\/","name":"PEN.EU","description":"Kugelschreiber bedrucken mit Logo | pen.eu","potentialAction":[{"@type":"SearchAction","target":{"@type":"EntryPoint","urlTemplate":"https:\/\/pen.eu\/?s={search_term_string}"},"query-input":{"@type":"PropertyValueSpecification","valueRequired":true,"valueName":"search_term_string"}}],"inLanguage":"es"}]}},"_links":{"self":[{"href":"https:\/\/pen.eu\/es\/wp-json\/wp\/v2\/product\/158","targetHints":{"allow":["GET"]}}],"collection":[{"href":"https:\/\/pen.eu\/es\/wp-json\/wp\/v2\/product"}],"about":[{"href":"https:\/\/pen.eu\/es\/wp-json\/wp\/v2\/types\/product"}],"replies":[{"embeddable":true,"href":"https:\/\/pen.eu\/es\/wp-json\/wp\/v2\/comments?post=158"}],"wp:featuredmedia":[{"embeddable":true,"href":"https:\/\/pen.eu\/es\/wp-json\/wp\/v2\/media\/159"}],"wp:attachment":[{"href":"https:\/\/pen.eu\/es\/wp-json\/wp\/v2\/media?parent=158"}],"wp:term":[{"taxonomy":"product_brand","embeddable":true,"href":"https:\/\/pen.eu\/es\/wp-json\/wp\/v2\/product_brand?post=158"},{"taxonomy":"product_cat","embeddable":true,"href":"https:\/\/pen.eu\/es\/wp-json\/wp\/v2\/product_cat?post=158"},{"taxonomy":"product_tag","embeddable":true,"href":"https:\/\/pen.eu\/es\/wp-json\/wp\/v2\/product_tag?post=158"}],"curies":[{"name":"wp","href":"https:\/\/api.w.org\/{rel}","templated":true}]}}