{"id":15802,"date":"2025-07-30T07:50:55","date_gmt":"2025-07-30T05:50:55","guid":{"rendered":"https:\/\/v2.frank-pen.de\/?post_type=product&#038;p=15802"},"modified":"2025-09-29T15:19:58","modified_gmt":"2025-09-29T13:19:58","slug":"kugelschreiber-modern-gold","status":"publish","type":"product","link":"https:\/\/pen.eu\/es\/producto\/kugelschreiber-modern-gold\/","title":{"rendered":"Kugelschreiber &#8220;Modern Gold&#8221;"},"content":{"rendered":"<p>Der &#8220;Modern Gold&#8221; Kugelschreiber mit Stylus vereint elegantes Design mit durchdachter Funktionalit\u00e4t. Sein pr\u00e4zise gefertigter Aluminiumschaft ist mit stilvollen Aussparungen versehen, die raffinierte ros\u00e9goldene Akzente freilegen und dem Stift einen modernen, hochwertigen Look verleihen. Die matte Soft-Touch-Oberfl\u00e4che sorgt f\u00fcr ein angenehmes Schreibgef\u00fchl, w\u00e4hrend die gl\u00e4nzenden Ros\u00e9gold-Details an Spitze, Clip und Druckmechanismus die luxuri\u00f6se Optik unterstreichen. Der Kugelschreiber ist schlank, gut ausbalanciert und bietet ein zuverl\u00e4ssiges, fl\u00fcssiges Schreiberlebnis \u2013 erg\u00e4nzt durch einen integrierten Stylus f\u00fcr die Nutzung auf Touchscreens. Ein edles Schreibger\u00e4t, das Stil und Funktion in perfekter Harmonie vereint \u2013 ideal f\u00fcr den t\u00e4glichen Einsatz oder als hochwertiges Werbegeschenk.<\/p>","protected":false},"excerpt":{"rendered":"<p>Der &#8220;Modern Gold&#8221; Kugelschreiber mit Stylus vereint elegantes Design mit durchdachter Funktionalit\u00e4t. Sein pr\u00e4zise gefertigter Aluminiumschaft ist mit stilvollen Aussparungen versehen, die raffinierte ros\u00e9goldene Akzente freilegen und dem Stift einen modernen, hochwertigen Look verleihen. Die matte Soft-Touch-Oberfl\u00e4che sorgt f\u00fcr ein angenehmes Schreibgef\u00fchl, w\u00e4hrend die gl\u00e4nzenden Ros\u00e9gold-Details an Spitze, Clip und Druckmechanismus die luxuri\u00f6se Optik unterstreichen. [&hellip;]<\/p>\n","protected":false},"featured_media":15869,"comment_status":"open","ping_status":"closed","template":"","meta":[],"product_brand":[],"product_cat":[309,247],"product_tag":[782,788,733,657,781],"class_list":{"0":"post-15802","1":"product","2":"type-product","3":"status-publish","4":"has-post-thumbnail","6":"product_cat-kugelschreiber-aus-metall","7":"product_cat-schreibgeraete","8":"product_tag-left-63","9":"product_tag-mtop-42","10":"product_tag-mzf","11":"product_tag-shortpen","12":"product_tag-top-49","13":"pa_eigenschaft-dokumentenecht","14":"pa_eigenschaft-rose-gold","15":"pa_eigenschaft-soft-touch","16":"pa_eigenschaft-stylus","17":"pa_farbe-anthrazit","18":"pa_farbe-dunkelblau","19":"pa_farbe-dunkelgruen","20":"pa_farbe-dunkellila","21":"pa_farbe-dunkelrot","22":"pa_farbe-gelb","23":"pa_farbe-gruen","24":"pa_farbe-hellblau","25":"pa_farbe-marine","26":"pa_farbe-orange","27":"pa_farbe-pink","28":"pa_farbe-rot","29":"pa_farbe-schwarz","30":"pa_farbe-weiss","31":"pa_material-aluminium","32":"pa_mindestmenge-24","33":"pa_werbeanbringung-digitaldruck","34":"pa_werbeanbringung-lasergravur","36":"first","37":"instock","38":"taxable","39":"shipping-taxable","40":"purchasable","41":"product-type-variable","42":"add-to-wishlist-after_add_to_cart"},"yoast_head":"<!-- This site is optimized with the Yoast SEO plugin v27.4 - https:\/\/yoast.com\/product\/yoast-seo-wordpress\/ -->\n<title>Kugelschreiber &quot;Modern Gold&quot; - PEN.EU<\/title>\n<meta name=\"robots\" content=\"index, follow, max-snippet:-1, max-image-preview:large, max-video-preview:-1\" \/>\n<link rel=\"canonical\" href=\"https:\/\/pen.eu\/es\/producto\/kugelschreiber-modern-gold\/\" \/>\n<meta property=\"og:locale\" content=\"es_ES\" \/>\n<meta property=\"og:type\" content=\"article\" \/>\n<meta property=\"og:title\" content=\"Kugelschreiber &quot;Modern Gold&quot; - PEN.EU\" \/>\n<meta property=\"og:description\" content=\"Der &#8220;Modern Gold&#8221; Kugelschreiber mit Stylus vereint elegantes Design mit durchdachter Funktionalit\u00e4t. Sein pr\u00e4zise gefertigter Aluminiumschaft ist mit stilvollen Aussparungen versehen, die raffinierte ros\u00e9goldene Akzente freilegen und dem Stift einen modernen, hochwertigen Look verleihen. Die matte Soft-Touch-Oberfl\u00e4che sorgt f\u00fcr ein angenehmes Schreibgef\u00fchl, w\u00e4hrend die gl\u00e4nzenden Ros\u00e9gold-Details an Spitze, Clip und Druckmechanismus die luxuri\u00f6se Optik unterstreichen. [&hellip;]\" \/>\n<meta property=\"og:url\" content=\"https:\/\/pen.eu\/es\/producto\/kugelschreiber-modern-gold\/\" \/>\n<meta property=\"og:site_name\" content=\"PEN.EU\" \/>\n<meta property=\"article:modified_time\" content=\"2025-09-29T13:19:58+00:00\" \/>\n<meta property=\"og:image\" content=\"https:\/\/pen.eu\/wp-content\/uploads\/2025\/07\/MZF_Navy-L.jpg\" \/>\n\t<meta property=\"og:image:width\" content=\"2000\" \/>\n\t<meta property=\"og:image:height\" content=\"2000\" \/>\n\t<meta property=\"og:image:type\" content=\"image\/jpeg\" \/>\n<meta name=\"twitter:card\" content=\"summary_large_image\" \/>\n<meta name=\"twitter:label1\" content=\"Tiempo de lectura\" \/>\n\t<meta name=\"twitter:data1\" content=\"1 minuto\" \/>\n<script type=\"application\/ld+json\" class=\"yoast-schema-graph\">{\"@context\":\"https:\\\/\\\/schema.org\",\"@graph\":[{\"@type\":\"WebPage\",\"@id\":\"https:\\\/\\\/pen.eu\\\/produkt\\\/kugelschreiber-modern-gold\\\/\",\"url\":\"https:\\\/\\\/pen.eu\\\/produkt\\\/kugelschreiber-modern-gold\\\/\",\"name\":\"Kugelschreiber \\\"Modern Gold\\\" - PEN.EU\",\"isPartOf\":{\"@id\":\"https:\\\/\\\/pen.eu\\\/#website\"},\"primaryImageOfPage\":{\"@id\":\"https:\\\/\\\/pen.eu\\\/produkt\\\/kugelschreiber-modern-gold\\\/#primaryimage\"},\"image\":{\"@id\":\"https:\\\/\\\/pen.eu\\\/produkt\\\/kugelschreiber-modern-gold\\\/#primaryimage\"},\"thumbnailUrl\":\"https:\\\/\\\/pen.eu\\\/wp-content\\\/uploads\\\/2025\\\/07\\\/MZF_Navy-L.jpg\",\"datePublished\":\"2025-07-30T05:50:55+00:00\",\"dateModified\":\"2025-09-29T13:19:58+00:00\",\"breadcrumb\":{\"@id\":\"https:\\\/\\\/pen.eu\\\/produkt\\\/kugelschreiber-modern-gold\\\/#breadcrumb\"},\"inLanguage\":\"es\",\"potentialAction\":[{\"@type\":\"ReadAction\",\"target\":[\"https:\\\/\\\/pen.eu\\\/produkt\\\/kugelschreiber-modern-gold\\\/\"]}]},{\"@type\":\"ImageObject\",\"inLanguage\":\"es\",\"@id\":\"https:\\\/\\\/pen.eu\\\/produkt\\\/kugelschreiber-modern-gold\\\/#primaryimage\",\"url\":\"https:\\\/\\\/pen.eu\\\/wp-content\\\/uploads\\\/2025\\\/07\\\/MZF_Navy-L.jpg\",\"contentUrl\":\"https:\\\/\\\/pen.eu\\\/wp-content\\\/uploads\\\/2025\\\/07\\\/MZF_Navy-L.jpg\",\"width\":2000,\"height\":2000,\"caption\":\"MZF_Navy-L\"},{\"@type\":\"BreadcrumbList\",\"@id\":\"https:\\\/\\\/pen.eu\\\/produkt\\\/kugelschreiber-modern-gold\\\/#breadcrumb\",\"itemListElement\":[{\"@type\":\"ListItem\",\"position\":1,\"name\":\"Home\",\"item\":\"https:\\\/\\\/pen.eu\\\/\"},{\"@type\":\"ListItem\",\"position\":2,\"name\":\"Shop\",\"item\":\"https:\\\/\\\/pen.eu\\\/ch\\\/shop\\\/\"},{\"@type\":\"ListItem\",\"position\":3,\"name\":\"Kugelschreiber &#8220;Modern Gold&#8221;\"}]},{\"@type\":\"WebSite\",\"@id\":\"https:\\\/\\\/pen.eu\\\/#website\",\"url\":\"https:\\\/\\\/pen.eu\\\/\",\"name\":\"PEN.EU\",\"description\":\"Kugelschreiber bedrucken mit Logo | pen.eu\",\"potentialAction\":[{\"@type\":\"SearchAction\",\"target\":{\"@type\":\"EntryPoint\",\"urlTemplate\":\"https:\\\/\\\/pen.eu\\\/?s={search_term_string}\"},\"query-input\":{\"@type\":\"PropertyValueSpecification\",\"valueRequired\":true,\"valueName\":\"search_term_string\"}}],\"inLanguage\":\"es\"}]}<\/script>\n<!-- \/ Yoast SEO plugin. -->","yoast_head_json":{"title":"Kugelschreiber \"Modern Gold\" - PEN.EU","robots":{"index":"index","follow":"follow","max-snippet":"max-snippet:-1","max-image-preview":"max-image-preview:large","max-video-preview":"max-video-preview:-1"},"canonical":"https:\/\/pen.eu\/es\/producto\/kugelschreiber-modern-gold\/","og_locale":"es_ES","og_type":"article","og_title":"Kugelschreiber \"Modern Gold\" - PEN.EU","og_description":"Der &#8220;Modern Gold&#8221; Kugelschreiber mit Stylus vereint elegantes Design mit durchdachter Funktionalit\u00e4t. Sein pr\u00e4zise gefertigter Aluminiumschaft ist mit stilvollen Aussparungen versehen, die raffinierte ros\u00e9goldene Akzente freilegen und dem Stift einen modernen, hochwertigen Look verleihen. Die matte Soft-Touch-Oberfl\u00e4che sorgt f\u00fcr ein angenehmes Schreibgef\u00fchl, w\u00e4hrend die gl\u00e4nzenden Ros\u00e9gold-Details an Spitze, Clip und Druckmechanismus die luxuri\u00f6se Optik unterstreichen. [&hellip;]","og_url":"https:\/\/pen.eu\/es\/producto\/kugelschreiber-modern-gold\/","og_site_name":"PEN.EU","article_modified_time":"2025-09-29T13:19:58+00:00","og_image":[{"width":2000,"height":2000,"url":"https:\/\/pen.eu\/wp-content\/uploads\/2025\/07\/MZF_Navy-L.jpg","type":"image\/jpeg"}],"twitter_card":"summary_large_image","twitter_misc":{"Tiempo de lectura":"1 minuto"},"schema":{"@context":"https:\/\/schema.org","@graph":[{"@type":"WebPage","@id":"https:\/\/pen.eu\/produkt\/kugelschreiber-modern-gold\/","url":"https:\/\/pen.eu\/produkt\/kugelschreiber-modern-gold\/","name":"Kugelschreiber \"Modern Gold\" - PEN.EU","isPartOf":{"@id":"https:\/\/pen.eu\/#website"},"primaryImageOfPage":{"@id":"https:\/\/pen.eu\/produkt\/kugelschreiber-modern-gold\/#primaryimage"},"image":{"@id":"https:\/\/pen.eu\/produkt\/kugelschreiber-modern-gold\/#primaryimage"},"thumbnailUrl":"https:\/\/pen.eu\/wp-content\/uploads\/2025\/07\/MZF_Navy-L.jpg","datePublished":"2025-07-30T05:50:55+00:00","dateModified":"2025-09-29T13:19:58+00:00","breadcrumb":{"@id":"https:\/\/pen.eu\/produkt\/kugelschreiber-modern-gold\/#breadcrumb"},"inLanguage":"es","potentialAction":[{"@type":"ReadAction","target":["https:\/\/pen.eu\/produkt\/kugelschreiber-modern-gold\/"]}]},{"@type":"ImageObject","inLanguage":"es","@id":"https:\/\/pen.eu\/produkt\/kugelschreiber-modern-gold\/#primaryimage","url":"https:\/\/pen.eu\/wp-content\/uploads\/2025\/07\/MZF_Navy-L.jpg","contentUrl":"https:\/\/pen.eu\/wp-content\/uploads\/2025\/07\/MZF_Navy-L.jpg","width":2000,"height":2000,"caption":"MZF_Navy-L"},{"@type":"BreadcrumbList","@id":"https:\/\/pen.eu\/produkt\/kugelschreiber-modern-gold\/#breadcrumb","itemListElement":[{"@type":"ListItem","position":1,"name":"Home","item":"https:\/\/pen.eu\/"},{"@type":"ListItem","position":2,"name":"Shop","item":"https:\/\/pen.eu\/ch\/shop\/"},{"@type":"ListItem","position":3,"name":"Kugelschreiber &#8220;Modern Gold&#8221;"}]},{"@type":"WebSite","@id":"https:\/\/pen.eu\/#website","url":"https:\/\/pen.eu\/","name":"PEN.EU","description":"Kugelschreiber bedrucken mit Logo | pen.eu","potentialAction":[{"@type":"SearchAction","target":{"@type":"EntryPoint","urlTemplate":"https:\/\/pen.eu\/?s={search_term_string}"},"query-input":{"@type":"PropertyValueSpecification","valueRequired":true,"valueName":"search_term_string"}}],"inLanguage":"es"}]}},"_links":{"self":[{"href":"https:\/\/pen.eu\/es\/wp-json\/wp\/v2\/product\/15802","targetHints":{"allow":["GET"]}}],"collection":[{"href":"https:\/\/pen.eu\/es\/wp-json\/wp\/v2\/product"}],"about":[{"href":"https:\/\/pen.eu\/es\/wp-json\/wp\/v2\/types\/product"}],"replies":[{"embeddable":true,"href":"https:\/\/pen.eu\/es\/wp-json\/wp\/v2\/comments?post=15802"}],"wp:featuredmedia":[{"embeddable":true,"href":"https:\/\/pen.eu\/es\/wp-json\/wp\/v2\/media\/15869"}],"wp:attachment":[{"href":"https:\/\/pen.eu\/es\/wp-json\/wp\/v2\/media?parent=15802"}],"wp:term":[{"taxonomy":"product_brand","embeddable":true,"href":"https:\/\/pen.eu\/es\/wp-json\/wp\/v2\/product_brand?post=15802"},{"taxonomy":"product_cat","embeddable":true,"href":"https:\/\/pen.eu\/es\/wp-json\/wp\/v2\/product_cat?post=15802"},{"taxonomy":"product_tag","embeddable":true,"href":"https:\/\/pen.eu\/es\/wp-json\/wp\/v2\/product_tag?post=15802"}],"curies":[{"name":"wp","href":"https:\/\/api.w.org\/{rel}","templated":true}]}}